{"id":19360,"date":"2025-01-10T13:41:08","date_gmt":"2025-01-10T12:41:08","guid":{"rendered":"https:\/\/jstindt.com\/payer-hta-institutions-directory\/"},"modified":"2025-03-21T16:29:10","modified_gmt":"2025-03-21T15:29:10","slug":"verzeichnis-hta-zahler-einrichtungen","status":"publish","type":"page","link":"https:\/\/jstindt.com\/de\/verzeichnis-hta-zahler-einrichtungen\/","title":{"rendered":"Verzeichnis der Kostentr\u00e4ger und HTA-Stellen"},"content":{"rendered":"\t\t<div data-elementor-type=\"wp-page\" data-elementor-id=\"19360\" class=\"elementor elementor-19360 elementor-18269\" data-elementor-post-type=\"page\">\n\t\t\t\t<div class=\"elementor-element elementor-element-ba361c5 e-flex e-con-boxed e-con e-parent\" data-id=\"ba361c5\" data-element_type=\"container\" data-e-type=\"container\">\n\t\t\t\t\t<div class=\"e-con-inner\">\n\t\t\t\t<div class=\"elementor-element elementor-element-fd5b27d elementor-widget elementor-widget-text-editor\" data-id=\"fd5b27d\" data-element_type=\"widget\" data-e-type=\"widget\" data-widget_type=\"text-editor.default\">\n\t\t\t\t<div class=\"elementor-widget-container\">\n\t\t\t\t\t\t\t\t\t<p>Um die Komplexit\u00e4t des Marktzugangs zu bew\u00e4ltigen, ist ein tiefes Verst\u00e4ndnis der wichtigsten Institutionen der Kostentr\u00e4ger erforderlich, die weltweit Entscheidungen \u00fcber die Bewertung von Gesundheitstechnologien (HTA) und die Kostenerstattung treffen. Diese Institutionen sind ausschlaggebend f\u00fcr die Zug\u00e4nglichkeit, Preisgestaltung und Erstattung von Arzneimitteln, Medizinprodukten und Gesundheitstechnologien in ihren jeweiligen Regionen. &nbsp;<\/p>\n<p><strong>Justin Stindt Consultants<\/strong> hat ein umfassendes Verzeichnis von Kostentr\u00e4gern und HTA mit den wichtigsten institutionellen Akteuren zusammengestellt, um Sie bei der Optimierung Ihrer Marktzugangsstrategie zu unterst\u00fctzen. Jedes Profil bietet Einblicke in die Rolle der Institution, die Bewertungsprozesse und wie unser Fachwissen Ihren Erfolg unterst\u00fctzen kann. Dieses Verzeichnis dient Ihnen als ultimativer Leitfaden f\u00fcr die Erschlie\u00dfung von Marktzugangschancen.  <\/p>\n<h2>Wie man dieses Verzeichnis benutzt<\/h2>\n<ul>\n<li><strong>Erkundung nach Region oder Kostentr\u00e4ger\/HTA-Institution<\/strong>: Klicken Sie auf die Einrichtung, die Sie interessiert, um detaillierte Profile aufzurufen.<\/li>\n<li><strong>Gewinnen Sie strategische Einblicke<\/strong>: Jede Seite enth\u00e4lt wichtige Informationen zu Prozessen, F\u00fchrung und praktischen Anleitungen f\u00fcr das Engagement.<\/li>\n<li><strong>Nutzen Sie unser Fachwissen<\/strong>: Erfahren Sie, wie Justin Stindt Consultants Ihnen dabei helfen kann, diese Institutionen effektiv zu steuern.<\/li>\n<\/ul>\t\t\t\t\t\t\t\t<\/div>\n\t\t\t\t<\/div>\n\t\t\t\t\t<\/div>\n\t\t\t\t<\/div>\n\t\t<div class=\"elementor-element elementor-element-58d5681 e-flex e-con-boxed e-con e-parent\" data-id=\"58d5681\" data-element_type=\"container\" data-e-type=\"container\">\n\t\t\t\t\t<div class=\"e-con-inner\">\n\t\t\t\t<div class=\"elementor-element elementor-element-aa05f3f elementor-widget elementor-widget-template\" data-id=\"aa05f3f\" data-element_type=\"widget\" data-e-type=\"widget\" data-widget_type=\"template.default\">\n\t\t\t\t<div class=\"elementor-widget-container\">\n\t\t\t\t\t\t\t<div class=\"elementor-template\">\n\t\t\t\t\t<div data-elementor-type=\"container\" data-elementor-id=\"19257\" class=\"elementor elementor-19257 elementor-18546 elementor-18546\" data-elementor-post-type=\"elementor_library\">\n\t\t\t\t<div class=\"elementor-element elementor-element-4d5d7d7a e-flex e-con-boxed e-con e-parent\" data-id=\"4d5d7d7a\" data-element_type=\"container\" data-e-type=\"container\">\n\t\t\t\t\t<div class=\"e-con-inner\">\n\t\t\t\t<div class=\"elementor-element elementor-element-fa73d9e elementor-widget elementor-widget-text-editor\" data-id=\"fa73d9e\" data-element_type=\"widget\" data-e-type=\"widget\" data-widget_type=\"text-editor.default\">\n\t\t\t\t<div class=\"elementor-widget-container\">\n\t\t\t\t\t\t\t\t\t<h4><strong>Globale Institutionen<\/strong><\/h4>\n<ul>\n<li><a href=\"https:\/\/jstindt.com\/de\/marktzugang-mit-der-who\/\">World Health Organization<\/a> (WHO)<\/li>\n<li><a href=\"https:\/\/jstindt.com\/de\/marktzugang-mit-dem-ispor\/\">International Society for Pharmacoeconomics and Outcomes Research<\/a> (ISPOR)<\/li>\n<\/ul>\n<h4><strong><br \/><a href=\"https:\/\/jstindt.com\/de\/usa\/\">Vereinigte Staaten<\/a><\/strong><\/h4>\n<ul>\n<li><a href=\"https:\/\/jstindt.com\/de\/marktzugang-mit-cms\/\">Centers for Medicare &amp; Medicaid Services<\/a> (CMS)<\/li>\n<li><a href=\"https:\/\/jstindt.com\/de\/marktzugang-mit-amcp\/\">Academy of Managed Care Pharmacy<\/a> (AMCP)<\/li>\n<li><a href=\"https:\/\/jstindt.com\/de\/marktzugang-mit-icer\/\">Institute for Clinical and Economic Review<\/a> (ICER)<\/li>\n<\/ul>\n<h4><strong><br \/><a href=\"https:\/\/jstindt.com\/de\/frankreich\/\">Frankreich<\/a><\/strong><\/h4>\n<ul>\n<li><a href=\"https:\/\/jstindt.com\/de\/marktzugang-mit-der-has\/\">Haute Autorit\u00e9 de Sant\u00e9<\/a> (HAS)<\/li>\n<li><a href=\"https:\/\/jstindt.com\/de\/marktzugang-mit-dem-ceps\/\">Comit\u00e9 \u00c9conomique des Produits de Sant\u00e9<\/a> (CEPS)<\/li>\n<\/ul>\n<h4><strong><br \/><a href=\"https:\/\/jstindt.com\/de\/deutschland\/\">Deutschland<\/a><\/strong><\/h4>\n<ul>\n<li><a href=\"https:\/\/jstindt.com\/de\/marktzugang-mit-dem-g-ba\/\">Gemeinsamer Bundesausschuss<\/a> (G-BA)<\/li>\n<li><a href=\"https:\/\/jstindt.com\/de\/marktzugang-mit-dem-iqwig\/\">Institute for Quality and Efficiency in Health Care<\/a> (IQWiG)<\/li>\n<li><a href=\"https:\/\/jstindt.com\/de\/marktzugang-mit-dem-gkv-spitzenverband\/\">GKV Spitzenverband<\/a><\/li>\n<\/ul>\n<h4><strong><br \/><a href=\"https:\/\/jstindt.com\/de\/vereinigtes-koenigreich\/\">Gro\u00dfbritannien<\/a><\/strong><\/h4>\n<ul>\n<li><a href=\"https:\/\/jstindt.com\/de\/marktzugang-mit-nice\/\">National Institute for Health and Care Excellence<\/a> (NICE)<\/li>\n<li><a href=\"https:\/\/jstindt.com\/de\/marktzugang-mit-dem-smc\/\">Scottish Medicines Consortium<\/a> (SMC)<\/li>\n<li><a href=\"https:\/\/jstindt.com\/de\/marktzugang-mit-awmsg\/\" rel=\"noopener\">All Wales Medicines Strategy Group<\/a> (AWMSG)<\/li>\n<li><a href=\"https:\/\/jstindt.com\/de\/marktzugang-mit-dem-nhs\/\">National Health Service<\/a> (NHS)<\/li>\n<\/ul>\n<h4><strong><br \/><a href=\"https:\/\/jstindt.com\/de\/italien\/\">Italien<\/a><\/strong><\/h4>\n<ul>\n<li><a href=\"https:\/\/jstindt.com\/de\/marktzugang-mit-der-aifa\/\">Italian Medicines Agency<\/a> (AIFA)<\/li>\n<li><a href=\"https:\/\/jstindt.com\/de\/marktzugang-mit-der-cse\/\">Scientific and Economic Commission<\/a> (CSE)<\/li>\n<\/ul>\n<h4><strong><br \/><a href=\"https:\/\/jstindt.com\/de\/spanien\/\">Spanien<\/a><\/strong><\/h4>\n<ul>\n<li><a href=\"https:\/\/jstindt.com\/de\/marktzugang-mit-der-aemps-ihr\/\">Spanish Agency of Medicines and Medical Devices<\/a> (AEMPS)<\/li>\n<li><a href=\"https:\/\/jstindt.com\/de\/marktzugang-mit-der-dgcf\/\">Direcci\u00f3n General de Cartera Com\u00fan de Servicios del Sistema Nacional de Salud y Farmacia<\/a> (DGCF)<\/li>\n<li><a href=\"https:\/\/jstindt.com\/de\/marktzugang-mit-der-cipm\/\">Interministerial Commission on Medicine Prices<\/a> (CIPM)<\/li>\n<\/ul>\n<h4><strong><br \/><a href=\"https:\/\/jstindt.com\/de\/schweiz\/\">Schweiz<\/a><\/strong><\/h4>\n<ul>\n<li><a href=\"https:\/\/jstindt.com\/de\/marktzugang-mit-dem-bag\/\">Federal Office of Public Health<\/a> (FOPH)<\/li>\n<\/ul>\n\t\t\t\t\t\t\t\t<\/div>\n\t\t\t\t<\/div>\n\t\t\t\t\t<\/div>\n\t\t\t\t<\/div>\n\t\t\t\t<\/div>\n\t\t\t\t<\/div>\n\t\t\t\t\t\t<\/div>\n\t\t\t\t<\/div>\n\t\t\t\t\t<\/div>\n\t\t\t\t<\/div>\n\t\t<div class=\"elementor-element elementor-element-95be7cf e-flex e-con-boxed e-con e-parent\" data-id=\"95be7cf\" data-element_type=\"container\" data-e-type=\"container\">\n\t\t\t\t\t<div class=\"e-con-inner\">\n\t\t\t\t<div class=\"elementor-element elementor-element-5abef9a elementor-widget elementor-widget-text-editor\" data-id=\"5abef9a\" data-element_type=\"widget\" data-e-type=\"widget\" data-widget_type=\"text-editor.default\">\n\t\t\t\t<div class=\"elementor-widget-container\">\n\t\t\t\t\t\t\t\t\t<h2>Warum Justin Stindt Consultants w\u00e4hlen?<\/h2>\n<p>Unser Team aus erfahrenen Experten verf\u00fcgt \u00fcber eine beispiellose Erfahrung in der Zusammenarbeit mit diesen Kostentr\u00e4gern und HTA-Institutionen. Wir haben unsere Kunden erfolgreich durch komplexe Bewertungsprozesse gef\u00fchrt und ihnen dabei geholfen, optimale Ergebnisse bei der Preisgestaltung und Kostenerstattung zu erzielen. <\/p>\n<h3>Wir bieten folgende Dienstleistungen an:<\/h3>\n<ul>\n<li>Vorbereitung von HTA-Antr\u00e4gen und Dossiers zur <a href=\"https:\/\/jstindt.com\/de\/preis-erstattung-dossiers\/\">Preisgestaltung und Kostenerstattung<\/a>.<\/li>\n<li>Strategische Zusammenarbeit mit <a href=\"https:\/\/jstindt.com\/de\/stakeholder-mapping-kontaktplaene\/\">institutionellen Akteuren<\/a>.<\/li>\n<li>Unterst\u00fctzung bei der Bew\u00e4ltigung von Herausforderungen in den Bereichen Regulierung und Marktzugang.<\/li>\n<\/ul>\n\t\t\t\t\t\t\t\t<\/div>\n\t\t\t\t<\/div>\n\t\t\t\t\t<\/div>\n\t\t\t\t<\/div>\n\t\t<div class=\"elementor-element elementor-element-5a09ceb e-con-full e-flex e-con e-parent\" data-id=\"5a09ceb\" data-element_type=\"container\" data-e-type=\"container\" data-settings=\"{&quot;background_background&quot;:&quot;classic&quot;}\">\n\t\t\t\t<div class=\"elementor-element elementor-element-7f4c2b2 elementor-cta--skin-classic elementor-animated-content elementor-bg-transform elementor-bg-transform-zoom-in elementor-widget elementor-widget-call-to-action\" data-id=\"7f4c2b2\" data-element_type=\"widget\" data-e-type=\"widget\" data-widget_type=\"call-to-action.default\">\n\t\t\t\t<div class=\"elementor-widget-container\">\n\t\t\t\t\t\t\t<div class=\"elementor-cta\">\n\t\t\t\t\t\t\t<div class=\"elementor-cta__content\">\n\t\t\t\t\n\t\t\t\t\t\t\t\t\t<h2 class=\"elementor-cta__title elementor-cta__content-item elementor-content-item\">\n\t\t\t\t\t\tBen\u00f6tigen Sie Unterst\u00fctzung beim HAS-Marktzugang? Justin Stindt Consultants hat das Fachwissen, um Ihnen zum Erfolg zu verhelfen. \t\t\t\t\t<\/h2>\n\t\t\t\t\n\t\t\t\t\t\t\t\t\t<div class=\"elementor-cta__description elementor-cta__content-item elementor-content-item\">\n\t\t\t\t\t\t<p><b>Kontaktieren Sie uns noch heut<\/b>e, um Ihre Marktzugangsstrategie zu besprechen und Ihren Erfolg mit HAS zu sichern.<\/p>\n\t\t\t\t\t<\/div>\n\t\t\t\t\n\t\t\t\t\t\t\t\t\t<div class=\"elementor-cta__button-wrapper elementor-cta__content-item elementor-content-item \">\n\t\t\t\t\t<a class=\"elementor-cta__button elementor-button elementor-size-\" href=\"https:\/\/jstindt.com\/contact-us\/\">\n\t\t\t\t\t\tAnsprechpartner Justin Stindt Consultants\t\t\t\t\t<\/a>\n\t\t\t\t\t<\/div>\n\t\t\t\t\t\t\t<\/div>\n\t\t\t\t\t\t<\/div>\n\t\t\t\t\t\t<\/div>\n\t\t\t\t<\/div>\n\t\t\t\t<\/div>\n\t\t\t\t<\/div>\n\t\t","protected":false},"excerpt":{"rendered":"<p>Um die Komplexit\u00e4t des Marktzugangs zu bew\u00e4ltigen, ist ein tiefes Verst\u00e4ndnis der wichtigsten Institutionen der Kostentr\u00e4ger erforderlich, die weltweit Entscheidungen \u00fcber die Bewertung von Gesundheitstechnologien (HTA) und die Kostenerstattung treffen. Diese Institutionen sind ausschlaggebend f\u00fcr die Zug\u00e4nglichkeit, Preisgestaltung und Erstattung von Arzneimitteln, Medizinprodukten und Gesundheitstechnologien in ihren jeweiligen Regionen. &nbsp; Justin Stindt Consultants hat ein [&hellip;]<\/p>\n","protected":false},"author":3,"featured_media":0,"parent":0,"menu_order":0,"comment_status":"closed","ping_status":"closed","template":"","meta":{"_acf_changed":false,"footnotes":""},"class_list":["post-19360","page","type-page","status-publish","hentry"],"acf":[],"_links":{"self":[{"href":"https:\/\/jstindt.com\/de\/wp-json\/wp\/v2\/pages\/19360","targetHints":{"allow":["GET"]}}],"collection":[{"href":"https:\/\/jstindt.com\/de\/wp-json\/wp\/v2\/pages"}],"about":[{"href":"https:\/\/jstindt.com\/de\/wp-json\/wp\/v2\/types\/page"}],"author":[{"embeddable":true,"href":"https:\/\/jstindt.com\/de\/wp-json\/wp\/v2\/users\/3"}],"replies":[{"embeddable":true,"href":"https:\/\/jstindt.com\/de\/wp-json\/wp\/v2\/comments?post=19360"}],"version-history":[{"count":4,"href":"https:\/\/jstindt.com\/de\/wp-json\/wp\/v2\/pages\/19360\/revisions"}],"predecessor-version":[{"id":19918,"href":"https:\/\/jstindt.com\/de\/wp-json\/wp\/v2\/pages\/19360\/revisions\/19918"}],"wp:attachment":[{"href":"https:\/\/jstindt.com\/de\/wp-json\/wp\/v2\/media?parent=19360"}],"curies":[{"name":"wp","href":"https:\/\/api.w.org\/{rel}","templated":true}]}}