{"id":19239,"date":"2025-02-13T15:18:27","date_gmt":"2025-02-13T14:18:27","guid":{"rendered":"https:\/\/jstindt.com\/?page_id=19239"},"modified":"2025-03-10T14:24:24","modified_gmt":"2025-03-10T13:24:24","slug":"marktzugang-mit-amcp","status":"publish","type":"page","link":"https:\/\/jstindt.com\/de\/marktzugang-mit-amcp\/","title":{"rendered":"Marktzugang mit AMCP: Ihr Leitfaden zur US-amerikanischen Akademie f\u00fcr Managed Care Pharmacy"},"content":{"rendered":"\t\t<div data-elementor-type=\"wp-page\" data-elementor-id=\"19239\" class=\"elementor elementor-19239 elementor-18680\" data-elementor-post-type=\"page\">\n\t\t\t\t<div class=\"elementor-element elementor-element-c62871d e-flex e-con-boxed e-con e-parent\" data-id=\"c62871d\" data-element_type=\"container\" data-e-type=\"container\">\n\t\t\t\t\t<div class=\"e-con-inner\">\n\t\t\t\t<div class=\"elementor-element elementor-element-bed4e2e elementor-widget elementor-widget-text-editor\" data-id=\"bed4e2e\" data-element_type=\"widget\" data-e-type=\"widget\" data-widget_type=\"text-editor.default\">\n\t\t\t\t<div class=\"elementor-widget-container\">\n\t\t\t\t\t\t\t\t\t<p><span style=\"font-weight: 400;\">Die <\/span><i><span style=\"font-weight: 400;\">Academy of Managed Care Pharmacy<\/span><\/i><span style=\"font-weight: 400;\"> (<\/span><i><span style=\"font-weight: 400;\">AMCP<\/span><\/i><span style=\"font-weight: 400;\">) ist eine professionelle Vereinigung, die sich daf\u00fcr einsetzt, dass Patienten Zugang zu den ben\u00f6tigten Medikamenten zu erschwinglichen Preisen erhalten. Gegr\u00fcndet im Jahr 1988, umfasst die AMCP eine vielf\u00e4ltige Mitgliedschaft, darunter Apotheker, \u00c4rzte, Krankenschwestern sowie Fachleute aus der Biowissenschafts- und Biopharmaindustrie. Diese Mitglieder nutzen ihre Expertise in klinischer Evidenz und Gesundheits\u00f6konomie, um die Gestaltung von Arzneimittelprogrammen und das Gesundheitsmanagement von Bev\u00f6lkerungsgruppen zu optimieren. (<\/span><a href=\"https:\/\/www.amcp.org\/\"><span style=\"font-weight: 400;\">amcp.org<\/span><\/a><span style=\"font-weight: 400;\">)<\/span><\/p>\n<h2><b>Hauptaufgaben der AMCP<\/b><\/h2>\n<ul>\n<li><span style=\"font-weight: 400;\"> &nbsp; &nbsp; <\/span><b>Interessenvertretung und Politikgestaltung:<\/b><span style=\"font-weight: 400;\"> Vertretung der Interessen von Fachleuten im Bereich der Managed Care Pharmacy in legislativen und regulatorischen Angelegenheiten, um politische Rahmenbedingungen f\u00fcr eine optimale Arzneimittelverwaltung und Patientenversorgung zu gew\u00e4hrleisten. (<\/span><a href=\"https:\/\/www.amcp.org\/\"><span style=\"font-weight: 400;\">amcp.org<\/span><\/a><span style=\"font-weight: 400;\">)<\/span><\/li>\n<li><span style=\"font-weight: 400;\"> &nbsp; &nbsp; <\/span><b>Bildung und berufliche Weiterentwicklung:<\/b><span style=\"font-weight: 400;\"> Bereitstellung einer Vielzahl von Bildungsangeboten, darunter Live-Veranstaltungen, aufgezeichnete Webinare und Online-Schulungen, um das Wissen und die F\u00e4higkeiten der Mitglieder zu erweitern. (<\/span><a href=\"https:\/\/www.amcp.org\/\"><span style=\"font-weight: 400;\">amcp.org<\/span><\/a><span style=\"font-weight: 400;\">)<\/span><\/li>\n<li><b>&nbsp; &nbsp; Forschung und Publikationen:<\/b><span style=\"font-weight: 400;\"> Ver\u00f6ffentlichung des <\/span><i><span style=\"font-weight: 400;\">Journal of Managed Care &amp; Specialty Pharmacy<\/span><\/i><span style=\"font-weight: 400;\"> (<\/span><i><span style=\"font-weight: 400;\">JMCP<\/span><\/i><span style=\"font-weight: 400;\">) sowie weiterer Ressourcen zur Verbreitung von Forschungsergebnissen und Best Practices im Bereich Managed Care Pharmacy.<\/span><\/li>\n<\/ul>\n<h2><b>Leitung und wichtige Ansprechpartner<\/b><\/h2>\n<p><span style=\"font-weight: 400;\">Stand Januar 2025 wird die AMCP von <\/span><b>Christina J. Barrington, PharmD<\/b><span style=\"font-weight: 400;\">, als Pr\u00e4sidentin geleitet, die f\u00fcr die strategischen Initiativen und den operativen Betrieb der Organisation verantwortlich ist.<\/span><\/p>\n<h3><b>Kontaktinformationen der AMCP<\/b><\/h3>\n<ul>\n<li><span style=\"font-weight: 400;\"> &nbsp; &nbsp; <\/span><b>Website:<\/b><a href=\"https:\/\/www.amcp.org\/\"> <span style=\"font-weight: 400;\">amcp.org<\/span><\/a><\/li>\n<li><span style=\"font-weight: 400;\"> &nbsp; &nbsp; <\/span><b>Postadresse:<\/b><b><br><\/b> <span style=\"font-weight: 400;\">Academy of Managed Care Pharmacy<\/span><span style=\"font-weight: 400;\"><br><\/span><span style=\"font-weight: 400;\"> 675 North Washington Street<\/span><span style=\"font-weight: 400;\"><br><\/span><span style=\"font-weight: 400;\">&nbsp; Suite 220<\/span><span style=\"font-weight: 400;\"><br><\/span><span style=\"font-weight: 400;\">&nbsp; Alexandria, VA 22314<\/span><span style=\"font-weight: 400;\"><br><\/span><span style=\"font-weight: 400;\">&nbsp; Vereinigte Staaten<\/span><span style=\"font-weight: 400;\"><br><\/span><span style=\"font-weight: 400;\">&nbsp; <\/span><b>Telefon:<\/b><span style=\"font-weight: 400;\"> +1 703-684-2600<\/span><\/li>\n<\/ul>\n<h2><b>Herausforderungen bei der Zusammenarbeit mit der AMCP<\/b><\/h2>\n<ul>\n<li><b>Verst\u00e4ndnis der Mitgliedschaftsvorteile und -m\u00f6glichkeiten:<\/b><span style=\"font-weight: 400;\"> Kenntnisse \u00fcber die Ressourcen, Bildungsprogramme und Networking-M\u00f6glichkeiten der AMCP sind entscheidend, um den gr\u00f6\u00dftm\u00f6glichen Nutzen aus der Mitgliedschaft zu ziehen.<\/span><\/li>\n<li><b>Aktive Beteiligung an Lobbyarbeit und Interessenvertretung:<\/b><span style=\"font-weight: 400;\"> Verfolgung legislativer und regulatorischer Themen, die die Managed Care Pharmacy betreffen, und aktive Teilnahme an den Interessenvertretungsinitiativen der AMCP zur Beeinflussung von politischen Entscheidungen.<\/span><\/li>\n<li><b>Nutzung von Forschung und Publikationen:<\/b><span style=\"font-weight: 400;\"> Verwendung der von der AMCP ver\u00f6ffentlichten Forschungsergebnisse und Best Practices zur Unterst\u00fctzung fundierter Entscheidungen und zur Verbesserung der Patientenversorgung im Managed-Care-Umfeld.<\/span><\/li>\n<\/ul>\n<p><span style=\"font-weight: 400;\">Eine aktive Teilnahme an der AMCP kann zur beruflichen Weiterentwicklung, zur Wissensvertiefung und zur Optimierung der Patientenversorgung im Bereich Managed Care Pharmacy f\u00fchren.<\/span><\/p>\n<h2><b>Chancen \/ L\u00f6sungen mit Justin Stindt Consultants<\/b><\/h2>\n<ul>\n<li><b>Expertenberatung f\u00fcr AMCP-Engagement:<\/b><span style=\"font-weight: 400;\"> Unterst\u00fctzung von Kunden bei der effektiven Nutzung der Ressourcen, Bildungsprogramme und Interessenvertretungsinitiativen der AMCP zur Verbesserung ihrer T\u00e4tigkeit im Bereich Managed Care Pharmacy.<\/span><\/li>\n<li><b>Marktzugangsstrategien f\u00fcr AMCP:<\/b><span style=\"font-weight: 400;\"> Entwicklung von Strategien und Dossiers, die mit den Grunds\u00e4tzen und Best Practices der AMCP \u00fcbereinstimmen, um die Gestaltung von Arzneimittelprogrammen und das Management der Bev\u00f6lkerungsgesundheit zu optimieren.<\/span><\/li>\n<li><b>Fachwissen zu AMCP-Prozessen:<\/b><span style=\"font-weight: 400;\"> Bereitstellung detaillierter Einblicke in die Verfahren und Angebote der AMCP, um Kunden dabei zu helfen, die Vorteile ihrer Mitgliedschaft und ihres Engagements optimal zu nutzen.<\/span><\/li>\n<\/ul>\n<p><span style=\"font-weight: 400;\">Justin Stindt Consultants unterst\u00fctzt Unternehmen bei der effektiven Einbindung in die Fachgemeinschaft der AMCP und deren Ressourcen, um erfolgreiche Managed-Care-Pharmacy-Strategien und optimierte AMCP-Dossiers zu entwickeln.<\/span><\/p>\t\t\t\t\t\t\t\t<\/div>\n\t\t\t\t<\/div>\n\t\t\t\t\t<\/div>\n\t\t\t\t<\/div>\n\t\t<div class=\"elementor-element elementor-element-6d19d2e e-flex e-con-boxed e-con e-parent\" data-id=\"6d19d2e\" data-element_type=\"container\" data-e-type=\"container\">\n\t\t\t\t\t<div class=\"e-con-inner\">\n\t\t\t\t<div class=\"elementor-element elementor-element-0ee23d8 elementor-widget-divider--view-line elementor-widget elementor-widget-divider\" data-id=\"0ee23d8\" data-element_type=\"widget\" data-e-type=\"widget\" data-widget_type=\"divider.default\">\n\t\t\t\t<div class=\"elementor-widget-container\">\n\t\t\t\t\t\t\t<div class=\"elementor-divider\">\n\t\t\t<span class=\"elementor-divider-separator\">\n\t\t\t\t\t\t<\/span>\n\t\t<\/div>\n\t\t\t\t\t\t<\/div>\n\t\t\t\t<\/div>\n\t\t\t\t\t<\/div>\n\t\t\t\t<\/div>\n\t\t<div class=\"elementor-element elementor-element-33806b97 e-flex e-con-boxed e-con e-parent\" data-id=\"33806b97\" data-element_type=\"container\" data-e-type=\"container\">\n\t\t\t\t\t<div class=\"e-con-inner\">\n\t\t<div class=\"elementor-element elementor-element-15137e06 e-con-full bordered-block e-flex e-con e-child\" data-id=\"15137e06\" data-element_type=\"container\" data-e-type=\"container\">\n\t\t\t\t<div class=\"elementor-element elementor-element-4117b9e1 elementor-widget elementor-widget-text-editor\" data-id=\"4117b9e1\" data-element_type=\"widget\" data-e-type=\"widget\" data-widget_type=\"text-editor.default\">\n\t\t\t\t<div class=\"elementor-widget-container\">\n\t\t\t\t\t\t\t\t\t<h3>Fallstudie<\/h3><h2>Erfolg eines Pharmaunternehmens mit dem AMCP-Dossier<\/h2>\t\t\t\t\t\t\t\t<\/div>\n\t\t\t\t<\/div>\n\t\t\t\t<div class=\"elementor-element elementor-element-310630fd elementor-widget elementor-widget-text-editor\" data-id=\"310630fd\" data-element_type=\"widget\" data-e-type=\"widget\" data-widget_type=\"text-editor.default\">\n\t\t\t\t<div class=\"elementor-widget-container\">\n\t\t\t\t\t\t\t\t\t<p><strong>Herausforderung<\/strong>: <br \/>Ein Biotech-Unternehmen ben\u00f6tigte unsere Unterst\u00fctzung bei der Erstellung eines optimalen AMCP-Dossiers.<\/p><p><strong>L\u00f6sung<\/strong>: <br \/>Wir halfen ihnen, den AMCP-Rahmen zu verstehen und eine optimierte Einreichung zu entwickeln.<\/p><p><strong>Ergebnis<\/strong>: <br \/>Unser strategischer Ansatz f\u00fchrte zu einer erfolgreichen Zusammenarbeit und Vertr\u00e4gen mit Managed Care Organizations und Pharmacy Benefit Managers, wodurch die Abdeckung des Medikaments gesichert wurde.<\/p>\t\t\t\t\t\t\t\t<\/div>\n\t\t\t\t<\/div>\n\t\t\t\t<\/div>\n\t\t\t\t\t<\/div>\n\t\t\t\t<\/div>\n\t\t<div class=\"elementor-element elementor-element-6ad029a e-con-full e-flex e-con e-parent\" data-id=\"6ad029a\" data-element_type=\"container\" data-e-type=\"container\" data-settings=\"{&quot;background_background&quot;:&quot;classic&quot;}\">\n\t\t\t\t<div class=\"elementor-element elementor-element-8500e5d elementor-cta--skin-classic elementor-animated-content elementor-bg-transform elementor-bg-transform-zoom-in elementor-widget elementor-widget-call-to-action\" data-id=\"8500e5d\" data-element_type=\"widget\" data-e-type=\"widget\" data-widget_type=\"call-to-action.default\">\n\t\t\t\t<div class=\"elementor-widget-container\">\n\t\t\t\t\t\t\t<div class=\"elementor-cta\">\n\t\t\t\t\t\t\t<div class=\"elementor-cta__content\">\n\t\t\t\t\n\t\t\t\t\t\t\t\t\t<h2 class=\"elementor-cta__title elementor-cta__content-item elementor-content-item\">\n\t\t\t\t\t\tBen\u00f6tigen Sie Unterst\u00fctzung bei der Zusammenarbeit mit der AMCP? Die Experten von Justin Stindt Consultants stehen Ihnen zur Seite.\t\t\t\t\t<\/h2>\n\t\t\t\t\n\t\t\t\t\t\t\t\t\t<div class=\"elementor-cta__description elementor-cta__content-item elementor-content-item\">\n\t\t\t\t\t\tKontaktieren Sie uns noch heute, um Ihre Strategie f\u00fcr die Nutzung der AMCP-Ressourcen und -M\u00f6glichkeiten zu entwickeln und Ihre T\u00e4tigkeit im Bereich Managed Care Pharmacy zu verbessern.\t\t\t\t\t<\/div>\n\t\t\t\t\n\t\t\t\t\t\t\t\t\t<div class=\"elementor-cta__button-wrapper elementor-cta__content-item elementor-content-item \">\n\t\t\t\t\t<a class=\"elementor-cta__button elementor-button elementor-size-\" href=\"https:\/\/jstindt.com\/contact-us\/\">\n\t\t\t\t\t\tKontakt zu Justin Stindt Consultants\t\t\t\t\t<\/a>\n\t\t\t\t\t<\/div>\n\t\t\t\t\t\t\t<\/div>\n\t\t\t\t\t\t<\/div>\n\t\t\t\t\t\t<\/div>\n\t\t\t\t<\/div>\n\t\t\t\t<\/div>\n\t\t<div class=\"elementor-element elementor-element-a723351 e-flex e-con-boxed e-con e-parent\" data-id=\"a723351\" data-element_type=\"container\" data-e-type=\"container\">\n\t\t\t\t\t<div class=\"e-con-inner\">\n\t\t\t\t<div class=\"elementor-element elementor-element-95a6473 elementor-widget elementor-widget-n-accordion\" data-id=\"95a6473\" data-element_type=\"widget\" data-e-type=\"widget\" data-settings=\"{&quot;default_state&quot;:&quot;all_collapsed&quot;,&quot;max_items_expended&quot;:&quot;one&quot;,&quot;n_accordion_animation_duration&quot;:{&quot;unit&quot;:&quot;ms&quot;,&quot;size&quot;:400,&quot;sizes&quot;:[]}}\" data-widget_type=\"nested-accordion.default\">\n\t\t\t\t<div class=\"elementor-widget-container\">\n\t\t\t\t\t\t\t<div class=\"e-n-accordion\" aria-label=\"Accordion. Open links with Enter or Space, close with Escape, and navigate with Arrow Keys\">\n\t\t\t\t\t\t<details id=\"e-n-accordion-item-1560\" class=\"e-n-accordion-item\" >\n\t\t\t\t<summary class=\"e-n-accordion-item-title\" data-accordion-index=\"1\" tabindex=\"0\" aria-expanded=\"false\" aria-controls=\"e-n-accordion-item-1560\" >\n\t\t\t\t\t<span class='e-n-accordion-item-title-header'><div class=\"e-n-accordion-item-title-text\"> Andere Schl\u00fcsselinstitutionen f\u00fcr den Marktzugang <\/div><\/span>\n\t\t\t\t\t\t\t<span class='e-n-accordion-item-title-icon'>\n\t\t\t<span class='e-opened' ><i aria-hidden=\"true\" class=\"fas fa-minus\"><\/i><\/span>\n\t\t\t<span class='e-closed'><i aria-hidden=\"true\" class=\"fas fa-plus\"><\/i><\/span>\n\t\t<\/span>\n\n\t\t\t\t\t\t<\/summary>\n\t\t\t\t<div role=\"region\" aria-labelledby=\"e-n-accordion-item-1560\" class=\"elementor-element elementor-element-4a7faaf e-con-full e-flex e-con e-child\" data-id=\"4a7faaf\" data-element_type=\"container\" data-e-type=\"container\">\n\t\t\t\t<div class=\"elementor-element elementor-element-85cc96b elementor-widget elementor-widget-template\" data-id=\"85cc96b\" data-element_type=\"widget\" data-e-type=\"widget\" data-widget_type=\"template.default\">\n\t\t\t\t<div class=\"elementor-widget-container\">\n\t\t\t\t\t\t\t<div class=\"elementor-template\">\n\t\t\t\t\t<div data-elementor-type=\"container\" data-elementor-id=\"19257\" class=\"elementor elementor-19257 elementor-18546 elementor-18546\" data-elementor-post-type=\"elementor_library\">\n\t\t\t\t<div role=\"region\" aria-labelledby=\"e-n-accordion-item-3550\" class=\"elementor-element elementor-element-4d5d7d7a e-flex e-con-boxed e-con e-parent\" data-id=\"4d5d7d7a\" data-element_type=\"container\" data-e-type=\"container\">\n\t\t\t\t\t<div class=\"e-con-inner\">\n\t\t\t\t<div class=\"elementor-element elementor-element-fa73d9e elementor-widget elementor-widget-text-editor\" data-id=\"fa73d9e\" data-element_type=\"widget\" data-e-type=\"widget\" data-widget_type=\"text-editor.default\">\n\t\t\t\t<div class=\"elementor-widget-container\">\n\t\t\t\t\t\t\t\t\t<h4><strong>Globale Institutionen<\/strong><\/h4>\n<ul>\n<li><a href=\"https:\/\/jstindt.com\/de\/marktzugang-mit-der-who\/\">World Health Organization<\/a> (WHO)<\/li>\n<li><a href=\"https:\/\/jstindt.com\/de\/marktzugang-mit-dem-ispor\/\">International Society for Pharmacoeconomics and Outcomes Research<\/a> (ISPOR)<\/li>\n<\/ul>\n<h4><strong><br \/><a href=\"https:\/\/jstindt.com\/de\/usa\/\">Vereinigte Staaten<\/a><\/strong><\/h4>\n<ul>\n<li><a href=\"https:\/\/jstindt.com\/de\/marktzugang-mit-cms\/\">Centers for Medicare &amp; Medicaid Services<\/a> (CMS)<\/li>\n<li><a href=\"https:\/\/jstindt.com\/de\/marktzugang-mit-amcp\/\">Academy of Managed Care Pharmacy<\/a> (AMCP)<\/li>\n<li><a href=\"https:\/\/jstindt.com\/de\/marktzugang-mit-icer\/\">Institute for Clinical and Economic Review<\/a> (ICER)<\/li>\n<\/ul>\n<h4><strong><br \/><a href=\"https:\/\/jstindt.com\/de\/frankreich\/\">Frankreich<\/a><\/strong><\/h4>\n<ul>\n<li><a href=\"https:\/\/jstindt.com\/de\/marktzugang-mit-der-has\/\">Haute Autorit\u00e9 de Sant\u00e9<\/a> (HAS)<\/li>\n<li><a href=\"https:\/\/jstindt.com\/de\/marktzugang-mit-dem-ceps\/\">Comit\u00e9 \u00c9conomique des Produits de Sant\u00e9<\/a> (CEPS)<\/li>\n<\/ul>\n<h4><strong><br \/><a href=\"https:\/\/jstindt.com\/de\/deutschland\/\">Deutschland<\/a><\/strong><\/h4>\n<ul>\n<li><a href=\"https:\/\/jstindt.com\/de\/marktzugang-mit-dem-g-ba\/\">Gemeinsamer Bundesausschuss<\/a> (G-BA)<\/li>\n<li><a href=\"https:\/\/jstindt.com\/de\/marktzugang-mit-dem-iqwig\/\">Institute for Quality and Efficiency in Health Care<\/a> (IQWiG)<\/li>\n<li><a href=\"https:\/\/jstindt.com\/de\/marktzugang-mit-dem-gkv-spitzenverband\/\">GKV Spitzenverband<\/a><\/li>\n<\/ul>\n<h4><strong><br \/><a href=\"https:\/\/jstindt.com\/de\/vereinigtes-koenigreich\/\">Gro\u00dfbritannien<\/a><\/strong><\/h4>\n<ul>\n<li><a href=\"https:\/\/jstindt.com\/de\/marktzugang-mit-nice\/\">National Institute for Health and Care Excellence<\/a> (NICE)<\/li>\n<li><a href=\"https:\/\/jstindt.com\/de\/marktzugang-mit-dem-smc\/\">Scottish Medicines Consortium<\/a> (SMC)<\/li>\n<li><a href=\"https:\/\/jstindt.com\/de\/marktzugang-mit-awmsg\/\" rel=\"noopener\">All Wales Medicines Strategy Group<\/a> (AWMSG)<\/li>\n<li><a href=\"https:\/\/jstindt.com\/de\/marktzugang-mit-dem-nhs\/\">National Health Service<\/a> (NHS)<\/li>\n<\/ul>\n<h4><strong><br \/><a href=\"https:\/\/jstindt.com\/de\/italien\/\">Italien<\/a><\/strong><\/h4>\n<ul>\n<li><a href=\"https:\/\/jstindt.com\/de\/marktzugang-mit-der-aifa\/\">Italian Medicines Agency<\/a> (AIFA)<\/li>\n<li><a href=\"https:\/\/jstindt.com\/de\/marktzugang-mit-der-cse\/\">Scientific and Economic Commission<\/a> (CSE)<\/li>\n<\/ul>\n<h4><strong><br \/><a href=\"https:\/\/jstindt.com\/de\/spanien\/\">Spanien<\/a><\/strong><\/h4>\n<ul>\n<li><a href=\"https:\/\/jstindt.com\/de\/marktzugang-mit-der-aemps-ihr\/\">Spanish Agency of Medicines and Medical Devices<\/a> (AEMPS)<\/li>\n<li><a href=\"https:\/\/jstindt.com\/de\/marktzugang-mit-der-dgcf\/\">Direcci\u00f3n General de Cartera Com\u00fan de Servicios del Sistema Nacional de Salud y Farmacia<\/a> (DGCF)<\/li>\n<li><a href=\"https:\/\/jstindt.com\/de\/marktzugang-mit-der-cipm\/\">Interministerial Commission on Medicine Prices<\/a> (CIPM)<\/li>\n<\/ul>\n<h4><strong><br \/><a href=\"https:\/\/jstindt.com\/de\/schweiz\/\">Schweiz<\/a><\/strong><\/h4>\n<ul>\n<li><a href=\"https:\/\/jstindt.com\/de\/marktzugang-mit-dem-bag\/\">Federal Office of Public Health<\/a> (FOPH)<\/li>\n<\/ul>\n\t\t\t\t\t\t\t\t<\/div>\n\t\t\t\t<\/div>\n\t\t\t\t\t<\/div>\n\t\t\t\t<\/div>\n\t\t\t\t<\/div>\n\t\t\t\t<\/div>\n\t\t\t\t\t\t<\/div>\n\t\t\t\t<\/div>\n\t\t\t\t<\/div>\n\t\t\t\t\t<\/details>\n\t\t\t\t\t<\/div>\n\t\t\t\t\t\t<\/div>\n\t\t\t\t<\/div>\n\t\t\t\t\t<\/div>\n\t\t\t\t<\/div>\n\t\t\t\t<\/div>\n\t\t","protected":false},"excerpt":{"rendered":"<p>Die Academy of Managed Care Pharmacy (AMCP) ist eine professionelle Vereinigung, die sich daf\u00fcr einsetzt, dass Patienten Zugang zu den ben\u00f6tigten Medikamenten zu erschwinglichen Preisen erhalten. Gegr\u00fcndet im Jahr 1988, umfasst die AMCP eine vielf\u00e4ltige Mitgliedschaft, darunter Apotheker, \u00c4rzte, Krankenschwestern sowie Fachleute aus der Biowissenschafts- und Biopharmaindustrie. Diese Mitglieder nutzen ihre Expertise in klinischer Evidenz [&hellip;]<\/p>\n","protected":false},"author":3,"featured_media":0,"parent":0,"menu_order":0,"comment_status":"closed","ping_status":"closed","template":"","meta":{"_acf_changed":false,"footnotes":""},"class_list":["post-19239","page","type-page","status-publish","hentry"],"acf":[],"_links":{"self":[{"href":"https:\/\/jstindt.com\/de\/wp-json\/wp\/v2\/pages\/19239","targetHints":{"allow":["GET"]}}],"collection":[{"href":"https:\/\/jstindt.com\/de\/wp-json\/wp\/v2\/pages"}],"about":[{"href":"https:\/\/jstindt.com\/de\/wp-json\/wp\/v2\/types\/page"}],"author":[{"embeddable":true,"href":"https:\/\/jstindt.com\/de\/wp-json\/wp\/v2\/users\/3"}],"replies":[{"embeddable":true,"href":"https:\/\/jstindt.com\/de\/wp-json\/wp\/v2\/comments?post=19239"}],"version-history":[{"count":8,"href":"https:\/\/jstindt.com\/de\/wp-json\/wp\/v2\/pages\/19239\/revisions"}],"predecessor-version":[{"id":19601,"href":"https:\/\/jstindt.com\/de\/wp-json\/wp\/v2\/pages\/19239\/revisions\/19601"}],"wp:attachment":[{"href":"https:\/\/jstindt.com\/de\/wp-json\/wp\/v2\/media?parent=19239"}],"curies":[{"name":"wp","href":"https:\/\/api.w.org\/{rel}","templated":true}]}}