{"id":19194,"date":"2025-02-13T15:22:55","date_gmt":"2025-02-13T14:22:55","guid":{"rendered":"https:\/\/jstindt.com\/?page_id=19194"},"modified":"2025-03-10T14:24:37","modified_gmt":"2025-03-10T13:24:37","slug":"marktzugang-mit-icer","status":"publish","type":"page","link":"https:\/\/jstindt.com\/de\/marktzugang-mit-icer\/","title":{"rendered":"Marktzugang mit ICER: Ihr Leitfaden zum US-amerikanischen Institut f\u00fcr Gesundheits\u00f6konomie und klinische Bewertung"},"content":{"rendered":"\t\t<div data-elementor-type=\"wp-page\" data-elementor-id=\"19194\" class=\"elementor elementor-19194 elementor-18692\" data-elementor-post-type=\"page\">\n\t\t\t\t<div class=\"elementor-element elementor-element-7717568 e-flex e-con-boxed e-con e-parent\" data-id=\"7717568\" data-element_type=\"container\" data-e-type=\"container\">\n\t\t\t\t\t<div class=\"e-con-inner\">\n\t\t\t\t<div class=\"elementor-element elementor-element-ed89a84 elementor-widget elementor-widget-text-editor\" data-id=\"ed89a84\" data-element_type=\"widget\" data-e-type=\"widget\" data-widget_type=\"text-editor.default\">\n\t\t\t\t<div class=\"elementor-widget-container\">\n\t\t\t\t\t\t\t\t\t<p><span style=\"font-weight: 400;\">Das <\/span><i><span style=\"font-weight: 400;\">Institute for Clinical and Economic Review<\/span><\/i><span style=\"font-weight: 400;\"> (<\/span><i><span style=\"font-weight: 400;\">ICER<\/span><\/i><span style=\"font-weight: 400;\">) ist ein unabh\u00e4ngiges, gemeinn\u00fctziges Forschungsinstitut, das evidenzbasierte Bewertungen von Gesundheitsinterventionen, einschlie\u00dflich verschreibungspflichtiger Medikamente, Behandlungen und diagnostischer Tests, durchf\u00fchrt. Seit seiner Gr\u00fcndung im Jahr 2006 bietet ICER objektive Bewertungen, um die Entscheidungsfindung im US-amerikanischen Gesundheitssystem zu unterst\u00fctzen. (<\/span><a href=\"https:\/\/icer.org\/\"><span style=\"font-weight: 400;\">icer.org<\/span><\/a><span style=\"font-weight: 400;\">)<\/span><\/p>\n<h2><b>Hauptaufgaben von ICER<\/b><\/h2>\n<ul>\n<li><span style=\"font-weight: 400;\"> &nbsp; &nbsp; <\/span><b>Evidenzbasierte Bewertungen:<\/b><span style=\"font-weight: 400;\"> Durchf\u00fchrung umfassender Analysen zur Bewertung der klinischen Wirksamkeit und des Nutzens medizinischer Interventionen. (<\/span><a href=\"https:\/\/icer.org\/\"><span style=\"font-weight: 400;\">icer.org<\/span><\/a><span style=\"font-weight: 400;\">)<\/span><\/li>\n<li><span style=\"font-weight: 400;\"> &nbsp; &nbsp; <\/span><b>Entwicklung von Bewertungsrahmen:<\/b><span style=\"font-weight: 400;\"> Festlegung von Methoden zur Bewertung des Werts von Gesundheitsinterventionen, um faire Preise und einen gerechten Zugang zu f\u00f6rdern. (<\/span><a href=\"https:\/\/icer.org\/\"><span style=\"font-weight: 400;\">icer.org<\/span><\/a><span style=\"font-weight: 400;\">)<\/span><\/li>\n<li><b>&nbsp; &nbsp; Politikempfehlungen:<\/b><span style=\"font-weight: 400;\"> Bereitstellung von Leitlinien f\u00fcr Interessengruppen, darunter politische Entscheidungstr\u00e4ger und Kostentr\u00e4ger, zur Unterst\u00fctzung fundierter Gesundheitsentscheidungen.<\/span><\/li>\n<\/ul>\n<h2><b>Leitung und wichtige Ansprechpartner<\/b><\/h2>\n<p><span style=\"font-weight: 400;\">Stand Januar 2025 wird ICER von <\/span><b>Sarah K. Emond, MPP<\/b><span style=\"font-weight: 400;\">, Pr\u00e4sidentin, geleitet, die f\u00fcr die strategischen Initiativen und den operativen Betrieb der Organisation verantwortlich ist.<\/span><\/p>\n<h3><b>Kontaktinformationen von ICER<\/b><\/h3>\n<ul>\n<li><span style=\"font-weight: 400;\"> &nbsp; &nbsp; <\/span><b>Website:<\/b><a href=\"https:\/\/icer.org\/\"> <span style=\"font-weight: 400;\">icer.org<\/span><\/a><\/li>\n<li><span style=\"font-weight: 400;\"> &nbsp; &nbsp; <\/span><b>Postadresse:<\/b><b><br><\/b> <span style=\"font-weight: 400;\">Institute for Clinical and Economic Review<\/span><span style=\"font-weight: 400;\"><br><\/span><span style=\"font-weight: 400;\"> Two Liberty Square, Ninth Floor<\/span><span style=\"font-weight: 400;\"><br><\/span><span style=\"font-weight: 400;\">&nbsp; Boston, MA 02109<\/span><span style=\"font-weight: 400;\"><br><\/span><span style=\"font-weight: 400;\">&nbsp; Vereinigte Staaten<\/span><span style=\"font-weight: 400;\"><br><\/span><span style=\"font-weight: 400;\">&nbsp; <\/span><b>Telefon:<\/b><span style=\"font-weight: 400;\"> +1 617-528-4013<\/span><\/li>\n<\/ul>\n<h2><b>Herausforderungen bei der Zusammenarbeit mit ICER<\/b><\/h2>\n<ul>\n<li><b>Verst\u00e4ndnis der Bewertungsmethoden:<\/b><span style=\"font-weight: 400;\"> Kenntnisse der Bewertungsprozesse und Bewertungsrahmen von ICER sind entscheidend f\u00fcr einen erfolgreichen Marktzugang.<\/span><\/li>\n<li><b>P\u00fcnktliche und vollst\u00e4ndige Einreichungen:<\/b><span style=\"font-weight: 400;\"> Sorgf\u00e4ltige Erstellung und termingerechte Einreichung von Dokumentationen zur Unterst\u00fctzung des Bewertungsprozesses.<\/span><\/li>\n<li><b>Nachweis des Kosten-Nutzen-Verh\u00e4ltnisses:<\/b><span style=\"font-weight: 400;\"> Vorlage robuster Belege, dass neue Behandlungen ein gutes Kosten-Nutzen-Verh\u00e4ltnis im US-Gesundheitssystem bieten.<\/span><\/li>\n<\/ul>\n<p><span style=\"font-weight: 400;\">Eine erfolgreiche Zusammenarbeit mit ICER kann zu einem effizienten Marktzugang und vorteilhaften Erstattungsentscheidungen in den Vereinigten Staaten f\u00fchren.<\/span><\/p>\n<h2><b>Chancen \/ L\u00f6sungen mit Justin Stindt Consultants<\/b><\/h2>\n<ul>\n<li><b>Expertenberatung f\u00fcr ICER-Einreichungen:<\/b><span style=\"font-weight: 400;\"> Erstellung hochwertiger Dossiers f\u00fcr die Bewertung von Gesundheitsinterventionen.<\/span><\/li>\n<li><b>Marktzugangsstrategien f\u00fcr ICER:<\/b><span style=\"font-weight: 400;\"> Entwicklung von Strategien, die mit dem Bewertungsrahmen von ICER \u00fcbereinstimmen, um den Marktzugang zu optimieren.<\/span><\/li>\n<li><b>Fachwissen zu ICER-Prozessen:<\/b><span style=\"font-weight: 400;\"> Bereitstellung detaillierter Einblicke in die Verfahren von ICER zur Verbesserung der Compliance und zur Beschleunigung von Genehmigungen.<\/span><\/li>\n<\/ul>\n<p><span style=\"font-weight: 400;\">Justin Stindt Consultants unterst\u00fctzt Unternehmen bei der effektiven Zusammenarbeit mit ICER, um einen erfolgreichen Marktzugang in den Vereinigten Staaten zu gew\u00e4hrleisten.<\/span><\/p>\t\t\t\t\t\t\t\t<\/div>\n\t\t\t\t<\/div>\n\t\t\t\t\t<\/div>\n\t\t\t\t<\/div>\n\t\t<div class=\"elementor-element elementor-element-4988da0 e-flex e-con-boxed e-con e-parent\" data-id=\"4988da0\" data-element_type=\"container\" data-e-type=\"container\">\n\t\t\t\t\t<div class=\"e-con-inner\">\n\t\t\t\t<div class=\"elementor-element elementor-element-ee9f500 elementor-widget-divider--view-line elementor-widget elementor-widget-divider\" data-id=\"ee9f500\" data-element_type=\"widget\" data-e-type=\"widget\" data-widget_type=\"divider.default\">\n\t\t\t\t<div class=\"elementor-widget-container\">\n\t\t\t\t\t\t\t<div class=\"elementor-divider\">\n\t\t\t<span class=\"elementor-divider-separator\">\n\t\t\t\t\t\t<\/span>\n\t\t<\/div>\n\t\t\t\t\t\t<\/div>\n\t\t\t\t<\/div>\n\t\t\t\t\t<\/div>\n\t\t\t\t<\/div>\n\t\t<div class=\"elementor-element elementor-element-36801c66 e-flex e-con-boxed e-con e-parent\" data-id=\"36801c66\" data-element_type=\"container\" data-e-type=\"container\">\n\t\t\t\t\t<div class=\"e-con-inner\">\n\t\t<div class=\"elementor-element elementor-element-260498df e-con-full bordered-block e-flex e-con e-child\" data-id=\"260498df\" data-element_type=\"container\" data-e-type=\"container\">\n\t\t\t\t<div class=\"elementor-element elementor-element-5b089898 elementor-widget elementor-widget-text-editor\" data-id=\"5b089898\" data-element_type=\"widget\" data-e-type=\"widget\" data-widget_type=\"text-editor.default\">\n\t\t\t\t<div class=\"elementor-widget-container\">\n\t\t\t\t\t\t\t\t\t<h3>Fallstudie<\/h3><h2>Erfolg eines Pharmaunternehmens mit ICER<\/h2>\t\t\t\t\t\t\t\t<\/div>\n\t\t\t\t<\/div>\n\t\t\t\t<div class=\"elementor-element elementor-element-7f50d796 elementor-widget elementor-widget-text-editor\" data-id=\"7f50d796\" data-element_type=\"widget\" data-e-type=\"widget\" data-widget_type=\"text-editor.default\">\n\t\t\t\t<div class=\"elementor-widget-container\">\n\t\t\t\t\t\t\t\t\t<p><strong>Herausforderung<\/strong>: <br \/>Ein Pharmaunternehmen ben\u00f6tigte unsere Unterst\u00fctzung, um eine positive Bewertung und Erstattung f\u00fcr eine neue Therapie in den USA zu erhalten.<\/p><p><strong>L\u00f6sung<\/strong>: <br \/>Wir begleiteten die Erstellung eines umfassenden Dossiers, das den Bewertungskriterien von ICER entsprach.<\/p><p><strong>Ergebnis<\/strong>: <br \/>Unser strategischer Ansatz f\u00fchrte zu einer positiven Entscheidung, die die Akzeptanz der Therapie auf dem US-Gesundheitsmarkt erleichterte.<\/p>\t\t\t\t\t\t\t\t<\/div>\n\t\t\t\t<\/div>\n\t\t\t\t<\/div>\n\t\t\t\t\t<\/div>\n\t\t\t\t<\/div>\n\t\t<div class=\"elementor-element elementor-element-0099aaf e-con-full e-flex e-con e-parent\" data-id=\"0099aaf\" data-element_type=\"container\" data-e-type=\"container\" data-settings=\"{&quot;background_background&quot;:&quot;classic&quot;}\">\n\t\t\t\t<div class=\"elementor-element elementor-element-2dd1be8 elementor-cta--skin-classic elementor-animated-content elementor-bg-transform elementor-bg-transform-zoom-in elementor-widget elementor-widget-call-to-action\" data-id=\"2dd1be8\" data-element_type=\"widget\" data-e-type=\"widget\" data-widget_type=\"call-to-action.default\">\n\t\t\t\t<div class=\"elementor-widget-container\">\n\t\t\t\t\t\t\t<div class=\"elementor-cta\">\n\t\t\t\t\t\t\t<div class=\"elementor-cta__content\">\n\t\t\t\t\n\t\t\t\t\t\t\t\t\t<h2 class=\"elementor-cta__title elementor-cta__content-item elementor-content-item\">\n\t\t\t\t\t\tBen\u00f6tigen Sie Unterst\u00fctzung beim Marktzugang mit ICER? Die Experten von Justin Stindt Consultants stehen Ihnen zur Seite.\t\t\t\t\t<\/h2>\n\t\t\t\t\n\t\t\t\t\t\t\t\t\t<div class=\"elementor-cta__description elementor-cta__content-item elementor-content-item\">\n\t\t\t\t\t\tKontaktieren Sie uns noch heute, um Ihre Marktzugangsstrategie zu entwickeln und Ihren Erfolg mit ICER sicherzustellen.\t\t\t\t\t<\/div>\n\t\t\t\t\n\t\t\t\t\t\t\t\t\t<div class=\"elementor-cta__button-wrapper elementor-cta__content-item elementor-content-item \">\n\t\t\t\t\t<a class=\"elementor-cta__button elementor-button elementor-size-\" href=\"https:\/\/jstindt.com\/contact-us\/\">\n\t\t\t\t\t\tKontakt zu Justin Stindt Consultants\t\t\t\t\t<\/a>\n\t\t\t\t\t<\/div>\n\t\t\t\t\t\t\t<\/div>\n\t\t\t\t\t\t<\/div>\n\t\t\t\t\t\t<\/div>\n\t\t\t\t<\/div>\n\t\t\t\t<\/div>\n\t\t<div class=\"elementor-element elementor-element-4fc150d e-flex e-con-boxed e-con e-parent\" data-id=\"4fc150d\" data-element_type=\"container\" data-e-type=\"container\">\n\t\t\t\t\t<div class=\"e-con-inner\">\n\t\t\t\t<div class=\"elementor-element elementor-element-bca83d8 elementor-widget elementor-widget-n-accordion\" data-id=\"bca83d8\" data-element_type=\"widget\" data-e-type=\"widget\" data-settings=\"{&quot;default_state&quot;:&quot;all_collapsed&quot;,&quot;max_items_expended&quot;:&quot;one&quot;,&quot;n_accordion_animation_duration&quot;:{&quot;unit&quot;:&quot;ms&quot;,&quot;size&quot;:400,&quot;sizes&quot;:[]}}\" data-widget_type=\"nested-accordion.default\">\n\t\t\t\t<div class=\"elementor-widget-container\">\n\t\t\t\t\t\t\t<div class=\"e-n-accordion\" aria-label=\"Accordion. Open links with Enter or Space, close with Escape, and navigate with Arrow Keys\">\n\t\t\t\t\t\t<details id=\"e-n-accordion-item-1970\" class=\"e-n-accordion-item\" >\n\t\t\t\t<summary class=\"e-n-accordion-item-title\" data-accordion-index=\"1\" tabindex=\"0\" aria-expanded=\"false\" aria-controls=\"e-n-accordion-item-1970\" >\n\t\t\t\t\t<span class='e-n-accordion-item-title-header'><div class=\"e-n-accordion-item-title-text\"> Andere Schl\u00fcsselinstitutionen f\u00fcr den Marktzugang <\/div><\/span>\n\t\t\t\t\t\t\t<span class='e-n-accordion-item-title-icon'>\n\t\t\t<span class='e-opened' ><i aria-hidden=\"true\" class=\"fas fa-minus\"><\/i><\/span>\n\t\t\t<span class='e-closed'><i aria-hidden=\"true\" class=\"fas fa-plus\"><\/i><\/span>\n\t\t<\/span>\n\n\t\t\t\t\t\t<\/summary>\n\t\t\t\t<div role=\"region\" aria-labelledby=\"e-n-accordion-item-1970\" class=\"elementor-element elementor-element-127d1dc e-con-full e-flex e-con e-child\" data-id=\"127d1dc\" data-element_type=\"container\" data-e-type=\"container\">\n\t\t\t\t<div class=\"elementor-element elementor-element-63e1a19 elementor-widget elementor-widget-template\" data-id=\"63e1a19\" data-element_type=\"widget\" data-e-type=\"widget\" data-widget_type=\"template.default\">\n\t\t\t\t<div class=\"elementor-widget-container\">\n\t\t\t\t\t\t\t<div class=\"elementor-template\">\n\t\t\t\t\t<div data-elementor-type=\"container\" data-elementor-id=\"19257\" class=\"elementor elementor-19257 elementor-18546 elementor-18546\" data-elementor-post-type=\"elementor_library\">\n\t\t\t\t<div role=\"region\" aria-labelledby=\"e-n-accordion-item-2290\" class=\"elementor-element elementor-element-4d5d7d7a e-flex e-con-boxed e-con e-parent\" data-id=\"4d5d7d7a\" data-element_type=\"container\" data-e-type=\"container\">\n\t\t\t\t\t<div class=\"e-con-inner\">\n\t\t\t\t<div class=\"elementor-element elementor-element-fa73d9e elementor-widget elementor-widget-text-editor\" data-id=\"fa73d9e\" data-element_type=\"widget\" data-e-type=\"widget\" data-widget_type=\"text-editor.default\">\n\t\t\t\t<div class=\"elementor-widget-container\">\n\t\t\t\t\t\t\t\t\t<h4><strong>Globale Institutionen<\/strong><\/h4>\n<ul>\n<li><a href=\"https:\/\/jstindt.com\/de\/marktzugang-mit-der-who\/\">World Health Organization<\/a> (WHO)<\/li>\n<li><a href=\"https:\/\/jstindt.com\/de\/marktzugang-mit-dem-ispor\/\">International Society for Pharmacoeconomics and Outcomes Research<\/a> (ISPOR)<\/li>\n<\/ul>\n<h4><strong><br \/><a href=\"https:\/\/jstindt.com\/de\/usa\/\">Vereinigte Staaten<\/a><\/strong><\/h4>\n<ul>\n<li><a href=\"https:\/\/jstindt.com\/de\/marktzugang-mit-cms\/\">Centers for Medicare &amp; Medicaid Services<\/a> (CMS)<\/li>\n<li><a href=\"https:\/\/jstindt.com\/de\/marktzugang-mit-amcp\/\">Academy of Managed Care Pharmacy<\/a> (AMCP)<\/li>\n<li><a href=\"https:\/\/jstindt.com\/de\/marktzugang-mit-icer\/\">Institute for Clinical and Economic Review<\/a> (ICER)<\/li>\n<\/ul>\n<h4><strong><br \/><a href=\"https:\/\/jstindt.com\/de\/frankreich\/\">Frankreich<\/a><\/strong><\/h4>\n<ul>\n<li><a href=\"https:\/\/jstindt.com\/de\/marktzugang-mit-der-has\/\">Haute Autorit\u00e9 de Sant\u00e9<\/a> (HAS)<\/li>\n<li><a href=\"https:\/\/jstindt.com\/de\/marktzugang-mit-dem-ceps\/\">Comit\u00e9 \u00c9conomique des Produits de Sant\u00e9<\/a> (CEPS)<\/li>\n<\/ul>\n<h4><strong><br \/><a href=\"https:\/\/jstindt.com\/de\/deutschland\/\">Deutschland<\/a><\/strong><\/h4>\n<ul>\n<li><a href=\"https:\/\/jstindt.com\/de\/marktzugang-mit-dem-g-ba\/\">Gemeinsamer Bundesausschuss<\/a> (G-BA)<\/li>\n<li><a href=\"https:\/\/jstindt.com\/de\/marktzugang-mit-dem-iqwig\/\">Institute for Quality and Efficiency in Health Care<\/a> (IQWiG)<\/li>\n<li><a href=\"https:\/\/jstindt.com\/de\/marktzugang-mit-dem-gkv-spitzenverband\/\">GKV Spitzenverband<\/a><\/li>\n<\/ul>\n<h4><strong><br \/><a href=\"https:\/\/jstindt.com\/de\/vereinigtes-koenigreich\/\">Gro\u00dfbritannien<\/a><\/strong><\/h4>\n<ul>\n<li><a href=\"https:\/\/jstindt.com\/de\/marktzugang-mit-nice\/\">National Institute for Health and Care Excellence<\/a> (NICE)<\/li>\n<li><a href=\"https:\/\/jstindt.com\/de\/marktzugang-mit-dem-smc\/\">Scottish Medicines Consortium<\/a> (SMC)<\/li>\n<li><a href=\"https:\/\/jstindt.com\/de\/marktzugang-mit-awmsg\/\" rel=\"noopener\">All Wales Medicines Strategy Group<\/a> (AWMSG)<\/li>\n<li><a href=\"https:\/\/jstindt.com\/de\/marktzugang-mit-dem-nhs\/\">National Health Service<\/a> (NHS)<\/li>\n<\/ul>\n<h4><strong><br \/><a href=\"https:\/\/jstindt.com\/de\/italien\/\">Italien<\/a><\/strong><\/h4>\n<ul>\n<li><a href=\"https:\/\/jstindt.com\/de\/marktzugang-mit-der-aifa\/\">Italian Medicines Agency<\/a> (AIFA)<\/li>\n<li><a href=\"https:\/\/jstindt.com\/de\/marktzugang-mit-der-cse\/\">Scientific and Economic Commission<\/a> (CSE)<\/li>\n<\/ul>\n<h4><strong><br \/><a href=\"https:\/\/jstindt.com\/de\/spanien\/\">Spanien<\/a><\/strong><\/h4>\n<ul>\n<li><a href=\"https:\/\/jstindt.com\/de\/marktzugang-mit-der-aemps-ihr\/\">Spanish Agency of Medicines and Medical Devices<\/a> (AEMPS)<\/li>\n<li><a href=\"https:\/\/jstindt.com\/de\/marktzugang-mit-der-dgcf\/\">Direcci\u00f3n General de Cartera Com\u00fan de Servicios del Sistema Nacional de Salud y Farmacia<\/a> (DGCF)<\/li>\n<li><a href=\"https:\/\/jstindt.com\/de\/marktzugang-mit-der-cipm\/\">Interministerial Commission on Medicine Prices<\/a> (CIPM)<\/li>\n<\/ul>\n<h4><strong><br \/><a href=\"https:\/\/jstindt.com\/de\/schweiz\/\">Schweiz<\/a><\/strong><\/h4>\n<ul>\n<li><a href=\"https:\/\/jstindt.com\/de\/marktzugang-mit-dem-bag\/\">Federal Office of Public Health<\/a> (FOPH)<\/li>\n<\/ul>\n\t\t\t\t\t\t\t\t<\/div>\n\t\t\t\t<\/div>\n\t\t\t\t\t<\/div>\n\t\t\t\t<\/div>\n\t\t\t\t<\/div>\n\t\t\t\t<\/div>\n\t\t\t\t\t\t<\/div>\n\t\t\t\t<\/div>\n\t\t\t\t<\/div>\n\t\t\t\t\t<\/details>\n\t\t\t\t\t<\/div>\n\t\t\t\t\t\t<\/div>\n\t\t\t\t<\/div>\n\t\t\t\t\t<\/div>\n\t\t\t\t<\/div>\n\t\t\t\t<\/div>\n\t\t","protected":false},"excerpt":{"rendered":"<p>Das Institute for Clinical and Economic Review (ICER) ist ein unabh\u00e4ngiges, gemeinn\u00fctziges Forschungsinstitut, das evidenzbasierte Bewertungen von Gesundheitsinterventionen, einschlie\u00dflich verschreibungspflichtiger Medikamente, Behandlungen und diagnostischer Tests, durchf\u00fchrt. Seit seiner Gr\u00fcndung im Jahr 2006 bietet ICER objektive Bewertungen, um die Entscheidungsfindung im US-amerikanischen Gesundheitssystem zu unterst\u00fctzen. (icer.org) Hauptaufgaben von ICER &nbsp; &nbsp; Evidenzbasierte Bewertungen: Durchf\u00fchrung umfassender Analysen [&hellip;]<\/p>\n","protected":false},"author":3,"featured_media":0,"parent":0,"menu_order":0,"comment_status":"closed","ping_status":"closed","template":"","meta":{"_acf_changed":false,"footnotes":""},"class_list":["post-19194","page","type-page","status-publish","hentry"],"acf":[],"_links":{"self":[{"href":"https:\/\/jstindt.com\/de\/wp-json\/wp\/v2\/pages\/19194","targetHints":{"allow":["GET"]}}],"collection":[{"href":"https:\/\/jstindt.com\/de\/wp-json\/wp\/v2\/pages"}],"about":[{"href":"https:\/\/jstindt.com\/de\/wp-json\/wp\/v2\/types\/page"}],"author":[{"embeddable":true,"href":"https:\/\/jstindt.com\/de\/wp-json\/wp\/v2\/users\/3"}],"replies":[{"embeddable":true,"href":"https:\/\/jstindt.com\/de\/wp-json\/wp\/v2\/comments?post=19194"}],"version-history":[{"count":8,"href":"https:\/\/jstindt.com\/de\/wp-json\/wp\/v2\/pages\/19194\/revisions"}],"predecessor-version":[{"id":19603,"href":"https:\/\/jstindt.com\/de\/wp-json\/wp\/v2\/pages\/19194\/revisions\/19603"}],"wp:attachment":[{"href":"https:\/\/jstindt.com\/de\/wp-json\/wp\/v2\/media?parent=19194"}],"curies":[{"name":"wp","href":"https:\/\/api.w.org\/{rel}","templated":true}]}}