{"id":19174,"date":"2025-02-13T15:09:28","date_gmt":"2025-02-13T14:09:28","guid":{"rendered":"https:\/\/jstindt.com\/?page_id=19174"},"modified":"2025-03-10T14:24:07","modified_gmt":"2025-03-10T13:24:07","slug":"marktzugang-mit-dem-nhs","status":"publish","type":"page","link":"https:\/\/jstindt.com\/de\/marktzugang-mit-dem-nhs\/","title":{"rendered":"Marktzugang mit dem NHS: Ihr Leitfaden zum Gesundheitssystem in England"},"content":{"rendered":"\t\t<div data-elementor-type=\"wp-page\" data-elementor-id=\"19174\" class=\"elementor elementor-19174 elementor-18662\" data-elementor-post-type=\"page\">\n\t\t\t\t<div class=\"elementor-element elementor-element-fff0c7f e-flex e-con-boxed e-con e-parent\" data-id=\"fff0c7f\" data-element_type=\"container\" data-e-type=\"container\">\n\t\t\t\t\t<div class=\"e-con-inner\">\n\t\t\t\t<div class=\"elementor-element elementor-element-f9b5be8 elementor-widget elementor-widget-text-editor\" data-id=\"f9b5be8\" data-element_type=\"widget\" data-e-type=\"widget\" data-widget_type=\"text-editor.default\">\n\t\t\t\t<div class=\"elementor-widget-container\">\n\t\t\t\t\t\t\t\t\t<p><span style=\"font-weight: 400;\">Der <\/span><i><span style=\"font-weight: 400;\">National Health Service<\/span><\/i><span style=\"font-weight: 400;\"> (<\/span><i><span style=\"font-weight: 400;\">NHS<\/span><\/i><span style=\"font-weight: 400;\">) England ist f\u00fcr die Planung und den Einkauf von Gesundheitsdienstleistungen in England verantwortlich und stellt sicher, dass Patienten Zugang zu qualitativ hochwertigen Gesundheitsleistungen haben. Gegr\u00fcndet im Jahr 2013, weist <\/span><i><span style=\"font-weight: 400;\">NHS England<\/span><\/i><span style=\"font-weight: 400;\"> Ressourcen den <\/span><i><span style=\"font-weight: 400;\">Integrated Care Systems<\/span><\/i><span style=\"font-weight: 400;\"> (<\/span><i><span style=\"font-weight: 400;\">ICSs<\/span><\/i><span style=\"font-weight: 400;\">) zu und unterst\u00fctzt lokale Gesundheitsdienste bei der Erbringung von Versorgungsleistungen gem\u00e4\u00df nationalen Standards.<\/span><\/p><h2><b>Hauptaufgaben von NHS England<\/b><\/h2><ul><li><b>Planung und Einkauf von Gesundheitsdienstleistungen:<\/b><span style=\"font-weight: 400;\"> Gestaltung und Beschaffung von Gesundheitsdiensten, um den Bed\u00fcrfnissen der Bev\u00f6lkerung gerecht zu werden.<\/span><\/li><li><b>Zuweisung von Ressourcen:<\/b><span style=\"font-weight: 400;\"> Verteilung von Finanzmitteln an die <\/span><i><span style=\"font-weight: 400;\">ICSs<\/span><\/i><span style=\"font-weight: 400;\">, um einen gerechten Zugang zu Gesundheitsdiensten in ganz England sicherzustellen.<\/span><\/li><li><b>Festlegung nationaler Priorit\u00e4ten:<\/b><span style=\"font-weight: 400;\"> Festlegung von Gesundheitszielen und \u00dcberwachung ihrer Umsetzung zur Verbesserung der Patientenergebnisse.<\/span><\/li><\/ul><h2><b>Leitung und wichtige Ansprechpartner<\/b><\/h2><p><span style=\"font-weight: 400;\">Stand Januar 2025 wird <\/span><i><span style=\"font-weight: 400;\">NHS England<\/span><\/i><span style=\"font-weight: 400;\"> von <\/span><b>Amanda Pritchard<\/b><span style=\"font-weight: 400;\"> als Gesch\u00e4ftsf\u00fchrerin geleitet, die f\u00fcr die strategischen Initiativen und den operativen Betrieb der Organisation verantwortlich ist.<\/span><\/p><h3><b>Kontaktinformationen von NHS England<\/b><\/h3><ul><li><span style=\"font-weight: 400;\"> \u00a0 \u00a0 <\/span><b>Website:<\/b><a href=\"https:\/\/www.england.nhs.uk\/\"> <span style=\"font-weight: 400;\">england.nhs.uk<\/span><\/a><\/li><li><span style=\"font-weight: 400;\"> \u00a0 \u00a0 <\/span><b>Postadresse:<\/b><b><br \/><\/b> <span style=\"font-weight: 400;\">NHS England<\/span><span style=\"font-weight: 400;\"><br \/><\/span><span style=\"font-weight: 400;\"> Quarry House<\/span><span style=\"font-weight: 400;\"><br \/><\/span><span style=\"font-weight: 400;\">\u00a0 Quarry Hill<\/span><span style=\"font-weight: 400;\"><br \/><\/span><span style=\"font-weight: 400;\">\u00a0 Leeds, LS2 7UE<\/span><span style=\"font-weight: 400;\"><br \/><\/span><span style=\"font-weight: 400;\">\u00a0 Vereinigtes K\u00f6nigreich<\/span><span style=\"font-weight: 400;\"><br \/><\/span><span style=\"font-weight: 400;\">\u00a0 <\/span><b>Telefon:<\/b><span style=\"font-weight: 400;\"> 0300 311 22 33<\/span><\/li><\/ul><h2><b>Herausforderungen bei der Zusammenarbeit mit NHS England<\/b><\/h2><ul><li><b>Verst\u00e4ndnis der Beschaffungsprozesse:<\/b><span style=\"font-weight: 400;\"> Kenntnisse \u00fcber den Planungs- und Beschaffungsrahmen von <\/span><i><span style=\"font-weight: 400;\">NHS England<\/span><\/i><span style=\"font-weight: 400;\"> sind entscheidend f\u00fcr einen erfolgreichen Marktzugang.<\/span><\/li><li><b>P\u00fcnktliche und vollst\u00e4ndige Einreichungen:<\/b><span style=\"font-weight: 400;\"> Sorgf\u00e4ltige Erstellung und fristgerechte Einreichung von Unterlagen zur Unterst\u00fctzung des Bewertungsprozesses.<\/span><\/li><li><b>Nachweis des Kosten-Nutzen-Verh\u00e4ltnisses:<\/b><span style=\"font-weight: 400;\"> Vorlage robuster Belege, dass neue Behandlungen einen Mehrwert innerhalb des <\/span><i><span style=\"font-weight: 400;\">NHS<\/span><\/i><span style=\"font-weight: 400;\">-Rahmens bieten.<\/span><\/li><\/ul><p><span style=\"font-weight: 400;\">Eine erfolgreiche Zusammenarbeit mit <\/span><i><span style=\"font-weight: 400;\">NHS England<\/span><\/i><span style=\"font-weight: 400;\"> kann zu einem effizienten Marktzugang und vorteilhaften Erstattungsentscheidungen in England f\u00fchren.<\/span><\/p><h2><b>Chancen \/ L\u00f6sungen mit Justin Stindt Consultants<\/b><\/h2><ul><li><b>Expertenberatung f\u00fcr NHS England-Einreichungen:<\/b><span style=\"font-weight: 400;\"> Erstellung hochwertiger Dossiers f\u00fcr die Planung und Finanzierung von Gesundheitsdiensten.<\/span><\/li><li><b>Marktzugangsstrategien f\u00fcr NHS England:<\/b><span style=\"font-weight: 400;\"> Entwicklung von Strategien, die mit dem Rahmen von <\/span><i><span style=\"font-weight: 400;\">NHS England<\/span><\/i><span style=\"font-weight: 400;\"> \u00fcbereinstimmen, um den Marktzugang zu optimieren.<\/span><\/li><li><b>Fachwissen zu NHS England-Prozessen:<\/b><span style=\"font-weight: 400;\"> Bereitstellung detaillierter Einblicke in die Verfahren von <\/span><i><span style=\"font-weight: 400;\">NHS England<\/span><\/i><span style=\"font-weight: 400;\">, um die Compliance zu verbessern und Genehmigungen zu beschleunigen.<\/span><\/li><\/ul><p><span style=\"font-weight: 400;\">Justin Stindt Consultants unterst\u00fctzt Unternehmen bei der effektiven Zusammenarbeit mit <\/span><i><span style=\"font-weight: 400;\">NHS England<\/span><\/i><span style=\"font-weight: 400;\">, um einen erfolgreichen Marktzugang in England zu erreichen.<\/span><\/p>\t\t\t\t\t\t\t\t<\/div>\n\t\t\t\t<\/div>\n\t\t\t\t\t<\/div>\n\t\t\t\t<\/div>\n\t\t<div class=\"elementor-element elementor-element-ae1d75e e-flex e-con-boxed e-con e-parent\" data-id=\"ae1d75e\" data-element_type=\"container\" data-e-type=\"container\">\n\t\t\t\t\t<div class=\"e-con-inner\">\n\t\t\t\t<div class=\"elementor-element elementor-element-3d7f0c6 elementor-widget-divider--view-line elementor-widget elementor-widget-divider\" data-id=\"3d7f0c6\" data-element_type=\"widget\" data-e-type=\"widget\" data-widget_type=\"divider.default\">\n\t\t\t\t<div class=\"elementor-widget-container\">\n\t\t\t\t\t\t\t<div class=\"elementor-divider\">\n\t\t\t<span class=\"elementor-divider-separator\">\n\t\t\t\t\t\t<\/span>\n\t\t<\/div>\n\t\t\t\t\t\t<\/div>\n\t\t\t\t<\/div>\n\t\t\t\t\t<\/div>\n\t\t\t\t<\/div>\n\t\t<div class=\"elementor-element elementor-element-31a3f729 e-flex e-con-boxed e-con e-parent\" data-id=\"31a3f729\" data-element_type=\"container\" data-e-type=\"container\">\n\t\t\t\t\t<div class=\"e-con-inner\">\n\t\t<div class=\"elementor-element elementor-element-111847e0 e-con-full bordered-block e-flex e-con e-child\" data-id=\"111847e0\" data-element_type=\"container\" data-e-type=\"container\">\n\t\t\t\t<div class=\"elementor-element elementor-element-40fbd4a7 elementor-widget elementor-widget-text-editor\" data-id=\"40fbd4a7\" data-element_type=\"widget\" data-e-type=\"widget\" data-widget_type=\"text-editor.default\">\n\t\t\t\t<div class=\"elementor-widget-container\">\n\t\t\t\t\t\t\t\t\t<h3>Fallstudie<\/h3><h2>Erfolg eines Pharmaunternehmens mit NHS England<\/h2>\t\t\t\t\t\t\t\t<\/div>\n\t\t\t\t<\/div>\n\t\t\t\t<div class=\"elementor-element elementor-element-1af43990 elementor-widget elementor-widget-text-editor\" data-id=\"1af43990\" data-element_type=\"widget\" data-e-type=\"widget\" data-widget_type=\"text-editor.default\">\n\t\t\t\t<div class=\"elementor-widget-container\">\n\t\t\t\t\t\t\t\t\t<p><strong>Herausforderung<\/strong>: <br \/>Ein Pharmaunternehmen ben\u00f6tigte unsere Unterst\u00fctzung bei der Zulassung und Erstattung einer neuen Therapie in England.<\/p><p><strong>L\u00f6sung<\/strong>: <br \/>Wir begleiteten die Erstellung eines umfassenden Dossiers, das den Bewertungskriterien von NHS England entsprach.<\/p><p><strong>Ergebnis<\/strong>: <br \/>Unser strategischer Ansatz f\u00fchrte zu einer positiven Entscheidung und erm\u00f6glichte die Aufnahme der Therapie in das NHS-Formular.<\/p>\t\t\t\t\t\t\t\t<\/div>\n\t\t\t\t<\/div>\n\t\t\t\t<\/div>\n\t\t\t\t\t<\/div>\n\t\t\t\t<\/div>\n\t\t<div class=\"elementor-element elementor-element-ae05479 e-con-full e-flex e-con e-parent\" data-id=\"ae05479\" data-element_type=\"container\" data-e-type=\"container\" data-settings=\"{&quot;background_background&quot;:&quot;classic&quot;}\">\n\t\t\t\t<div class=\"elementor-element elementor-element-26da12a elementor-cta--skin-classic elementor-animated-content elementor-bg-transform elementor-bg-transform-zoom-in elementor-widget elementor-widget-call-to-action\" data-id=\"26da12a\" data-element_type=\"widget\" data-e-type=\"widget\" data-widget_type=\"call-to-action.default\">\n\t\t\t\t<div class=\"elementor-widget-container\">\n\t\t\t\t\t\t\t<div class=\"elementor-cta\">\n\t\t\t\t\t\t\t<div class=\"elementor-cta__content\">\n\t\t\t\t\n\t\t\t\t\t\t\t\t\t<h2 class=\"elementor-cta__title elementor-cta__content-item elementor-content-item\">\n\t\t\t\t\t\tBen\u00f6tigen Sie Unterst\u00fctzung beim Marktzugang mit NHS England? Die Experten von Justin Stindt Consultants stehen Ihnen zur Seite.\t\t\t\t\t<\/h2>\n\t\t\t\t\n\t\t\t\t\t\t\t\t\t<div class=\"elementor-cta__description elementor-cta__content-item elementor-content-item\">\n\t\t\t\t\t\tKontaktieren Sie uns noch heute, um Ihre Marktzugangsstrategie zu entwickeln und Ihren Erfolg mit NHS England sicherzustellen.\t\t\t\t\t<\/div>\n\t\t\t\t\n\t\t\t\t\t\t\t\t\t<div class=\"elementor-cta__button-wrapper elementor-cta__content-item elementor-content-item \">\n\t\t\t\t\t<a class=\"elementor-cta__button elementor-button elementor-size-\" href=\"https:\/\/jstindt.com\/contact-us\/\">\n\t\t\t\t\t\tKontakt zu Justin Stindt Consultants\t\t\t\t\t<\/a>\n\t\t\t\t\t<\/div>\n\t\t\t\t\t\t\t<\/div>\n\t\t\t\t\t\t<\/div>\n\t\t\t\t\t\t<\/div>\n\t\t\t\t<\/div>\n\t\t\t\t<\/div>\n\t\t<div class=\"elementor-element elementor-element-f20e919 e-flex e-con-boxed e-con e-parent\" data-id=\"f20e919\" data-element_type=\"container\" data-e-type=\"container\">\n\t\t\t\t\t<div class=\"e-con-inner\">\n\t\t\t\t<div class=\"elementor-element elementor-element-a02a373 elementor-widget elementor-widget-n-accordion\" data-id=\"a02a373\" data-element_type=\"widget\" data-e-type=\"widget\" data-settings=\"{&quot;default_state&quot;:&quot;all_collapsed&quot;,&quot;max_items_expended&quot;:&quot;one&quot;,&quot;n_accordion_animation_duration&quot;:{&quot;unit&quot;:&quot;ms&quot;,&quot;size&quot;:400,&quot;sizes&quot;:[]}}\" data-widget_type=\"nested-accordion.default\">\n\t\t\t\t<div class=\"elementor-widget-container\">\n\t\t\t\t\t\t\t<div class=\"e-n-accordion\" aria-label=\"Accordion. Open links with Enter or Space, close with Escape, and navigate with Arrow Keys\">\n\t\t\t\t\t\t<details id=\"e-n-accordion-item-1670\" class=\"e-n-accordion-item\" >\n\t\t\t\t<summary class=\"e-n-accordion-item-title\" data-accordion-index=\"1\" tabindex=\"0\" aria-expanded=\"false\" aria-controls=\"e-n-accordion-item-1670\" >\n\t\t\t\t\t<span class='e-n-accordion-item-title-header'><div class=\"e-n-accordion-item-title-text\"> Andere Schl\u00fcsselinstitutionen f\u00fcr den Marktzugang <\/div><\/span>\n\t\t\t\t\t\t\t<span class='e-n-accordion-item-title-icon'>\n\t\t\t<span class='e-opened' ><i aria-hidden=\"true\" class=\"fas fa-minus\"><\/i><\/span>\n\t\t\t<span class='e-closed'><i aria-hidden=\"true\" class=\"fas fa-plus\"><\/i><\/span>\n\t\t<\/span>\n\n\t\t\t\t\t\t<\/summary>\n\t\t\t\t<div role=\"region\" aria-labelledby=\"e-n-accordion-item-1670\" class=\"elementor-element elementor-element-c94d8d3 e-con-full e-flex e-con e-child\" data-id=\"c94d8d3\" data-element_type=\"container\" data-e-type=\"container\">\n\t\t\t\t<div class=\"elementor-element elementor-element-1f831ce elementor-widget elementor-widget-template\" data-id=\"1f831ce\" data-element_type=\"widget\" data-e-type=\"widget\" data-widget_type=\"template.default\">\n\t\t\t\t<div class=\"elementor-widget-container\">\n\t\t\t\t\t\t\t<div class=\"elementor-template\">\n\t\t\t\t\t<div data-elementor-type=\"container\" data-elementor-id=\"19257\" class=\"elementor elementor-19257 elementor-18546 elementor-18546\" data-elementor-post-type=\"elementor_library\">\n\t\t\t\t<div role=\"region\" aria-labelledby=\"e-n-accordion-item-2440\" class=\"elementor-element elementor-element-4d5d7d7a e-flex e-con-boxed e-con e-parent\" data-id=\"4d5d7d7a\" data-element_type=\"container\" data-e-type=\"container\">\n\t\t\t\t\t<div class=\"e-con-inner\">\n\t\t\t\t<div class=\"elementor-element elementor-element-fa73d9e elementor-widget elementor-widget-text-editor\" data-id=\"fa73d9e\" data-element_type=\"widget\" data-e-type=\"widget\" data-widget_type=\"text-editor.default\">\n\t\t\t\t<div class=\"elementor-widget-container\">\n\t\t\t\t\t\t\t\t\t<h4><strong>Globale Institutionen<\/strong><\/h4>\n<ul>\n<li><a href=\"https:\/\/jstindt.com\/de\/marktzugang-mit-der-who\/\">World Health Organization<\/a> (WHO)<\/li>\n<li><a href=\"https:\/\/jstindt.com\/de\/marktzugang-mit-dem-ispor\/\">International Society for Pharmacoeconomics and Outcomes Research<\/a> (ISPOR)<\/li>\n<\/ul>\n<h4><strong><br \/><a href=\"https:\/\/jstindt.com\/de\/usa\/\">Vereinigte Staaten<\/a><\/strong><\/h4>\n<ul>\n<li><a href=\"https:\/\/jstindt.com\/de\/marktzugang-mit-cms\/\">Centers for Medicare &amp; Medicaid Services<\/a> (CMS)<\/li>\n<li><a href=\"https:\/\/jstindt.com\/de\/marktzugang-mit-amcp\/\">Academy of Managed Care Pharmacy<\/a> (AMCP)<\/li>\n<li><a href=\"https:\/\/jstindt.com\/de\/marktzugang-mit-icer\/\">Institute for Clinical and Economic Review<\/a> (ICER)<\/li>\n<\/ul>\n<h4><strong><br \/><a href=\"https:\/\/jstindt.com\/de\/frankreich\/\">Frankreich<\/a><\/strong><\/h4>\n<ul>\n<li><a href=\"https:\/\/jstindt.com\/de\/marktzugang-mit-der-has\/\">Haute Autorit\u00e9 de Sant\u00e9<\/a> (HAS)<\/li>\n<li><a href=\"https:\/\/jstindt.com\/de\/marktzugang-mit-dem-ceps\/\">Comit\u00e9 \u00c9conomique des Produits de Sant\u00e9<\/a> (CEPS)<\/li>\n<\/ul>\n<h4><strong><br \/><a href=\"https:\/\/jstindt.com\/de\/deutschland\/\">Deutschland<\/a><\/strong><\/h4>\n<ul>\n<li><a href=\"https:\/\/jstindt.com\/de\/marktzugang-mit-dem-g-ba\/\">Gemeinsamer Bundesausschuss<\/a> (G-BA)<\/li>\n<li><a href=\"https:\/\/jstindt.com\/de\/marktzugang-mit-dem-iqwig\/\">Institute for Quality and Efficiency in Health Care<\/a> (IQWiG)<\/li>\n<li><a href=\"https:\/\/jstindt.com\/de\/marktzugang-mit-dem-gkv-spitzenverband\/\">GKV Spitzenverband<\/a><\/li>\n<\/ul>\n<h4><strong><br \/><a href=\"https:\/\/jstindt.com\/de\/vereinigtes-koenigreich\/\">Gro\u00dfbritannien<\/a><\/strong><\/h4>\n<ul>\n<li><a href=\"https:\/\/jstindt.com\/de\/marktzugang-mit-nice\/\">National Institute for Health and Care Excellence<\/a> (NICE)<\/li>\n<li><a href=\"https:\/\/jstindt.com\/de\/marktzugang-mit-dem-smc\/\">Scottish Medicines Consortium<\/a> (SMC)<\/li>\n<li><a href=\"https:\/\/jstindt.com\/de\/marktzugang-mit-awmsg\/\" rel=\"noopener\">All Wales Medicines Strategy Group<\/a> (AWMSG)<\/li>\n<li><a href=\"https:\/\/jstindt.com\/de\/marktzugang-mit-dem-nhs\/\">National Health Service<\/a> (NHS)<\/li>\n<\/ul>\n<h4><strong><br \/><a href=\"https:\/\/jstindt.com\/de\/italien\/\">Italien<\/a><\/strong><\/h4>\n<ul>\n<li><a href=\"https:\/\/jstindt.com\/de\/marktzugang-mit-der-aifa\/\">Italian Medicines Agency<\/a> (AIFA)<\/li>\n<li><a href=\"https:\/\/jstindt.com\/de\/marktzugang-mit-der-cse\/\">Scientific and Economic Commission<\/a> (CSE)<\/li>\n<\/ul>\n<h4><strong><br \/><a href=\"https:\/\/jstindt.com\/de\/spanien\/\">Spanien<\/a><\/strong><\/h4>\n<ul>\n<li><a href=\"https:\/\/jstindt.com\/de\/marktzugang-mit-der-aemps-ihr\/\">Spanish Agency of Medicines and Medical Devices<\/a> (AEMPS)<\/li>\n<li><a href=\"https:\/\/jstindt.com\/de\/marktzugang-mit-der-dgcf\/\">Direcci\u00f3n General de Cartera Com\u00fan de Servicios del Sistema Nacional de Salud y Farmacia<\/a> (DGCF)<\/li>\n<li><a href=\"https:\/\/jstindt.com\/de\/marktzugang-mit-der-cipm\/\">Interministerial Commission on Medicine Prices<\/a> (CIPM)<\/li>\n<\/ul>\n<h4><strong><br \/><a href=\"https:\/\/jstindt.com\/de\/schweiz\/\">Schweiz<\/a><\/strong><\/h4>\n<ul>\n<li><a href=\"https:\/\/jstindt.com\/de\/marktzugang-mit-dem-bag\/\">Federal Office of Public Health<\/a> (FOPH)<\/li>\n<\/ul>\n\t\t\t\t\t\t\t\t<\/div>\n\t\t\t\t<\/div>\n\t\t\t\t\t<\/div>\n\t\t\t\t<\/div>\n\t\t\t\t<\/div>\n\t\t\t\t<\/div>\n\t\t\t\t\t\t<\/div>\n\t\t\t\t<\/div>\n\t\t\t\t<\/div>\n\t\t\t\t\t<\/details>\n\t\t\t\t\t<\/div>\n\t\t\t\t\t\t<\/div>\n\t\t\t\t<\/div>\n\t\t\t\t\t<\/div>\n\t\t\t\t<\/div>\n\t\t\t\t<\/div>\n\t\t","protected":false},"excerpt":{"rendered":"<p>Der National Health Service (NHS) England ist f\u00fcr die Planung und den Einkauf von Gesundheitsdienstleistungen in England verantwortlich und stellt sicher, dass Patienten Zugang zu qualitativ hochwertigen Gesundheitsleistungen haben. Gegr\u00fcndet im Jahr 2013, weist NHS England Ressourcen den Integrated Care Systems (ICSs) zu und unterst\u00fctzt lokale Gesundheitsdienste bei der Erbringung von Versorgungsleistungen gem\u00e4\u00df nationalen Standards. [&hellip;]<\/p>\n","protected":false},"author":3,"featured_media":0,"parent":0,"menu_order":0,"comment_status":"closed","ping_status":"closed","template":"","meta":{"_acf_changed":false,"footnotes":""},"class_list":["post-19174","page","type-page","status-publish","hentry"],"acf":[],"_links":{"self":[{"href":"https:\/\/jstindt.com\/de\/wp-json\/wp\/v2\/pages\/19174","targetHints":{"allow":["GET"]}}],"collection":[{"href":"https:\/\/jstindt.com\/de\/wp-json\/wp\/v2\/pages"}],"about":[{"href":"https:\/\/jstindt.com\/de\/wp-json\/wp\/v2\/types\/page"}],"author":[{"embeddable":true,"href":"https:\/\/jstindt.com\/de\/wp-json\/wp\/v2\/users\/3"}],"replies":[{"embeddable":true,"href":"https:\/\/jstindt.com\/de\/wp-json\/wp\/v2\/comments?post=19174"}],"version-history":[{"count":8,"href":"https:\/\/jstindt.com\/de\/wp-json\/wp\/v2\/pages\/19174\/revisions"}],"predecessor-version":[{"id":19598,"href":"https:\/\/jstindt.com\/de\/wp-json\/wp\/v2\/pages\/19174\/revisions\/19598"}],"wp:attachment":[{"href":"https:\/\/jstindt.com\/de\/wp-json\/wp\/v2\/media?parent=19174"}],"curies":[{"name":"wp","href":"https:\/\/api.w.org\/{rel}","templated":true}]}}