{"id":19154,"date":"2025-02-13T15:01:29","date_gmt":"2025-02-13T14:01:29","guid":{"rendered":"https:\/\/jstindt.com\/?page_id=19154"},"modified":"2025-03-11T14:59:05","modified_gmt":"2025-03-11T13:59:05","slug":"marktzugang-mit-awmsg","status":"publish","type":"page","link":"https:\/\/jstindt.com\/de\/marktzugang-mit-awmsg\/","title":{"rendered":"Marktzugang mit AWMSG: Ihr Leitfaden zur walisischen Bewertungsbeh\u00f6rde f\u00fcr Gesundheitstechnologien"},"content":{"rendered":"\t\t<div data-elementor-type=\"wp-page\" data-elementor-id=\"19154\" class=\"elementor elementor-19154 elementor-18652\" data-elementor-post-type=\"page\">\n\t\t\t\t<div class=\"elementor-element elementor-element-385a8d2 e-flex e-con-boxed e-con e-parent\" data-id=\"385a8d2\" data-element_type=\"container\" data-e-type=\"container\">\n\t\t\t\t\t<div class=\"e-con-inner\">\n\t\t\t\t<div class=\"elementor-element elementor-element-cecccb5 elementor-widget elementor-widget-text-editor\" data-id=\"cecccb5\" data-element_type=\"widget\" data-e-type=\"widget\" data-widget_type=\"text-editor.default\">\n\t\t\t\t<div class=\"elementor-widget-container\">\n\t\t\t\t\t\t\t\t\t<p><span style=\"font-weight: 400;\">Die <\/span><i><span style=\"font-weight: 400;\">All Wales Medicines Strategy Group<\/span><\/i><span style=\"font-weight: 400;\"> (<\/span><i><span style=\"font-weight: 400;\">AWMSG<\/span><\/i><span style=\"font-weight: 400;\">) ber\u00e4t die walisische Regierung zu strategischen Entwicklungen im Bereich des Zugangs zu und der Verwaltung von Arzneimitteln. Gegr\u00fcndet im Jahr 2002, stellt die AWMSG sicher, dass Patienten in Wales zeitnah Zugang zu wirksamen Medikamenten erhalten, w\u00e4hrend deren sichere und effiziente Nutzung innerhalb von <\/span><i><span style=\"font-weight: 400;\">NHS Wales<\/span><\/i><span style=\"font-weight: 400;\"> gef\u00f6rdert wird. (<\/span><a href=\"https:\/\/awttc.nhs.wales\/\" target=\"_blank\" rel=\"noopener\"><span style=\"font-weight: 400;\">awttc.nhs.wales<\/span><\/a><span style=\"font-weight: 400;\">)<\/span><\/p><h2><b>Hauptaufgaben der AWMSG<\/b><\/h2><ul><li><span style=\"font-weight: 400;\"> \u00a0 \u00a0 <\/span><b>Bewertung neuer Arzneimittel:<\/b><span style=\"font-weight: 400;\"> Analyse neu zugelassener Medikamente, um deren klinische Wirksamkeit und Kosteneffizienz f\u00fcr <\/span><i><span style=\"font-weight: 400;\">NHS Wales<\/span><\/i><span style=\"font-weight: 400;\"> zu bestimmen. (<\/span><a href=\"https:\/\/awttc.nhs.wales\/\" target=\"_blank\" rel=\"noopener\"><span style=\"font-weight: 400;\">awttc.nhs.wales<\/span><\/a><span style=\"font-weight: 400;\">)<\/span><\/li><li><span style=\"font-weight: 400;\"> \u00a0 \u00a0 <\/span><b>Entwicklung von Arzneimittelstrategien:<\/b><span style=\"font-weight: 400;\"> Formulierung von Strategien zur Optimierung des Arzneimitteleinsatzes, um den gr\u00f6\u00dftm\u00f6glichen Nutzen f\u00fcr Patienten zu gew\u00e4hrleisten. (<\/span><a href=\"https:\/\/awttc.nhs.wales\/\" target=\"_blank\" rel=\"noopener\"><span style=\"font-weight: 400;\">awttc.nhs.wales<\/span><\/a><span style=\"font-weight: 400;\">)<\/span><\/li><li><b>Bereitstellung von Leitlinien:<\/b><span style=\"font-weight: 400;\"> Ver\u00f6ffentlichung von Empfehlungen f\u00fcr Fachkr\u00e4fte im Gesundheitswesen zu bew\u00e4hrten Verfahren f\u00fcr die Verschreibung und das Management von Arzneimitteln.<\/span><\/li><\/ul><h2><b>Leitung und wichtige Ansprechpartner<\/b><\/h2><p><span style=\"font-weight: 400;\">Stand Januar 2025 wird die AWMSG von <\/span><b>Professor Iolo Doull<\/b><span style=\"font-weight: 400;\">, dem Medizinischen Direktor des <\/span><i><span style=\"font-weight: 400;\">NHS Wales Joint Commissioning Committee<\/span><\/i><span style=\"font-weight: 400;\"> (<\/span><i><span style=\"font-weight: 400;\">JCC<\/span><\/i><span style=\"font-weight: 400;\">), geleitet.<\/span><\/p><h3><b>Kontaktinformationen der AWMSG<\/b><\/h3><ul><li><span style=\"font-weight: 400;\"> \u00a0 \u00a0 <\/span><b>Website:<\/b><a href=\"https:\/\/awttc.nhs.wales\/about-us1\/our-committees\/#AWMSG\" target=\"_blank\" rel=\"noopener\"> <span style=\"font-weight: 400;\">awttc.nhs.wales<\/span><\/a><\/li><li><span style=\"font-weight: 400;\"> \u00a0 \u00a0 <\/span><b>Postadresse:<\/b><b><br \/><\/b> <i><span style=\"font-weight: 400;\">All Wales Therapeutics &amp; Toxicology Centre<\/span><\/i><i><span style=\"font-weight: 400;\"><br \/><\/span><\/i> <span style=\"font-weight: 400;\">The Routledge Academic Centre<\/span><span style=\"font-weight: 400;\"><br \/><\/span><span style=\"font-weight: 400;\">\u00a0 University Hospital Llandough<\/span><span style=\"font-weight: 400;\"><br \/><\/span><span style=\"font-weight: 400;\">\u00a0 Penlan Road<\/span><span style=\"font-weight: 400;\"><br \/><\/span><span style=\"font-weight: 400;\">\u00a0 Penarth<\/span><span style=\"font-weight: 400;\"><br \/><\/span><span style=\"font-weight: 400;\">\u00a0 CF64 2XX<\/span><span style=\"font-weight: 400;\"><br \/><\/span><span style=\"font-weight: 400;\">\u00a0 <\/span><b>Telefon:<\/b><span style=\"font-weight: 400;\"> +44 (0)2921 826900<\/span><\/li><\/ul><h2><b>Herausforderungen bei der Zusammenarbeit mit der AWMSG<\/b><\/h2><ul><li><span style=\"font-weight: 400;\"> \u00a0 \u00a0 <\/span><b>Verst\u00e4ndnis der Einreichungsverfahren:<\/b><span style=\"font-weight: 400;\"> Kenntnisse \u00fcber die Verfahren der AWMSG zur Vorlage von Nachweisen f\u00fcr neue Arzneimittel sind entscheidend f\u00fcr einen erfolgreichen Marktzugang. (<\/span><a href=\"https:\/\/awttc.nhs.wales\/\" target=\"_blank\" rel=\"noopener\"><span style=\"font-weight: 400;\">awttc.nhs.wales<\/span><\/a><span style=\"font-weight: 400;\">)<\/span><\/li><li><b>P\u00fcnktliche und vollst\u00e4ndige Einreichungen:<\/b><span style=\"font-weight: 400;\"> Sorgf\u00e4ltige Erstellung und termingerechte Einreichung aller erforderlichen Dokumente zur Unterst\u00fctzung des Bewertungsprozesses.<\/span><\/li><li><span style=\"font-weight: 400;\"> \u00a0 \u00a0 <\/span><b>Nachweis des Kosten-Nutzen-Verh\u00e4ltnisses:<\/b><span style=\"font-weight: 400;\"> Vorlage robuster Belege, dass neue Behandlungen einen Mehrwert innerhalb des <\/span><i><span style=\"font-weight: 400;\">NHS Wales<\/span><\/i><span style=\"font-weight: 400;\">-Rahmens bieten. (<\/span><a href=\"https:\/\/awttc.nhs.wales\/\" target=\"_blank\" rel=\"noopener\"><span style=\"font-weight: 400;\">awttc.nhs.wales<\/span><\/a><span style=\"font-weight: 400;\">)<\/span><\/li><\/ul><p><span style=\"font-weight: 400;\">Eine erfolgreiche Zusammenarbeit mit der AWMSG kann zu einem effizienten Marktzugang und vorteilhaften Erstattungsentscheidungen in Wales f\u00fchren.<\/span><\/p><h2><b>Chancen \/ L\u00f6sungen mit Justin Stindt Consultants<\/b><\/h2><ul><li><b>Expertenberatung f\u00fcr AWMSG-Einreichungen:<\/b><span style=\"font-weight: 400;\"> Erstellung hochwertiger Dossiers f\u00fcr die Bewertung neuer Arzneimittel.<\/span><\/li><li><b>Marktzugangsstrategien f\u00fcr die AWMSG:<\/b><span style=\"font-weight: 400;\"> Entwicklung von Strategien, die mit dem Bewertungsrahmen der AWMSG \u00fcbereinstimmen, um den Marktzugang zu optimieren.<\/span><\/li><li><b>Fachwissen zu AWMSG-Prozessen:<\/b><span style=\"font-weight: 400;\"> Bereitstellung detaillierter Einblicke in die Verfahren der AWMSG zur Verbesserung der Compliance und zur Beschleunigung von Genehmigungen.<\/span><\/li><\/ul><p><span style=\"font-weight: 400;\">Justin Stindt Consultants unterst\u00fctzt Unternehmen dabei, sich erfolgreich im regulatorischen Umfeld der AWMSG zu engagieren und einen effektiven Marktzugang in Wales zu erreichen.<\/span><\/p>\t\t\t\t\t\t\t\t<\/div>\n\t\t\t\t<\/div>\n\t\t\t\t\t<\/div>\n\t\t\t\t<\/div>\n\t\t<div class=\"elementor-element elementor-element-00cd1ea e-flex e-con-boxed e-con e-parent\" data-id=\"00cd1ea\" data-element_type=\"container\" data-e-type=\"container\">\n\t\t\t\t\t<div class=\"e-con-inner\">\n\t\t\t\t<div class=\"elementor-element elementor-element-abb33e6 elementor-widget-divider--view-line elementor-widget elementor-widget-divider\" data-id=\"abb33e6\" data-element_type=\"widget\" data-e-type=\"widget\" data-widget_type=\"divider.default\">\n\t\t\t\t<div class=\"elementor-widget-container\">\n\t\t\t\t\t\t\t<div class=\"elementor-divider\">\n\t\t\t<span class=\"elementor-divider-separator\">\n\t\t\t\t\t\t<\/span>\n\t\t<\/div>\n\t\t\t\t\t\t<\/div>\n\t\t\t\t<\/div>\n\t\t\t\t\t<\/div>\n\t\t\t\t<\/div>\n\t\t<div class=\"elementor-element elementor-element-58e8f649 e-flex e-con-boxed e-con e-parent\" data-id=\"58e8f649\" data-element_type=\"container\" data-e-type=\"container\">\n\t\t\t\t\t<div class=\"e-con-inner\">\n\t\t<div class=\"elementor-element elementor-element-53fac74c e-con-full bordered-block e-flex e-con e-child\" data-id=\"53fac74c\" data-element_type=\"container\" data-e-type=\"container\">\n\t\t\t\t<div class=\"elementor-element elementor-element-62340c34 elementor-widget elementor-widget-text-editor\" data-id=\"62340c34\" data-element_type=\"widget\" data-e-type=\"widget\" data-widget_type=\"text-editor.default\">\n\t\t\t\t<div class=\"elementor-widget-container\">\n\t\t\t\t\t\t\t\t\t<h3>Fallstudie<\/h3><h2>Erfolg eines Pharmaunternehmens mit der AWMSG<\/h2>\t\t\t\t\t\t\t\t<\/div>\n\t\t\t\t<\/div>\n\t\t\t\t<div class=\"elementor-element elementor-element-3ed330bf elementor-widget elementor-widget-text-editor\" data-id=\"3ed330bf\" data-element_type=\"widget\" data-e-type=\"widget\" data-widget_type=\"text-editor.default\">\n\t\t\t\t<div class=\"elementor-widget-container\">\n\t\t\t\t\t\t\t\t\t<p><strong>Herausforderung<\/strong>: <br \/>Ein Pharmaunternehmen ben\u00f6tigte unsere Unterst\u00fctzung bei der Zulassung und Erstattung einer neuen Therapie in Wales.<\/p><p><strong>L\u00f6sung<\/strong>: <br \/>Wir begleiteten die Erstellung eines umfassenden Dossiers, das den Bewertungskriterien der AWMSG entsprach.<\/p><p><strong>Ergebnis<\/strong>: <br \/>Unser strategischer Ansatz f\u00fchrte zu einer positiven Entscheidung und erm\u00f6glichte die Erstattung der Therapie durch NHS Wales.<\/p>\t\t\t\t\t\t\t\t<\/div>\n\t\t\t\t<\/div>\n\t\t\t\t<\/div>\n\t\t\t\t\t<\/div>\n\t\t\t\t<\/div>\n\t\t<div class=\"elementor-element elementor-element-d9461b5 e-con-full e-flex e-con e-parent\" data-id=\"d9461b5\" data-element_type=\"container\" data-e-type=\"container\" data-settings=\"{&quot;background_background&quot;:&quot;classic&quot;}\">\n\t\t\t\t<div class=\"elementor-element elementor-element-7d6d7f8 elementor-cta--skin-classic elementor-animated-content elementor-bg-transform elementor-bg-transform-zoom-in elementor-widget elementor-widget-call-to-action\" data-id=\"7d6d7f8\" data-element_type=\"widget\" data-e-type=\"widget\" data-widget_type=\"call-to-action.default\">\n\t\t\t\t<div class=\"elementor-widget-container\">\n\t\t\t\t\t\t\t<div class=\"elementor-cta\">\n\t\t\t\t\t\t\t<div class=\"elementor-cta__content\">\n\t\t\t\t\n\t\t\t\t\t\t\t\t\t<h2 class=\"elementor-cta__title elementor-cta__content-item elementor-content-item\">\n\t\t\t\t\t\tBen\u00f6tigen Sie Unterst\u00fctzung beim Marktzugang mit der AWMSG? Die Experten von Justin Stindt Consultants stehen Ihnen zur Seite.\t\t\t\t\t<\/h2>\n\t\t\t\t\n\t\t\t\t\t\t\t\t\t<div class=\"elementor-cta__description elementor-cta__content-item elementor-content-item\">\n\t\t\t\t\t\tKontaktieren Sie uns noch heute, um Ihre Marktzugangsstrategie zu entwickeln und Ihren Erfolg mit der AWMSG sicherzustellen.\t\t\t\t\t<\/div>\n\t\t\t\t\n\t\t\t\t\t\t\t\t\t<div class=\"elementor-cta__button-wrapper elementor-cta__content-item elementor-content-item \">\n\t\t\t\t\t<a class=\"elementor-cta__button elementor-button elementor-size-\" href=\"https:\/\/jstindt.com\/contact-us\/\">\n\t\t\t\t\t\tKontakt zu Justin Stindt Consultants\t\t\t\t\t<\/a>\n\t\t\t\t\t<\/div>\n\t\t\t\t\t\t\t<\/div>\n\t\t\t\t\t\t<\/div>\n\t\t\t\t\t\t<\/div>\n\t\t\t\t<\/div>\n\t\t\t\t<\/div>\n\t\t<div class=\"elementor-element elementor-element-69e5937 e-flex e-con-boxed e-con e-parent\" data-id=\"69e5937\" data-element_type=\"container\" data-e-type=\"container\">\n\t\t\t\t\t<div class=\"e-con-inner\">\n\t\t\t\t<div class=\"elementor-element elementor-element-7e181b8 elementor-widget elementor-widget-n-accordion\" data-id=\"7e181b8\" data-element_type=\"widget\" data-e-type=\"widget\" data-settings=\"{&quot;default_state&quot;:&quot;all_collapsed&quot;,&quot;max_items_expended&quot;:&quot;one&quot;,&quot;n_accordion_animation_duration&quot;:{&quot;unit&quot;:&quot;ms&quot;,&quot;size&quot;:400,&quot;sizes&quot;:[]}}\" data-widget_type=\"nested-accordion.default\">\n\t\t\t\t<div class=\"elementor-widget-container\">\n\t\t\t\t\t\t\t<div class=\"e-n-accordion\" aria-label=\"Accordion. Open links with Enter or Space, close with Escape, and navigate with Arrow Keys\">\n\t\t\t\t\t\t<details id=\"e-n-accordion-item-1320\" class=\"e-n-accordion-item\" >\n\t\t\t\t<summary class=\"e-n-accordion-item-title\" data-accordion-index=\"1\" tabindex=\"0\" aria-expanded=\"false\" aria-controls=\"e-n-accordion-item-1320\" >\n\t\t\t\t\t<span class='e-n-accordion-item-title-header'><div class=\"e-n-accordion-item-title-text\"> Andere Schl\u00fcsselinstitutionen f\u00fcr den Marktzugang <\/div><\/span>\n\t\t\t\t\t\t\t<span class='e-n-accordion-item-title-icon'>\n\t\t\t<span class='e-opened' ><i aria-hidden=\"true\" class=\"fas fa-minus\"><\/i><\/span>\n\t\t\t<span class='e-closed'><i aria-hidden=\"true\" class=\"fas fa-plus\"><\/i><\/span>\n\t\t<\/span>\n\n\t\t\t\t\t\t<\/summary>\n\t\t\t\t<div role=\"region\" aria-labelledby=\"e-n-accordion-item-1320\" class=\"elementor-element elementor-element-87a9f92 e-con-full e-flex e-con e-child\" data-id=\"87a9f92\" data-element_type=\"container\" data-e-type=\"container\">\n\t\t\t\t<div class=\"elementor-element elementor-element-31dc1b9 elementor-widget elementor-widget-template\" data-id=\"31dc1b9\" data-element_type=\"widget\" data-e-type=\"widget\" data-widget_type=\"template.default\">\n\t\t\t\t<div class=\"elementor-widget-container\">\n\t\t\t\t\t\t\t<div class=\"elementor-template\">\n\t\t\t\t\t<div data-elementor-type=\"container\" data-elementor-id=\"19257\" class=\"elementor elementor-19257 elementor-18546 elementor-18546\" data-elementor-post-type=\"elementor_library\">\n\t\t\t\t<div role=\"region\" aria-labelledby=\"e-n-accordion-item-1560\" class=\"elementor-element elementor-element-4d5d7d7a e-flex e-con-boxed e-con e-parent\" data-id=\"4d5d7d7a\" data-element_type=\"container\" data-e-type=\"container\">\n\t\t\t\t\t<div class=\"e-con-inner\">\n\t\t\t\t<div class=\"elementor-element elementor-element-fa73d9e elementor-widget elementor-widget-text-editor\" data-id=\"fa73d9e\" data-element_type=\"widget\" data-e-type=\"widget\" data-widget_type=\"text-editor.default\">\n\t\t\t\t<div class=\"elementor-widget-container\">\n\t\t\t\t\t\t\t\t\t<h4><strong>Globale Institutionen<\/strong><\/h4>\n<ul>\n<li><a href=\"https:\/\/jstindt.com\/de\/marktzugang-mit-der-who\/\">World Health Organization<\/a> (WHO)<\/li>\n<li><a href=\"https:\/\/jstindt.com\/de\/marktzugang-mit-dem-ispor\/\">International Society for Pharmacoeconomics and Outcomes Research<\/a> (ISPOR)<\/li>\n<\/ul>\n<h4><strong><br \/><a href=\"https:\/\/jstindt.com\/de\/usa\/\">Vereinigte Staaten<\/a><\/strong><\/h4>\n<ul>\n<li><a href=\"https:\/\/jstindt.com\/de\/marktzugang-mit-cms\/\">Centers for Medicare &amp; Medicaid Services<\/a> (CMS)<\/li>\n<li><a href=\"https:\/\/jstindt.com\/de\/marktzugang-mit-amcp\/\">Academy of Managed Care Pharmacy<\/a> (AMCP)<\/li>\n<li><a href=\"https:\/\/jstindt.com\/de\/marktzugang-mit-icer\/\">Institute for Clinical and Economic Review<\/a> (ICER)<\/li>\n<\/ul>\n<h4><strong><br \/><a href=\"https:\/\/jstindt.com\/de\/frankreich\/\">Frankreich<\/a><\/strong><\/h4>\n<ul>\n<li><a href=\"https:\/\/jstindt.com\/de\/marktzugang-mit-der-has\/\">Haute Autorit\u00e9 de Sant\u00e9<\/a> (HAS)<\/li>\n<li><a href=\"https:\/\/jstindt.com\/de\/marktzugang-mit-dem-ceps\/\">Comit\u00e9 \u00c9conomique des Produits de Sant\u00e9<\/a> (CEPS)<\/li>\n<\/ul>\n<h4><strong><br \/><a href=\"https:\/\/jstindt.com\/de\/deutschland\/\">Deutschland<\/a><\/strong><\/h4>\n<ul>\n<li><a href=\"https:\/\/jstindt.com\/de\/marktzugang-mit-dem-g-ba\/\">Gemeinsamer Bundesausschuss<\/a> (G-BA)<\/li>\n<li><a href=\"https:\/\/jstindt.com\/de\/marktzugang-mit-dem-iqwig\/\">Institute for Quality and Efficiency in Health Care<\/a> (IQWiG)<\/li>\n<li><a href=\"https:\/\/jstindt.com\/de\/marktzugang-mit-dem-gkv-spitzenverband\/\">GKV Spitzenverband<\/a><\/li>\n<\/ul>\n<h4><strong><br \/><a href=\"https:\/\/jstindt.com\/de\/vereinigtes-koenigreich\/\">Gro\u00dfbritannien<\/a><\/strong><\/h4>\n<ul>\n<li><a href=\"https:\/\/jstindt.com\/de\/marktzugang-mit-nice\/\">National Institute for Health and Care Excellence<\/a> (NICE)<\/li>\n<li><a href=\"https:\/\/jstindt.com\/de\/marktzugang-mit-dem-smc\/\">Scottish Medicines Consortium<\/a> (SMC)<\/li>\n<li><a href=\"https:\/\/jstindt.com\/de\/marktzugang-mit-awmsg\/\" rel=\"noopener\">All Wales Medicines Strategy Group<\/a> (AWMSG)<\/li>\n<li><a href=\"https:\/\/jstindt.com\/de\/marktzugang-mit-dem-nhs\/\">National Health Service<\/a> (NHS)<\/li>\n<\/ul>\n<h4><strong><br \/><a href=\"https:\/\/jstindt.com\/de\/italien\/\">Italien<\/a><\/strong><\/h4>\n<ul>\n<li><a href=\"https:\/\/jstindt.com\/de\/marktzugang-mit-der-aifa\/\">Italian Medicines Agency<\/a> (AIFA)<\/li>\n<li><a href=\"https:\/\/jstindt.com\/de\/marktzugang-mit-der-cse\/\">Scientific and Economic Commission<\/a> (CSE)<\/li>\n<\/ul>\n<h4><strong><br \/><a href=\"https:\/\/jstindt.com\/de\/spanien\/\">Spanien<\/a><\/strong><\/h4>\n<ul>\n<li><a href=\"https:\/\/jstindt.com\/de\/marktzugang-mit-der-aemps-ihr\/\">Spanish Agency of Medicines and Medical Devices<\/a> (AEMPS)<\/li>\n<li><a href=\"https:\/\/jstindt.com\/de\/marktzugang-mit-der-dgcf\/\">Direcci\u00f3n General de Cartera Com\u00fan de Servicios del Sistema Nacional de Salud y Farmacia<\/a> (DGCF)<\/li>\n<li><a href=\"https:\/\/jstindt.com\/de\/marktzugang-mit-der-cipm\/\">Interministerial Commission on Medicine Prices<\/a> (CIPM)<\/li>\n<\/ul>\n<h4><strong><br \/><a href=\"https:\/\/jstindt.com\/de\/schweiz\/\">Schweiz<\/a><\/strong><\/h4>\n<ul>\n<li><a href=\"https:\/\/jstindt.com\/de\/marktzugang-mit-dem-bag\/\">Federal Office of Public Health<\/a> (FOPH)<\/li>\n<\/ul>\n\t\t\t\t\t\t\t\t<\/div>\n\t\t\t\t<\/div>\n\t\t\t\t\t<\/div>\n\t\t\t\t<\/div>\n\t\t\t\t<\/div>\n\t\t\t\t<\/div>\n\t\t\t\t\t\t<\/div>\n\t\t\t\t<\/div>\n\t\t\t\t<\/div>\n\t\t\t\t\t<\/details>\n\t\t\t\t\t<\/div>\n\t\t\t\t\t\t<\/div>\n\t\t\t\t<\/div>\n\t\t\t\t\t<\/div>\n\t\t\t\t<\/div>\n\t\t\t\t<\/div>\n\t\t","protected":false},"excerpt":{"rendered":"<p>Die All Wales Medicines Strategy Group (AWMSG) ber\u00e4t die walisische Regierung zu strategischen Entwicklungen im Bereich des Zugangs zu und der Verwaltung von Arzneimitteln. Gegr\u00fcndet im Jahr 2002, stellt die AWMSG sicher, dass Patienten in Wales zeitnah Zugang zu wirksamen Medikamenten erhalten, w\u00e4hrend deren sichere und effiziente Nutzung innerhalb von NHS Wales gef\u00f6rdert wird. (awttc.nhs.wales) [&hellip;]<\/p>\n","protected":false},"author":3,"featured_media":0,"parent":0,"menu_order":0,"comment_status":"closed","ping_status":"closed","template":"","meta":{"_acf_changed":false,"footnotes":""},"class_list":["post-19154","page","type-page","status-publish","hentry"],"acf":[],"_links":{"self":[{"href":"https:\/\/jstindt.com\/de\/wp-json\/wp\/v2\/pages\/19154","targetHints":{"allow":["GET"]}}],"collection":[{"href":"https:\/\/jstindt.com\/de\/wp-json\/wp\/v2\/pages"}],"about":[{"href":"https:\/\/jstindt.com\/de\/wp-json\/wp\/v2\/types\/page"}],"author":[{"embeddable":true,"href":"https:\/\/jstindt.com\/de\/wp-json\/wp\/v2\/users\/3"}],"replies":[{"embeddable":true,"href":"https:\/\/jstindt.com\/de\/wp-json\/wp\/v2\/comments?post=19154"}],"version-history":[{"count":8,"href":"https:\/\/jstindt.com\/de\/wp-json\/wp\/v2\/pages\/19154\/revisions"}],"predecessor-version":[{"id":19661,"href":"https:\/\/jstindt.com\/de\/wp-json\/wp\/v2\/pages\/19154\/revisions\/19661"}],"wp:attachment":[{"href":"https:\/\/jstindt.com\/de\/wp-json\/wp\/v2\/media?parent=19154"}],"curies":[{"name":"wp","href":"https:\/\/api.w.org\/{rel}","templated":true}]}}