{"id":19113,"date":"2025-02-13T15:12:47","date_gmt":"2025-02-13T14:12:47","guid":{"rendered":"https:\/\/jstindt.com\/?page_id=19113"},"modified":"2025-03-10T14:24:12","modified_gmt":"2025-03-10T13:24:12","slug":"marktzugang-mit-nice","status":"publish","type":"page","link":"https:\/\/jstindt.com\/de\/marktzugang-mit-nice\/","title":{"rendered":"Marktzugang mit NICE: Ihr Leitfaden zur britischen Bewertungsbeh\u00f6rde f\u00fcr Gesundheitstechnologien"},"content":{"rendered":"\t\t<div data-elementor-type=\"wp-page\" data-elementor-id=\"19113\" class=\"elementor elementor-19113 elementor-18668\" data-elementor-post-type=\"page\">\n\t\t\t\t<div class=\"elementor-element elementor-element-532a722 e-flex e-con-boxed e-con e-parent\" data-id=\"532a722\" data-element_type=\"container\" data-e-type=\"container\">\n\t\t\t\t\t<div class=\"e-con-inner\">\n\t\t\t\t<div class=\"elementor-element elementor-element-aef3bb0 elementor-widget elementor-widget-text-editor\" data-id=\"aef3bb0\" data-element_type=\"widget\" data-e-type=\"widget\" data-widget_type=\"text-editor.default\">\n\t\t\t\t<div class=\"elementor-widget-container\">\n\t\t\t\t\t\t\t\t\t<p><span style=\"font-weight: 400;\">Das <\/span><i><span style=\"font-weight: 400;\">National Institute for Health and Care Excellence<\/span><\/i><span style=\"font-weight: 400;\"> (<\/span><i><span style=\"font-weight: 400;\">NICE<\/span><\/i><span style=\"font-weight: 400;\">) ist eine nichtministerielle Exekutivbeh\u00f6rde des britischen <\/span><i><span style=\"font-weight: 400;\">Department of Health and Social Care<\/span><\/i><span style=\"font-weight: 400;\">. Seit seiner Gr\u00fcndung im Jahr 1999 bietet NICE nationale Leitlinien und Empfehlungen zur Verbesserung des Gesundheits- und Sozialwesens. Es bewertet neue Gesundheitstechnologien f\u00fcr den NHS, wobei sowohl die klinische Wirksamkeit als auch die Wirtschaftlichkeit ber\u00fccksichtigt werden. (<\/span><a href=\"https:\/\/www.nice.org.uk\/\"><span style=\"font-weight: 400;\">nice.org.uk<\/span><\/a><span style=\"font-weight: 400;\">)<\/span><\/p><h2><b>Hauptaufgaben von NICE<\/b><\/h2><ul><li><span style=\"font-weight: 400;\"> \u00a0 \u00a0 <\/span><b>Bewertung von Gesundheitstechnologien:<\/b><span style=\"font-weight: 400;\"> Analyse neuer und bestehender Medikamente sowie Behandlungen f\u00fcr den NHS, um deren klinische Wirksamkeit und Kosteneffizienz sicherzustellen. (<\/span><a href=\"https:\/\/www.nice.org.uk\/\"><span style=\"font-weight: 400;\">nice.org.uk<\/span><\/a><span style=\"font-weight: 400;\">)<\/span><\/li><li><span style=\"font-weight: 400;\"> \u00a0 \u00a0 <\/span><b>Klinische Leitlinien:<\/b><span style=\"font-weight: 400;\"> Entwicklung evidenzbasierter Empfehlungen f\u00fcr das Gesundheitswesen in England und Wales zur F\u00f6rderung der Gesundheitsversorgung und zur Verbesserung der Versorgungsqualit\u00e4t. (<\/span><a href=\"https:\/\/www.nice.org.uk\/\"><span style=\"font-weight: 400;\">nice.org.uk<\/span><\/a><span style=\"font-weight: 400;\">)<\/span><\/li><li><span style=\"font-weight: 400;\"> \u00a0 \u00a0 <\/span><b>Qualit\u00e4tsstandards:<\/b><span style=\"font-weight: 400;\"> Festlegung von Benchmarks zur Unterst\u00fctzung von Fachkr\u00e4ften und Gesundheitsbeh\u00f6rden bei der Bereitstellung optimaler Versorgung und effizienter Nutzung \u00f6ffentlicher Mittel. (<\/span><a href=\"https:\/\/www.nice.org.uk\/\"><span style=\"font-weight: 400;\">nice.org.uk<\/span><\/a><span style=\"font-weight: 400;\">)<\/span><\/li><\/ul><h2><b>Leitung und wichtige Ansprechpartner<\/b><\/h2><p><span style=\"font-weight: 400;\">Seit Januar 2025 wird NICE von <\/span><b>Sam Roberts<\/b><span style=\"font-weight: 400;\"> als Chief Executive geleitet, die die strategischen Initiativen und den operativen Betrieb der Organisation \u00fcberwacht.<\/span><\/p><h3><b>Kontaktinformationen von NICE<\/b><\/h3><ul><li><span style=\"font-weight: 400;\"> \u00a0 \u00a0 <\/span><b>Website:<\/b><a href=\"https:\/\/www.nice.org.uk\/\"> <span style=\"font-weight: 400;\">nice.org.uk<\/span><\/a><\/li><li><span style=\"font-weight: 400;\"> \u00a0 \u00a0 <\/span><b>Postadresse:<\/b><b><br \/><\/b> <span style=\"font-weight: 400;\">National Institute for Health and Care Excellence<\/span><span style=\"font-weight: 400;\"><br \/><\/span><span style=\"font-weight: 400;\"> 2 Redman Place<\/span><span style=\"font-weight: 400;\"><br \/><\/span><span style=\"font-weight: 400;\">\u00a0 London, E20 1JQ<\/span><span style=\"font-weight: 400;\"><br \/><\/span><span style=\"font-weight: 400;\">\u00a0 Vereinigtes K\u00f6nigreich<\/span><span style=\"font-weight: 400;\"><br \/><\/span><span style=\"font-weight: 400;\">\u00a0 <\/span><b>Telefon:<\/b><span style=\"font-weight: 400;\"> +44 (0)300 323 0140<\/span><\/li><\/ul><h2><b>Herausforderungen bei der Zusammenarbeit mit NICE<\/b><\/h2><ul><li><b>Verst\u00e4ndnis der Bewertungsverfahren:<\/b><span style=\"font-weight: 400;\"> Kenntnisse \u00fcber die Bewertungsmethoden und Kriterien von NICE sind entscheidend f\u00fcr einen erfolgreichen Marktzugang.<\/span><\/li><li><b>P\u00fcnktliche und vollst\u00e4ndige Einreichungen:<\/b><span style=\"font-weight: 400;\"> Sicherstellung einer vollst\u00e4ndigen und fristgerechten Dokumentation zur Unterst\u00fctzung des Bewertungsprozesses.<\/span><\/li><li><b>Nachweis der Kosteneffizienz:<\/b><span style=\"font-weight: 400;\"> Vorlage robuster Belege f\u00fcr den Mehrwert neuer Behandlungen innerhalb des NHS-Finanzierungsrahmens.<\/span><\/li><\/ul><p><span style=\"font-weight: 400;\">Eine erfolgreiche Zusammenarbeit mit NICE kann zu einem effizienten Markteintritt und vorteilhaften Erstattungsentscheidungen im Vereinigten K\u00f6nigreich f\u00fchren.<\/span><\/p><h2><b>Chancen \/ L\u00f6sungen mit Justin Stindt Consultants<\/b><\/h2><ul><li><b>Expertenberatung f\u00fcr NICE-Einreichungen:<\/b><span style=\"font-weight: 400;\"> Erstellung hochwertiger Dossiers f\u00fcr die Bewertung von Gesundheitstechnologien und klinischen Leitlinien.<\/span><\/li><li><b>Marktzugangsstrategien f\u00fcr NICE:<\/b><span style=\"font-weight: 400;\"> Entwicklung von Strategien, die mit dem Bewertungsrahmen von NICE \u00fcbereinstimmen, um den Marktzugang zu optimieren.<\/span><\/li><li><b>Fachwissen zu NICE-Prozessen:<\/b><span style=\"font-weight: 400;\"> Bereitstellung detaillierter Einblicke in die Verfahren von NICE zur Verbesserung der Compliance und zur Beschleunigung von Genehmigungen.<\/span><\/li><\/ul><p><span style=\"font-weight: 400;\">Justin Stindt Consultants unterst\u00fctzt Unternehmen dabei, sich erfolgreich im regulatorischen Umfeld von NICE zu engagieren und einen effektiven Marktzugang im Vereinigten K\u00f6nigreich zu erreichen.<\/span><\/p>\t\t\t\t\t\t\t\t<\/div>\n\t\t\t\t<\/div>\n\t\t\t\t\t<\/div>\n\t\t\t\t<\/div>\n\t\t<div class=\"elementor-element elementor-element-b0b19b2 e-flex e-con-boxed e-con e-parent\" data-id=\"b0b19b2\" data-element_type=\"container\" data-e-type=\"container\">\n\t\t\t\t\t<div class=\"e-con-inner\">\n\t\t\t\t<div class=\"elementor-element elementor-element-8065837 elementor-widget-divider--view-line elementor-widget elementor-widget-divider\" data-id=\"8065837\" data-element_type=\"widget\" data-e-type=\"widget\" data-widget_type=\"divider.default\">\n\t\t\t\t<div class=\"elementor-widget-container\">\n\t\t\t\t\t\t\t<div class=\"elementor-divider\">\n\t\t\t<span class=\"elementor-divider-separator\">\n\t\t\t\t\t\t<\/span>\n\t\t<\/div>\n\t\t\t\t\t\t<\/div>\n\t\t\t\t<\/div>\n\t\t\t\t\t<\/div>\n\t\t\t\t<\/div>\n\t\t<div class=\"elementor-element elementor-element-88f6af6 e-flex e-con-boxed e-con e-parent\" data-id=\"88f6af6\" data-element_type=\"container\" data-e-type=\"container\">\n\t\t\t\t\t<div class=\"e-con-inner\">\n\t\t<div class=\"elementor-element elementor-element-7b815236 e-con-full bordered-block e-flex e-con e-child\" data-id=\"7b815236\" data-element_type=\"container\" data-e-type=\"container\">\n\t\t\t\t<div class=\"elementor-element elementor-element-a4c416d elementor-widget elementor-widget-text-editor\" data-id=\"a4c416d\" data-element_type=\"widget\" data-e-type=\"widget\" data-widget_type=\"text-editor.default\">\n\t\t\t\t<div class=\"elementor-widget-container\">\n\t\t\t\t\t\t\t\t\t<h3>Fallstudie<\/h3><h2>Erfolg eines Pharmaunternehmens mit NICE<\/h2>\t\t\t\t\t\t\t\t<\/div>\n\t\t\t\t<\/div>\n\t\t\t\t<div class=\"elementor-element elementor-element-72652ed2 elementor-widget elementor-widget-text-editor\" data-id=\"72652ed2\" data-element_type=\"widget\" data-e-type=\"widget\" data-widget_type=\"text-editor.default\">\n\t\t\t\t<div class=\"elementor-widget-container\">\n\t\t\t\t\t\t\t\t\t<p><strong>Herausforderung<\/strong>: <br \/>Ein Pharmaunternehmen ben\u00f6tigte unsere Unterst\u00fctzung bei der Zulassung und Erstattung einer neuen Therapie im Vereinigten K\u00f6nigreich.<\/p><p><strong>L\u00f6sung<\/strong>: <br \/>Wir begleiteten die Erstellung eines umfassenden Dossiers, das den Bewertungskriterien von NICE entsprach.<\/p><p><strong>Ergebnis<\/strong>: <br \/>Unser strategischer Ansatz f\u00fchrte zu einer positiven Entscheidung und erm\u00f6glichte die Aufnahme der Therapie in das NHS-Formular.<\/p>\t\t\t\t\t\t\t\t<\/div>\n\t\t\t\t<\/div>\n\t\t\t\t<\/div>\n\t\t\t\t\t<\/div>\n\t\t\t\t<\/div>\n\t\t<div class=\"elementor-element elementor-element-cd854db e-con-full e-flex e-con e-parent\" data-id=\"cd854db\" data-element_type=\"container\" data-e-type=\"container\" data-settings=\"{&quot;background_background&quot;:&quot;classic&quot;}\">\n\t\t\t\t<div class=\"elementor-element elementor-element-81fcb80 elementor-cta--skin-classic elementor-animated-content elementor-bg-transform elementor-bg-transform-zoom-in elementor-widget elementor-widget-call-to-action\" data-id=\"81fcb80\" data-element_type=\"widget\" data-e-type=\"widget\" data-widget_type=\"call-to-action.default\">\n\t\t\t\t<div class=\"elementor-widget-container\">\n\t\t\t\t\t\t\t<div class=\"elementor-cta\">\n\t\t\t\t\t\t\t<div class=\"elementor-cta__content\">\n\t\t\t\t\n\t\t\t\t\t\t\t\t\t<h2 class=\"elementor-cta__title elementor-cta__content-item elementor-content-item\">\n\t\t\t\t\t\tBen\u00f6tigen Sie Unterst\u00fctzung beim Marktzugang mit NICE? Die Experten von Justin Stindt Consultants stehen Ihnen zur Seite.\t\t\t\t\t<\/h2>\n\t\t\t\t\n\t\t\t\t\t\t\t\t\t<div class=\"elementor-cta__description elementor-cta__content-item elementor-content-item\">\n\t\t\t\t\t\tKontaktieren Sie uns noch heute, um Ihre Marktzugangsstrategie zu entwickeln und Ihren Erfolg mit NICE sicherzustellen.\t\t\t\t\t<\/div>\n\t\t\t\t\n\t\t\t\t\t\t\t\t\t<div class=\"elementor-cta__button-wrapper elementor-cta__content-item elementor-content-item \">\n\t\t\t\t\t<a class=\"elementor-cta__button elementor-button elementor-size-\" href=\"https:\/\/jstindt.com\/contact-us\/\">\n\t\t\t\t\t\tKontakt zu Justin Stindt Consultants\t\t\t\t\t<\/a>\n\t\t\t\t\t<\/div>\n\t\t\t\t\t\t\t<\/div>\n\t\t\t\t\t\t<\/div>\n\t\t\t\t\t\t<\/div>\n\t\t\t\t<\/div>\n\t\t\t\t<\/div>\n\t\t<div class=\"elementor-element elementor-element-11c565f e-flex e-con-boxed e-con e-parent\" data-id=\"11c565f\" data-element_type=\"container\" data-e-type=\"container\">\n\t\t\t\t\t<div class=\"e-con-inner\">\n\t\t\t\t<div class=\"elementor-element elementor-element-abe208e elementor-widget elementor-widget-n-accordion\" data-id=\"abe208e\" data-element_type=\"widget\" data-e-type=\"widget\" data-settings=\"{&quot;default_state&quot;:&quot;all_collapsed&quot;,&quot;max_items_expended&quot;:&quot;one&quot;,&quot;n_accordion_animation_duration&quot;:{&quot;unit&quot;:&quot;ms&quot;,&quot;size&quot;:400,&quot;sizes&quot;:[]}}\" data-widget_type=\"nested-accordion.default\">\n\t\t\t\t<div class=\"elementor-widget-container\">\n\t\t\t\t\t\t\t<div class=\"e-n-accordion\" aria-label=\"Accordion. Open links with Enter or Space, close with Escape, and navigate with Arrow Keys\">\n\t\t\t\t\t\t<details id=\"e-n-accordion-item-1800\" class=\"e-n-accordion-item\" >\n\t\t\t\t<summary class=\"e-n-accordion-item-title\" data-accordion-index=\"1\" tabindex=\"0\" aria-expanded=\"false\" aria-controls=\"e-n-accordion-item-1800\" >\n\t\t\t\t\t<span class='e-n-accordion-item-title-header'><div class=\"e-n-accordion-item-title-text\"> Andere Schl\u00fcsselinstitutionen f\u00fcr den Marktzugang <\/div><\/span>\n\t\t\t\t\t\t\t<span class='e-n-accordion-item-title-icon'>\n\t\t\t<span class='e-opened' ><i aria-hidden=\"true\" class=\"fas fa-minus\"><\/i><\/span>\n\t\t\t<span class='e-closed'><i aria-hidden=\"true\" class=\"fas fa-plus\"><\/i><\/span>\n\t\t<\/span>\n\n\t\t\t\t\t\t<\/summary>\n\t\t\t\t<div role=\"region\" aria-labelledby=\"e-n-accordion-item-1800\" class=\"elementor-element elementor-element-80864c7 e-con-full e-flex e-con e-child\" data-id=\"80864c7\" data-element_type=\"container\" data-e-type=\"container\">\n\t\t\t\t<div class=\"elementor-element elementor-element-b297a33 elementor-widget elementor-widget-template\" data-id=\"b297a33\" data-element_type=\"widget\" data-e-type=\"widget\" data-widget_type=\"template.default\">\n\t\t\t\t<div class=\"elementor-widget-container\">\n\t\t\t\t\t\t\t<div class=\"elementor-template\">\n\t\t\t\t\t<div data-elementor-type=\"container\" data-elementor-id=\"19257\" class=\"elementor elementor-19257 elementor-18546 elementor-18546\" data-elementor-post-type=\"elementor_library\">\n\t\t\t\t<div role=\"region\" aria-labelledby=\"e-n-accordion-item-8530\" class=\"elementor-element elementor-element-4d5d7d7a e-flex e-con-boxed e-con e-parent\" data-id=\"4d5d7d7a\" data-element_type=\"container\" data-e-type=\"container\">\n\t\t\t\t\t<div class=\"e-con-inner\">\n\t\t\t\t<div class=\"elementor-element elementor-element-fa73d9e elementor-widget elementor-widget-text-editor\" data-id=\"fa73d9e\" data-element_type=\"widget\" data-e-type=\"widget\" data-widget_type=\"text-editor.default\">\n\t\t\t\t<div class=\"elementor-widget-container\">\n\t\t\t\t\t\t\t\t\t<h4><strong>Globale Institutionen<\/strong><\/h4>\n<ul>\n<li><a href=\"https:\/\/jstindt.com\/de\/marktzugang-mit-der-who\/\">World Health Organization<\/a> (WHO)<\/li>\n<li><a href=\"https:\/\/jstindt.com\/de\/marktzugang-mit-dem-ispor\/\">International Society for Pharmacoeconomics and Outcomes Research<\/a> (ISPOR)<\/li>\n<\/ul>\n<h4><strong><br \/><a href=\"https:\/\/jstindt.com\/de\/usa\/\">Vereinigte Staaten<\/a><\/strong><\/h4>\n<ul>\n<li><a href=\"https:\/\/jstindt.com\/de\/marktzugang-mit-cms\/\">Centers for Medicare &amp; Medicaid Services<\/a> (CMS)<\/li>\n<li><a href=\"https:\/\/jstindt.com\/de\/marktzugang-mit-amcp\/\">Academy of Managed Care Pharmacy<\/a> (AMCP)<\/li>\n<li><a href=\"https:\/\/jstindt.com\/de\/marktzugang-mit-icer\/\">Institute for Clinical and Economic Review<\/a> (ICER)<\/li>\n<\/ul>\n<h4><strong><br \/><a href=\"https:\/\/jstindt.com\/de\/frankreich\/\">Frankreich<\/a><\/strong><\/h4>\n<ul>\n<li><a href=\"https:\/\/jstindt.com\/de\/marktzugang-mit-der-has\/\">Haute Autorit\u00e9 de Sant\u00e9<\/a> (HAS)<\/li>\n<li><a href=\"https:\/\/jstindt.com\/de\/marktzugang-mit-dem-ceps\/\">Comit\u00e9 \u00c9conomique des Produits de Sant\u00e9<\/a> (CEPS)<\/li>\n<\/ul>\n<h4><strong><br \/><a href=\"https:\/\/jstindt.com\/de\/deutschland\/\">Deutschland<\/a><\/strong><\/h4>\n<ul>\n<li><a href=\"https:\/\/jstindt.com\/de\/marktzugang-mit-dem-g-ba\/\">Gemeinsamer Bundesausschuss<\/a> (G-BA)<\/li>\n<li><a href=\"https:\/\/jstindt.com\/de\/marktzugang-mit-dem-iqwig\/\">Institute for Quality and Efficiency in Health Care<\/a> (IQWiG)<\/li>\n<li><a href=\"https:\/\/jstindt.com\/de\/marktzugang-mit-dem-gkv-spitzenverband\/\">GKV Spitzenverband<\/a><\/li>\n<\/ul>\n<h4><strong><br \/><a href=\"https:\/\/jstindt.com\/de\/vereinigtes-koenigreich\/\">Gro\u00dfbritannien<\/a><\/strong><\/h4>\n<ul>\n<li><a href=\"https:\/\/jstindt.com\/de\/marktzugang-mit-nice\/\">National Institute for Health and Care Excellence<\/a> (NICE)<\/li>\n<li><a href=\"https:\/\/jstindt.com\/de\/marktzugang-mit-dem-smc\/\">Scottish Medicines Consortium<\/a> (SMC)<\/li>\n<li><a href=\"https:\/\/jstindt.com\/de\/marktzugang-mit-awmsg\/\" rel=\"noopener\">All Wales Medicines Strategy Group<\/a> (AWMSG)<\/li>\n<li><a href=\"https:\/\/jstindt.com\/de\/marktzugang-mit-dem-nhs\/\">National Health Service<\/a> (NHS)<\/li>\n<\/ul>\n<h4><strong><br \/><a href=\"https:\/\/jstindt.com\/de\/italien\/\">Italien<\/a><\/strong><\/h4>\n<ul>\n<li><a href=\"https:\/\/jstindt.com\/de\/marktzugang-mit-der-aifa\/\">Italian Medicines Agency<\/a> (AIFA)<\/li>\n<li><a href=\"https:\/\/jstindt.com\/de\/marktzugang-mit-der-cse\/\">Scientific and Economic Commission<\/a> (CSE)<\/li>\n<\/ul>\n<h4><strong><br \/><a href=\"https:\/\/jstindt.com\/de\/spanien\/\">Spanien<\/a><\/strong><\/h4>\n<ul>\n<li><a href=\"https:\/\/jstindt.com\/de\/marktzugang-mit-der-aemps-ihr\/\">Spanish Agency of Medicines and Medical Devices<\/a> (AEMPS)<\/li>\n<li><a href=\"https:\/\/jstindt.com\/de\/marktzugang-mit-der-dgcf\/\">Direcci\u00f3n General de Cartera Com\u00fan de Servicios del Sistema Nacional de Salud y Farmacia<\/a> (DGCF)<\/li>\n<li><a href=\"https:\/\/jstindt.com\/de\/marktzugang-mit-der-cipm\/\">Interministerial Commission on Medicine Prices<\/a> (CIPM)<\/li>\n<\/ul>\n<h4><strong><br \/><a href=\"https:\/\/jstindt.com\/de\/schweiz\/\">Schweiz<\/a><\/strong><\/h4>\n<ul>\n<li><a href=\"https:\/\/jstindt.com\/de\/marktzugang-mit-dem-bag\/\">Federal Office of Public Health<\/a> (FOPH)<\/li>\n<\/ul>\n\t\t\t\t\t\t\t\t<\/div>\n\t\t\t\t<\/div>\n\t\t\t\t\t<\/div>\n\t\t\t\t<\/div>\n\t\t\t\t<\/div>\n\t\t\t\t<\/div>\n\t\t\t\t\t\t<\/div>\n\t\t\t\t<\/div>\n\t\t\t\t<\/div>\n\t\t\t\t\t<\/details>\n\t\t\t\t\t<\/div>\n\t\t\t\t\t\t<\/div>\n\t\t\t\t<\/div>\n\t\t\t\t\t<\/div>\n\t\t\t\t<\/div>\n\t\t\t\t<\/div>\n\t\t","protected":false},"excerpt":{"rendered":"<p>Das National Institute for Health and Care Excellence (NICE) ist eine nichtministerielle Exekutivbeh\u00f6rde des britischen Department of Health and Social Care. Seit seiner Gr\u00fcndung im Jahr 1999 bietet NICE nationale Leitlinien und Empfehlungen zur Verbesserung des Gesundheits- und Sozialwesens. Es bewertet neue Gesundheitstechnologien f\u00fcr den NHS, wobei sowohl die klinische Wirksamkeit als auch die Wirtschaftlichkeit [&hellip;]<\/p>\n","protected":false},"author":3,"featured_media":0,"parent":0,"menu_order":0,"comment_status":"closed","ping_status":"closed","template":"","meta":{"_acf_changed":false,"footnotes":""},"class_list":["post-19113","page","type-page","status-publish","hentry"],"acf":[],"_links":{"self":[{"href":"https:\/\/jstindt.com\/de\/wp-json\/wp\/v2\/pages\/19113","targetHints":{"allow":["GET"]}}],"collection":[{"href":"https:\/\/jstindt.com\/de\/wp-json\/wp\/v2\/pages"}],"about":[{"href":"https:\/\/jstindt.com\/de\/wp-json\/wp\/v2\/types\/page"}],"author":[{"embeddable":true,"href":"https:\/\/jstindt.com\/de\/wp-json\/wp\/v2\/users\/3"}],"replies":[{"embeddable":true,"href":"https:\/\/jstindt.com\/de\/wp-json\/wp\/v2\/comments?post=19113"}],"version-history":[{"count":8,"href":"https:\/\/jstindt.com\/de\/wp-json\/wp\/v2\/pages\/19113\/revisions"}],"predecessor-version":[{"id":19599,"href":"https:\/\/jstindt.com\/de\/wp-json\/wp\/v2\/pages\/19113\/revisions\/19599"}],"wp:attachment":[{"href":"https:\/\/jstindt.com\/de\/wp-json\/wp\/v2\/media?parent=19113"}],"curies":[{"name":"wp","href":"https:\/\/api.w.org\/{rel}","templated":true}]}}