{"id":19093,"date":"2025-02-13T14:54:35","date_gmt":"2025-02-13T13:54:35","guid":{"rendered":"https:\/\/jstindt.com\/?page_id=19093"},"modified":"2025-03-10T14:23:53","modified_gmt":"2025-03-10T13:23:53","slug":"marktzugang-mit-dem-bag","status":"publish","type":"page","link":"https:\/\/jstindt.com\/de\/marktzugang-mit-dem-bag\/","title":{"rendered":"Marktzugang mit dem BAG: Ihr Leitfaden zur Schweizer Gesundheitsbeh\u00f6rde"},"content":{"rendered":"\t\t<div data-elementor-type=\"wp-page\" data-elementor-id=\"19093\" class=\"elementor elementor-19093 elementor-18645\" data-elementor-post-type=\"page\">\n\t\t\t\t<div class=\"elementor-element elementor-element-573ff25 e-flex e-con-boxed e-con e-parent\" data-id=\"573ff25\" data-element_type=\"container\" data-e-type=\"container\">\n\t\t\t\t\t<div class=\"e-con-inner\">\n\t\t\t\t<div class=\"elementor-element elementor-element-120751f elementor-widget elementor-widget-text-editor\" data-id=\"120751f\" data-element_type=\"widget\" data-e-type=\"widget\" data-widget_type=\"text-editor.default\">\n\t\t\t\t<div class=\"elementor-widget-container\">\n\t\t\t\t\t\t\t\t\t<p><span style=\"font-weight: 400;\">Das Bundesamt f\u00fcr Gesundheit (<\/span><i><span style=\"font-weight: 400;\">BAG<\/span><\/i><span style=\"font-weight: 400;\">) ist die nationale Beh\u00f6rde der Schweiz, die f\u00fcr die \u00f6ffentliche Gesundheit, die Entwicklung der nationalen Gesundheitspolitik und die Sicherstellung eines effizienten und bezahlbaren Gesundheitssystems verantwortlich ist. Als Teil des Eidgen\u00f6ssischen Departements des Innern arbeitet das BAG mit kantonalen Beh\u00f6rden zusammen, um den Schutz und die F\u00f6rderung der \u00f6ffentlichen Gesundheit in der gesamten Schweiz zu gew\u00e4hrleisten. (<\/span><a href=\"https:\/\/www.bag.admin.ch\/bag\/en\/home.html\"><span style=\"font-weight: 400;\">bag.admin.ch<\/span><\/a><span style=\"font-weight: 400;\">)<\/span><\/p>\n<h2><b>Hauptaufgaben des BAG<\/b><\/h2>\n<ul>\n<li><b>Entwicklung der Gesundheitspolitik:<\/b><span style=\"font-weight: 400;\"> Formulierung und Umsetzung nationaler Gesundheitspolitiken zur Aufrechterhaltung und Verbesserung der \u00f6ffentlichen Gesundheitsstandards. (<\/span><a href=\"https:\/\/www.bag.admin.ch\/bag\/en\/home.html\"><span style=\"font-weight: 400;\">bag.admin.ch<\/span><\/a><span style=\"font-weight: 400;\">)<\/span><\/li>\n<li><b>Krankheitspr\u00e4vention und Gesundheitsf\u00f6rderung:<\/b><span style=\"font-weight: 400;\"> Initiierung von Programmen zur Krankheitspr\u00e4vention und zur F\u00f6rderung eines gesunden Lebensstils in der Schweizer Bev\u00f6lkerung.<\/span><\/li>\n<li><b>Aufsicht \u00fcber die Krankenversicherung:<\/b><span style=\"font-weight: 400;\"> \u00dcberwachung der Systeme der Kranken-, Unfall- und Milit\u00e4rversicherung, um deren Wirksamkeit und Zug\u00e4nglichkeit sicherzustellen. (<\/span><a href=\"https:\/\/www.historyofsocialsecurity.ch\/\"><span style=\"font-weight: 400;\">historyofsocialsecurity.ch<\/span><\/a><span style=\"font-weight: 400;\">)<\/span><\/li>\n<li><b>Internationale Zusammenarbeit:<\/b><span style=\"font-weight: 400;\"> Vertretung der Schweizer Gesundheitsinteressen in internationalen Organisationen und gegen\u00fcber anderen L\u00e4ndern. (<\/span><a href=\"https:\/\/www.opendata.swiss\/\"><span style=\"font-weight: 400;\">opendata.swiss<\/span><\/a><span style=\"font-weight: 400;\">)<\/span><\/li>\n<\/ul>\n<h2><b>Leitung und wichtige Ansprechpartner<\/b><\/h2>\n<p><span style=\"font-weight: 400;\">Stand Januar 2025 wird das BAG von <\/span><b>Anne L\u00e9vy<\/b><span style=\"font-weight: 400;\"> geleitet, die f\u00fcr die strategischen Initiativen und den Betrieb der Beh\u00f6rde verantwortlich ist.<\/span><\/p>\n<h3><b>Kontaktinformationen des BAG<\/b><\/h3>\n<ul>\n<li><b>Website:<\/b><a href=\"https:\/\/www.bag.admin.ch\/bag\/en\/home.html\"> <span style=\"font-weight: 400;\">bag.admin.ch<\/span><\/a><\/li>\n<li><b>Postadresse:<\/b><b><br><\/b> <span style=\"font-weight: 400;\">Bundesamt f\u00fcr Gesundheit (<\/span><i><span style=\"font-weight: 400;\">BAG<\/span><\/i><span style=\"font-weight: 400;\">)<\/span><span style=\"font-weight: 400;\"><br><\/span><span style=\"font-weight: 400;\"> Schwarzenburgstrasse 157<\/span><span style=\"font-weight: 400;\"><br><\/span><span style=\"font-weight: 400;\">&nbsp; 3003 Bern, Schweiz<\/span><span style=\"font-weight: 400;\"><br><\/span><span style=\"font-weight: 400;\">&nbsp; <\/span><b>Telefon:<\/b><span style=\"font-weight: 400;\"> +41 58 463 00 00<\/span><\/li>\n<\/ul>\n<h2><b>Herausforderungen bei der Zusammenarbeit mit dem BAG<\/b><\/h2>\n<ul>\n<li><b>Verst\u00e4ndnis der regulatorischen Rahmenbedingungen und Marktzugangsprozesse:<\/b><span style=\"font-weight: 400;\"> Kenntnisse der Schweizer Gesundheitspolitik und -regulierungen sind entscheidend f\u00fcr eine effektive Zusammenarbeit. Wichtige Rahmenbedingungen sind unter anderem die \u201eWirksamkeit, Zweckm\u00e4ssigkeit und Wirtschaftlichkeit\u201c (<\/span><i><span style=\"font-weight: 400;\">WZW-Kriterien<\/span><\/i><span style=\"font-weight: 400;\">), der therapeutische Quervergleich (<\/span><i><span style=\"font-weight: 400;\">TQV<\/span><\/i><span style=\"font-weight: 400;\">) und der Auslandpreisvergleich.<\/span><\/li>\n<li><b>P\u00fcnktliche und vollst\u00e4ndige Einreichungen:<\/b><span style=\"font-weight: 400;\"> Sicherstellung einer vollst\u00e4ndigen und fristgerechten Dokumentation zur Unterst\u00fctzung von Erstattungsbewertungen und Preisverhandlungen.<\/span><\/li>\n<li><b>Navigieren in f\u00f6deralen und kantonalen Strukturen:<\/b><span style=\"font-weight: 400;\"> Effektive Zusammenarbeit innerhalb des f\u00f6deralen Systems der Schweiz, das sowohl nationale als auch kantonale Beh\u00f6rden umfasst.<\/span><\/li>\n<\/ul>\n<p><span style=\"font-weight: 400;\">Eine effektive Zusammenarbeit mit dem BAG kann zur erfolgreichen Umsetzung von Gesundheitsinitiativen und -politiken in der Schweiz f\u00fchren.<\/span><\/p>\n<h2><b>Chancen \/ L\u00f6sungen mit Justin Stindt Consultants<\/b><\/h2>\n<ul>\n<li><b>Expertenberatung zur Zusammenarbeit mit dem BAG:<\/b><span style=\"font-weight: 400;\"> Bereitstellung von Orientierungshilfen zur effektiven Nutzung der BAG-Initiativen und Ressourcen.<\/span><\/li>\n<li><b>Strategien f\u00fcr den Marktzugang mit dem BAG:<\/b><span style=\"font-weight: 400;\"> Entwicklung von Strategien, die mit den Gesundheitspolitiken des BAG \u00fcbereinstimmen, um den Marktzugang zu optimieren.<\/span><\/li>\n<li><b>Fachwissen zu BAG-Prozessen:<\/b><span style=\"font-weight: 400;\"> Bereitstellung detaillierter Einblicke in die Verfahren des BAG zur Verbesserung der Compliance und zur Beschleunigung von Genehmigungen.<\/span><\/li>\n<\/ul>\n<p><span style=\"font-weight: 400;\">Justin Stindt Consultants unterst\u00fctzt Kunden bei der effektiven Zusammenarbeit mit dem BAG und der erfolgreichen Navigation in dessen regulatorischem Umfeld f\u00fcr den Marktzugang in der Schweiz.<\/span><\/p>\t\t\t\t\t\t\t\t<\/div>\n\t\t\t\t<\/div>\n\t\t\t\t\t<\/div>\n\t\t\t\t<\/div>\n\t\t<div class=\"elementor-element elementor-element-b7ba0dc e-flex e-con-boxed e-con e-parent\" data-id=\"b7ba0dc\" data-element_type=\"container\" data-e-type=\"container\">\n\t\t\t\t\t<div class=\"e-con-inner\">\n\t\t\t\t<div class=\"elementor-element elementor-element-ac495cb elementor-widget-divider--view-line elementor-widget elementor-widget-divider\" data-id=\"ac495cb\" data-element_type=\"widget\" data-e-type=\"widget\" data-widget_type=\"divider.default\">\n\t\t\t\t<div class=\"elementor-widget-container\">\n\t\t\t\t\t\t\t<div class=\"elementor-divider\">\n\t\t\t<span class=\"elementor-divider-separator\">\n\t\t\t\t\t\t<\/span>\n\t\t<\/div>\n\t\t\t\t\t\t<\/div>\n\t\t\t\t<\/div>\n\t\t\t\t\t<\/div>\n\t\t\t\t<\/div>\n\t\t<div class=\"elementor-element elementor-element-b02bcf1 e-flex e-con-boxed e-con e-parent\" data-id=\"b02bcf1\" data-element_type=\"container\" data-e-type=\"container\">\n\t\t\t\t\t<div class=\"e-con-inner\">\n\t\t<div class=\"elementor-element elementor-element-43b72cf3 e-con-full bordered-block e-flex e-con e-child\" data-id=\"43b72cf3\" data-element_type=\"container\" data-e-type=\"container\">\n\t\t\t\t<div class=\"elementor-element elementor-element-38414136 elementor-widget elementor-widget-text-editor\" data-id=\"38414136\" data-element_type=\"widget\" data-e-type=\"widget\" data-widget_type=\"text-editor.default\">\n\t\t\t\t<div class=\"elementor-widget-container\">\n\t\t\t\t\t\t\t\t\t<h3>Fallstudie<\/h3><h2>Erfolg eines Pharmaunternehmens mit dem BAG<\/h2>\t\t\t\t\t\t\t\t<\/div>\n\t\t\t\t<\/div>\n\t\t\t\t<div class=\"elementor-element elementor-element-eb95c5f elementor-widget elementor-widget-text-editor\" data-id=\"eb95c5f\" data-element_type=\"widget\" data-e-type=\"widget\" data-widget_type=\"text-editor.default\">\n\t\t\t\t<div class=\"elementor-widget-container\">\n\t\t\t\t\t\t\t\t\t<p><strong>Herausforderung<\/strong>: <br \/>Ein Gesundheitsunternehmen ben\u00f6tigte unsere Unterst\u00fctzung, um die Erstattung eines neuen Medikaments in der Schweiz zu erhalten.<\/p><p><strong>L\u00f6sung<\/strong>: <br \/>Wir halfen dabei, das Dossier an die Gesundheitspolitik des BAG anzupassen und f\u00fchrten erfolgreiche Preisverhandlungen.<\/p><p><strong>Ergebnis<\/strong>: <br \/>Unser strategischer Ansatz f\u00fchrte zur erfolgreichen Aufnahme des Produkts in die Spezialit\u00e4tenliste.<\/p>\t\t\t\t\t\t\t\t<\/div>\n\t\t\t\t<\/div>\n\t\t\t\t<\/div>\n\t\t\t\t\t<\/div>\n\t\t\t\t<\/div>\n\t\t<div class=\"elementor-element elementor-element-2ee7443 e-con-full e-flex e-con e-parent\" data-id=\"2ee7443\" data-element_type=\"container\" data-e-type=\"container\" data-settings=\"{&quot;background_background&quot;:&quot;classic&quot;}\">\n\t\t\t\t<div class=\"elementor-element elementor-element-2ea65e5 elementor-cta--skin-classic elementor-animated-content elementor-bg-transform elementor-bg-transform-zoom-in elementor-widget elementor-widget-call-to-action\" data-id=\"2ea65e5\" data-element_type=\"widget\" data-e-type=\"widget\" data-widget_type=\"call-to-action.default\">\n\t\t\t\t<div class=\"elementor-widget-container\">\n\t\t\t\t\t\t\t<div class=\"elementor-cta\">\n\t\t\t\t\t\t\t<div class=\"elementor-cta__content\">\n\t\t\t\t\n\t\t\t\t\t\t\t\t\t<h2 class=\"elementor-cta__title elementor-cta__content-item elementor-content-item\">\n\t\t\t\t\t\tBen\u00f6tigen Sie Unterst\u00fctzung beim Marktzugang mit dem BAG? Die Experten von Justin Stindt Consultants stehen Ihnen zur Seite.\t\t\t\t\t<\/h2>\n\t\t\t\t\n\t\t\t\t\t\t\t\t\t<div class=\"elementor-cta__description elementor-cta__content-item elementor-content-item\">\n\t\t\t\t\t\tKontaktieren Sie uns noch heute, um Ihre Marktzugangsstrategie zu entwickeln und Ihren Erfolg mit dem BAG sicherzustellen.\t\t\t\t\t<\/div>\n\t\t\t\t\n\t\t\t\t\t\t\t\t\t<div class=\"elementor-cta__button-wrapper elementor-cta__content-item elementor-content-item \">\n\t\t\t\t\t<a class=\"elementor-cta__button elementor-button elementor-size-\" href=\"https:\/\/jstindt.com\/contact-us\/\">\n\t\t\t\t\t\tKontakt zu Justin Stindt Consultants\t\t\t\t\t<\/a>\n\t\t\t\t\t<\/div>\n\t\t\t\t\t\t\t<\/div>\n\t\t\t\t\t\t<\/div>\n\t\t\t\t\t\t<\/div>\n\t\t\t\t<\/div>\n\t\t\t\t<\/div>\n\t\t<div class=\"elementor-element elementor-element-5530430 e-flex e-con-boxed e-con e-parent\" data-id=\"5530430\" data-element_type=\"container\" data-e-type=\"container\">\n\t\t\t\t\t<div class=\"e-con-inner\">\n\t\t\t\t<div class=\"elementor-element elementor-element-f82101b elementor-widget elementor-widget-n-accordion\" data-id=\"f82101b\" data-element_type=\"widget\" data-e-type=\"widget\" data-settings=\"{&quot;default_state&quot;:&quot;all_collapsed&quot;,&quot;max_items_expended&quot;:&quot;one&quot;,&quot;n_accordion_animation_duration&quot;:{&quot;unit&quot;:&quot;ms&quot;,&quot;size&quot;:400,&quot;sizes&quot;:[]}}\" data-widget_type=\"nested-accordion.default\">\n\t\t\t\t<div class=\"elementor-widget-container\">\n\t\t\t\t\t\t\t<div class=\"e-n-accordion\" aria-label=\"Accordion. Open links with Enter or Space, close with Escape, and navigate with Arrow Keys\">\n\t\t\t\t\t\t<details id=\"e-n-accordion-item-2600\" class=\"e-n-accordion-item\" >\n\t\t\t\t<summary class=\"e-n-accordion-item-title\" data-accordion-index=\"1\" tabindex=\"0\" aria-expanded=\"false\" aria-controls=\"e-n-accordion-item-2600\" >\n\t\t\t\t\t<span class='e-n-accordion-item-title-header'><div class=\"e-n-accordion-item-title-text\"> Andere Schl\u00fcsselinstitutionen f\u00fcr den Marktzugang <\/div><\/span>\n\t\t\t\t\t\t\t<span class='e-n-accordion-item-title-icon'>\n\t\t\t<span class='e-opened' ><i aria-hidden=\"true\" class=\"fas fa-minus\"><\/i><\/span>\n\t\t\t<span class='e-closed'><i aria-hidden=\"true\" class=\"fas fa-plus\"><\/i><\/span>\n\t\t<\/span>\n\n\t\t\t\t\t\t<\/summary>\n\t\t\t\t<div role=\"region\" aria-labelledby=\"e-n-accordion-item-2600\" class=\"elementor-element elementor-element-5f95d3e e-con-full e-flex e-con e-child\" data-id=\"5f95d3e\" data-element_type=\"container\" data-e-type=\"container\">\n\t\t\t\t<div class=\"elementor-element elementor-element-11e0496 elementor-widget elementor-widget-template\" data-id=\"11e0496\" data-element_type=\"widget\" data-e-type=\"widget\" data-widget_type=\"template.default\">\n\t\t\t\t<div class=\"elementor-widget-container\">\n\t\t\t\t\t\t\t<div class=\"elementor-template\">\n\t\t\t\t\t<div data-elementor-type=\"container\" data-elementor-id=\"19257\" class=\"elementor elementor-19257 elementor-18546 elementor-18546\" data-elementor-post-type=\"elementor_library\">\n\t\t\t\t<div role=\"region\" aria-labelledby=\"e-n-accordion-item-1860\" class=\"elementor-element elementor-element-4d5d7d7a e-flex e-con-boxed e-con e-parent\" data-id=\"4d5d7d7a\" data-element_type=\"container\" data-e-type=\"container\">\n\t\t\t\t\t<div class=\"e-con-inner\">\n\t\t\t\t<div class=\"elementor-element elementor-element-fa73d9e elementor-widget elementor-widget-text-editor\" data-id=\"fa73d9e\" data-element_type=\"widget\" data-e-type=\"widget\" data-widget_type=\"text-editor.default\">\n\t\t\t\t<div class=\"elementor-widget-container\">\n\t\t\t\t\t\t\t\t\t<h4><strong>Globale Institutionen<\/strong><\/h4>\n<ul>\n<li><a href=\"https:\/\/jstindt.com\/de\/marktzugang-mit-der-who\/\">World Health Organization<\/a> (WHO)<\/li>\n<li><a href=\"https:\/\/jstindt.com\/de\/marktzugang-mit-dem-ispor\/\">International Society for Pharmacoeconomics and Outcomes Research<\/a> (ISPOR)<\/li>\n<\/ul>\n<h4><strong><br \/><a href=\"https:\/\/jstindt.com\/de\/usa\/\">Vereinigte Staaten<\/a><\/strong><\/h4>\n<ul>\n<li><a href=\"https:\/\/jstindt.com\/de\/marktzugang-mit-cms\/\">Centers for Medicare &amp; Medicaid Services<\/a> (CMS)<\/li>\n<li><a href=\"https:\/\/jstindt.com\/de\/marktzugang-mit-amcp\/\">Academy of Managed Care Pharmacy<\/a> (AMCP)<\/li>\n<li><a href=\"https:\/\/jstindt.com\/de\/marktzugang-mit-icer\/\">Institute for Clinical and Economic Review<\/a> (ICER)<\/li>\n<\/ul>\n<h4><strong><br \/><a href=\"https:\/\/jstindt.com\/de\/frankreich\/\">Frankreich<\/a><\/strong><\/h4>\n<ul>\n<li><a href=\"https:\/\/jstindt.com\/de\/marktzugang-mit-der-has\/\">Haute Autorit\u00e9 de Sant\u00e9<\/a> (HAS)<\/li>\n<li><a href=\"https:\/\/jstindt.com\/de\/marktzugang-mit-dem-ceps\/\">Comit\u00e9 \u00c9conomique des Produits de Sant\u00e9<\/a> (CEPS)<\/li>\n<\/ul>\n<h4><strong><br \/><a href=\"https:\/\/jstindt.com\/de\/deutschland\/\">Deutschland<\/a><\/strong><\/h4>\n<ul>\n<li><a href=\"https:\/\/jstindt.com\/de\/marktzugang-mit-dem-g-ba\/\">Gemeinsamer Bundesausschuss<\/a> (G-BA)<\/li>\n<li><a href=\"https:\/\/jstindt.com\/de\/marktzugang-mit-dem-iqwig\/\">Institute for Quality and Efficiency in Health Care<\/a> (IQWiG)<\/li>\n<li><a href=\"https:\/\/jstindt.com\/de\/marktzugang-mit-dem-gkv-spitzenverband\/\">GKV Spitzenverband<\/a><\/li>\n<\/ul>\n<h4><strong><br \/><a href=\"https:\/\/jstindt.com\/de\/vereinigtes-koenigreich\/\">Gro\u00dfbritannien<\/a><\/strong><\/h4>\n<ul>\n<li><a href=\"https:\/\/jstindt.com\/de\/marktzugang-mit-nice\/\">National Institute for Health and Care Excellence<\/a> (NICE)<\/li>\n<li><a href=\"https:\/\/jstindt.com\/de\/marktzugang-mit-dem-smc\/\">Scottish Medicines Consortium<\/a> (SMC)<\/li>\n<li><a href=\"https:\/\/jstindt.com\/de\/marktzugang-mit-awmsg\/\" rel=\"noopener\">All Wales Medicines Strategy Group<\/a> (AWMSG)<\/li>\n<li><a href=\"https:\/\/jstindt.com\/de\/marktzugang-mit-dem-nhs\/\">National Health Service<\/a> (NHS)<\/li>\n<\/ul>\n<h4><strong><br \/><a href=\"https:\/\/jstindt.com\/de\/italien\/\">Italien<\/a><\/strong><\/h4>\n<ul>\n<li><a href=\"https:\/\/jstindt.com\/de\/marktzugang-mit-der-aifa\/\">Italian Medicines Agency<\/a> (AIFA)<\/li>\n<li><a href=\"https:\/\/jstindt.com\/de\/marktzugang-mit-der-cse\/\">Scientific and Economic Commission<\/a> (CSE)<\/li>\n<\/ul>\n<h4><strong><br \/><a href=\"https:\/\/jstindt.com\/de\/spanien\/\">Spanien<\/a><\/strong><\/h4>\n<ul>\n<li><a href=\"https:\/\/jstindt.com\/de\/marktzugang-mit-der-aemps-ihr\/\">Spanish Agency of Medicines and Medical Devices<\/a> (AEMPS)<\/li>\n<li><a href=\"https:\/\/jstindt.com\/de\/marktzugang-mit-der-dgcf\/\">Direcci\u00f3n General de Cartera Com\u00fan de Servicios del Sistema Nacional de Salud y Farmacia<\/a> (DGCF)<\/li>\n<li><a href=\"https:\/\/jstindt.com\/de\/marktzugang-mit-der-cipm\/\">Interministerial Commission on Medicine Prices<\/a> (CIPM)<\/li>\n<\/ul>\n<h4><strong><br \/><a href=\"https:\/\/jstindt.com\/de\/schweiz\/\">Schweiz<\/a><\/strong><\/h4>\n<ul>\n<li><a href=\"https:\/\/jstindt.com\/de\/marktzugang-mit-dem-bag\/\">Federal Office of Public Health<\/a> (FOPH)<\/li>\n<\/ul>\n\t\t\t\t\t\t\t\t<\/div>\n\t\t\t\t<\/div>\n\t\t\t\t\t<\/div>\n\t\t\t\t<\/div>\n\t\t\t\t<\/div>\n\t\t\t\t<\/div>\n\t\t\t\t\t\t<\/div>\n\t\t\t\t<\/div>\n\t\t\t\t<\/div>\n\t\t\t\t\t<\/details>\n\t\t\t\t\t<\/div>\n\t\t\t\t\t\t<\/div>\n\t\t\t\t<\/div>\n\t\t\t\t\t<\/div>\n\t\t\t\t<\/div>\n\t\t\t\t<\/div>\n\t\t","protected":false},"excerpt":{"rendered":"<p>Das Bundesamt f\u00fcr Gesundheit (BAG) ist die nationale Beh\u00f6rde der Schweiz, die f\u00fcr die \u00f6ffentliche Gesundheit, die Entwicklung der nationalen Gesundheitspolitik und die Sicherstellung eines effizienten und bezahlbaren Gesundheitssystems verantwortlich ist. Als Teil des Eidgen\u00f6ssischen Departements des Innern arbeitet das BAG mit kantonalen Beh\u00f6rden zusammen, um den Schutz und die F\u00f6rderung der \u00f6ffentlichen Gesundheit in [&hellip;]<\/p>\n","protected":false},"author":3,"featured_media":0,"parent":0,"menu_order":0,"comment_status":"closed","ping_status":"closed","template":"","meta":{"_acf_changed":false,"footnotes":""},"class_list":["post-19093","page","type-page","status-publish","hentry"],"acf":[],"_links":{"self":[{"href":"https:\/\/jstindt.com\/de\/wp-json\/wp\/v2\/pages\/19093","targetHints":{"allow":["GET"]}}],"collection":[{"href":"https:\/\/jstindt.com\/de\/wp-json\/wp\/v2\/pages"}],"about":[{"href":"https:\/\/jstindt.com\/de\/wp-json\/wp\/v2\/types\/page"}],"author":[{"embeddable":true,"href":"https:\/\/jstindt.com\/de\/wp-json\/wp\/v2\/users\/3"}],"replies":[{"embeddable":true,"href":"https:\/\/jstindt.com\/de\/wp-json\/wp\/v2\/comments?post=19093"}],"version-history":[{"count":8,"href":"https:\/\/jstindt.com\/de\/wp-json\/wp\/v2\/pages\/19093\/revisions"}],"predecessor-version":[{"id":19596,"href":"https:\/\/jstindt.com\/de\/wp-json\/wp\/v2\/pages\/19093\/revisions\/19596"}],"wp:attachment":[{"href":"https:\/\/jstindt.com\/de\/wp-json\/wp\/v2\/media?parent=19093"}],"curies":[{"name":"wp","href":"https:\/\/api.w.org\/{rel}","templated":true}]}}