{"id":19072,"date":"2025-02-13T14:52:24","date_gmt":"2025-02-13T13:52:24","guid":{"rendered":"https:\/\/jstindt.com\/?page_id=19072"},"modified":"2025-03-10T14:23:47","modified_gmt":"2025-03-10T13:23:47","slug":"marktzugang-mit-der-aemps-ihr","status":"publish","type":"page","link":"https:\/\/jstindt.com\/de\/marktzugang-mit-der-aemps-ihr\/","title":{"rendered":"Marktzugang mit der AEMPS: Ihr Leitfaden zur spanischen Arzneimittelbeh\u00f6rde"},"content":{"rendered":"\t\t<div data-elementor-type=\"wp-page\" data-elementor-id=\"19072\" class=\"elementor elementor-19072 elementor-18640\" data-elementor-post-type=\"page\">\n\t\t\t\t<div class=\"elementor-element elementor-element-d2960ec e-flex e-con-boxed e-con e-parent\" data-id=\"d2960ec\" data-element_type=\"container\" data-e-type=\"container\">\n\t\t\t\t\t<div class=\"e-con-inner\">\n\t\t\t\t<div class=\"elementor-element elementor-element-ddbc09e elementor-widget elementor-widget-text-editor\" data-id=\"ddbc09e\" data-element_type=\"widget\" data-e-type=\"widget\" data-widget_type=\"text-editor.default\">\n\t\t\t\t<div class=\"elementor-widget-container\">\n\t\t\t\t\t\t\t\t\t<p><span style=\"font-weight: 400;\">Die Spanische Agentur f\u00fcr Arzneimittel und Medizinprodukte (<\/span><i><span style=\"font-weight: 400;\">AEMPS<\/span><\/i><span style=\"font-weight: 400;\">) ist die nationale Beh\u00f6rde, die f\u00fcr die Qualit\u00e4t, Sicherheit und Wirksamkeit von Arzneimitteln und Medizinprodukten in Spanien verantwortlich ist. Gegr\u00fcndet zum Schutz und zur F\u00f6rderung der \u00f6ffentlichen Gesundheit, \u00fcberwacht die AEMPS die Bewertung, Zulassung und \u00dcberwachung pharmazeutischer Produkte und Medizinprodukte. Die Zusammenarbeit mit der AEMPS ist f\u00fcr Unternehmen unerl\u00e4sslich, die den Zugang zum spanischen Pharmamarkt anstreben. (<\/span><a href=\"https:\/\/www.aemps.gob.es\/\"><span style=\"font-weight: 400;\">aemps.gob.es<\/span><\/a><span style=\"font-weight: 400;\">)<\/span><\/p>\n<h2><b>Hauptaufgaben der AEMPS<\/b><\/h2>\n<ul>\n<li><b>Zulassung von Arzneimitteln:<\/b><span style=\"font-weight: 400;\"> Bewertung und Erteilung von Marktzulassungen zur Sicherstellung h\u00f6chster Qualit\u00e4ts-, Sicherheits- und Wirksamkeitsstandards. (<\/span><a href=\"https:\/\/administracion.gob.es\/\"><span style=\"font-weight: 400;\">administracion.gob.es<\/span><\/a><span style=\"font-weight: 400;\">)<\/span><\/li>\n<li><b>Pharmakovigilanz:<\/b><span style=\"font-weight: 400;\"> \u00dcberwachung der Arzneimittelsicherheit nach der Markteinf\u00fchrung zur fr\u00fchzeitigen Identifikation und Bew\u00e4ltigung unerw\u00fcnschter Wirkungen.<\/span><\/li>\n<li><b>Regulierung klinischer Studien:<\/b><span style=\"font-weight: 400;\"> Genehmigung und \u00dcberwachung klinischer Studien zur Einhaltung ethischer und wissenschaftlicher Standards. (<\/span><a href=\"https:\/\/www.aemps.gob.es\/\"><span style=\"font-weight: 400;\">aemps.gob.es<\/span><\/a><span style=\"font-weight: 400;\">)<\/span><\/li>\n<li><b>Kontrolle von Medizinprodukten und Kosmetika:<\/b><span style=\"font-weight: 400;\"> Sicherstellung, dass Medizinprodukte und kosmetische Produkte vor der Markteinf\u00fchrung Sicherheits- und Leistungsanforderungen erf\u00fcllen.<\/span><\/li>\n<\/ul>\n<h2><b>Leitung und wichtige Ansprechpartner<\/b><\/h2>\n<p><span style=\"font-weight: 400;\">Stand Januar 2025 wird die AEMPS von <\/span><b>Mar\u00eda Jes\u00fas Lamas<\/b><span style=\"font-weight: 400;\"> geleitet, die f\u00fcr die strategischen Initiativen und operativen Abl\u00e4ufe der Beh\u00f6rde verantwortlich ist.<\/span><\/p>\n<h3><b>Kontaktinformationen der AEMPS<\/b><\/h3>\n<ul>\n<li><b>Website:<\/b><a href=\"https:\/\/www.aemps.gob.es\/\"> <span style=\"font-weight: 400;\">aemps.gob.es<\/span><\/a><\/li>\n<li><b>Postadresse:<\/b><b><br><\/b> <span style=\"font-weight: 400;\">Agencia Espa\u00f1ola de Medicamentos y Productos Sanitarios (<\/span><i><span style=\"font-weight: 400;\">AEMPS<\/span><\/i><span style=\"font-weight: 400;\">)<\/span><span style=\"font-weight: 400;\"><br><\/span><span style=\"font-weight: 400;\"> Calle Campezo, 1<\/span><span style=\"font-weight: 400;\"><br><\/span><span style=\"font-weight: 400;\">&nbsp; 28022 Madrid, Spanien<\/span><span style=\"font-weight: 400;\"><br><\/span><span style=\"font-weight: 400;\">&nbsp; <\/span><b>Telefon:<\/b><span style=\"font-weight: 400;\"> +34 91 822 52 01<\/span><\/li>\n<\/ul>\n<h2><b>Herausforderungen bei der Zusammenarbeit mit der AEMPS<\/b><\/h2>\n<ul>\n<li><b>Verst\u00e4ndnis der regulatorischen Verfahren:<\/b><span style=\"font-weight: 400;\"> Kenntnisse \u00fcber die Zulassungsverfahren und Anforderungen der AEMPS sind entscheidend f\u00fcr einen erfolgreichen Marktzugang.<\/span><\/li>\n<li><b>P\u00fcnktliche und vollst\u00e4ndige Einreichungen:<\/b><span style=\"font-weight: 400;\"> Sorgf\u00e4ltige Vorbereitung und termingerechte Einreichung aller erforderlichen Dokumente zur Unterst\u00fctzung des Bewertungsprozesses.<\/span><\/li>\n<li><b>Einhaltung nationaler und EU-Vorschriften:<\/b><span style=\"font-weight: 400;\"> Navigation in einem komplexen regulatorischen Umfeld, das sowohl spanische als auch europ\u00e4ische Vorschriften umfasst.<\/span><\/li>\n<\/ul>\n<p><span style=\"font-weight: 400;\">Eine erfolgreiche Zusammenarbeit mit der AEMPS kann zu einem effizienten Marktzugang und vorteilhaften Erstattungsentscheidungen in Spanien f\u00fchren.<\/span><\/p>\n<h2><b>Chancen \/ L\u00f6sungen mit Justin Stindt Consultants<\/b><\/h2>\n<ul>\n<li><b>Expertenberatung f\u00fcr AEMPS-Einreichungen:<\/b><span style=\"font-weight: 400;\"> Erstellung hochwertiger Dossiers f\u00fcr Marktzulassungen und klinische Studienantr\u00e4ge.<\/span><\/li>\n<li><b>Marktzugangsstrategien f\u00fcr die AEMPS:<\/b><span style=\"font-weight: 400;\"> Entwicklung von Strategien, die mit dem regulatorischen Rahmen der AEMPS \u00fcbereinstimmen, um den Marktzugang zu optimieren.<\/span><\/li>\n<li><b>Fachwissen zu AEMPS-Prozessen:<\/b><span style=\"font-weight: 400;\"> Detaillierte Einblicke in die Verfahren der AEMPS zur Verbesserung der Compliance und Beschleunigung von Genehmigungen.<\/span><\/li>\n<\/ul>\n<p><span style=\"font-weight: 400;\">Justin Stindt Consultants unterst\u00fctzt Unternehmen bei der Navigation durch das regulatorische Umfeld der AEMPS, um einen erfolgreichen Marktzugang in Spanien zu erreichen.<\/span><\/p>\t\t\t\t\t\t\t\t<\/div>\n\t\t\t\t<\/div>\n\t\t\t\t\t<\/div>\n\t\t\t\t<\/div>\n\t\t<div class=\"elementor-element elementor-element-fdcd422 e-flex e-con-boxed e-con e-parent\" data-id=\"fdcd422\" data-element_type=\"container\" data-e-type=\"container\">\n\t\t\t\t\t<div class=\"e-con-inner\">\n\t\t\t\t<div class=\"elementor-element elementor-element-360b27f elementor-widget-divider--view-line elementor-widget elementor-widget-divider\" data-id=\"360b27f\" data-element_type=\"widget\" data-e-type=\"widget\" data-widget_type=\"divider.default\">\n\t\t\t\t<div class=\"elementor-widget-container\">\n\t\t\t\t\t\t\t<div class=\"elementor-divider\">\n\t\t\t<span class=\"elementor-divider-separator\">\n\t\t\t\t\t\t<\/span>\n\t\t<\/div>\n\t\t\t\t\t\t<\/div>\n\t\t\t\t<\/div>\n\t\t\t\t\t<\/div>\n\t\t\t\t<\/div>\n\t\t<div class=\"elementor-element elementor-element-69efb834 e-flex e-con-boxed e-con e-parent\" data-id=\"69efb834\" data-element_type=\"container\" data-e-type=\"container\">\n\t\t\t\t\t<div class=\"e-con-inner\">\n\t\t<div class=\"elementor-element elementor-element-2ccca66 e-con-full bordered-block e-flex e-con e-child\" data-id=\"2ccca66\" data-element_type=\"container\" data-e-type=\"container\">\n\t\t\t\t<div class=\"elementor-element elementor-element-1592e37d elementor-widget elementor-widget-text-editor\" data-id=\"1592e37d\" data-element_type=\"widget\" data-e-type=\"widget\" data-widget_type=\"text-editor.default\">\n\t\t\t\t<div class=\"elementor-widget-container\">\n\t\t\t\t\t\t\t\t\t<h3>Fallstudie<\/h3><h2>Erfolg eines Pharmaunternehmens mit der AEMPS<\/h2>\t\t\t\t\t\t\t\t<\/div>\n\t\t\t\t<\/div>\n\t\t\t\t<div class=\"elementor-element elementor-element-798a58a4 elementor-widget elementor-widget-text-editor\" data-id=\"798a58a4\" data-element_type=\"widget\" data-e-type=\"widget\" data-widget_type=\"text-editor.default\">\n\t\t\t\t<div class=\"elementor-widget-container\">\n\t\t\t\t\t\t\t\t\t<p><strong>Herausforderung<\/strong>: <br \/>Ein Pharmaunternehmen ben\u00f6tigte Unterst\u00fctzung bei der Beantragung einer Marktzulassung und Erstattungsbewilligung f\u00fcr eine neuartige Therapie in Spanien.<\/p><p><strong>L\u00f6sung<\/strong>: <br \/>Wir unterst\u00fctzten die Erstellung der erforderlichen Dokumentation f\u00fcr die AEMPS und eines umfassenden Bewertungsdossiers entsprechend den Kriterien der Gutachter.<\/p><p><strong>Ergebnis<\/strong>: <br \/>Unser strategischer Ansatz f\u00fchrte zu einer positiven Entscheidung, wodurch der nationale Code erteilt und die Therapie in die nationale Erstattungsliste aufgenommen wurde.<\/p>\t\t\t\t\t\t\t\t<\/div>\n\t\t\t\t<\/div>\n\t\t\t\t<\/div>\n\t\t\t\t\t<\/div>\n\t\t\t\t<\/div>\n\t\t<div class=\"elementor-element elementor-element-c5af527 e-con-full e-flex e-con e-parent\" data-id=\"c5af527\" data-element_type=\"container\" data-e-type=\"container\" data-settings=\"{&quot;background_background&quot;:&quot;classic&quot;}\">\n\t\t\t\t<div class=\"elementor-element elementor-element-9615d7f elementor-cta--skin-classic elementor-animated-content elementor-bg-transform elementor-bg-transform-zoom-in elementor-widget elementor-widget-call-to-action\" data-id=\"9615d7f\" data-element_type=\"widget\" data-e-type=\"widget\" data-widget_type=\"call-to-action.default\">\n\t\t\t\t<div class=\"elementor-widget-container\">\n\t\t\t\t\t\t\t<div class=\"elementor-cta\">\n\t\t\t\t\t\t\t<div class=\"elementor-cta__content\">\n\t\t\t\t\n\t\t\t\t\t\t\t\t\t<h2 class=\"elementor-cta__title elementor-cta__content-item elementor-content-item\">\n\t\t\t\t\t\tBen\u00f6tigen Sie Unterst\u00fctzung beim Marktzugang mit der AEMPS? Die Experten von Justin Stindt Consultants helfen Ihnen zum Erfolg.\t\t\t\t\t<\/h2>\n\t\t\t\t\n\t\t\t\t\t\t\t\t\t<div class=\"elementor-cta__description elementor-cta__content-item elementor-content-item\">\n\t\t\t\t\t\tKontaktieren Sie uns noch heute, um Ihre Marktzugangsstrategie zu entwickeln und Ihren Erfolg mit der AEMPS zu sichern.\t\t\t\t\t<\/div>\n\t\t\t\t\n\t\t\t\t\t\t\t\t\t<div class=\"elementor-cta__button-wrapper elementor-cta__content-item elementor-content-item \">\n\t\t\t\t\t<a class=\"elementor-cta__button elementor-button elementor-size-\" href=\"https:\/\/jstindt.com\/contact-us\/\">\n\t\t\t\t\t\tKontakt zu Justin Stindt Consultants\t\t\t\t\t<\/a>\n\t\t\t\t\t<\/div>\n\t\t\t\t\t\t\t<\/div>\n\t\t\t\t\t\t<\/div>\n\t\t\t\t\t\t<\/div>\n\t\t\t\t<\/div>\n\t\t\t\t<\/div>\n\t\t<div class=\"elementor-element elementor-element-c5ba8e7 e-flex e-con-boxed e-con e-parent\" data-id=\"c5ba8e7\" data-element_type=\"container\" data-e-type=\"container\">\n\t\t\t\t\t<div class=\"e-con-inner\">\n\t\t\t\t<div class=\"elementor-element elementor-element-fb289dd elementor-widget elementor-widget-n-accordion\" data-id=\"fb289dd\" data-element_type=\"widget\" data-e-type=\"widget\" data-settings=\"{&quot;default_state&quot;:&quot;all_collapsed&quot;,&quot;max_items_expended&quot;:&quot;one&quot;,&quot;n_accordion_animation_duration&quot;:{&quot;unit&quot;:&quot;ms&quot;,&quot;size&quot;:400,&quot;sizes&quot;:[]}}\" data-widget_type=\"nested-accordion.default\">\n\t\t\t\t<div class=\"elementor-widget-container\">\n\t\t\t\t\t\t\t<div class=\"e-n-accordion\" aria-label=\"Accordion. Open links with Enter or Space, close with Escape, and navigate with Arrow Keys\">\n\t\t\t\t\t\t<details id=\"e-n-accordion-item-2630\" class=\"e-n-accordion-item\" >\n\t\t\t\t<summary class=\"e-n-accordion-item-title\" data-accordion-index=\"1\" tabindex=\"0\" aria-expanded=\"false\" aria-controls=\"e-n-accordion-item-2630\" >\n\t\t\t\t\t<span class='e-n-accordion-item-title-header'><div class=\"e-n-accordion-item-title-text\"> Andere Schl\u00fcsselinstitutionen f\u00fcr den Marktzugang <\/div><\/span>\n\t\t\t\t\t\t\t<span class='e-n-accordion-item-title-icon'>\n\t\t\t<span class='e-opened' ><i aria-hidden=\"true\" class=\"fas fa-minus\"><\/i><\/span>\n\t\t\t<span class='e-closed'><i aria-hidden=\"true\" class=\"fas fa-plus\"><\/i><\/span>\n\t\t<\/span>\n\n\t\t\t\t\t\t<\/summary>\n\t\t\t\t<div role=\"region\" aria-labelledby=\"e-n-accordion-item-2630\" class=\"elementor-element elementor-element-40dd8cf e-con-full e-flex e-con e-child\" data-id=\"40dd8cf\" data-element_type=\"container\" data-e-type=\"container\">\n\t\t\t\t<div class=\"elementor-element elementor-element-abf38e2 elementor-widget elementor-widget-template\" data-id=\"abf38e2\" data-element_type=\"widget\" data-e-type=\"widget\" data-widget_type=\"template.default\">\n\t\t\t\t<div class=\"elementor-widget-container\">\n\t\t\t\t\t\t\t<div class=\"elementor-template\">\n\t\t\t\t\t<div data-elementor-type=\"container\" data-elementor-id=\"19257\" class=\"elementor elementor-19257 elementor-18546 elementor-18546\" data-elementor-post-type=\"elementor_library\">\n\t\t\t\t<div role=\"region\" aria-labelledby=\"e-n-accordion-item-1970\" class=\"elementor-element elementor-element-4d5d7d7a e-flex e-con-boxed e-con e-parent\" data-id=\"4d5d7d7a\" data-element_type=\"container\" data-e-type=\"container\">\n\t\t\t\t\t<div class=\"e-con-inner\">\n\t\t\t\t<div class=\"elementor-element elementor-element-fa73d9e elementor-widget elementor-widget-text-editor\" data-id=\"fa73d9e\" data-element_type=\"widget\" data-e-type=\"widget\" data-widget_type=\"text-editor.default\">\n\t\t\t\t<div class=\"elementor-widget-container\">\n\t\t\t\t\t\t\t\t\t<h4><strong>Globale Institutionen<\/strong><\/h4>\n<ul>\n<li><a href=\"https:\/\/jstindt.com\/de\/marktzugang-mit-der-who\/\">World Health Organization<\/a> (WHO)<\/li>\n<li><a href=\"https:\/\/jstindt.com\/de\/marktzugang-mit-dem-ispor\/\">International Society for Pharmacoeconomics and Outcomes Research<\/a> (ISPOR)<\/li>\n<\/ul>\n<h4><strong><br \/><a href=\"https:\/\/jstindt.com\/de\/usa\/\">Vereinigte Staaten<\/a><\/strong><\/h4>\n<ul>\n<li><a href=\"https:\/\/jstindt.com\/de\/marktzugang-mit-cms\/\">Centers for Medicare &amp; Medicaid Services<\/a> (CMS)<\/li>\n<li><a href=\"https:\/\/jstindt.com\/de\/marktzugang-mit-amcp\/\">Academy of Managed Care Pharmacy<\/a> (AMCP)<\/li>\n<li><a href=\"https:\/\/jstindt.com\/de\/marktzugang-mit-icer\/\">Institute for Clinical and Economic Review<\/a> (ICER)<\/li>\n<\/ul>\n<h4><strong><br \/><a href=\"https:\/\/jstindt.com\/de\/frankreich\/\">Frankreich<\/a><\/strong><\/h4>\n<ul>\n<li><a href=\"https:\/\/jstindt.com\/de\/marktzugang-mit-der-has\/\">Haute Autorit\u00e9 de Sant\u00e9<\/a> (HAS)<\/li>\n<li><a href=\"https:\/\/jstindt.com\/de\/marktzugang-mit-dem-ceps\/\">Comit\u00e9 \u00c9conomique des Produits de Sant\u00e9<\/a> (CEPS)<\/li>\n<\/ul>\n<h4><strong><br \/><a href=\"https:\/\/jstindt.com\/de\/deutschland\/\">Deutschland<\/a><\/strong><\/h4>\n<ul>\n<li><a href=\"https:\/\/jstindt.com\/de\/marktzugang-mit-dem-g-ba\/\">Gemeinsamer Bundesausschuss<\/a> (G-BA)<\/li>\n<li><a href=\"https:\/\/jstindt.com\/de\/marktzugang-mit-dem-iqwig\/\">Institute for Quality and Efficiency in Health Care<\/a> (IQWiG)<\/li>\n<li><a href=\"https:\/\/jstindt.com\/de\/marktzugang-mit-dem-gkv-spitzenverband\/\">GKV Spitzenverband<\/a><\/li>\n<\/ul>\n<h4><strong><br \/><a href=\"https:\/\/jstindt.com\/de\/vereinigtes-koenigreich\/\">Gro\u00dfbritannien<\/a><\/strong><\/h4>\n<ul>\n<li><a href=\"https:\/\/jstindt.com\/de\/marktzugang-mit-nice\/\">National Institute for Health and Care Excellence<\/a> (NICE)<\/li>\n<li><a href=\"https:\/\/jstindt.com\/de\/marktzugang-mit-dem-smc\/\">Scottish Medicines Consortium<\/a> (SMC)<\/li>\n<li><a href=\"https:\/\/jstindt.com\/de\/marktzugang-mit-awmsg\/\" rel=\"noopener\">All Wales Medicines Strategy Group<\/a> (AWMSG)<\/li>\n<li><a href=\"https:\/\/jstindt.com\/de\/marktzugang-mit-dem-nhs\/\">National Health Service<\/a> (NHS)<\/li>\n<\/ul>\n<h4><strong><br \/><a href=\"https:\/\/jstindt.com\/de\/italien\/\">Italien<\/a><\/strong><\/h4>\n<ul>\n<li><a href=\"https:\/\/jstindt.com\/de\/marktzugang-mit-der-aifa\/\">Italian Medicines Agency<\/a> (AIFA)<\/li>\n<li><a href=\"https:\/\/jstindt.com\/de\/marktzugang-mit-der-cse\/\">Scientific and Economic Commission<\/a> (CSE)<\/li>\n<\/ul>\n<h4><strong><br \/><a href=\"https:\/\/jstindt.com\/de\/spanien\/\">Spanien<\/a><\/strong><\/h4>\n<ul>\n<li><a href=\"https:\/\/jstindt.com\/de\/marktzugang-mit-der-aemps-ihr\/\">Spanish Agency of Medicines and Medical Devices<\/a> (AEMPS)<\/li>\n<li><a href=\"https:\/\/jstindt.com\/de\/marktzugang-mit-der-dgcf\/\">Direcci\u00f3n General de Cartera Com\u00fan de Servicios del Sistema Nacional de Salud y Farmacia<\/a> (DGCF)<\/li>\n<li><a href=\"https:\/\/jstindt.com\/de\/marktzugang-mit-der-cipm\/\">Interministerial Commission on Medicine Prices<\/a> (CIPM)<\/li>\n<\/ul>\n<h4><strong><br \/><a href=\"https:\/\/jstindt.com\/de\/schweiz\/\">Schweiz<\/a><\/strong><\/h4>\n<ul>\n<li><a href=\"https:\/\/jstindt.com\/de\/marktzugang-mit-dem-bag\/\">Federal Office of Public Health<\/a> (FOPH)<\/li>\n<\/ul>\n\t\t\t\t\t\t\t\t<\/div>\n\t\t\t\t<\/div>\n\t\t\t\t\t<\/div>\n\t\t\t\t<\/div>\n\t\t\t\t<\/div>\n\t\t\t\t<\/div>\n\t\t\t\t\t\t<\/div>\n\t\t\t\t<\/div>\n\t\t\t\t<\/div>\n\t\t\t\t\t<\/details>\n\t\t\t\t\t<\/div>\n\t\t\t\t\t\t<\/div>\n\t\t\t\t<\/div>\n\t\t\t\t\t<\/div>\n\t\t\t\t<\/div>\n\t\t\t\t<\/div>\n\t\t","protected":false},"excerpt":{"rendered":"<p>Die Spanische Agentur f\u00fcr Arzneimittel und Medizinprodukte (AEMPS) ist die nationale Beh\u00f6rde, die f\u00fcr die Qualit\u00e4t, Sicherheit und Wirksamkeit von Arzneimitteln und Medizinprodukten in Spanien verantwortlich ist. Gegr\u00fcndet zum Schutz und zur F\u00f6rderung der \u00f6ffentlichen Gesundheit, \u00fcberwacht die AEMPS die Bewertung, Zulassung und \u00dcberwachung pharmazeutischer Produkte und Medizinprodukte. Die Zusammenarbeit mit der AEMPS ist f\u00fcr [&hellip;]<\/p>\n","protected":false},"author":3,"featured_media":0,"parent":0,"menu_order":0,"comment_status":"closed","ping_status":"closed","template":"","meta":{"_acf_changed":false,"footnotes":""},"class_list":["post-19072","page","type-page","status-publish","hentry"],"acf":[],"_links":{"self":[{"href":"https:\/\/jstindt.com\/de\/wp-json\/wp\/v2\/pages\/19072","targetHints":{"allow":["GET"]}}],"collection":[{"href":"https:\/\/jstindt.com\/de\/wp-json\/wp\/v2\/pages"}],"about":[{"href":"https:\/\/jstindt.com\/de\/wp-json\/wp\/v2\/types\/page"}],"author":[{"embeddable":true,"href":"https:\/\/jstindt.com\/de\/wp-json\/wp\/v2\/users\/3"}],"replies":[{"embeddable":true,"href":"https:\/\/jstindt.com\/de\/wp-json\/wp\/v2\/comments?post=19072"}],"version-history":[{"count":8,"href":"https:\/\/jstindt.com\/de\/wp-json\/wp\/v2\/pages\/19072\/revisions"}],"predecessor-version":[{"id":19595,"href":"https:\/\/jstindt.com\/de\/wp-json\/wp\/v2\/pages\/19072\/revisions\/19595"}],"wp:attachment":[{"href":"https:\/\/jstindt.com\/de\/wp-json\/wp\/v2\/media?parent=19072"}],"curies":[{"name":"wp","href":"https:\/\/api.w.org\/{rel}","templated":true}]}}