{"id":19052,"date":"2025-02-13T14:49:13","date_gmt":"2025-02-13T13:49:13","guid":{"rendered":"https:\/\/jstindt.com\/?page_id=19052"},"modified":"2025-03-10T14:23:40","modified_gmt":"2025-03-10T13:23:40","slug":"marktzugang-mit-der-cse","status":"publish","type":"page","link":"https:\/\/jstindt.com\/de\/marktzugang-mit-der-cse\/","title":{"rendered":"Marktzugang mit der CSE: Ihr Leitfaden f\u00fcr die italienische Arzneimittelbewertung und Preisfestsetzung"},"content":{"rendered":"\t\t<div data-elementor-type=\"wp-page\" data-elementor-id=\"19052\" class=\"elementor elementor-19052 elementor-18634\" data-elementor-post-type=\"page\">\n\t\t\t\t<div class=\"elementor-element elementor-element-95cc415 e-flex e-con-boxed e-con e-parent\" data-id=\"95cc415\" data-element_type=\"container\" data-e-type=\"container\">\n\t\t\t\t\t<div class=\"e-con-inner\">\n\t\t\t\t<div class=\"elementor-element elementor-element-5d7c263 elementor-widget elementor-widget-text-editor\" data-id=\"5d7c263\" data-element_type=\"widget\" data-e-type=\"widget\" data-widget_type=\"text-editor.default\">\n\t\t\t\t<div class=\"elementor-widget-container\">\n\t\t\t\t\t\t\t\t\t<p><span style=\"font-weight: 400;\">Der Wissenschaftliche und Wirtschaftliche Ausschuss f\u00fcr Arzneimittel (<\/span><i><span style=\"font-weight: 400;\">CSE<\/span><\/i><span style=\"font-weight: 400;\">) ist ein Gremium innerhalb der Italienischen Arzneimittelbeh\u00f6rde (<\/span><i><span style=\"font-weight: 400;\">AIFA<\/span><\/i><span style=\"font-weight: 400;\">) und spielt eine entscheidende Rolle bei der HTA-Bewertung, der wirtschaftlichen Analyse und der Preisverhandlung f\u00fcr Arzneimittel in Italien. Die CSE wurde gegr\u00fcndet, um technische und beratende Unterst\u00fctzung zu leisten und sicherzustellen, dass in Italien zugelassene Arzneimittel strengen Qualit\u00e4ts-, Sicherheits-, Wirksamkeits- und Kosten-Nutzen-Kriterien entsprechen. Die Zusammenarbeit mit der CSE ist f\u00fcr Unternehmen, die den italienischen Pharmamarkt erschlie\u00dfen m\u00f6chten, von zentraler Bedeutung. (<\/span><a href=\"https:\/\/www.aifa.gov.it\/en\/commissione-scientifica-economica\"><span style=\"font-weight: 400;\">aifa.gov.it<\/span><\/a><span style=\"font-weight: 400;\">)<\/span><\/p>\n<h2><b>Hauptaufgaben der CSE<\/b><\/h2>\n<ul>\n<li><b>Bewertung von Arzneimitteln:<\/b><span style=\"font-weight: 400;\"> Pr\u00fcfung neuer Arzneimittel f\u00fcr den Marktzugang, um sicherzustellen, dass sie die festgelegten Standards erf\u00fcllen.<\/span><\/li>\n<li><b>Preisverhandlung und Erstattung:<\/b><span style=\"font-weight: 400;\"> Durchf\u00fchrung von Verhandlungen zur Festlegung der Preise und des Erstattungsstatus von Arzneimitteln im italienischen Nationalen Gesundheitsdienst.<\/span><\/li>\n<li><b>Technisch-wissenschaftliche Beratung:<\/b><span style=\"font-weight: 400;\"> Bereitstellung von Expertenempfehlungen f\u00fcr die AIFA in Bezug auf Arzneimittelbewertung und wirtschaftliche Aspekte.<\/span><\/li>\n<\/ul>\n<h2><b>Leitung und wichtige Ansprechpartner<\/b><\/h2>\n<p><span style=\"font-weight: 400;\">Stand Januar 2025 wird die CSE von <\/span><b>Lara Nicoletta Angela Gitto<\/b><span style=\"font-weight: 400;\"> geleitet, die vom italienischen Gesundheitsminister ernannt wurde. Der Ausschuss besteht aus zehn Mitgliedern, darunter der Wissenschaftlich-Technische Direktor der AIFA sowie der Pr\u00e4sident des <\/span><i><span style=\"font-weight: 400;\">Istituto Superiore di Sanit\u00e0<\/span><\/i><span style=\"font-weight: 400;\"> oder deren Stellvertreter als gesetzte Mitglieder. Weitere Mitglieder werden vom Gesundheitsminister, dem Wirtschafts- und Finanzminister sowie der St\u00e4ndigen Konferenz f\u00fcr die Beziehungen zwischen Staat, Regionen und den autonomen Provinzen Trentino und Bozen ernannt. (<\/span><a href=\"https:\/\/www.aifa.gov.it\/en\/commissione-scientifica-economica\"><span style=\"font-weight: 400;\">aifa.gov.it<\/span><\/a><span style=\"font-weight: 400;\">)<\/span><\/p>\n<h3><b>Kontaktinformationen der CSE<\/b><\/h3>\n<ul>\n<li><b>Website:<\/b><a href=\"https:\/\/www.aifa.gov.it\/en\/commissione-scientifica-economica\"> <span style=\"font-weight: 400;\">aifa.gov.it<\/span><\/a><\/li>\n<li><b>Postadresse:<\/b><b><br><\/b> <span style=\"font-weight: 400;\">Agenzia Italiana del Farmaco (<\/span><i><span style=\"font-weight: 400;\">AIFA<\/span><\/i><span style=\"font-weight: 400;\">)<\/span><span style=\"font-weight: 400;\"><br><\/span><span style=\"font-weight: 400;\"> Via del Tritone, 181<\/span><span style=\"font-weight: 400;\"><br><\/span><span style=\"font-weight: 400;\">&nbsp; 00187 Rom, Italien<\/span><span style=\"font-weight: 400;\"><br><\/span><span style=\"font-weight: 400;\">&nbsp; <\/span><b>Telefon:<\/b><span style=\"font-weight: 400;\"> +39 06 5978401<\/span><\/li>\n<\/ul>\n<h2><b>Herausforderungen bei der Zusammenarbeit mit der CSE<\/b><\/h2>\n<ul>\n<li><b>Verst\u00e4ndnis der Bewertungs- und Verhandlungsprozesse:<\/b><span style=\"font-weight: 400;\"> Kenntnisse \u00fcber die Verfahren der CSE zur Arzneimittelbewertung und Preisverhandlung sind entscheidend f\u00fcr einen erfolgreichen Marktzugang.<\/span><\/li>\n<li><b>P\u00fcnktliche und vollst\u00e4ndige Einreichungen:<\/b><span style=\"font-weight: 400;\"> Sorgf\u00e4ltige Vorbereitung und fristgerechte Einreichung aller erforderlichen Dokumente zur Unterst\u00fctzung des Bewertungs- und Verhandlungsprozesses.<\/span><\/li>\n<li><b>Zusammenarbeit mit Stakeholdern:<\/b><span style=\"font-weight: 400;\"> Effektive Abstimmung mit den Akteuren des italienischen Gesundheitswesens zur Einhaltung der CSE-Richtlinien und -Standards.<\/span><\/li>\n<\/ul>\n<p><span style=\"font-weight: 400;\">Eine erfolgreiche Zusammenarbeit mit der CSE kann zu einem effizienten Marktzugang und vorteilhaften Erstattungsentscheidungen in Italien f\u00fchren.<\/span><\/p>\n<h2><b>Chancen \/ L\u00f6sungen mit Justin Stindt Consultants<\/b><\/h2>\n<ul>\n<li><b>Expertenberatung f\u00fcr CSE-Einreichungen:<\/b><span style=\"font-weight: 400;\"> Erstellung hochwertiger Dossiers f\u00fcr Marktzulassungen und Erstattungsantr\u00e4ge.<\/span><\/li>\n<li><b>Marktzugangsstrategien f\u00fcr die CSE:<\/b><span style=\"font-weight: 400;\"> Entwicklung von Strategien, die mit dem regulatorischen Rahmen der CSE \u00fcbereinstimmen, um den Marktzugang zu optimieren.<\/span><\/li>\n<li><b>Fachwissen zu CSE-Prozessen:<\/b><span style=\"font-weight: 400;\"> Detaillierte Einblicke in die Verfahren der CSE zur Verbesserung der Compliance und zur Beschleunigung von Genehmigungen.<\/span><\/li>\n<\/ul>\n<p><span style=\"font-weight: 400;\">Justin Stindt Consultants unterst\u00fctzt Unternehmen dabei, sich im regulatorischen Umfeld der CSE zurechtzufinden, um einen erfolgreichen Marktzugang in Italien zu gew\u00e4hrleisten.<\/span><\/p>\t\t\t\t\t\t\t\t<\/div>\n\t\t\t\t<\/div>\n\t\t\t\t\t<\/div>\n\t\t\t\t<\/div>\n\t\t<div class=\"elementor-element elementor-element-4b56093 e-flex e-con-boxed e-con e-parent\" data-id=\"4b56093\" data-element_type=\"container\" data-e-type=\"container\">\n\t\t\t\t\t<div class=\"e-con-inner\">\n\t\t\t\t<div class=\"elementor-element elementor-element-6e92815 elementor-widget-divider--view-line elementor-widget elementor-widget-divider\" data-id=\"6e92815\" data-element_type=\"widget\" data-e-type=\"widget\" data-widget_type=\"divider.default\">\n\t\t\t\t<div class=\"elementor-widget-container\">\n\t\t\t\t\t\t\t<div class=\"elementor-divider\">\n\t\t\t<span class=\"elementor-divider-separator\">\n\t\t\t\t\t\t<\/span>\n\t\t<\/div>\n\t\t\t\t\t\t<\/div>\n\t\t\t\t<\/div>\n\t\t\t\t\t<\/div>\n\t\t\t\t<\/div>\n\t\t<div class=\"elementor-element elementor-element-39ce70d2 e-flex e-con-boxed e-con e-parent\" data-id=\"39ce70d2\" data-element_type=\"container\" data-e-type=\"container\">\n\t\t\t\t\t<div class=\"e-con-inner\">\n\t\t<div class=\"elementor-element elementor-element-3459bf75 e-con-full bordered-block e-flex e-con e-child\" data-id=\"3459bf75\" data-element_type=\"container\" data-e-type=\"container\">\n\t\t\t\t<div class=\"elementor-element elementor-element-5f82403c elementor-widget elementor-widget-text-editor\" data-id=\"5f82403c\" data-element_type=\"widget\" data-e-type=\"widget\" data-widget_type=\"text-editor.default\">\n\t\t\t\t<div class=\"elementor-widget-container\">\n\t\t\t\t\t\t\t\t\t<h3>Fallstudie<\/h3><h2>Erfolg eines Pharmaunternehmens mit der CSE<\/h2>\t\t\t\t\t\t\t\t<\/div>\n\t\t\t\t<\/div>\n\t\t\t\t<div class=\"elementor-element elementor-element-7af03e80 elementor-widget elementor-widget-text-editor\" data-id=\"7af03e80\" data-element_type=\"widget\" data-e-type=\"widget\" data-widget_type=\"text-editor.default\">\n\t\t\t\t<div class=\"elementor-widget-container\">\n\t\t\t\t\t\t\t\t\t<p><strong>Herausforderung<\/strong>: <br \/>Ein Pharmaunternehmen ben\u00f6tigte unsere Unterst\u00fctzung, um eine Erstattungszulassung f\u00fcr eine neue Therapie in Italien zu erhalten.<\/p><p><strong>L\u00f6sung<\/strong>: <br \/>Wir begleiteten die Erstellung eines umfassenden Dossiers, das den Bewertungskriterien der CSE und den anschlie\u00dfenden Preisverhandlungen entsprach.<\/p><p><strong>Ergebnis<\/strong>: <br \/>Unser strategischer Ansatz f\u00fchrte zu einem positiven Ergebnis, das die Aufnahme der Therapie in die nationale Erstattungsliste erm\u00f6glichte.<\/p>\t\t\t\t\t\t\t\t<\/div>\n\t\t\t\t<\/div>\n\t\t\t\t<\/div>\n\t\t\t\t\t<\/div>\n\t\t\t\t<\/div>\n\t\t<div class=\"elementor-element elementor-element-8a1080a e-con-full e-flex e-con e-parent\" data-id=\"8a1080a\" data-element_type=\"container\" data-e-type=\"container\" data-settings=\"{&quot;background_background&quot;:&quot;classic&quot;}\">\n\t\t\t\t<div class=\"elementor-element elementor-element-579e091 elementor-cta--skin-classic elementor-animated-content elementor-bg-transform elementor-bg-transform-zoom-in elementor-widget elementor-widget-call-to-action\" data-id=\"579e091\" data-element_type=\"widget\" data-e-type=\"widget\" data-widget_type=\"call-to-action.default\">\n\t\t\t\t<div class=\"elementor-widget-container\">\n\t\t\t\t\t\t\t<div class=\"elementor-cta\">\n\t\t\t\t\t\t\t<div class=\"elementor-cta__content\">\n\t\t\t\t\n\t\t\t\t\t\t\t\t\t<h2 class=\"elementor-cta__title elementor-cta__content-item elementor-content-item\">\n\t\t\t\t\t\tBen\u00f6tigen Sie Unterst\u00fctzung beim Marktzugang mit der CSE? Die Experten von Justin Stindt Consultants stehen Ihnen zur Seite.\t\t\t\t\t<\/h2>\n\t\t\t\t\n\t\t\t\t\t\t\t\t\t<div class=\"elementor-cta__description elementor-cta__content-item elementor-content-item\">\n\t\t\t\t\t\tKontaktieren Sie uns noch heute, um Ihre Marktzugangsstrategie zu entwickeln und Ihren Erfolg mit der CSE zu sichern.\t\t\t\t\t<\/div>\n\t\t\t\t\n\t\t\t\t\t\t\t\t\t<div class=\"elementor-cta__button-wrapper elementor-cta__content-item elementor-content-item \">\n\t\t\t\t\t<a class=\"elementor-cta__button elementor-button elementor-size-\" href=\"https:\/\/jstindt.com\/contact-us\/\">\n\t\t\t\t\t\tKontakt zu Justin Stindt Consultants\t\t\t\t\t<\/a>\n\t\t\t\t\t<\/div>\n\t\t\t\t\t\t\t<\/div>\n\t\t\t\t\t\t<\/div>\n\t\t\t\t\t\t<\/div>\n\t\t\t\t<\/div>\n\t\t\t\t<\/div>\n\t\t<div class=\"elementor-element elementor-element-a94f1ae e-flex e-con-boxed e-con e-parent\" data-id=\"a94f1ae\" data-element_type=\"container\" data-e-type=\"container\">\n\t\t\t\t\t<div class=\"e-con-inner\">\n\t\t\t\t<div class=\"elementor-element elementor-element-31250a1 elementor-widget elementor-widget-n-accordion\" data-id=\"31250a1\" data-element_type=\"widget\" data-e-type=\"widget\" data-settings=\"{&quot;default_state&quot;:&quot;all_collapsed&quot;,&quot;max_items_expended&quot;:&quot;one&quot;,&quot;n_accordion_animation_duration&quot;:{&quot;unit&quot;:&quot;ms&quot;,&quot;size&quot;:400,&quot;sizes&quot;:[]}}\" data-widget_type=\"nested-accordion.default\">\n\t\t\t\t<div class=\"elementor-widget-container\">\n\t\t\t\t\t\t\t<div class=\"e-n-accordion\" aria-label=\"Accordion. Open links with Enter or Space, close with Escape, and navigate with Arrow Keys\">\n\t\t\t\t\t\t<details id=\"e-n-accordion-item-5150\" class=\"e-n-accordion-item\" >\n\t\t\t\t<summary class=\"e-n-accordion-item-title\" data-accordion-index=\"1\" tabindex=\"0\" aria-expanded=\"false\" aria-controls=\"e-n-accordion-item-5150\" >\n\t\t\t\t\t<span class='e-n-accordion-item-title-header'><div class=\"e-n-accordion-item-title-text\"> Andere Schl\u00fcsselinstitutionen f\u00fcr den Marktzugang <\/div><\/span>\n\t\t\t\t\t\t\t<span class='e-n-accordion-item-title-icon'>\n\t\t\t<span class='e-opened' ><i aria-hidden=\"true\" class=\"fas fa-minus\"><\/i><\/span>\n\t\t\t<span class='e-closed'><i aria-hidden=\"true\" class=\"fas fa-plus\"><\/i><\/span>\n\t\t<\/span>\n\n\t\t\t\t\t\t<\/summary>\n\t\t\t\t<div role=\"region\" aria-labelledby=\"e-n-accordion-item-5150\" class=\"elementor-element elementor-element-f49dd0d e-con-full e-flex e-con e-child\" data-id=\"f49dd0d\" data-element_type=\"container\" data-e-type=\"container\">\n\t\t\t\t<div class=\"elementor-element elementor-element-6912d35 elementor-widget elementor-widget-template\" data-id=\"6912d35\" data-element_type=\"widget\" data-e-type=\"widget\" data-widget_type=\"template.default\">\n\t\t\t\t<div class=\"elementor-widget-container\">\n\t\t\t\t\t\t\t<div class=\"elementor-template\">\n\t\t\t\t\t<div data-elementor-type=\"container\" data-elementor-id=\"19257\" class=\"elementor elementor-19257 elementor-18546 elementor-18546\" data-elementor-post-type=\"elementor_library\">\n\t\t\t\t<div role=\"region\" aria-labelledby=\"e-n-accordion-item-3550\" class=\"elementor-element elementor-element-4d5d7d7a e-flex e-con-boxed e-con e-parent\" data-id=\"4d5d7d7a\" data-element_type=\"container\" data-e-type=\"container\">\n\t\t\t\t\t<div class=\"e-con-inner\">\n\t\t\t\t<div class=\"elementor-element elementor-element-fa73d9e elementor-widget elementor-widget-text-editor\" data-id=\"fa73d9e\" data-element_type=\"widget\" data-e-type=\"widget\" data-widget_type=\"text-editor.default\">\n\t\t\t\t<div class=\"elementor-widget-container\">\n\t\t\t\t\t\t\t\t\t<h4><strong>Globale Institutionen<\/strong><\/h4>\n<ul>\n<li><a href=\"https:\/\/jstindt.com\/de\/marktzugang-mit-der-who\/\">World Health Organization<\/a> (WHO)<\/li>\n<li><a href=\"https:\/\/jstindt.com\/de\/marktzugang-mit-dem-ispor\/\">International Society for Pharmacoeconomics and Outcomes Research<\/a> (ISPOR)<\/li>\n<\/ul>\n<h4><strong><br \/><a href=\"https:\/\/jstindt.com\/de\/usa\/\">Vereinigte Staaten<\/a><\/strong><\/h4>\n<ul>\n<li><a href=\"https:\/\/jstindt.com\/de\/marktzugang-mit-cms\/\">Centers for Medicare &amp; Medicaid Services<\/a> (CMS)<\/li>\n<li><a href=\"https:\/\/jstindt.com\/de\/marktzugang-mit-amcp\/\">Academy of Managed Care Pharmacy<\/a> (AMCP)<\/li>\n<li><a href=\"https:\/\/jstindt.com\/de\/marktzugang-mit-icer\/\">Institute for Clinical and Economic Review<\/a> (ICER)<\/li>\n<\/ul>\n<h4><strong><br \/><a href=\"https:\/\/jstindt.com\/de\/frankreich\/\">Frankreich<\/a><\/strong><\/h4>\n<ul>\n<li><a href=\"https:\/\/jstindt.com\/de\/marktzugang-mit-der-has\/\">Haute Autorit\u00e9 de Sant\u00e9<\/a> (HAS)<\/li>\n<li><a href=\"https:\/\/jstindt.com\/de\/marktzugang-mit-dem-ceps\/\">Comit\u00e9 \u00c9conomique des Produits de Sant\u00e9<\/a> (CEPS)<\/li>\n<\/ul>\n<h4><strong><br \/><a href=\"https:\/\/jstindt.com\/de\/deutschland\/\">Deutschland<\/a><\/strong><\/h4>\n<ul>\n<li><a href=\"https:\/\/jstindt.com\/de\/marktzugang-mit-dem-g-ba\/\">Gemeinsamer Bundesausschuss<\/a> (G-BA)<\/li>\n<li><a href=\"https:\/\/jstindt.com\/de\/marktzugang-mit-dem-iqwig\/\">Institute for Quality and Efficiency in Health Care<\/a> (IQWiG)<\/li>\n<li><a href=\"https:\/\/jstindt.com\/de\/marktzugang-mit-dem-gkv-spitzenverband\/\">GKV Spitzenverband<\/a><\/li>\n<\/ul>\n<h4><strong><br \/><a href=\"https:\/\/jstindt.com\/de\/vereinigtes-koenigreich\/\">Gro\u00dfbritannien<\/a><\/strong><\/h4>\n<ul>\n<li><a href=\"https:\/\/jstindt.com\/de\/marktzugang-mit-nice\/\">National Institute for Health and Care Excellence<\/a> (NICE)<\/li>\n<li><a href=\"https:\/\/jstindt.com\/de\/marktzugang-mit-dem-smc\/\">Scottish Medicines Consortium<\/a> (SMC)<\/li>\n<li><a href=\"https:\/\/jstindt.com\/de\/marktzugang-mit-awmsg\/\" rel=\"noopener\">All Wales Medicines Strategy Group<\/a> (AWMSG)<\/li>\n<li><a href=\"https:\/\/jstindt.com\/de\/marktzugang-mit-dem-nhs\/\">National Health Service<\/a> (NHS)<\/li>\n<\/ul>\n<h4><strong><br \/><a href=\"https:\/\/jstindt.com\/de\/italien\/\">Italien<\/a><\/strong><\/h4>\n<ul>\n<li><a href=\"https:\/\/jstindt.com\/de\/marktzugang-mit-der-aifa\/\">Italian Medicines Agency<\/a> (AIFA)<\/li>\n<li><a href=\"https:\/\/jstindt.com\/de\/marktzugang-mit-der-cse\/\">Scientific and Economic Commission<\/a> (CSE)<\/li>\n<\/ul>\n<h4><strong><br \/><a href=\"https:\/\/jstindt.com\/de\/spanien\/\">Spanien<\/a><\/strong><\/h4>\n<ul>\n<li><a href=\"https:\/\/jstindt.com\/de\/marktzugang-mit-der-aemps-ihr\/\">Spanish Agency of Medicines and Medical Devices<\/a> (AEMPS)<\/li>\n<li><a href=\"https:\/\/jstindt.com\/de\/marktzugang-mit-der-dgcf\/\">Direcci\u00f3n General de Cartera Com\u00fan de Servicios del Sistema Nacional de Salud y Farmacia<\/a> (DGCF)<\/li>\n<li><a href=\"https:\/\/jstindt.com\/de\/marktzugang-mit-der-cipm\/\">Interministerial Commission on Medicine Prices<\/a> (CIPM)<\/li>\n<\/ul>\n<h4><strong><br \/><a href=\"https:\/\/jstindt.com\/de\/schweiz\/\">Schweiz<\/a><\/strong><\/h4>\n<ul>\n<li><a href=\"https:\/\/jstindt.com\/de\/marktzugang-mit-dem-bag\/\">Federal Office of Public Health<\/a> (FOPH)<\/li>\n<\/ul>\n\t\t\t\t\t\t\t\t<\/div>\n\t\t\t\t<\/div>\n\t\t\t\t\t<\/div>\n\t\t\t\t<\/div>\n\t\t\t\t<\/div>\n\t\t\t\t<\/div>\n\t\t\t\t\t\t<\/div>\n\t\t\t\t<\/div>\n\t\t\t\t<\/div>\n\t\t\t\t\t<\/details>\n\t\t\t\t\t<\/div>\n\t\t\t\t\t\t<\/div>\n\t\t\t\t<\/div>\n\t\t\t\t\t<\/div>\n\t\t\t\t<\/div>\n\t\t\t\t<\/div>\n\t\t","protected":false},"excerpt":{"rendered":"<p>Der Wissenschaftliche und Wirtschaftliche Ausschuss f\u00fcr Arzneimittel (CSE) ist ein Gremium innerhalb der Italienischen Arzneimittelbeh\u00f6rde (AIFA) und spielt eine entscheidende Rolle bei der HTA-Bewertung, der wirtschaftlichen Analyse und der Preisverhandlung f\u00fcr Arzneimittel in Italien. Die CSE wurde gegr\u00fcndet, um technische und beratende Unterst\u00fctzung zu leisten und sicherzustellen, dass in Italien zugelassene Arzneimittel strengen Qualit\u00e4ts-, Sicherheits-, [&hellip;]<\/p>\n","protected":false},"author":3,"featured_media":0,"parent":0,"menu_order":0,"comment_status":"closed","ping_status":"closed","template":"","meta":{"_acf_changed":false,"footnotes":""},"class_list":["post-19052","page","type-page","status-publish","hentry"],"acf":[],"_links":{"self":[{"href":"https:\/\/jstindt.com\/de\/wp-json\/wp\/v2\/pages\/19052","targetHints":{"allow":["GET"]}}],"collection":[{"href":"https:\/\/jstindt.com\/de\/wp-json\/wp\/v2\/pages"}],"about":[{"href":"https:\/\/jstindt.com\/de\/wp-json\/wp\/v2\/types\/page"}],"author":[{"embeddable":true,"href":"https:\/\/jstindt.com\/de\/wp-json\/wp\/v2\/users\/3"}],"replies":[{"embeddable":true,"href":"https:\/\/jstindt.com\/de\/wp-json\/wp\/v2\/comments?post=19052"}],"version-history":[{"count":8,"href":"https:\/\/jstindt.com\/de\/wp-json\/wp\/v2\/pages\/19052\/revisions"}],"predecessor-version":[{"id":19594,"href":"https:\/\/jstindt.com\/de\/wp-json\/wp\/v2\/pages\/19052\/revisions\/19594"}],"wp:attachment":[{"href":"https:\/\/jstindt.com\/de\/wp-json\/wp\/v2\/media?parent=19052"}],"curies":[{"name":"wp","href":"https:\/\/api.w.org\/{rel}","templated":true}]}}