{"id":19032,"date":"2025-02-13T14:08:51","date_gmt":"2025-02-13T13:08:51","guid":{"rendered":"https:\/\/jstindt.com\/?page_id=19032"},"modified":"2025-03-10T14:23:29","modified_gmt":"2025-03-10T13:23:29","slug":"marktzugang-mit-der-aifa","status":"publish","type":"page","link":"https:\/\/jstindt.com\/de\/marktzugang-mit-der-aifa\/","title":{"rendered":"Marktzugang mit der AIFA: Ihr Leitfaden f\u00fcr die italienische Arzneimittelzulassung und HTA-Beh\u00f6rde"},"content":{"rendered":"\t\t<div data-elementor-type=\"wp-page\" data-elementor-id=\"19032\" class=\"elementor elementor-19032 elementor-18629\" data-elementor-post-type=\"page\">\n\t\t\t\t<div class=\"elementor-element elementor-element-4a92cd2 e-flex e-con-boxed e-con e-parent\" data-id=\"4a92cd2\" data-element_type=\"container\" data-e-type=\"container\">\n\t\t\t\t\t<div class=\"e-con-inner\">\n\t\t\t\t<div class=\"elementor-element elementor-element-e184995 elementor-widget elementor-widget-text-editor\" data-id=\"e184995\" data-element_type=\"widget\" data-e-type=\"widget\" data-widget_type=\"text-editor.default\">\n\t\t\t\t<div class=\"elementor-widget-container\">\n\t\t\t\t\t\t\t\t\t<p><span style=\"font-weight: 400;\">Die <\/span><i><span style=\"font-weight: 400;\">Agenzia Italiana del Farmaco<\/span><\/i><span style=\"font-weight: 400;\"> (<\/span><i><span style=\"font-weight: 400;\">AIFA<\/span><\/i><span style=\"font-weight: 400;\">) ist die nationale Beh\u00f6rde f\u00fcr die Arzneimittelzulassung und die Bewertung von Gesundheitstechnologien (<\/span><i><span style=\"font-weight: 400;\">HTA<\/span><\/i><span style=\"font-weight: 400;\">) in Italien. Sie wurde gegr\u00fcndet, um die Sicherheit, Wirksamkeit und Qualit\u00e4t von Arzneimitteln zu gew\u00e4hrleisten, und spielt eine zentrale Rolle bei der \u00dcberwachung des gesamten Lebenszyklus pharmazeutischer Produkte \u2013 von klinischen Studien bis zur Marktzulassung und Pharmakovigilanz. Die Zusammenarbeit mit der AIFA ist f\u00fcr Unternehmen, die Zugang zum italienischen Arzneimittelmarkt anstreben, unerl\u00e4sslich. (<\/span><a href=\"https:\/\/www.aifa.gov.it\/en\/\"><span style=\"font-weight: 400;\">aifa.gov.it<\/span><\/a><span style=\"font-weight: 400;\">)<\/span><\/p>\n<h2><b>Hauptaufgaben der AIFA<\/b><\/h2>\n<ul>\n<li><b>Zulassung von Arzneimitteln:<\/b><span style=\"font-weight: 400;\"> Bewertung und Erteilung von Marktzulassungen (<\/span><i><span style=\"font-weight: 400;\">MA<\/span><\/i><span style=\"font-weight: 400;\">) f\u00fcr neue Arzneimittel unter Ber\u00fccksichtigung strenger Standards f\u00fcr Qualit\u00e4t, Sicherheit und Wirksamkeit.<\/span><\/li>\n<li><b>Preisgestaltung und Erstattung:<\/b><span style=\"font-weight: 400;\"> Verhandlung von Arzneimittelpreisen und Festlegung ihres Erstattungsstatus innerhalb des nationalen Gesundheitsdienstes (<\/span><i><span style=\"font-weight: 400;\">NHS<\/span><\/i><span style=\"font-weight: 400;\">), um den Zugang und die wirtschaftliche Tragf\u00e4higkeit zu gew\u00e4hrleisten.<\/span><\/li>\n<li><b>Pharmakovigilanz:<\/b><span style=\"font-weight: 400;\"> \u00dcberwachung der Arzneimittelsicherheit nach der Markteinf\u00fchrung zur fr\u00fchzeitigen Identifizierung und Bew\u00e4ltigung unerw\u00fcnschter Wirkungen.<\/span><\/li>\n<li><b>F\u00f6rderung von Forschung und Entwicklung:<\/b><span style=\"font-weight: 400;\"> Unterst\u00fctzung von pharmazeutischer Innovation durch klinische Forschung und fr\u00fchzeitige Zugangsprogramme f\u00fcr vielversprechende Therapien. (<\/span><a href=\"https:\/\/www.aifa.gov.it\/en\/\"><span style=\"font-weight: 400;\">aifa.gov.it<\/span><\/a><span style=\"font-weight: 400;\">)<\/span><\/li>\n<\/ul>\n<h2><b>Leitung und wichtige Ansprechpartner<\/b><\/h2>\n<p><span style=\"font-weight: 400;\">Stand Januar 2025 wird die AIFA von <\/span><b>Robert Giovanni Nistic\u00f2<\/b><span style=\"font-weight: 400;\"> geleitet, der die strategischen Initiativen und operativen Prozesse der Beh\u00f6rde \u00fcberwacht.<\/span><\/p>\n<h3><b>Kontaktinformationen der AIFA<\/b><\/h3>\n<ul>\n<li><b>Website:<\/b><a href=\"https:\/\/www.aifa.gov.it\/en\/\"> <span style=\"font-weight: 400;\">aifa.gov.it<\/span><\/a><\/li>\n<li><b>Postadresse:<\/b><b><br><\/b> <span style=\"font-weight: 400;\">Agenzia Italiana del Farmaco (<\/span><i><span style=\"font-weight: 400;\">AIFA<\/span><\/i><span style=\"font-weight: 400;\">)<\/span><span style=\"font-weight: 400;\"><br><\/span><span style=\"font-weight: 400;\"> Via del Tritone, 181<\/span><span style=\"font-weight: 400;\"><br><\/span><span style=\"font-weight: 400;\">&nbsp; 00187 Rom, Italien<\/span><span style=\"font-weight: 400;\"><br><\/span><span style=\"font-weight: 400;\">&nbsp; <\/span><b>Telefon:<\/b><span style=\"font-weight: 400;\"> +39 06 5978401<\/span><\/li>\n<\/ul>\n<h2><b>Herausforderungen bei der Zusammenarbeit mit der AIFA<\/b><\/h2>\n<ul>\n<li><b>Verst\u00e4ndnis der regulatorischen Verfahren:<\/b><span style=\"font-weight: 400;\"> Kenntnisse \u00fcber die Zulassungsprozesse und Anforderungen der AIFA sind entscheidend f\u00fcr einen erfolgreichen Marktzugang.<\/span><\/li>\n<li><b>Pr\u00e4zise und rechtzeitige Einreichungen:<\/b><span style=\"font-weight: 400;\"> Sorgf\u00e4ltige Erstellung und termingerechte Einreichung der Dokumentation zur Unterst\u00fctzung des Bewertungsprozesses.<\/span><\/li>\n<li><b>Zusammenarbeit mit relevanten Akteuren:<\/b><span style=\"font-weight: 400;\"> Effektive Abstimmung mit den Akteuren des italienischen Gesundheitswesens zur Einhaltung der AIFA-Richtlinien und -Standards.<\/span><\/li>\n<\/ul>\n<p><span style=\"font-weight: 400;\">Eine erfolgreiche Zusammenarbeit mit der AIFA kann zu einem effizienten Markteintritt sowie zu vorteilhaften HTA- und Erstattungsentscheidungen in Italien f\u00fchren.<\/span><\/p>\n<h2><b>Chancen \/ L\u00f6sungen mit Justin Stindt Consultants<\/b><\/h2>\n<ul>\n<li><b>Expertenberatung f\u00fcr AIFA-Einreichungen:<\/b><span style=\"font-weight: 400;\"> Erstellung hochwertiger Dossiers f\u00fcr Marktzulassungen und Erstattungsantr\u00e4ge.<\/span><\/li>\n<li><b>Marktzugangsstrategien f\u00fcr die AIFA:<\/b><span style=\"font-weight: 400;\"> Entwicklung ma\u00dfgeschneiderter Strategien, die auf das regulatorische Umfeld der AIFA abgestimmt sind, um den Marktzugang zu optimieren.<\/span><\/li>\n<li><b>Fachwissen zu AIFA-Prozessen:<\/b><span style=\"font-weight: 400;\"> Detaillierte Einblicke in die Verfahren der AIFA zur Verbesserung der Compliance und Beschleunigung der Zulassungen.<\/span><\/li>\n<\/ul>\n<p><span style=\"font-weight: 400;\">Justin Stindt Consultants unterst\u00fctzt Unternehmen bei der Navigation durch das regulatorische und HTA-Umfeld der AIFA, um einen erfolgreichen Marktzugang in Italien zu erreichen.<\/span><\/p>\t\t\t\t\t\t\t\t<\/div>\n\t\t\t\t<\/div>\n\t\t\t\t\t<\/div>\n\t\t\t\t<\/div>\n\t\t<div class=\"elementor-element elementor-element-2f98e89 e-flex e-con-boxed e-con e-parent\" data-id=\"2f98e89\" data-element_type=\"container\" data-e-type=\"container\">\n\t\t\t\t\t<div class=\"e-con-inner\">\n\t\t\t\t<div class=\"elementor-element elementor-element-7efabda elementor-widget-divider--view-line elementor-widget elementor-widget-divider\" data-id=\"7efabda\" data-element_type=\"widget\" data-e-type=\"widget\" data-widget_type=\"divider.default\">\n\t\t\t\t<div class=\"elementor-widget-container\">\n\t\t\t\t\t\t\t<div class=\"elementor-divider\">\n\t\t\t<span class=\"elementor-divider-separator\">\n\t\t\t\t\t\t<\/span>\n\t\t<\/div>\n\t\t\t\t\t\t<\/div>\n\t\t\t\t<\/div>\n\t\t\t\t\t<\/div>\n\t\t\t\t<\/div>\n\t\t<div class=\"elementor-element elementor-element-2a8ae943 e-flex e-con-boxed e-con e-parent\" data-id=\"2a8ae943\" data-element_type=\"container\" data-e-type=\"container\">\n\t\t\t\t\t<div class=\"e-con-inner\">\n\t\t<div class=\"elementor-element elementor-element-47ebb194 e-con-full bordered-block e-flex e-con e-child\" data-id=\"47ebb194\" data-element_type=\"container\" data-e-type=\"container\">\n\t\t\t\t<div class=\"elementor-element elementor-element-3f4d0ee5 elementor-widget elementor-widget-text-editor\" data-id=\"3f4d0ee5\" data-element_type=\"widget\" data-e-type=\"widget\" data-widget_type=\"text-editor.default\">\n\t\t\t\t<div class=\"elementor-widget-container\">\n\t\t\t\t\t\t\t\t\t<h3>Fallstudie<\/h3><h2>Erfolg eines Pharmaunternehmens mit der AIFA<\/h2>\t\t\t\t\t\t\t\t<\/div>\n\t\t\t\t<\/div>\n\t\t\t\t<div class=\"elementor-element elementor-element-11056ac9 elementor-widget elementor-widget-text-editor\" data-id=\"11056ac9\" data-element_type=\"widget\" data-e-type=\"widget\" data-widget_type=\"text-editor.default\">\n\t\t\t\t<div class=\"elementor-widget-container\">\n\t\t\t\t\t\t\t\t\t<p><strong>Herausforderung<\/strong>: <br \/>Ein Pharmaunternehmen ben\u00f6tigte Unterst\u00fctzung bei der Erlangung einer Erstattungszulassung f\u00fcr eine neue Therapie in Italien.<\/p><p><strong>L\u00f6sung<\/strong>: <br \/>Wir begleiteten die Erstellung eines umfassenden Dossiers, das den Bewertungskriterien der AIFA entsprach.<\/p><p><strong>Ergebnis<\/strong>: <br \/>Unser strategischer Ansatz f\u00fchrte zu einer positiven Entscheidung, die die Aufnahme der Therapie in die nationale Erstattungsliste erm\u00f6glichte.<\/p>\t\t\t\t\t\t\t\t<\/div>\n\t\t\t\t<\/div>\n\t\t\t\t<\/div>\n\t\t\t\t\t<\/div>\n\t\t\t\t<\/div>\n\t\t<div class=\"elementor-element elementor-element-280e106 e-con-full e-flex e-con e-parent\" data-id=\"280e106\" data-element_type=\"container\" data-e-type=\"container\" data-settings=\"{&quot;background_background&quot;:&quot;classic&quot;}\">\n\t\t\t\t<div class=\"elementor-element elementor-element-4b4e0a6 elementor-cta--skin-classic elementor-animated-content elementor-bg-transform elementor-bg-transform-zoom-in elementor-widget elementor-widget-call-to-action\" data-id=\"4b4e0a6\" data-element_type=\"widget\" data-e-type=\"widget\" data-widget_type=\"call-to-action.default\">\n\t\t\t\t<div class=\"elementor-widget-container\">\n\t\t\t\t\t\t\t<div class=\"elementor-cta\">\n\t\t\t\t\t\t\t<div class=\"elementor-cta__content\">\n\t\t\t\t\n\t\t\t\t\t\t\t\t\t<h2 class=\"elementor-cta__title elementor-cta__content-item elementor-content-item\">\n\t\t\t\t\t\tBen\u00f6tigen Sie Unterst\u00fctzung beim Marktzugang mit der AIFA? Die Experten von Justin Stindt Consultants stehen Ihnen zur Seite.\t\t\t\t\t<\/h2>\n\t\t\t\t\n\t\t\t\t\t\t\t\t\t<div class=\"elementor-cta__description elementor-cta__content-item elementor-content-item\">\n\t\t\t\t\t\tKontaktieren Sie uns noch heute, um Ihre Marktzugangsstrategie zu entwickeln und Ihren Erfolg mit der AIFA zu sichern.\t\t\t\t\t<\/div>\n\t\t\t\t\n\t\t\t\t\t\t\t\t\t<div class=\"elementor-cta__button-wrapper elementor-cta__content-item elementor-content-item \">\n\t\t\t\t\t<a class=\"elementor-cta__button elementor-button elementor-size-\" href=\"https:\/\/jstindt.com\/contact-us\/\">\n\t\t\t\t\t\tKontakt zu Justin Stindt Consultants\t\t\t\t\t<\/a>\n\t\t\t\t\t<\/div>\n\t\t\t\t\t\t\t<\/div>\n\t\t\t\t\t\t<\/div>\n\t\t\t\t\t\t<\/div>\n\t\t\t\t<\/div>\n\t\t\t\t<\/div>\n\t\t<div class=\"elementor-element elementor-element-23e15bd e-flex e-con-boxed e-con e-parent\" data-id=\"23e15bd\" data-element_type=\"container\" data-e-type=\"container\">\n\t\t\t\t\t<div class=\"e-con-inner\">\n\t\t\t\t<div class=\"elementor-element elementor-element-0363f0b elementor-widget elementor-widget-n-accordion\" data-id=\"0363f0b\" data-element_type=\"widget\" data-e-type=\"widget\" data-settings=\"{&quot;default_state&quot;:&quot;all_collapsed&quot;,&quot;max_items_expended&quot;:&quot;one&quot;,&quot;n_accordion_animation_duration&quot;:{&quot;unit&quot;:&quot;ms&quot;,&quot;size&quot;:400,&quot;sizes&quot;:[]}}\" data-widget_type=\"nested-accordion.default\">\n\t\t\t\t<div class=\"elementor-widget-container\">\n\t\t\t\t\t\t\t<div class=\"e-n-accordion\" aria-label=\"Accordion. Open links with Enter or Space, close with Escape, and navigate with Arrow Keys\">\n\t\t\t\t\t\t<details id=\"e-n-accordion-item-3550\" class=\"e-n-accordion-item\" >\n\t\t\t\t<summary class=\"e-n-accordion-item-title\" data-accordion-index=\"1\" tabindex=\"0\" aria-expanded=\"false\" aria-controls=\"e-n-accordion-item-3550\" >\n\t\t\t\t\t<span class='e-n-accordion-item-title-header'><div class=\"e-n-accordion-item-title-text\"> Andere Schl\u00fcsselinstitutionen f\u00fcr den Marktzugang <\/div><\/span>\n\t\t\t\t\t\t\t<span class='e-n-accordion-item-title-icon'>\n\t\t\t<span class='e-opened' ><i aria-hidden=\"true\" class=\"fas fa-minus\"><\/i><\/span>\n\t\t\t<span class='e-closed'><i aria-hidden=\"true\" class=\"fas fa-plus\"><\/i><\/span>\n\t\t<\/span>\n\n\t\t\t\t\t\t<\/summary>\n\t\t\t\t<div role=\"region\" aria-labelledby=\"e-n-accordion-item-3550\" class=\"elementor-element elementor-element-297e3e1 e-con-full e-flex e-con e-child\" data-id=\"297e3e1\" data-element_type=\"container\" data-e-type=\"container\">\n\t\t\t\t<div class=\"elementor-element elementor-element-8607e75 elementor-widget elementor-widget-template\" data-id=\"8607e75\" data-element_type=\"widget\" data-e-type=\"widget\" data-widget_type=\"template.default\">\n\t\t\t\t<div class=\"elementor-widget-container\">\n\t\t\t\t\t\t\t<div class=\"elementor-template\">\n\t\t\t\t\t<div data-elementor-type=\"container\" data-elementor-id=\"19257\" class=\"elementor elementor-19257 elementor-18546 elementor-18546\" data-elementor-post-type=\"elementor_library\">\n\t\t\t\t<div role=\"region\" aria-labelledby=\"e-n-accordion-item-1480\" class=\"elementor-element elementor-element-4d5d7d7a e-flex e-con-boxed e-con e-parent\" data-id=\"4d5d7d7a\" data-element_type=\"container\" data-e-type=\"container\">\n\t\t\t\t\t<div class=\"e-con-inner\">\n\t\t\t\t<div class=\"elementor-element elementor-element-fa73d9e elementor-widget elementor-widget-text-editor\" data-id=\"fa73d9e\" data-element_type=\"widget\" data-e-type=\"widget\" data-widget_type=\"text-editor.default\">\n\t\t\t\t<div class=\"elementor-widget-container\">\n\t\t\t\t\t\t\t\t\t<h4><strong>Globale Institutionen<\/strong><\/h4>\n<ul>\n<li><a href=\"https:\/\/jstindt.com\/de\/marktzugang-mit-der-who\/\">World Health Organization<\/a> (WHO)<\/li>\n<li><a href=\"https:\/\/jstindt.com\/de\/marktzugang-mit-dem-ispor\/\">International Society for Pharmacoeconomics and Outcomes Research<\/a> (ISPOR)<\/li>\n<\/ul>\n<h4><strong><br \/><a href=\"https:\/\/jstindt.com\/de\/usa\/\">Vereinigte Staaten<\/a><\/strong><\/h4>\n<ul>\n<li><a href=\"https:\/\/jstindt.com\/de\/marktzugang-mit-cms\/\">Centers for Medicare &amp; Medicaid Services<\/a> (CMS)<\/li>\n<li><a href=\"https:\/\/jstindt.com\/de\/marktzugang-mit-amcp\/\">Academy of Managed Care Pharmacy<\/a> (AMCP)<\/li>\n<li><a href=\"https:\/\/jstindt.com\/de\/marktzugang-mit-icer\/\">Institute for Clinical and Economic Review<\/a> (ICER)<\/li>\n<\/ul>\n<h4><strong><br \/><a href=\"https:\/\/jstindt.com\/de\/frankreich\/\">Frankreich<\/a><\/strong><\/h4>\n<ul>\n<li><a href=\"https:\/\/jstindt.com\/de\/marktzugang-mit-der-has\/\">Haute Autorit\u00e9 de Sant\u00e9<\/a> (HAS)<\/li>\n<li><a href=\"https:\/\/jstindt.com\/de\/marktzugang-mit-dem-ceps\/\">Comit\u00e9 \u00c9conomique des Produits de Sant\u00e9<\/a> (CEPS)<\/li>\n<\/ul>\n<h4><strong><br \/><a href=\"https:\/\/jstindt.com\/de\/deutschland\/\">Deutschland<\/a><\/strong><\/h4>\n<ul>\n<li><a href=\"https:\/\/jstindt.com\/de\/marktzugang-mit-dem-g-ba\/\">Gemeinsamer Bundesausschuss<\/a> (G-BA)<\/li>\n<li><a href=\"https:\/\/jstindt.com\/de\/marktzugang-mit-dem-iqwig\/\">Institute for Quality and Efficiency in Health Care<\/a> (IQWiG)<\/li>\n<li><a href=\"https:\/\/jstindt.com\/de\/marktzugang-mit-dem-gkv-spitzenverband\/\">GKV Spitzenverband<\/a><\/li>\n<\/ul>\n<h4><strong><br \/><a href=\"https:\/\/jstindt.com\/de\/vereinigtes-koenigreich\/\">Gro\u00dfbritannien<\/a><\/strong><\/h4>\n<ul>\n<li><a href=\"https:\/\/jstindt.com\/de\/marktzugang-mit-nice\/\">National Institute for Health and Care Excellence<\/a> (NICE)<\/li>\n<li><a href=\"https:\/\/jstindt.com\/de\/marktzugang-mit-dem-smc\/\">Scottish Medicines Consortium<\/a> (SMC)<\/li>\n<li><a href=\"https:\/\/jstindt.com\/de\/marktzugang-mit-awmsg\/\" rel=\"noopener\">All Wales Medicines Strategy Group<\/a> (AWMSG)<\/li>\n<li><a href=\"https:\/\/jstindt.com\/de\/marktzugang-mit-dem-nhs\/\">National Health Service<\/a> (NHS)<\/li>\n<\/ul>\n<h4><strong><br \/><a href=\"https:\/\/jstindt.com\/de\/italien\/\">Italien<\/a><\/strong><\/h4>\n<ul>\n<li><a href=\"https:\/\/jstindt.com\/de\/marktzugang-mit-der-aifa\/\">Italian Medicines Agency<\/a> (AIFA)<\/li>\n<li><a href=\"https:\/\/jstindt.com\/de\/marktzugang-mit-der-cse\/\">Scientific and Economic Commission<\/a> (CSE)<\/li>\n<\/ul>\n<h4><strong><br \/><a href=\"https:\/\/jstindt.com\/de\/spanien\/\">Spanien<\/a><\/strong><\/h4>\n<ul>\n<li><a href=\"https:\/\/jstindt.com\/de\/marktzugang-mit-der-aemps-ihr\/\">Spanish Agency of Medicines and Medical Devices<\/a> (AEMPS)<\/li>\n<li><a href=\"https:\/\/jstindt.com\/de\/marktzugang-mit-der-dgcf\/\">Direcci\u00f3n General de Cartera Com\u00fan de Servicios del Sistema Nacional de Salud y Farmacia<\/a> (DGCF)<\/li>\n<li><a href=\"https:\/\/jstindt.com\/de\/marktzugang-mit-der-cipm\/\">Interministerial Commission on Medicine Prices<\/a> (CIPM)<\/li>\n<\/ul>\n<h4><strong><br \/><a href=\"https:\/\/jstindt.com\/de\/schweiz\/\">Schweiz<\/a><\/strong><\/h4>\n<ul>\n<li><a href=\"https:\/\/jstindt.com\/de\/marktzugang-mit-dem-bag\/\">Federal Office of Public Health<\/a> (FOPH)<\/li>\n<\/ul>\n\t\t\t\t\t\t\t\t<\/div>\n\t\t\t\t<\/div>\n\t\t\t\t\t<\/div>\n\t\t\t\t<\/div>\n\t\t\t\t<\/div>\n\t\t\t\t<\/div>\n\t\t\t\t\t\t<\/div>\n\t\t\t\t<\/div>\n\t\t\t\t<\/div>\n\t\t\t\t\t<\/details>\n\t\t\t\t\t<\/div>\n\t\t\t\t\t\t<\/div>\n\t\t\t\t<\/div>\n\t\t\t\t\t<\/div>\n\t\t\t\t<\/div>\n\t\t\t\t<\/div>\n\t\t","protected":false},"excerpt":{"rendered":"<p>Die Agenzia Italiana del Farmaco (AIFA) ist die nationale Beh\u00f6rde f\u00fcr die Arzneimittelzulassung und die Bewertung von Gesundheitstechnologien (HTA) in Italien. Sie wurde gegr\u00fcndet, um die Sicherheit, Wirksamkeit und Qualit\u00e4t von Arzneimitteln zu gew\u00e4hrleisten, und spielt eine zentrale Rolle bei der \u00dcberwachung des gesamten Lebenszyklus pharmazeutischer Produkte \u2013 von klinischen Studien bis zur Marktzulassung und [&hellip;]<\/p>\n","protected":false},"author":3,"featured_media":0,"parent":0,"menu_order":0,"comment_status":"closed","ping_status":"closed","template":"","meta":{"_acf_changed":false,"footnotes":""},"class_list":["post-19032","page","type-page","status-publish","hentry"],"acf":[],"_links":{"self":[{"href":"https:\/\/jstindt.com\/de\/wp-json\/wp\/v2\/pages\/19032","targetHints":{"allow":["GET"]}}],"collection":[{"href":"https:\/\/jstindt.com\/de\/wp-json\/wp\/v2\/pages"}],"about":[{"href":"https:\/\/jstindt.com\/de\/wp-json\/wp\/v2\/types\/page"}],"author":[{"embeddable":true,"href":"https:\/\/jstindt.com\/de\/wp-json\/wp\/v2\/users\/3"}],"replies":[{"embeddable":true,"href":"https:\/\/jstindt.com\/de\/wp-json\/wp\/v2\/comments?post=19032"}],"version-history":[{"count":8,"href":"https:\/\/jstindt.com\/de\/wp-json\/wp\/v2\/pages\/19032\/revisions"}],"predecessor-version":[{"id":19593,"href":"https:\/\/jstindt.com\/de\/wp-json\/wp\/v2\/pages\/19032\/revisions\/19593"}],"wp:attachment":[{"href":"https:\/\/jstindt.com\/de\/wp-json\/wp\/v2\/media?parent=19032"}],"curies":[{"name":"wp","href":"https:\/\/api.w.org\/{rel}","templated":true}]}}