{"id":19012,"date":"2025-02-13T14:07:01","date_gmt":"2025-02-13T13:07:01","guid":{"rendered":"https:\/\/jstindt.com\/?page_id=19012"},"modified":"2025-03-10T14:23:21","modified_gmt":"2025-03-10T13:23:21","slug":"marktzugang-mit-der-who","status":"publish","type":"page","link":"https:\/\/jstindt.com\/de\/marktzugang-mit-der-who\/","title":{"rendered":"Marktzugang mit der WHO: Ihr Leitfaden f\u00fcr das globale Gesundheitswesen"},"content":{"rendered":"\t\t<div data-elementor-type=\"wp-page\" data-elementor-id=\"19012\" class=\"elementor elementor-19012 elementor-18624\" data-elementor-post-type=\"page\">\n\t\t\t\t<div class=\"elementor-element elementor-element-4b6e2c7 e-flex e-con-boxed e-con e-parent\" data-id=\"4b6e2c7\" data-element_type=\"container\" data-e-type=\"container\">\n\t\t\t\t\t<div class=\"e-con-inner\">\n\t\t\t\t<div class=\"elementor-element elementor-element-f30cc2b elementor-widget elementor-widget-text-editor\" data-id=\"f30cc2b\" data-element_type=\"widget\" data-e-type=\"widget\" data-widget_type=\"text-editor.default\">\n\t\t\t\t<div class=\"elementor-widget-container\">\n\t\t\t\t\t\t\t\t\t<p><span style=\"font-weight: 400;\">Die Weltgesundheitsorganisation (<\/span><i><span style=\"font-weight: 400;\">WHO<\/span><\/i><span style=\"font-weight: 400;\">) ist eine spezialisierte Agentur der Vereinten Nationen, die f\u00fcr die globale \u00f6ffentliche Gesundheit verantwortlich ist. Seit ihrer Gr\u00fcndung im Jahr 1948 setzt sich die WHO f\u00fcr die F\u00f6rderung der Gesundheit, den Schutz der Bev\u00f6lkerung und die Unterst\u00fctzung der Schw\u00e4chsten ein. Die Organisation spielt eine zentrale Rolle bei der Koordinierung globaler Gesundheitsma\u00dfnahmen, der Festlegung internationaler Gesundheitsstandards und der Bereitstellung von Richtlinien im Gesundheitswesen. Eine Zusammenarbeit mit der WHO ist f\u00fcr Unternehmen, die einen Marktzugang im globalen Gesundheitsbereich anstreben, von entscheidender Bedeutung. (<\/span><a href=\"https:\/\/www.who.int\/\"><span style=\"font-weight: 400;\">who.int<\/span><\/a><span style=\"font-weight: 400;\">)<\/span><\/p>\n<h2><b>Hauptfunktionen der WHO<\/b><\/h2>\n<ul>\n<li><b>Festlegung internationaler Gesundheitsstandards:<\/b><span style=\"font-weight: 400;\"> Entwicklung von Normen und Standards zur Sicherstellung der Qualit\u00e4t, Sicherheit und Wirksamkeit von Gesundheitsprodukten und -interventionen weltweit.<\/span><\/li>\n<li><b>Bereitstellung technischer Unterst\u00fctzung:<\/b><span style=\"font-weight: 400;\"> Beratung und Unterst\u00fctzung von L\u00e4ndern zur St\u00e4rkung ihrer Gesundheitssysteme und Umsetzung effektiver Gesundheitspolitiken.<\/span><\/li>\n<li><b>\u00dcberwachung globaler Gesundheitstrends:<\/b><span style=\"font-weight: 400;\"> Analyse weltweiter Gesundheitstrends zur Unterst\u00fctzung politischer Entscheidungen und Ressourcenverteilung.<\/span><\/li>\n<\/ul>\n<h2><b>Leitung und wichtige Ansprechpartner<\/b><\/h2>\n<p><span style=\"font-weight: 400;\">Stand Januar 2025 wird die WHO von <\/span><b>Dr. Tedros Adhanom Ghebreyesus<\/b><span style=\"font-weight: 400;\"> als Generaldirektor geleitet, der die strategischen Initiativen und Operationen der Organisation \u00fcberwacht.<\/span><\/p>\n<h3><b>Kontaktinformationen der WHO<\/b><\/h3>\n<ul>\n<li><b>Website:<\/b><a href=\"https:\/\/www.who.int\/\"> <span style=\"font-weight: 400;\">who.int<\/span><\/a><\/li>\n<li><b>Postadresse:<\/b><b><br><\/b> <span style=\"font-weight: 400;\">Weltgesundheitsorganisation<\/span><span style=\"font-weight: 400;\"><br><\/span><span style=\"font-weight: 400;\"> Avenue Appia 20<\/span><span style=\"font-weight: 400;\"><br><\/span><span style=\"font-weight: 400;\">&nbsp; 1211 Genf 27, Schweiz<\/span><span style=\"font-weight: 400;\"><br><\/span><span style=\"font-weight: 400;\">&nbsp; <\/span><b>Telefon:<\/b><span style=\"font-weight: 400;\"> +41 22 791 21 11<\/span><\/li>\n<\/ul>\n<h2><b>Herausforderungen bei der Zusammenarbeit mit der WHO<\/b><\/h2>\n<ul>\n<li><b>Verst\u00e4ndnis globaler Gesundheitspolitik:<\/b><span style=\"font-weight: 400;\"> Kenntnisse \u00fcber die WHO-Richtlinien und -Rahmenbedingungen sind entscheidend f\u00fcr einen erfolgreichen Marktzugang.<\/span><\/li>\n<li><b>P\u00fcnktliche und vollst\u00e4ndige Einreichungen:<\/b><span style=\"font-weight: 400;\"> Sicherstellung einer vollst\u00e4ndigen und fristgerechten Dokumentation zur Unterst\u00fctzung von Bewertungsprozessen.<\/span><\/li>\n<li><b>Zusammenarbeit mit globalen Akteuren:<\/b><span style=\"font-weight: 400;\"> Effektive Zusammenarbeit mit internationalen Gesundheitsakteuren zur Einhaltung der WHO-Standards und -Empfehlungen.<\/span><\/li>\n<\/ul>\n<p><span style=\"font-weight: 400;\">Eine erfolgreiche Zusammenarbeit mit der WHO kann zu einer gesteigerten Glaubw\u00fcrdigkeit und globalen Anerkennung von Gesundheitsprodukten und -interventionen f\u00fchren.<\/span><\/p>\n<h2><b>Chancen \/ L\u00f6sungen mit Justin Stindt Consultants<\/b><\/h2>\n<ul>\n<li><b>Expertenberatung f\u00fcr WHO-Einreichungen:<\/b><span style=\"font-weight: 400;\"> Erstellung hochwertiger Dossiers f\u00fcr WHO-Bewertungen und Pr\u00e4qualifizierungsprozesse.<\/span><\/li>\n<li><b>Strategien f\u00fcr den Marktzugang mit der WHO:<\/b><span style=\"font-weight: 400;\"> Bew\u00e4hrte Methoden zur Optimierung des globalen Markteintritts und der Marktakzeptanz.<\/span><\/li>\n<li><b>Spezialwissen zu WHO-Prozessen:<\/b><span style=\"font-weight: 400;\"> Tiefgehendes Verst\u00e4ndnis der WHO-Verfahren zur Beschleunigung von Genehmigungen und Zulassungen.<\/span><\/li>\n<li><b>Unterst\u00fctzung durch WHO-Berater:<\/b><span style=\"font-weight: 400;\"> Expertenrat f\u00fcr Unternehmen, die mit der WHO zusammenarbeiten, um Zulassungen und Partnerschaften zu sichern.<\/span><\/li>\n<\/ul>\n<p><span style=\"font-weight: 400;\">Justin Stindt Consultants ist darauf spezialisiert, Kunden bei der Erstellung effektiver Einreichungen zu unterst\u00fctzen und eine erfolgreiche Zusammenarbeit mit der WHO zu erm\u00f6glichen.<\/span><\/p>\t\t\t\t\t\t\t\t<\/div>\n\t\t\t\t<\/div>\n\t\t\t\t\t<\/div>\n\t\t\t\t<\/div>\n\t\t<div class=\"elementor-element elementor-element-bf88f25 e-flex e-con-boxed e-con e-parent\" data-id=\"bf88f25\" data-element_type=\"container\" data-e-type=\"container\">\n\t\t\t\t\t<div class=\"e-con-inner\">\n\t\t\t\t<div class=\"elementor-element elementor-element-d2cc341 elementor-widget-divider--view-line elementor-widget elementor-widget-divider\" data-id=\"d2cc341\" data-element_type=\"widget\" data-e-type=\"widget\" data-widget_type=\"divider.default\">\n\t\t\t\t<div class=\"elementor-widget-container\">\n\t\t\t\t\t\t\t<div class=\"elementor-divider\">\n\t\t\t<span class=\"elementor-divider-separator\">\n\t\t\t\t\t\t<\/span>\n\t\t<\/div>\n\t\t\t\t\t\t<\/div>\n\t\t\t\t<\/div>\n\t\t\t\t\t<\/div>\n\t\t\t\t<\/div>\n\t\t<div class=\"elementor-element elementor-element-5c8ca92b e-flex e-con-boxed e-con e-parent\" data-id=\"5c8ca92b\" data-element_type=\"container\" data-e-type=\"container\">\n\t\t\t\t\t<div class=\"e-con-inner\">\n\t\t<div class=\"elementor-element elementor-element-d528fff e-con-full bordered-block e-flex e-con e-child\" data-id=\"d528fff\" data-element_type=\"container\" data-e-type=\"container\">\n\t\t\t\t<div class=\"elementor-element elementor-element-459a14b3 elementor-widget elementor-widget-text-editor\" data-id=\"459a14b3\" data-element_type=\"widget\" data-e-type=\"widget\" data-widget_type=\"text-editor.default\">\n\t\t\t\t<div class=\"elementor-widget-container\">\n\t\t\t\t\t\t\t\t\t<h3>Fallstudie<\/h3><h2>Erfolg eines Pharmaunternehmens mit dem WHO<\/h2>\t\t\t\t\t\t\t\t<\/div>\n\t\t\t\t<\/div>\n\t\t\t\t<div class=\"elementor-element elementor-element-f4251bc elementor-widget elementor-widget-text-editor\" data-id=\"f4251bc\" data-element_type=\"widget\" data-e-type=\"widget\" data-widget_type=\"text-editor.default\">\n\t\t\t\t<div class=\"elementor-widget-container\">\n\t\t\t\t\t\t\t\t\t<p><strong>Herausforderung<\/strong>: <br \/>Ein Pharmaunternehmen ben\u00f6tigte Unterst\u00fctzung bei der Entwicklung einer Strategie zur Erlangung der WHO-Pr\u00e4qualifizierung f\u00fcr einen neuen Impfstoff.<\/p><p><strong>L\u00f6sung<\/strong>: <br \/>Wir begleiteten die Entwicklung einer Strategie und eines Engagement-Plans f\u00fcr ein umfassendes Dossier, das die Bewertungskriterien der WHO erf\u00fcllte.<\/p><p><strong>Ergebnis<\/strong>: <br \/>Unsere strategische Herangehensweise f\u00fchrte zu einem positiven Ergebnis und erm\u00f6glichte die Aufnahme des Impfstoffs in globale Beschaffungssysteme.<\/p>\t\t\t\t\t\t\t\t<\/div>\n\t\t\t\t<\/div>\n\t\t\t\t<\/div>\n\t\t\t\t\t<\/div>\n\t\t\t\t<\/div>\n\t\t<div class=\"elementor-element elementor-element-37dd97d e-con-full e-flex e-con e-parent\" data-id=\"37dd97d\" data-element_type=\"container\" data-e-type=\"container\" data-settings=\"{&quot;background_background&quot;:&quot;classic&quot;}\">\n\t\t\t\t<div class=\"elementor-element elementor-element-accc354 elementor-cta--skin-classic elementor-animated-content elementor-bg-transform elementor-bg-transform-zoom-in elementor-widget elementor-widget-call-to-action\" data-id=\"accc354\" data-element_type=\"widget\" data-e-type=\"widget\" data-widget_type=\"call-to-action.default\">\n\t\t\t\t<div class=\"elementor-widget-container\">\n\t\t\t\t\t\t\t<div class=\"elementor-cta\">\n\t\t\t\t\t\t\t<div class=\"elementor-cta__content\">\n\t\t\t\t\n\t\t\t\t\t\t\t\t\t<h2 class=\"elementor-cta__title elementor-cta__content-item elementor-content-item\">\n\t\t\t\t\t\tBen\u00f6tigen Sie Unterst\u00fctzung beim Marktzugang mit der WHO? Die Experten von Justin Stindt Consultants stehen Ihnen zur Seite.\t\t\t\t\t<\/h2>\n\t\t\t\t\n\t\t\t\t\t\t\t\t\t<div class=\"elementor-cta__description elementor-cta__content-item elementor-content-item\">\n\t\t\t\t\t\tKontaktieren Sie uns noch heute, um Ihre Strategie f\u00fcr den Marktzugang zu entwickeln und mit der WHO erfolgreich zu sein.\t\t\t\t\t<\/div>\n\t\t\t\t\n\t\t\t\t\t\t\t\t\t<div class=\"elementor-cta__button-wrapper elementor-cta__content-item elementor-content-item \">\n\t\t\t\t\t<a class=\"elementor-cta__button elementor-button elementor-size-\" href=\"https:\/\/jstindt.com\/contact-us\/\">\n\t\t\t\t\t\tKontakt zu Justin Stindt Consultants\t\t\t\t\t<\/a>\n\t\t\t\t\t<\/div>\n\t\t\t\t\t\t\t<\/div>\n\t\t\t\t\t\t<\/div>\n\t\t\t\t\t\t<\/div>\n\t\t\t\t<\/div>\n\t\t\t\t<\/div>\n\t\t<div class=\"elementor-element elementor-element-606106d e-flex e-con-boxed e-con e-parent\" data-id=\"606106d\" data-element_type=\"container\" data-e-type=\"container\">\n\t\t\t\t\t<div class=\"e-con-inner\">\n\t\t\t\t<div class=\"elementor-element elementor-element-d907a68 elementor-widget elementor-widget-n-accordion\" data-id=\"d907a68\" data-element_type=\"widget\" data-e-type=\"widget\" data-settings=\"{&quot;default_state&quot;:&quot;all_collapsed&quot;,&quot;max_items_expended&quot;:&quot;one&quot;,&quot;n_accordion_animation_duration&quot;:{&quot;unit&quot;:&quot;ms&quot;,&quot;size&quot;:400,&quot;sizes&quot;:[]}}\" data-widget_type=\"nested-accordion.default\">\n\t\t\t\t<div class=\"elementor-widget-container\">\n\t\t\t\t\t\t\t<div class=\"e-n-accordion\" aria-label=\"Accordion. Open links with Enter or Space, close with Escape, and navigate with Arrow Keys\">\n\t\t\t\t\t\t<details id=\"e-n-accordion-item-2270\" class=\"e-n-accordion-item\" >\n\t\t\t\t<summary class=\"e-n-accordion-item-title\" data-accordion-index=\"1\" tabindex=\"0\" aria-expanded=\"false\" aria-controls=\"e-n-accordion-item-2270\" >\n\t\t\t\t\t<span class='e-n-accordion-item-title-header'><div class=\"e-n-accordion-item-title-text\"> Andere Schl\u00fcsselinstitutionen f\u00fcr den Marktzugang <\/div><\/span>\n\t\t\t\t\t\t\t<span class='e-n-accordion-item-title-icon'>\n\t\t\t<span class='e-opened' ><i aria-hidden=\"true\" class=\"fas fa-minus\"><\/i><\/span>\n\t\t\t<span class='e-closed'><i aria-hidden=\"true\" class=\"fas fa-plus\"><\/i><\/span>\n\t\t<\/span>\n\n\t\t\t\t\t\t<\/summary>\n\t\t\t\t<div role=\"region\" aria-labelledby=\"e-n-accordion-item-2270\" class=\"elementor-element elementor-element-7fa22f8 e-con-full e-flex e-con e-child\" data-id=\"7fa22f8\" data-element_type=\"container\" data-e-type=\"container\">\n\t\t\t\t<div class=\"elementor-element elementor-element-01dc034 elementor-widget elementor-widget-template\" data-id=\"01dc034\" data-element_type=\"widget\" data-e-type=\"widget\" data-widget_type=\"template.default\">\n\t\t\t\t<div class=\"elementor-widget-container\">\n\t\t\t\t\t\t\t<div class=\"elementor-template\">\n\t\t\t\t\t<div data-elementor-type=\"container\" data-elementor-id=\"19257\" class=\"elementor elementor-19257 elementor-18546 elementor-18546\" data-elementor-post-type=\"elementor_library\">\n\t\t\t\t<div role=\"region\" aria-labelledby=\"e-n-accordion-item-2600\" class=\"elementor-element elementor-element-4d5d7d7a e-flex e-con-boxed e-con e-parent\" data-id=\"4d5d7d7a\" data-element_type=\"container\" data-e-type=\"container\">\n\t\t\t\t\t<div class=\"e-con-inner\">\n\t\t\t\t<div class=\"elementor-element elementor-element-fa73d9e elementor-widget elementor-widget-text-editor\" data-id=\"fa73d9e\" data-element_type=\"widget\" data-e-type=\"widget\" data-widget_type=\"text-editor.default\">\n\t\t\t\t<div class=\"elementor-widget-container\">\n\t\t\t\t\t\t\t\t\t<h4><strong>Globale Institutionen<\/strong><\/h4>\n<ul>\n<li><a href=\"https:\/\/jstindt.com\/de\/marktzugang-mit-der-who\/\">World Health Organization<\/a> (WHO)<\/li>\n<li><a href=\"https:\/\/jstindt.com\/de\/marktzugang-mit-dem-ispor\/\">International Society for Pharmacoeconomics and Outcomes Research<\/a> (ISPOR)<\/li>\n<\/ul>\n<h4><strong><br \/><a href=\"https:\/\/jstindt.com\/de\/usa\/\">Vereinigte Staaten<\/a><\/strong><\/h4>\n<ul>\n<li><a href=\"https:\/\/jstindt.com\/de\/marktzugang-mit-cms\/\">Centers for Medicare &amp; Medicaid Services<\/a> (CMS)<\/li>\n<li><a href=\"https:\/\/jstindt.com\/de\/marktzugang-mit-amcp\/\">Academy of Managed Care Pharmacy<\/a> (AMCP)<\/li>\n<li><a href=\"https:\/\/jstindt.com\/de\/marktzugang-mit-icer\/\">Institute for Clinical and Economic Review<\/a> (ICER)<\/li>\n<\/ul>\n<h4><strong><br \/><a href=\"https:\/\/jstindt.com\/de\/frankreich\/\">Frankreich<\/a><\/strong><\/h4>\n<ul>\n<li><a href=\"https:\/\/jstindt.com\/de\/marktzugang-mit-der-has\/\">Haute Autorit\u00e9 de Sant\u00e9<\/a> (HAS)<\/li>\n<li><a href=\"https:\/\/jstindt.com\/de\/marktzugang-mit-dem-ceps\/\">Comit\u00e9 \u00c9conomique des Produits de Sant\u00e9<\/a> (CEPS)<\/li>\n<\/ul>\n<h4><strong><br \/><a href=\"https:\/\/jstindt.com\/de\/deutschland\/\">Deutschland<\/a><\/strong><\/h4>\n<ul>\n<li><a href=\"https:\/\/jstindt.com\/de\/marktzugang-mit-dem-g-ba\/\">Gemeinsamer Bundesausschuss<\/a> (G-BA)<\/li>\n<li><a href=\"https:\/\/jstindt.com\/de\/marktzugang-mit-dem-iqwig\/\">Institute for Quality and Efficiency in Health Care<\/a> (IQWiG)<\/li>\n<li><a href=\"https:\/\/jstindt.com\/de\/marktzugang-mit-dem-gkv-spitzenverband\/\">GKV Spitzenverband<\/a><\/li>\n<\/ul>\n<h4><strong><br \/><a href=\"https:\/\/jstindt.com\/de\/vereinigtes-koenigreich\/\">Gro\u00dfbritannien<\/a><\/strong><\/h4>\n<ul>\n<li><a href=\"https:\/\/jstindt.com\/de\/marktzugang-mit-nice\/\">National Institute for Health and Care Excellence<\/a> (NICE)<\/li>\n<li><a href=\"https:\/\/jstindt.com\/de\/marktzugang-mit-dem-smc\/\">Scottish Medicines Consortium<\/a> (SMC)<\/li>\n<li><a href=\"https:\/\/jstindt.com\/de\/marktzugang-mit-awmsg\/\" rel=\"noopener\">All Wales Medicines Strategy Group<\/a> (AWMSG)<\/li>\n<li><a href=\"https:\/\/jstindt.com\/de\/marktzugang-mit-dem-nhs\/\">National Health Service<\/a> (NHS)<\/li>\n<\/ul>\n<h4><strong><br \/><a href=\"https:\/\/jstindt.com\/de\/italien\/\">Italien<\/a><\/strong><\/h4>\n<ul>\n<li><a href=\"https:\/\/jstindt.com\/de\/marktzugang-mit-der-aifa\/\">Italian Medicines Agency<\/a> (AIFA)<\/li>\n<li><a href=\"https:\/\/jstindt.com\/de\/marktzugang-mit-der-cse\/\">Scientific and Economic Commission<\/a> (CSE)<\/li>\n<\/ul>\n<h4><strong><br \/><a href=\"https:\/\/jstindt.com\/de\/spanien\/\">Spanien<\/a><\/strong><\/h4>\n<ul>\n<li><a href=\"https:\/\/jstindt.com\/de\/marktzugang-mit-der-aemps-ihr\/\">Spanish Agency of Medicines and Medical Devices<\/a> (AEMPS)<\/li>\n<li><a href=\"https:\/\/jstindt.com\/de\/marktzugang-mit-der-dgcf\/\">Direcci\u00f3n General de Cartera Com\u00fan de Servicios del Sistema Nacional de Salud y Farmacia<\/a> (DGCF)<\/li>\n<li><a href=\"https:\/\/jstindt.com\/de\/marktzugang-mit-der-cipm\/\">Interministerial Commission on Medicine Prices<\/a> (CIPM)<\/li>\n<\/ul>\n<h4><strong><br \/><a href=\"https:\/\/jstindt.com\/de\/schweiz\/\">Schweiz<\/a><\/strong><\/h4>\n<ul>\n<li><a href=\"https:\/\/jstindt.com\/de\/marktzugang-mit-dem-bag\/\">Federal Office of Public Health<\/a> (FOPH)<\/li>\n<\/ul>\n\t\t\t\t\t\t\t\t<\/div>\n\t\t\t\t<\/div>\n\t\t\t\t\t<\/div>\n\t\t\t\t<\/div>\n\t\t\t\t<\/div>\n\t\t\t\t<\/div>\n\t\t\t\t\t\t<\/div>\n\t\t\t\t<\/div>\n\t\t\t\t<\/div>\n\t\t\t\t\t<\/details>\n\t\t\t\t\t<\/div>\n\t\t\t\t\t\t<\/div>\n\t\t\t\t<\/div>\n\t\t\t\t\t<\/div>\n\t\t\t\t<\/div>\n\t\t\t\t<\/div>\n\t\t","protected":false},"excerpt":{"rendered":"<p>Die Weltgesundheitsorganisation (WHO) ist eine spezialisierte Agentur der Vereinten Nationen, die f\u00fcr die globale \u00f6ffentliche Gesundheit verantwortlich ist. Seit ihrer Gr\u00fcndung im Jahr 1948 setzt sich die WHO f\u00fcr die F\u00f6rderung der Gesundheit, den Schutz der Bev\u00f6lkerung und die Unterst\u00fctzung der Schw\u00e4chsten ein. Die Organisation spielt eine zentrale Rolle bei der Koordinierung globaler Gesundheitsma\u00dfnahmen, der [&hellip;]<\/p>\n","protected":false},"author":3,"featured_media":0,"parent":0,"menu_order":0,"comment_status":"closed","ping_status":"closed","template":"","meta":{"_acf_changed":false,"footnotes":""},"class_list":["post-19012","page","type-page","status-publish","hentry"],"acf":[],"_links":{"self":[{"href":"https:\/\/jstindt.com\/de\/wp-json\/wp\/v2\/pages\/19012","targetHints":{"allow":["GET"]}}],"collection":[{"href":"https:\/\/jstindt.com\/de\/wp-json\/wp\/v2\/pages"}],"about":[{"href":"https:\/\/jstindt.com\/de\/wp-json\/wp\/v2\/types\/page"}],"author":[{"embeddable":true,"href":"https:\/\/jstindt.com\/de\/wp-json\/wp\/v2\/users\/3"}],"replies":[{"embeddable":true,"href":"https:\/\/jstindt.com\/de\/wp-json\/wp\/v2\/comments?post=19012"}],"version-history":[{"count":11,"href":"https:\/\/jstindt.com\/de\/wp-json\/wp\/v2\/pages\/19012\/revisions"}],"predecessor-version":[{"id":19592,"href":"https:\/\/jstindt.com\/de\/wp-json\/wp\/v2\/pages\/19012\/revisions\/19592"}],"wp:attachment":[{"href":"https:\/\/jstindt.com\/de\/wp-json\/wp\/v2\/media?parent=19012"}],"curies":[{"name":"wp","href":"https:\/\/api.w.org\/{rel}","templated":true}]}}