{"id":18991,"date":"2025-02-13T14:04:24","date_gmt":"2025-02-13T13:04:24","guid":{"rendered":"https:\/\/jstindt.com\/?page_id=18991"},"modified":"2025-03-10T14:23:16","modified_gmt":"2025-03-10T13:23:16","slug":"marktzugang-mit-dem-ispor","status":"publish","type":"page","link":"https:\/\/jstindt.com\/de\/marktzugang-mit-dem-ispor\/","title":{"rendered":"Marktzugang mit dem ISPOR: Ihr Leitfaden f\u00fcr Gesundheits\u00f6konomie und Outcomes Research"},"content":{"rendered":"\t\t<div data-elementor-type=\"wp-page\" data-elementor-id=\"18991\" class=\"elementor elementor-18991 elementor-18618\" data-elementor-post-type=\"page\">\n\t\t\t\t<div class=\"elementor-element elementor-element-0e4bf16 e-flex e-con-boxed e-con e-parent\" data-id=\"0e4bf16\" data-element_type=\"container\" data-e-type=\"container\">\n\t\t\t\t\t<div class=\"e-con-inner\">\n\t\t\t\t<div class=\"elementor-element elementor-element-0b53187 elementor-widget elementor-widget-text-editor\" data-id=\"0b53187\" data-element_type=\"widget\" data-e-type=\"widget\" data-widget_type=\"text-editor.default\">\n\t\t\t\t<div class=\"elementor-widget-container\">\n\t\t\t\t\t\t\t\t\t<p><span style=\"font-weight: 400;\">Die <\/span><i><span style=\"font-weight: 400;\">International Society for Pharmacoeconomics and Outcomes Research<\/span><\/i><span style=\"font-weight: 400;\"> (ISPOR) ist eine f\u00fchrende globale Fachgesellschaft, die sich der F\u00f6rderung der Gesundheits\u00f6konomie (<\/span><i><span style=\"font-weight: 400;\">HEOR<\/span><\/i><span style=\"font-weight: 400;\">) und der Forschung zu Behandlungsergebnissen widmet, um fundierte gesundheitspolitische Entscheidungen weltweit zu unterst\u00fctzen. Gegr\u00fcndet im Jahr 1995, fungiert ISPOR als Innovationsmotor im Bereich HEOR und bietet eine Plattform f\u00fcr Fachleute zur Zusammenarbeit, zum Austausch von Forschungsergebnissen und zur F\u00f6rderung bew\u00e4hrter Verfahren. (<\/span><a href=\"https:\/\/www.ispor.org\/\"><span style=\"font-weight: 400;\">ispor.org<\/span><\/a><span style=\"font-weight: 400;\">)<\/span><\/p>\n<h2><b>Hauptfunktionen von ISPOR<\/b><\/h2>\n<ul>\n<li><b>F\u00f6rderung der HEOR-Exzellenz:<\/b><span style=\"font-weight: 400;\"> Entwicklung und Anwendung von HEOR-Methoden zur Verbesserung von Gesundheitsentscheidungen weltweit. (<\/span><a href=\"https:\/\/www.ispor.org\/\"><span style=\"font-weight: 400;\">ispor.org<\/span><\/a><span style=\"font-weight: 400;\">)<\/span><\/li>\n<li><b>Erleichterung globaler Zusammenarbeit:<\/b><span style=\"font-weight: 400;\"> Bereitstellung von Foren f\u00fcr Stakeholder aus Wissenschaft, Industrie und Politik zur F\u00f6rderung gemeinsamer HEOR-Initiativen.<\/span><\/li>\n<li><b>Ver\u00f6ffentlichung von Forschungsergebnissen und Best Practices:<\/b><span style=\"font-weight: 400;\"> Herausgabe von Fachzeitschriften wie <\/span><i><span style=\"font-weight: 400;\">Value in Health<\/span><\/i><span style=\"font-weight: 400;\"> sowie Entwicklung von Best-Practice-Berichten zur F\u00f6rderung einheitlicher HEOR-Standards. (<\/span><a href=\"https:\/\/www.ispor.org\/\"><span style=\"font-weight: 400;\">ispor.org<\/span><\/a><span style=\"font-weight: 400;\">)<\/span><\/li>\n<\/ul>\n<h2><b>Leitung und wichtige Ansprechpartner<\/b><\/h2>\n<p><span style=\"font-weight: 400;\">Stand Januar 2025 wird ISPOR von <\/span><b>Dr. Eberechukwu Onukwugha<\/b><span style=\"font-weight: 400;\"> geleitet, die f\u00fcr die strategischen Initiativen und die operative Leitung der Organisation verantwortlich ist.<\/span><\/p>\n<h3><b>Kontaktinformationen von ISPOR<\/b><\/h3>\n<ul>\n<li><span style=\"font-weight: 400;\"> &nbsp; &nbsp; <\/span><b>Website:<\/b><a href=\"https:\/\/www.ispor.org\/\"> <span style=\"font-weight: 400;\">ispor.org<\/span><\/a><\/li>\n<li><span style=\"font-weight: 400;\"> &nbsp; &nbsp; <\/span><b>Adresse:<\/b><b><br><\/b> <span style=\"font-weight: 400;\">ISPOR<\/span><span style=\"font-weight: 400;\"><br><\/span><span style=\"font-weight: 400;\"> 505 Lawrence Square Boulevard South<\/span><span style=\"font-weight: 400;\"><br><\/span><span style=\"font-weight: 400;\"> Lawrenceville, NJ 08648, USA<\/span><span style=\"font-weight: 400;\"><br><\/span> <b>Telefon:<\/b><span style=\"font-weight: 400;\"> +1 609-586-4981<\/span><\/li>\n<\/ul>\n<h2><b>Herausforderungen bei der Zusammenarbeit mit ISPOR<\/b><\/h2>\n<ul>\n<li><b>Verst\u00e4ndnis der HEOR-Methoden:<\/b><span style=\"font-weight: 400;\"> Kenntnisse \u00fcber aktuelle HEOR-Forschung und -Methoden sind entscheidend f\u00fcr eine effektive Teilnahme.<\/span><\/li>\n<li><b>Aktive Teilnahme an Konferenzen und Veranstaltungen:<\/b><span style=\"font-weight: 400;\"> Engagement bei ISPOR-Konferenzen und Schulungsveranstaltungen erm\u00f6glicht Networking und den Zugang zu aktuellen Branchentrends.<\/span><\/li>\n<li><b>Beitr\u00e4ge zu Ver\u00f6ffentlichungen und Berichten:<\/b><span style=\"font-weight: 400;\"> Die Einreichung von Forschungsergebnissen in ISPOR-Zeitschriften und die Mitgestaltung von Best-Practice-Berichten k\u00f6nnen die berufliche Anerkennung und den Einfluss in der Branche steigern.<\/span><\/li>\n<\/ul>\n<p><span style=\"font-weight: 400;\">Eine erfolgreiche Zusammenarbeit mit ISPOR kann wertvolle Partnerschaften und Fortschritte in der HEOR-Forschung f\u00f6rdern.<\/span><\/p>\n<h2><b>Chancen \/ L\u00f6sungen mit Justin Stindt Consultants<\/b><\/h2>\n<ul>\n<li><b>Expertenberatung zur ISPOR-Teilnahme:<\/b><span style=\"font-weight: 400;\"> Unterst\u00fctzung von Kunden bei der effektiven Nutzung von ISPOR-Ressourcen und Initiativen.<\/span><\/li>\n<li><b>Strategien f\u00fcr den Marktzugang mit ISPOR:<\/b><span style=\"font-weight: 400;\"> Entwicklung ma\u00dfgeschneiderter Strategien im Einklang mit den HEOR-Standards von ISPOR zur Optimierung des Marktzugangs.<\/span><\/li>\n<li><b>Spezialisierte ISPOR-Prozesse:<\/b><span style=\"font-weight: 400;\"> Detaillierte Einblicke in ISPOR-Prozesse zur Maximierung der Teilnahme und Wirkung. Dazu geh\u00f6ren ISPOR-Publikationen, Posterpr\u00e4sentationen und Fachartikel in ISPOR-Zeitschriften.<\/span><\/li>\n<li><b>Unterst\u00fctzung durch ISPOR-Berater:<\/b><span style=\"font-weight: 400;\"> Expertenrat zur effektiven Nutzung der ISPOR-Plattform f\u00fcr den Marktzugang und den wirtschaftlichen Erfolg.<\/span><\/li>\n<\/ul>\n<p><span style=\"font-weight: 400;\">Justin Stindt Consultants ist darauf spezialisiert, Kunden bei der Nutzung der ISPOR-Dienste zu unterst\u00fctzen, um ihre Wirkung in der HEOR-Community zu maximieren.<\/span><\/p>\t\t\t\t\t\t\t\t<\/div>\n\t\t\t\t<\/div>\n\t\t\t\t\t<\/div>\n\t\t\t\t<\/div>\n\t\t<div class=\"elementor-element elementor-element-a845fd3 e-flex e-con-boxed e-con e-parent\" data-id=\"a845fd3\" data-element_type=\"container\" data-e-type=\"container\">\n\t\t\t\t\t<div class=\"e-con-inner\">\n\t\t\t\t<div class=\"elementor-element elementor-element-caccfeb elementor-widget-divider--view-line elementor-widget elementor-widget-divider\" data-id=\"caccfeb\" data-element_type=\"widget\" data-e-type=\"widget\" data-widget_type=\"divider.default\">\n\t\t\t\t<div class=\"elementor-widget-container\">\n\t\t\t\t\t\t\t<div class=\"elementor-divider\">\n\t\t\t<span class=\"elementor-divider-separator\">\n\t\t\t\t\t\t<\/span>\n\t\t<\/div>\n\t\t\t\t\t\t<\/div>\n\t\t\t\t<\/div>\n\t\t\t\t\t<\/div>\n\t\t\t\t<\/div>\n\t\t<div class=\"elementor-element elementor-element-9ea8a8e e-flex e-con-boxed e-con e-parent\" data-id=\"9ea8a8e\" data-element_type=\"container\" data-e-type=\"container\">\n\t\t\t\t\t<div class=\"e-con-inner\">\n\t\t<div class=\"elementor-element elementor-element-7848d4bc e-con-full bordered-block e-flex e-con e-child\" data-id=\"7848d4bc\" data-element_type=\"container\" data-e-type=\"container\">\n\t\t\t\t<div class=\"elementor-element elementor-element-5e0288e2 elementor-widget elementor-widget-text-editor\" data-id=\"5e0288e2\" data-element_type=\"widget\" data-e-type=\"widget\" data-widget_type=\"text-editor.default\">\n\t\t\t\t<div class=\"elementor-widget-container\">\n\t\t\t\t\t\t\t\t\t<h3>Fallstudie<\/h3><h2>Erfolg eines Pharmaunternehmens mit dem ISPOR<\/h2>\t\t\t\t\t\t\t\t<\/div>\n\t\t\t\t<\/div>\n\t\t\t\t<div class=\"elementor-element elementor-element-2c53afaf elementor-widget elementor-widget-text-editor\" data-id=\"2c53afaf\" data-element_type=\"widget\" data-e-type=\"widget\" data-widget_type=\"text-editor.default\">\n\t\t\t\t<div class=\"elementor-widget-container\">\n\t\t\t\t\t\t\t\t\t<p><strong>Herausforderung<\/strong>:<br \/>Eine Gesundheitsorganisation suchte unsere Unterst\u00fctzung, um ihre Pr\u00e4senz in der HEOR-Community zu st\u00e4rken.<\/p><p><strong>L\u00f6sung<\/strong>:<br \/>\u00a0Wir halfen bei der Entwicklung von Forschungsergebnissen gem\u00e4\u00df den ISPOR-Standards und erleichterten die Teilnahme an ISPOR-Konferenzen.<\/p><p><strong>Ergebnis<\/strong>:<br \/>Unsere strategische Herangehensweise f\u00fchrte zu erh\u00f6hter Anerkennung und neuen Kooperationsm\u00f6glichkeiten im Bereich HEOR.<\/p>\t\t\t\t\t\t\t\t<\/div>\n\t\t\t\t<\/div>\n\t\t\t\t<\/div>\n\t\t\t\t\t<\/div>\n\t\t\t\t<\/div>\n\t\t<div class=\"elementor-element elementor-element-b74e73a e-con-full e-flex e-con e-parent\" data-id=\"b74e73a\" data-element_type=\"container\" data-e-type=\"container\" data-settings=\"{&quot;background_background&quot;:&quot;classic&quot;}\">\n\t\t\t\t<div class=\"elementor-element elementor-element-01f5849 elementor-cta--skin-classic elementor-animated-content elementor-bg-transform elementor-bg-transform-zoom-in elementor-widget elementor-widget-call-to-action\" data-id=\"01f5849\" data-element_type=\"widget\" data-e-type=\"widget\" data-widget_type=\"call-to-action.default\">\n\t\t\t\t<div class=\"elementor-widget-container\">\n\t\t\t\t\t\t\t<div class=\"elementor-cta\">\n\t\t\t\t\t\t\t<div class=\"elementor-cta__content\">\n\t\t\t\t\n\t\t\t\t\t\t\t\t\t<h2 class=\"elementor-cta__title elementor-cta__content-item elementor-content-item\">\n\t\t\t\t\t\tBen\u00f6tigen Sie Unterst\u00fctzung bei der Zusammenarbeit mit ISPOR? Die Experten von Justin Stindt Consultants stehen Ihnen zur Seite.\t\t\t\t\t<\/h2>\n\t\t\t\t\n\t\t\t\t\t\t\t\t\t<div class=\"elementor-cta__description elementor-cta__content-item elementor-content-item\">\n\t\t\t\t\t\tKontaktieren Sie uns noch heute, um Ihre Strategie zu besprechen und Ihren Erfolg mit ISPOR sicherzustellen.\t\t\t\t\t<\/div>\n\t\t\t\t\n\t\t\t\t\t\t\t\t\t<div class=\"elementor-cta__button-wrapper elementor-cta__content-item elementor-content-item \">\n\t\t\t\t\t<a class=\"elementor-cta__button elementor-button elementor-size-\" href=\"https:\/\/jstindt.com\/contact-us\/\">\n\t\t\t\t\t\tKontakt zu Justin Stindt Consultants\t\t\t\t\t<\/a>\n\t\t\t\t\t<\/div>\n\t\t\t\t\t\t\t<\/div>\n\t\t\t\t\t\t<\/div>\n\t\t\t\t\t\t<\/div>\n\t\t\t\t<\/div>\n\t\t\t\t<\/div>\n\t\t<div class=\"elementor-element elementor-element-2a88da9 e-flex e-con-boxed e-con e-parent\" data-id=\"2a88da9\" data-element_type=\"container\" data-e-type=\"container\">\n\t\t\t\t\t<div class=\"e-con-inner\">\n\t\t\t\t<div class=\"elementor-element elementor-element-78fd6e6 elementor-widget elementor-widget-n-accordion\" data-id=\"78fd6e6\" data-element_type=\"widget\" data-e-type=\"widget\" data-settings=\"{&quot;default_state&quot;:&quot;all_collapsed&quot;,&quot;max_items_expended&quot;:&quot;one&quot;,&quot;n_accordion_animation_duration&quot;:{&quot;unit&quot;:&quot;ms&quot;,&quot;size&quot;:400,&quot;sizes&quot;:[]}}\" data-widget_type=\"nested-accordion.default\">\n\t\t\t\t<div class=\"elementor-widget-container\">\n\t\t\t\t\t\t\t<div class=\"e-n-accordion\" aria-label=\"Accordion. Open links with Enter or Space, close with Escape, and navigate with Arrow Keys\">\n\t\t\t\t\t\t<details id=\"e-n-accordion-item-1260\" class=\"e-n-accordion-item\" >\n\t\t\t\t<summary class=\"e-n-accordion-item-title\" data-accordion-index=\"1\" tabindex=\"0\" aria-expanded=\"false\" aria-controls=\"e-n-accordion-item-1260\" >\n\t\t\t\t\t<span class='e-n-accordion-item-title-header'><div class=\"e-n-accordion-item-title-text\"> Andere Schl\u00fcsselinstitutionen f\u00fcr den Marktzugang <\/div><\/span>\n\t\t\t\t\t\t\t<span class='e-n-accordion-item-title-icon'>\n\t\t\t<span class='e-opened' ><i aria-hidden=\"true\" class=\"fas fa-minus\"><\/i><\/span>\n\t\t\t<span class='e-closed'><i aria-hidden=\"true\" class=\"fas fa-plus\"><\/i><\/span>\n\t\t<\/span>\n\n\t\t\t\t\t\t<\/summary>\n\t\t\t\t<div role=\"region\" aria-labelledby=\"e-n-accordion-item-1260\" class=\"elementor-element elementor-element-d15c250 e-con-full e-flex e-con e-child\" data-id=\"d15c250\" data-element_type=\"container\" data-e-type=\"container\">\n\t\t\t\t<div class=\"elementor-element elementor-element-27ef151 elementor-widget elementor-widget-template\" data-id=\"27ef151\" data-element_type=\"widget\" data-e-type=\"widget\" data-widget_type=\"template.default\">\n\t\t\t\t<div class=\"elementor-widget-container\">\n\t\t\t\t\t\t\t<div class=\"elementor-template\">\n\t\t\t\t\t<div data-elementor-type=\"container\" data-elementor-id=\"19257\" class=\"elementor elementor-19257 elementor-18546 elementor-18546\" data-elementor-post-type=\"elementor_library\">\n\t\t\t\t<div role=\"region\" aria-labelledby=\"e-n-accordion-item-2600\" class=\"elementor-element elementor-element-4d5d7d7a e-flex e-con-boxed e-con e-parent\" data-id=\"4d5d7d7a\" data-element_type=\"container\" data-e-type=\"container\">\n\t\t\t\t\t<div class=\"e-con-inner\">\n\t\t\t\t<div class=\"elementor-element elementor-element-fa73d9e elementor-widget elementor-widget-text-editor\" data-id=\"fa73d9e\" data-element_type=\"widget\" data-e-type=\"widget\" data-widget_type=\"text-editor.default\">\n\t\t\t\t<div class=\"elementor-widget-container\">\n\t\t\t\t\t\t\t\t\t<h4><strong>Globale Institutionen<\/strong><\/h4>\n<ul>\n<li><a href=\"https:\/\/jstindt.com\/de\/marktzugang-mit-der-who\/\">World Health Organization<\/a> (WHO)<\/li>\n<li><a href=\"https:\/\/jstindt.com\/de\/marktzugang-mit-dem-ispor\/\">International Society for Pharmacoeconomics and Outcomes Research<\/a> (ISPOR)<\/li>\n<\/ul>\n<h4><strong><br \/><a href=\"https:\/\/jstindt.com\/de\/usa\/\">Vereinigte Staaten<\/a><\/strong><\/h4>\n<ul>\n<li><a href=\"https:\/\/jstindt.com\/de\/marktzugang-mit-cms\/\">Centers for Medicare &amp; Medicaid Services<\/a> (CMS)<\/li>\n<li><a href=\"https:\/\/jstindt.com\/de\/marktzugang-mit-amcp\/\">Academy of Managed Care Pharmacy<\/a> (AMCP)<\/li>\n<li><a href=\"https:\/\/jstindt.com\/de\/marktzugang-mit-icer\/\">Institute for Clinical and Economic Review<\/a> (ICER)<\/li>\n<\/ul>\n<h4><strong><br \/><a href=\"https:\/\/jstindt.com\/de\/frankreich\/\">Frankreich<\/a><\/strong><\/h4>\n<ul>\n<li><a href=\"https:\/\/jstindt.com\/de\/marktzugang-mit-der-has\/\">Haute Autorit\u00e9 de Sant\u00e9<\/a> (HAS)<\/li>\n<li><a href=\"https:\/\/jstindt.com\/de\/marktzugang-mit-dem-ceps\/\">Comit\u00e9 \u00c9conomique des Produits de Sant\u00e9<\/a> (CEPS)<\/li>\n<\/ul>\n<h4><strong><br \/><a href=\"https:\/\/jstindt.com\/de\/deutschland\/\">Deutschland<\/a><\/strong><\/h4>\n<ul>\n<li><a href=\"https:\/\/jstindt.com\/de\/marktzugang-mit-dem-g-ba\/\">Gemeinsamer Bundesausschuss<\/a> (G-BA)<\/li>\n<li><a href=\"https:\/\/jstindt.com\/de\/marktzugang-mit-dem-iqwig\/\">Institute for Quality and Efficiency in Health Care<\/a> (IQWiG)<\/li>\n<li><a href=\"https:\/\/jstindt.com\/de\/marktzugang-mit-dem-gkv-spitzenverband\/\">GKV Spitzenverband<\/a><\/li>\n<\/ul>\n<h4><strong><br \/><a href=\"https:\/\/jstindt.com\/de\/vereinigtes-koenigreich\/\">Gro\u00dfbritannien<\/a><\/strong><\/h4>\n<ul>\n<li><a href=\"https:\/\/jstindt.com\/de\/marktzugang-mit-nice\/\">National Institute for Health and Care Excellence<\/a> (NICE)<\/li>\n<li><a href=\"https:\/\/jstindt.com\/de\/marktzugang-mit-dem-smc\/\">Scottish Medicines Consortium<\/a> (SMC)<\/li>\n<li><a href=\"https:\/\/jstindt.com\/de\/marktzugang-mit-awmsg\/\" rel=\"noopener\">All Wales Medicines Strategy Group<\/a> (AWMSG)<\/li>\n<li><a href=\"https:\/\/jstindt.com\/de\/marktzugang-mit-dem-nhs\/\">National Health Service<\/a> (NHS)<\/li>\n<\/ul>\n<h4><strong><br \/><a href=\"https:\/\/jstindt.com\/de\/italien\/\">Italien<\/a><\/strong><\/h4>\n<ul>\n<li><a href=\"https:\/\/jstindt.com\/de\/marktzugang-mit-der-aifa\/\">Italian Medicines Agency<\/a> (AIFA)<\/li>\n<li><a href=\"https:\/\/jstindt.com\/de\/marktzugang-mit-der-cse\/\">Scientific and Economic Commission<\/a> (CSE)<\/li>\n<\/ul>\n<h4><strong><br \/><a href=\"https:\/\/jstindt.com\/de\/spanien\/\">Spanien<\/a><\/strong><\/h4>\n<ul>\n<li><a href=\"https:\/\/jstindt.com\/de\/marktzugang-mit-der-aemps-ihr\/\">Spanish Agency of Medicines and Medical Devices<\/a> (AEMPS)<\/li>\n<li><a href=\"https:\/\/jstindt.com\/de\/marktzugang-mit-der-dgcf\/\">Direcci\u00f3n General de Cartera Com\u00fan de Servicios del Sistema Nacional de Salud y Farmacia<\/a> (DGCF)<\/li>\n<li><a href=\"https:\/\/jstindt.com\/de\/marktzugang-mit-der-cipm\/\">Interministerial Commission on Medicine Prices<\/a> (CIPM)<\/li>\n<\/ul>\n<h4><strong><br \/><a href=\"https:\/\/jstindt.com\/de\/schweiz\/\">Schweiz<\/a><\/strong><\/h4>\n<ul>\n<li><a href=\"https:\/\/jstindt.com\/de\/marktzugang-mit-dem-bag\/\">Federal Office of Public Health<\/a> (FOPH)<\/li>\n<\/ul>\n\t\t\t\t\t\t\t\t<\/div>\n\t\t\t\t<\/div>\n\t\t\t\t\t<\/div>\n\t\t\t\t<\/div>\n\t\t\t\t<\/div>\n\t\t\t\t<\/div>\n\t\t\t\t\t\t<\/div>\n\t\t\t\t<\/div>\n\t\t\t\t<\/div>\n\t\t\t\t\t<\/details>\n\t\t\t\t\t<\/div>\n\t\t\t\t\t\t<\/div>\n\t\t\t\t<\/div>\n\t\t\t\t\t<\/div>\n\t\t\t\t<\/div>\n\t\t\t\t<\/div>\n\t\t","protected":false},"excerpt":{"rendered":"<p>Die International Society for Pharmacoeconomics and Outcomes Research (ISPOR) ist eine f\u00fchrende globale Fachgesellschaft, die sich der F\u00f6rderung der Gesundheits\u00f6konomie (HEOR) und der Forschung zu Behandlungsergebnissen widmet, um fundierte gesundheitspolitische Entscheidungen weltweit zu unterst\u00fctzen. Gegr\u00fcndet im Jahr 1995, fungiert ISPOR als Innovationsmotor im Bereich HEOR und bietet eine Plattform f\u00fcr Fachleute zur Zusammenarbeit, zum Austausch [&hellip;]<\/p>\n","protected":false},"author":3,"featured_media":0,"parent":0,"menu_order":0,"comment_status":"closed","ping_status":"closed","template":"","meta":{"_acf_changed":false,"footnotes":""},"class_list":["post-18991","page","type-page","status-publish","hentry"],"acf":[],"_links":{"self":[{"href":"https:\/\/jstindt.com\/de\/wp-json\/wp\/v2\/pages\/18991","targetHints":{"allow":["GET"]}}],"collection":[{"href":"https:\/\/jstindt.com\/de\/wp-json\/wp\/v2\/pages"}],"about":[{"href":"https:\/\/jstindt.com\/de\/wp-json\/wp\/v2\/types\/page"}],"author":[{"embeddable":true,"href":"https:\/\/jstindt.com\/de\/wp-json\/wp\/v2\/users\/3"}],"replies":[{"embeddable":true,"href":"https:\/\/jstindt.com\/de\/wp-json\/wp\/v2\/comments?post=18991"}],"version-history":[{"count":8,"href":"https:\/\/jstindt.com\/de\/wp-json\/wp\/v2\/pages\/18991\/revisions"}],"predecessor-version":[{"id":19591,"href":"https:\/\/jstindt.com\/de\/wp-json\/wp\/v2\/pages\/18991\/revisions\/19591"}],"wp:attachment":[{"href":"https:\/\/jstindt.com\/de\/wp-json\/wp\/v2\/media?parent=18991"}],"curies":[{"name":"wp","href":"https:\/\/api.w.org\/{rel}","templated":true}]}}