{"id":18919,"date":"2025-01-23T15:20:50","date_gmt":"2025-01-23T14:20:50","guid":{"rendered":"https:\/\/jstindt.com\/?page_id=18919"},"modified":"2025-03-10T14:22:47","modified_gmt":"2025-03-10T13:22:47","slug":"marktzugang-mit-dem-g-ba","status":"publish","type":"page","link":"https:\/\/jstindt.com\/de\/marktzugang-mit-dem-g-ba\/","title":{"rendered":"Marktzugang mit dem G-BA: Ihr Leitfaden zur f\u00fchrenden Gesundheitsbeh\u00f6rde Deutschlands"},"content":{"rendered":"\t\t<div data-elementor-type=\"wp-page\" data-elementor-id=\"18919\" class=\"elementor elementor-18919 elementor-18429\" data-elementor-post-type=\"page\">\n\t\t\t\t<div class=\"elementor-element elementor-element-8d4c327 e-flex e-con-boxed e-con e-parent\" data-id=\"8d4c327\" data-element_type=\"container\" data-e-type=\"container\">\n\t\t\t\t\t<div class=\"e-con-inner\">\n\t\t\t\t<div class=\"elementor-element elementor-element-af8bae8 elementor-widget elementor-widget-text-editor\" data-id=\"af8bae8\" data-element_type=\"widget\" data-e-type=\"widget\" data-widget_type=\"text-editor.default\">\n\t\t\t\t<div class=\"elementor-widget-container\">\n\t\t\t\t\t\t\t\t\t<p><span style=\"font-weight: 400;\">Der Gemeinsame Bundesausschuss (G-BA) ist das h\u00f6chste Beschlussgremium der gemeinsamen Selbstverwaltung von \u00c4rzten, Zahn\u00e4rzten, Krankenh\u00e4usern und Krankenkassen in Deutschland. Seit seiner Gr\u00fcndung im Jahr 2004 entscheidet der G-BA, welche medizinischen Leistungen von der gesetzlichen Krankenversicherung (GKV) \u00fcbernommen werden, und beeinflusst so die Versorgung von mehr als 70 Millionen Versicherten. (<\/span><a href=\"https:\/\/www.g-ba.de\/english\/\"><span style=\"font-weight: 400;\">g-ba.de<\/span><\/a><span style=\"font-weight: 400;\">)<\/span><\/p><h2><b>Hauptaufgaben des G-BA<\/b><\/h2><ul><li><b>Bewertung des Nutzens von Arzneimitteln:<\/b><span style=\"font-weight: 400;\"> Pr\u00fcfung neuer Arzneimittel auf ihren Zusatznutzen gegen\u00fcber bestehenden Therapien.<\/span><\/li><li><b>Erlass von Richtlinien:<\/b><span style=\"font-weight: 400;\"> Festlegung verbindlicher Behandlungsrichtlinien zur Sicherstellung einer angemessenen und wirtschaftlichen Versorgung.<\/span><\/li><li><b>Qualit\u00e4tssicherung:<\/b><span style=\"font-weight: 400;\"> Umsetzung von Ma\u00dfnahmen zur Sicherung und Verbesserung der Versorgungsqualit\u00e4t im deutschen Gesundheitssystem.<\/span><\/li><\/ul><h2><b>Leitung und wichtige Ansprechpartner<\/b><\/h2><p><span style=\"font-weight: 400;\">Stand Januar 2025 ist <\/span><b>Josef Hecken<\/b><span style=\"font-weight: 400;\"> Vorsitzender des G-BA. Er leitet zudem den <\/span><b>Unterausschuss Arzneimittel<\/b><span style=\"font-weight: 400;\">, mit <\/span><b>J\u00f6rg Niemann<\/b><span style=\"font-weight: 400;\"> als stellvertretendem Vorsitzenden.<\/span><\/p><h3><b>Kontaktinformationen des G-BA<\/b><\/h3><ul><li><span style=\"font-weight: 400;\"> \u00a0 \u00a0 <\/span><b>Website:<\/b><a href=\"https:\/\/www.g-ba.de\/english\/\"> <span style=\"font-weight: 400;\">g-ba.de\/english<\/span><\/a><\/li><li><b>Adresse:<\/b><b><br \/><\/b> <span style=\"font-weight: 400;\">Gemeinsamer Bundesausschuss (G-BA)<\/span><span style=\"font-weight: 400;\"><br \/><\/span><span style=\"font-weight: 400;\"> Gutenbergstra\u00dfe 13<\/span><span style=\"font-weight: 400;\"><br \/><\/span><span style=\"font-weight: 400;\"> 10587 Berlin, Deutschland<\/span><\/li><\/ul><h2><b>Herausforderungen bei der Zusammenarbeit mit dem G-BA<\/b><\/h2><ul><li><b>Verst\u00e4ndnis der regulatorischen Rahmenbedingungen:<\/b><span style=\"font-weight: 400;\"> Kenntnis der Bewertungsma\u00dfst\u00e4be, Gesetze und der Verfahrensordnung des G-BA.<\/span><\/li><li><b>Vollst\u00e4ndige und fristgerechte Einreichungen:<\/b><span style=\"font-weight: 400;\"> Erstellung umfassender AMNOG-Dossiers, die eine gr\u00fcndliche Vorbereitung und ausreichende Vorlaufzeit erfordern.<\/span><\/li><li><b>Zusammenarbeit mit Stakeholdern:<\/b><span style=\"font-weight: 400;\"> Effektive Abstimmung mit relevanten Akteuren des deutschen Gesundheitswesens.<\/span><\/li><\/ul><h2><b>Chancen \/ L\u00f6sungen mit Justin Stindt Consultants<\/b><\/h2><ul><li><b>Expertenberatung f\u00fcr G-BA-Einreichungen:<\/b><span style=\"font-weight: 400;\"> Erstellung hochwertiger Nutzenbewertungsdossiers gem\u00e4\u00df den Anforderungen der Verfahrensordnung.<\/span><\/li><li><b>Strategien f\u00fcr den Marktzugang beim G-BA:<\/b><span style=\"font-weight: 400;\"> Bew\u00e4hrte Methoden zur Optimierung von Erstattungsentscheidungen.<\/span><\/li><li><b>Spezialwissen zu G-BA-Prozessen:<\/b><span style=\"font-weight: 400;\"> Unterst\u00fctzung bei schriftlichen Stellungnahmen und Anh\u00f6rungen.<\/span><\/li><\/ul><h3><b>G-BA-Expertendienstleistungen<\/b><\/h3><ul><li><b>Fachkundige G-BA-Beratung:<\/b><span style=\"font-weight: 400;\"> Direkte Unterst\u00fctzung bei Marktzugangs- und Erstattungsfragen.<\/span><\/li><li><b>G-BA-Insiderwissen:<\/b><span style=\"font-weight: 400;\"> Unterst\u00fctzung bei der Analyse aktueller Bewertungskriterien und Einreichungsprozesse.<\/span><\/li><li><b>Kompetente G-BA-Dokumentation:<\/b><span style=\"font-weight: 400;\"> Sicherstellung vollst\u00e4ndiger und konformer Dossiers f\u00fcr HTA-Bewertungen.<\/span><\/li><\/ul>\t\t\t\t\t\t\t\t<\/div>\n\t\t\t\t<\/div>\n\t\t\t\t\t<\/div>\n\t\t\t\t<\/div>\n\t\t<div class=\"elementor-element elementor-element-0859942 e-flex e-con-boxed e-con e-parent\" data-id=\"0859942\" data-element_type=\"container\" data-e-type=\"container\">\n\t\t\t\t\t<div class=\"e-con-inner\">\n\t\t\t\t<div class=\"elementor-element elementor-element-b054701 elementor-widget-divider--view-line elementor-widget elementor-widget-divider\" data-id=\"b054701\" data-element_type=\"widget\" data-e-type=\"widget\" data-widget_type=\"divider.default\">\n\t\t\t\t<div class=\"elementor-widget-container\">\n\t\t\t\t\t\t\t<div class=\"elementor-divider\">\n\t\t\t<span class=\"elementor-divider-separator\">\n\t\t\t\t\t\t<\/span>\n\t\t<\/div>\n\t\t\t\t\t\t<\/div>\n\t\t\t\t<\/div>\n\t\t\t\t\t<\/div>\n\t\t\t\t<\/div>\n\t\t<div class=\"elementor-element elementor-element-47a83e3f e-flex e-con-boxed e-con e-parent\" data-id=\"47a83e3f\" data-element_type=\"container\" data-e-type=\"container\">\n\t\t\t\t\t<div class=\"e-con-inner\">\n\t\t<div class=\"elementor-element elementor-element-319fb5ab e-con-full bordered-block e-flex e-con e-child\" data-id=\"319fb5ab\" data-element_type=\"container\" data-e-type=\"container\">\n\t\t\t\t<div class=\"elementor-element elementor-element-62304015 elementor-widget elementor-widget-text-editor\" data-id=\"62304015\" data-element_type=\"widget\" data-e-type=\"widget\" data-widget_type=\"text-editor.default\">\n\t\t\t\t<div class=\"elementor-widget-container\">\n\t\t\t\t\t\t\t\t\t<h3>Fallstudie<\/h3><h2>Erfolgreiche Zusammenarbeit mit dem G-BA<\/h2>\t\t\t\t\t\t\t\t<\/div>\n\t\t\t\t<\/div>\n\t\t\t\t<div class=\"elementor-element elementor-element-1620d632 elementor-widget elementor-widget-text-editor\" data-id=\"1620d632\" data-element_type=\"widget\" data-e-type=\"widget\" data-widget_type=\"text-editor.default\">\n\t\t\t\t<div class=\"elementor-widget-container\">\n\t\t\t\t\t\t\t\t\t<p><strong>Herausforderung:<\/strong> <br \/>Unterst\u00fctzung eines Pharmaunternehmens bei der Nutzenbewertung f\u00fcr eine neue Therapie.<\/p><p><strong>L\u00f6sung:<\/strong> <br \/>Justin Stindt Consultants begleitete die Dossiererstellung nach G-BA-Kriterien.<\/p><p><strong>Ergebnis:<\/strong> <br \/>Anerkennung eines Zusatznutzens, erfolgreicher Erstattungsstatus und vorteilhafte Ausgangslage f\u00fcr Preisverhandlungen.<\/p>\t\t\t\t\t\t\t\t<\/div>\n\t\t\t\t<\/div>\n\t\t\t\t<\/div>\n\t\t\t\t\t<\/div>\n\t\t\t\t<\/div>\n\t\t<div class=\"elementor-element elementor-element-4539d96 e-con-full e-flex e-con e-parent\" data-id=\"4539d96\" data-element_type=\"container\" data-e-type=\"container\" data-settings=\"{&quot;background_background&quot;:&quot;classic&quot;}\">\n\t\t\t\t<div class=\"elementor-element elementor-element-98eb454 elementor-cta--skin-classic elementor-animated-content elementor-bg-transform elementor-bg-transform-zoom-in elementor-widget elementor-widget-call-to-action\" data-id=\"98eb454\" data-element_type=\"widget\" data-e-type=\"widget\" data-widget_type=\"call-to-action.default\">\n\t\t\t\t<div class=\"elementor-widget-container\">\n\t\t\t\t\t\t\t<div class=\"elementor-cta\">\n\t\t\t\t\t\t\t<div class=\"elementor-cta__content\">\n\t\t\t\t\n\t\t\t\t\t\t\t\t\t<h2 class=\"elementor-cta__title elementor-cta__content-item elementor-content-item\">\n\t\t\t\t\t\tBen\u00f6tigen Sie Unterst\u00fctzung beim Marktzugang mit dem G-BA? Vertrauen Sie auf die Expertise von Justin Stindt Consultants.\t\t\t\t\t<\/h2>\n\t\t\t\t\n\t\t\t\t\t\t\t\t\t<div class=\"elementor-cta__description elementor-cta__content-item elementor-content-item\">\n\t\t\t\t\t\tKontaktieren Sie uns, um Ihre Marktzugangsstrategie mit dem G-BA erfolgreich umzusetzen.\n\t\t\t\t\t<\/div>\n\t\t\t\t\n\t\t\t\t\t\t\t\t\t<div class=\"elementor-cta__button-wrapper elementor-cta__content-item elementor-content-item \">\n\t\t\t\t\t<a class=\"elementor-cta__button elementor-button elementor-size-\" href=\"https:\/\/jstindt.com\/contact-us\/\">\n\t\t\t\t\t\tKontakt zu Justin Stindt Consultants\t\t\t\t\t<\/a>\n\t\t\t\t\t<\/div>\n\t\t\t\t\t\t\t<\/div>\n\t\t\t\t\t\t<\/div>\n\t\t\t\t\t\t<\/div>\n\t\t\t\t<\/div>\n\t\t\t\t<\/div>\n\t\t<div class=\"elementor-element elementor-element-3b2971a e-flex e-con-boxed e-con e-parent\" data-id=\"3b2971a\" data-element_type=\"container\" data-e-type=\"container\">\n\t\t\t\t\t<div class=\"e-con-inner\">\n\t\t\t\t<div class=\"elementor-element elementor-element-da0ad29 elementor-widget elementor-widget-n-accordion\" data-id=\"da0ad29\" data-element_type=\"widget\" data-e-type=\"widget\" data-settings=\"{&quot;default_state&quot;:&quot;all_collapsed&quot;,&quot;max_items_expended&quot;:&quot;one&quot;,&quot;n_accordion_animation_duration&quot;:{&quot;unit&quot;:&quot;ms&quot;,&quot;size&quot;:400,&quot;sizes&quot;:[]}}\" data-widget_type=\"nested-accordion.default\">\n\t\t\t\t<div class=\"elementor-widget-container\">\n\t\t\t\t\t\t\t<div class=\"e-n-accordion\" aria-label=\"Accordion. Open links with Enter or Space, close with Escape, and navigate with Arrow Keys\">\n\t\t\t\t\t\t<details id=\"e-n-accordion-item-2280\" class=\"e-n-accordion-item\" >\n\t\t\t\t<summary class=\"e-n-accordion-item-title\" data-accordion-index=\"1\" tabindex=\"0\" aria-expanded=\"false\" aria-controls=\"e-n-accordion-item-2280\" >\n\t\t\t\t\t<span class='e-n-accordion-item-title-header'><div class=\"e-n-accordion-item-title-text\"> Andere Schl\u00fcsselinstitutionen f\u00fcr den Marktzugang <\/div><\/span>\n\t\t\t\t\t\t\t<span class='e-n-accordion-item-title-icon'>\n\t\t\t<span class='e-opened' ><i aria-hidden=\"true\" class=\"fas fa-minus\"><\/i><\/span>\n\t\t\t<span class='e-closed'><i aria-hidden=\"true\" class=\"fas fa-plus\"><\/i><\/span>\n\t\t<\/span>\n\n\t\t\t\t\t\t<\/summary>\n\t\t\t\t<div role=\"region\" aria-labelledby=\"e-n-accordion-item-2280\" class=\"elementor-element elementor-element-d1b2488 e-con-full e-flex e-con e-child\" data-id=\"d1b2488\" data-element_type=\"container\" data-e-type=\"container\">\n\t\t\t\t<div class=\"elementor-element elementor-element-781b50e elementor-widget elementor-widget-template\" data-id=\"781b50e\" data-element_type=\"widget\" data-e-type=\"widget\" data-widget_type=\"template.default\">\n\t\t\t\t<div class=\"elementor-widget-container\">\n\t\t\t\t\t\t\t<div class=\"elementor-template\">\n\t\t\t\t\t<div data-elementor-type=\"container\" data-elementor-id=\"19257\" class=\"elementor elementor-19257 elementor-18546 elementor-18546\" data-elementor-post-type=\"elementor_library\">\n\t\t\t\t<div role=\"region\" aria-labelledby=\"e-n-accordion-item-8530\" class=\"elementor-element elementor-element-4d5d7d7a e-flex e-con-boxed e-con e-parent\" data-id=\"4d5d7d7a\" data-element_type=\"container\" data-e-type=\"container\">\n\t\t\t\t\t<div class=\"e-con-inner\">\n\t\t\t\t<div class=\"elementor-element elementor-element-fa73d9e elementor-widget elementor-widget-text-editor\" data-id=\"fa73d9e\" data-element_type=\"widget\" data-e-type=\"widget\" data-widget_type=\"text-editor.default\">\n\t\t\t\t<div class=\"elementor-widget-container\">\n\t\t\t\t\t\t\t\t\t<h4><strong>Globale Institutionen<\/strong><\/h4>\n<ul>\n<li><a href=\"https:\/\/jstindt.com\/de\/marktzugang-mit-der-who\/\">World Health Organization<\/a> (WHO)<\/li>\n<li><a href=\"https:\/\/jstindt.com\/de\/marktzugang-mit-dem-ispor\/\">International Society for Pharmacoeconomics and Outcomes Research<\/a> (ISPOR)<\/li>\n<\/ul>\n<h4><strong><br \/><a href=\"https:\/\/jstindt.com\/de\/usa\/\">Vereinigte Staaten<\/a><\/strong><\/h4>\n<ul>\n<li><a href=\"https:\/\/jstindt.com\/de\/marktzugang-mit-cms\/\">Centers for Medicare &amp; Medicaid Services<\/a> (CMS)<\/li>\n<li><a href=\"https:\/\/jstindt.com\/de\/marktzugang-mit-amcp\/\">Academy of Managed Care Pharmacy<\/a> (AMCP)<\/li>\n<li><a href=\"https:\/\/jstindt.com\/de\/marktzugang-mit-icer\/\">Institute for Clinical and Economic Review<\/a> (ICER)<\/li>\n<\/ul>\n<h4><strong><br \/><a href=\"https:\/\/jstindt.com\/de\/frankreich\/\">Frankreich<\/a><\/strong><\/h4>\n<ul>\n<li><a href=\"https:\/\/jstindt.com\/de\/marktzugang-mit-der-has\/\">Haute Autorit\u00e9 de Sant\u00e9<\/a> (HAS)<\/li>\n<li><a href=\"https:\/\/jstindt.com\/de\/marktzugang-mit-dem-ceps\/\">Comit\u00e9 \u00c9conomique des Produits de Sant\u00e9<\/a> (CEPS)<\/li>\n<\/ul>\n<h4><strong><br \/><a href=\"https:\/\/jstindt.com\/de\/deutschland\/\">Deutschland<\/a><\/strong><\/h4>\n<ul>\n<li><a href=\"https:\/\/jstindt.com\/de\/marktzugang-mit-dem-g-ba\/\">Gemeinsamer Bundesausschuss<\/a> (G-BA)<\/li>\n<li><a href=\"https:\/\/jstindt.com\/de\/marktzugang-mit-dem-iqwig\/\">Institute for Quality and Efficiency in Health Care<\/a> (IQWiG)<\/li>\n<li><a href=\"https:\/\/jstindt.com\/de\/marktzugang-mit-dem-gkv-spitzenverband\/\">GKV Spitzenverband<\/a><\/li>\n<\/ul>\n<h4><strong><br \/><a href=\"https:\/\/jstindt.com\/de\/vereinigtes-koenigreich\/\">Gro\u00dfbritannien<\/a><\/strong><\/h4>\n<ul>\n<li><a href=\"https:\/\/jstindt.com\/de\/marktzugang-mit-nice\/\">National Institute for Health and Care Excellence<\/a> (NICE)<\/li>\n<li><a href=\"https:\/\/jstindt.com\/de\/marktzugang-mit-dem-smc\/\">Scottish Medicines Consortium<\/a> (SMC)<\/li>\n<li><a href=\"https:\/\/jstindt.com\/de\/marktzugang-mit-awmsg\/\" rel=\"noopener\">All Wales Medicines Strategy Group<\/a> (AWMSG)<\/li>\n<li><a href=\"https:\/\/jstindt.com\/de\/marktzugang-mit-dem-nhs\/\">National Health Service<\/a> (NHS)<\/li>\n<\/ul>\n<h4><strong><br \/><a href=\"https:\/\/jstindt.com\/de\/italien\/\">Italien<\/a><\/strong><\/h4>\n<ul>\n<li><a href=\"https:\/\/jstindt.com\/de\/marktzugang-mit-der-aifa\/\">Italian Medicines Agency<\/a> (AIFA)<\/li>\n<li><a href=\"https:\/\/jstindt.com\/de\/marktzugang-mit-der-cse\/\">Scientific and Economic Commission<\/a> (CSE)<\/li>\n<\/ul>\n<h4><strong><br \/><a href=\"https:\/\/jstindt.com\/de\/spanien\/\">Spanien<\/a><\/strong><\/h4>\n<ul>\n<li><a href=\"https:\/\/jstindt.com\/de\/marktzugang-mit-der-aemps-ihr\/\">Spanish Agency of Medicines and Medical Devices<\/a> (AEMPS)<\/li>\n<li><a href=\"https:\/\/jstindt.com\/de\/marktzugang-mit-der-dgcf\/\">Direcci\u00f3n General de Cartera Com\u00fan de Servicios del Sistema Nacional de Salud y Farmacia<\/a> (DGCF)<\/li>\n<li><a href=\"https:\/\/jstindt.com\/de\/marktzugang-mit-der-cipm\/\">Interministerial Commission on Medicine Prices<\/a> (CIPM)<\/li>\n<\/ul>\n<h4><strong><br \/><a href=\"https:\/\/jstindt.com\/de\/schweiz\/\">Schweiz<\/a><\/strong><\/h4>\n<ul>\n<li><a href=\"https:\/\/jstindt.com\/de\/marktzugang-mit-dem-bag\/\">Federal Office of Public Health<\/a> (FOPH)<\/li>\n<\/ul>\n\t\t\t\t\t\t\t\t<\/div>\n\t\t\t\t<\/div>\n\t\t\t\t\t<\/div>\n\t\t\t\t<\/div>\n\t\t\t\t<\/div>\n\t\t\t\t<\/div>\n\t\t\t\t\t\t<\/div>\n\t\t\t\t<\/div>\n\t\t\t\t<\/div>\n\t\t\t\t\t<\/details>\n\t\t\t\t\t<\/div>\n\t\t\t\t\t\t<\/div>\n\t\t\t\t<\/div>\n\t\t\t\t\t<\/div>\n\t\t\t\t<\/div>\n\t\t\t\t<\/div>\n\t\t","protected":false},"excerpt":{"rendered":"<p>Der Gemeinsame Bundesausschuss (G-BA) ist das h\u00f6chste Beschlussgremium der gemeinsamen Selbstverwaltung von \u00c4rzten, Zahn\u00e4rzten, Krankenh\u00e4usern und Krankenkassen in Deutschland. Seit seiner Gr\u00fcndung im Jahr 2004 entscheidet der G-BA, welche medizinischen Leistungen von der gesetzlichen Krankenversicherung (GKV) \u00fcbernommen werden, und beeinflusst so die Versorgung von mehr als 70 Millionen Versicherten. (g-ba.de) Hauptaufgaben des G-BA Bewertung des [&hellip;]<\/p>\n","protected":false},"author":3,"featured_media":0,"parent":0,"menu_order":0,"comment_status":"closed","ping_status":"closed","template":"","meta":{"_acf_changed":false,"footnotes":""},"class_list":["post-18919","page","type-page","status-publish","hentry"],"acf":[],"_links":{"self":[{"href":"https:\/\/jstindt.com\/de\/wp-json\/wp\/v2\/pages\/18919","targetHints":{"allow":["GET"]}}],"collection":[{"href":"https:\/\/jstindt.com\/de\/wp-json\/wp\/v2\/pages"}],"about":[{"href":"https:\/\/jstindt.com\/de\/wp-json\/wp\/v2\/types\/page"}],"author":[{"embeddable":true,"href":"https:\/\/jstindt.com\/de\/wp-json\/wp\/v2\/users\/3"}],"replies":[{"embeddable":true,"href":"https:\/\/jstindt.com\/de\/wp-json\/wp\/v2\/comments?post=18919"}],"version-history":[{"count":11,"href":"https:\/\/jstindt.com\/de\/wp-json\/wp\/v2\/pages\/18919\/revisions"}],"predecessor-version":[{"id":19587,"href":"https:\/\/jstindt.com\/de\/wp-json\/wp\/v2\/pages\/18919\/revisions\/19587"}],"wp:attachment":[{"href":"https:\/\/jstindt.com\/de\/wp-json\/wp\/v2\/media?parent=18919"}],"curies":[{"name":"wp","href":"https:\/\/api.w.org\/{rel}","templated":true}]}}