{"id":18901,"date":"2025-02-13T13:32:34","date_gmt":"2025-02-13T12:32:34","guid":{"rendered":"https:\/\/jstindt.com\/?page_id=18901"},"modified":"2025-03-10T14:23:00","modified_gmt":"2025-03-10T13:23:00","slug":"marktzugang-mit-dem-ceps","status":"publish","type":"page","link":"https:\/\/jstindt.com\/de\/marktzugang-mit-dem-ceps\/","title":{"rendered":"Marktzugang mit dem CEPS: Ihr Leitfaden zur franz\u00f6sischen Preisbeh\u00f6rde f\u00fcr Gesundheitsprodukte"},"content":{"rendered":"\t\t<div data-elementor-type=\"wp-page\" data-elementor-id=\"18901\" class=\"elementor elementor-18901 elementor-18535\" data-elementor-post-type=\"page\">\n\t\t\t\t<div class=\"elementor-element elementor-element-56b58e3 e-flex e-con-boxed e-con e-parent\" data-id=\"56b58e3\" data-element_type=\"container\" data-e-type=\"container\">\n\t\t\t\t\t<div class=\"e-con-inner\">\n\t\t\t\t<div class=\"elementor-element elementor-element-41c4c72 elementor-widget elementor-widget-text-editor\" data-id=\"41c4c72\" data-element_type=\"widget\" data-e-type=\"widget\" data-widget_type=\"text-editor.default\">\n\t\t\t\t<div class=\"elementor-widget-container\">\n\t\t\t\t\t\t\t\t\t<p><span style=\"font-weight: 400;\">Das Comit\u00e9 \u00c9conomique des Produits de Sant\u00e9 (CEPS) ist ein interministerielles Gremium unter der gemeinsamen Aufsicht der franz\u00f6sischen Ministerien f\u00fcr Gesundheit, Soziales und Wirtschaft. Seine Hauptaufgabe besteht darin, die Preise f\u00fcr Arzneimittel und Tarife f\u00fcr medizinische Ger\u00e4te festzulegen, die von der gesetzlichen Krankenversicherung erstattet werden. (<\/span><a href=\"https:\/\/sante.gouv.fr\/ceps\"><span style=\"font-weight: 400;\">sante.gouv.fr<\/span><\/a><span style=\"font-weight: 400;\">)<\/span><\/p><h2><b>Hauptaufgaben des CEPS<\/b><\/h2><ul><li><b>Preisfestsetzung:<\/b><span style=\"font-weight: 400;\"> Festlegung der Arzneimittelpreise und Tarife f\u00fcr medizinische Ger\u00e4te, die von der gesetzlichen Krankenversicherung erstattet werden.<\/span><\/li><li><b>Beitrag zur Politikgestaltung:<\/b><span style=\"font-weight: 400;\"> Ausarbeitung und Mitgestaltung wirtschaftspolitischer Ma\u00dfnahmen im Bereich Gesundheitsprodukte.<\/span><\/li><\/ul><h2><b>Leitung und wichtige Ansprechpartner<\/b><\/h2><p><span style=\"font-weight: 400;\">Stand Februar 2025 wird das CEPS von <\/span><b>Virginie Beaumeunier<\/b><span style=\"font-weight: 400;\"> geleitet. Die Organisation gliedert sich in zwei Abteilungen:<\/span><\/p><ul><li><b>Abteilung f\u00fcr Arzneimittel:<\/b><span style=\"font-weight: 400;\"> Geleitet von Vizepr\u00e4sident <\/span><b>Jean-Patrick Sales<\/b><span style=\"font-weight: 400;\">.<\/span><\/li><li><b>Abteilung f\u00fcr Medizinprodukte:<\/b><span style=\"font-weight: 400;\"> Unter der Leitung von Vizepr\u00e4sident <\/span><b>Bernard Celli<\/b><span style=\"font-weight: 400;\">.<\/span><\/li><\/ul><h3><b>Kontaktinformationen des CEPS<\/b><\/h3><ul><li><span style=\"font-weight: 400;\"> \u00a0 \u00a0 <\/span><b>Website:<\/b><a href=\"https:\/\/sante.gouv.fr\/ceps\"> <span style=\"font-weight: 400;\">sante.gouv.fr\/ceps<\/span><\/a><\/li><li><b>Postanschrift:<\/b><b><br \/><\/b> <span style=\"font-weight: 400;\">Comit\u00e9 \u00c9conomique des Produits de Sant\u00e9<\/span><span style=\"font-weight: 400;\"><br \/><\/span><span style=\"font-weight: 400;\"> 14 avenue Duquesne<\/span><span style=\"font-weight: 400;\"><br \/><\/span><span style=\"font-weight: 400;\"> 75350 Paris 07 SP, Frankreich<\/span><\/li><\/ul><h2><b>Herausforderungen bei der Zusammenarbeit mit dem CEPS<\/b><\/h2><ul><li><b>Verst\u00e4ndnis der Preisbildungsprozesse:<\/b><span style=\"font-weight: 400;\"> Kenntnis der CEPS-Kriterien, der gesetzlichen Rahmenbedingungen sowie der Branchenvereinbarung (Accord-Cadre) mit dem Verband LEEM.<\/span><\/li><li><b>P\u00fcnktliche und vollst\u00e4ndige Einreichungen:<\/b><span style=\"font-weight: 400;\"> Sorgf\u00e4ltige Vorbereitung und rechtzeitige Einreichung aller erforderlichen Unterlagen, um Verz\u00f6gerungen und Sanktionen zu vermeiden.<\/span><\/li><li><b>Zusammenarbeit mit Stakeholdern:<\/b><span style=\"font-weight: 400;\"> Effektive Abstimmung mit Akteuren des franz\u00f6sischen Gesundheitswesens entsprechend den CEPS-Richtlinien.<\/span><\/li><\/ul><h2><b>Chancen \/ L\u00f6sungen mit Justin Stindt Consultants<\/b><\/h2><ul><li><b>Fachkundige CEPS-Einreichungen:<\/b><span style=\"font-weight: 400;\"> Erstellung hochwertiger Dossiers f\u00fcr Preisverhandlungen und Tariffestsetzungen.<\/span><\/li><li><b>CEPS-Marktzugangsstrategien:<\/b><span style=\"font-weight: 400;\"> Bew\u00e4hrte Methoden zur Optimierung von Preis- und Erstattungsergebnissen.<\/span><\/li><li><b>Spezialisierte CEPS-Prozesse:<\/b><span style=\"font-weight: 400;\"> Tiefgehendes Fachwissen zu franz\u00f6sischen Preisverhandlungen, um Genehmigungen zu beschleunigen.<\/span><\/li><\/ul>\t\t\t\t\t\t\t\t<\/div>\n\t\t\t\t<\/div>\n\t\t\t\t\t<\/div>\n\t\t\t\t<\/div>\n\t\t<div class=\"elementor-element elementor-element-e6fdd69 e-flex e-con-boxed e-con e-parent\" data-id=\"e6fdd69\" data-element_type=\"container\" data-e-type=\"container\">\n\t\t\t\t\t<div class=\"e-con-inner\">\n\t\t\t\t<div class=\"elementor-element elementor-element-b9a8e76 elementor-widget-divider--view-line elementor-widget elementor-widget-divider\" data-id=\"b9a8e76\" data-element_type=\"widget\" data-e-type=\"widget\" data-widget_type=\"divider.default\">\n\t\t\t\t<div class=\"elementor-widget-container\">\n\t\t\t\t\t\t\t<div class=\"elementor-divider\">\n\t\t\t<span class=\"elementor-divider-separator\">\n\t\t\t\t\t\t<\/span>\n\t\t<\/div>\n\t\t\t\t\t\t<\/div>\n\t\t\t\t<\/div>\n\t\t\t\t\t<\/div>\n\t\t\t\t<\/div>\n\t\t<div class=\"elementor-element elementor-element-7842c3ab e-flex e-con-boxed e-con e-parent\" data-id=\"7842c3ab\" data-element_type=\"container\" data-e-type=\"container\">\n\t\t\t\t\t<div class=\"e-con-inner\">\n\t\t<div class=\"elementor-element elementor-element-57a35164 e-con-full bordered-block e-flex e-con e-child\" data-id=\"57a35164\" data-element_type=\"container\" data-e-type=\"container\">\n\t\t\t\t<div class=\"elementor-element elementor-element-5717fcbe elementor-widget elementor-widget-text-editor\" data-id=\"5717fcbe\" data-element_type=\"widget\" data-e-type=\"widget\" data-widget_type=\"text-editor.default\">\n\t\t\t\t<div class=\"elementor-widget-container\">\n\t\t\t\t\t\t\t\t\t<h3>Fallstudie<\/h3><h2>Erfolg eines Pharmaunternehmens mit dem CEPS<\/h2>\t\t\t\t\t\t\t\t<\/div>\n\t\t\t\t<\/div>\n\t\t\t\t<div class=\"elementor-element elementor-element-7ed866c4 elementor-widget elementor-widget-text-editor\" data-id=\"7ed866c4\" data-element_type=\"widget\" data-e-type=\"widget\" data-widget_type=\"text-editor.default\">\n\t\t\t\t<div class=\"elementor-widget-container\">\n\t\t\t\t\t\t\t\t\t<p><strong>Herausforderung<\/strong>: Ein Pharmaunternehmen ben\u00f6tigte Unterst\u00fctzung f\u00fcr eine vorteilhafte Preisgenehmigung in Frankreich.<\/p><p><strong>L\u00f6sung<\/strong>: Justin Stindt Consultants begleitete das Unternehmen bei der Erstellung eines umfassenden Dossiers gem\u00e4\u00df den CEPS-Kriterien und unterst\u00fctzte die Verhandlungen.<\/p><p><strong>Ergebnis<\/strong>: Ein attraktiver, ausgehandelter Preis sowie die Aufnahme in die nationale Erstattungsliste.<\/p>\t\t\t\t\t\t\t\t<\/div>\n\t\t\t\t<\/div>\n\t\t\t\t<\/div>\n\t\t\t\t\t<\/div>\n\t\t\t\t<\/div>\n\t\t<div class=\"elementor-element elementor-element-4bc8f41 e-con-full e-flex e-con e-parent\" data-id=\"4bc8f41\" data-element_type=\"container\" data-e-type=\"container\" data-settings=\"{&quot;background_background&quot;:&quot;classic&quot;}\">\n\t\t\t\t<div class=\"elementor-element elementor-element-7dc0f91 elementor-cta--skin-classic elementor-animated-content elementor-bg-transform elementor-bg-transform-zoom-in elementor-widget elementor-widget-call-to-action\" data-id=\"7dc0f91\" data-element_type=\"widget\" data-e-type=\"widget\" data-widget_type=\"call-to-action.default\">\n\t\t\t\t<div class=\"elementor-widget-container\">\n\t\t\t\t\t\t\t<div class=\"elementor-cta\">\n\t\t\t\t\t\t\t<div class=\"elementor-cta__content\">\n\t\t\t\t\n\t\t\t\t\t\t\t\t\t<h2 class=\"elementor-cta__title elementor-cta__content-item elementor-content-item\">\n\t\t\t\t\t\tBen\u00f6tigen Sie Unterst\u00fctzung bei Preisverhandlungen und CEPS-Prozessen? Die Experten von Justin Stindt Consultants begleiten Sie zum Erfolg.\t\t\t\t\t<\/h2>\n\t\t\t\t\n\t\t\t\t\t\t\t\t\t<div class=\"elementor-cta__description elementor-cta__content-item elementor-content-item\">\n\t\t\t\t\t\tKontaktieren Sie uns noch heute, um Ihre Marktzugangsstrategie zu optimieren und Ihre Erfolge mit dem CEPS sicherzustellen.\n\t\t\t\t\t<\/div>\n\t\t\t\t\n\t\t\t\t\t\t\t\t\t<div class=\"elementor-cta__button-wrapper elementor-cta__content-item elementor-content-item \">\n\t\t\t\t\t<a class=\"elementor-cta__button elementor-button elementor-size-\" href=\"https:\/\/jstindt.com\/contact-us\/\">\n\t\t\t\t\t\tKontakt Justin Stindt Consultants\t\t\t\t\t<\/a>\n\t\t\t\t\t<\/div>\n\t\t\t\t\t\t\t<\/div>\n\t\t\t\t\t\t<\/div>\n\t\t\t\t\t\t<\/div>\n\t\t\t\t<\/div>\n\t\t\t\t<\/div>\n\t\t<div class=\"elementor-element elementor-element-6b37006 e-flex e-con-boxed e-con e-parent\" data-id=\"6b37006\" data-element_type=\"container\" data-e-type=\"container\">\n\t\t\t\t\t<div class=\"e-con-inner\">\n\t\t\t\t<div class=\"elementor-element elementor-element-478a605 elementor-widget elementor-widget-n-accordion\" data-id=\"478a605\" data-element_type=\"widget\" data-e-type=\"widget\" data-settings=\"{&quot;default_state&quot;:&quot;expanded&quot;,&quot;max_items_expended&quot;:&quot;one&quot;,&quot;n_accordion_animation_duration&quot;:{&quot;unit&quot;:&quot;ms&quot;,&quot;size&quot;:400,&quot;sizes&quot;:[]}}\" data-widget_type=\"nested-accordion.default\">\n\t\t\t\t<div class=\"elementor-widget-container\">\n\t\t\t\t\t\t\t<div class=\"e-n-accordion\" aria-label=\"Accordion. Open links with Enter or Space, close with Escape, and navigate with Arrow Keys\">\n\t\t\t\t\t\t<details id=\"e-n-accordion-item-7500\" class=\"e-n-accordion-item\" open>\n\t\t\t\t<summary class=\"e-n-accordion-item-title\" data-accordion-index=\"1\" tabindex=\"0\" aria-expanded=\"true\" aria-controls=\"e-n-accordion-item-7500\" >\n\t\t\t\t\t<span class='e-n-accordion-item-title-header'><div class=\"e-n-accordion-item-title-text\"> Andere Schl\u00fcsselinstitutionen f\u00fcr den Marktzugang <\/div><\/span>\n\t\t\t\t\t\t\t<span class='e-n-accordion-item-title-icon'>\n\t\t\t<span class='e-opened' ><i aria-hidden=\"true\" class=\"fas fa-minus\"><\/i><\/span>\n\t\t\t<span class='e-closed'><i aria-hidden=\"true\" class=\"fas fa-plus\"><\/i><\/span>\n\t\t<\/span>\n\n\t\t\t\t\t\t<\/summary>\n\t\t\t\t<div role=\"region\" aria-labelledby=\"e-n-accordion-item-7500\" class=\"elementor-element elementor-element-0e6e65c e-con-full e-flex e-con e-child\" data-id=\"0e6e65c\" data-element_type=\"container\" data-e-type=\"container\">\n\t\t\t\t<div class=\"elementor-element elementor-element-bd2fe29 elementor-widget elementor-widget-template\" data-id=\"bd2fe29\" data-element_type=\"widget\" data-e-type=\"widget\" data-widget_type=\"template.default\">\n\t\t\t\t<div class=\"elementor-widget-container\">\n\t\t\t\t\t\t\t<div class=\"elementor-template\">\n\t\t\t\t\t<div data-elementor-type=\"container\" data-elementor-id=\"19257\" class=\"elementor elementor-19257 elementor-18546 elementor-18546\" data-elementor-post-type=\"elementor_library\">\n\t\t\t\t<div role=\"region\" aria-labelledby=\"e-n-accordion-item-3550\" class=\"elementor-element elementor-element-4d5d7d7a e-flex e-con-boxed e-con e-parent\" data-id=\"4d5d7d7a\" data-element_type=\"container\" data-e-type=\"container\">\n\t\t\t\t\t<div class=\"e-con-inner\">\n\t\t\t\t<div class=\"elementor-element elementor-element-fa73d9e elementor-widget elementor-widget-text-editor\" data-id=\"fa73d9e\" data-element_type=\"widget\" data-e-type=\"widget\" data-widget_type=\"text-editor.default\">\n\t\t\t\t<div class=\"elementor-widget-container\">\n\t\t\t\t\t\t\t\t\t<h4><strong>Globale Institutionen<\/strong><\/h4>\n<ul>\n<li><a href=\"https:\/\/jstindt.com\/de\/marktzugang-mit-der-who\/\">World Health Organization<\/a> (WHO)<\/li>\n<li><a href=\"https:\/\/jstindt.com\/de\/marktzugang-mit-dem-ispor\/\">International Society for Pharmacoeconomics and Outcomes Research<\/a> (ISPOR)<\/li>\n<\/ul>\n<h4><strong><br \/><a href=\"https:\/\/jstindt.com\/de\/usa\/\">Vereinigte Staaten<\/a><\/strong><\/h4>\n<ul>\n<li><a href=\"https:\/\/jstindt.com\/de\/marktzugang-mit-cms\/\">Centers for Medicare &amp; Medicaid Services<\/a> (CMS)<\/li>\n<li><a href=\"https:\/\/jstindt.com\/de\/marktzugang-mit-amcp\/\">Academy of Managed Care Pharmacy<\/a> (AMCP)<\/li>\n<li><a href=\"https:\/\/jstindt.com\/de\/marktzugang-mit-icer\/\">Institute for Clinical and Economic Review<\/a> (ICER)<\/li>\n<\/ul>\n<h4><strong><br \/><a href=\"https:\/\/jstindt.com\/de\/frankreich\/\">Frankreich<\/a><\/strong><\/h4>\n<ul>\n<li><a href=\"https:\/\/jstindt.com\/de\/marktzugang-mit-der-has\/\">Haute Autorit\u00e9 de Sant\u00e9<\/a> (HAS)<\/li>\n<li><a href=\"https:\/\/jstindt.com\/de\/marktzugang-mit-dem-ceps\/\">Comit\u00e9 \u00c9conomique des Produits de Sant\u00e9<\/a> (CEPS)<\/li>\n<\/ul>\n<h4><strong><br \/><a href=\"https:\/\/jstindt.com\/de\/deutschland\/\">Deutschland<\/a><\/strong><\/h4>\n<ul>\n<li><a href=\"https:\/\/jstindt.com\/de\/marktzugang-mit-dem-g-ba\/\">Gemeinsamer Bundesausschuss<\/a> (G-BA)<\/li>\n<li><a href=\"https:\/\/jstindt.com\/de\/marktzugang-mit-dem-iqwig\/\">Institute for Quality and Efficiency in Health Care<\/a> (IQWiG)<\/li>\n<li><a href=\"https:\/\/jstindt.com\/de\/marktzugang-mit-dem-gkv-spitzenverband\/\">GKV Spitzenverband<\/a><\/li>\n<\/ul>\n<h4><strong><br \/><a href=\"https:\/\/jstindt.com\/de\/vereinigtes-koenigreich\/\">Gro\u00dfbritannien<\/a><\/strong><\/h4>\n<ul>\n<li><a href=\"https:\/\/jstindt.com\/de\/marktzugang-mit-nice\/\">National Institute for Health and Care Excellence<\/a> (NICE)<\/li>\n<li><a href=\"https:\/\/jstindt.com\/de\/marktzugang-mit-dem-smc\/\">Scottish Medicines Consortium<\/a> (SMC)<\/li>\n<li><a href=\"https:\/\/jstindt.com\/de\/marktzugang-mit-awmsg\/\" rel=\"noopener\">All Wales Medicines Strategy Group<\/a> (AWMSG)<\/li>\n<li><a href=\"https:\/\/jstindt.com\/de\/marktzugang-mit-dem-nhs\/\">National Health Service<\/a> (NHS)<\/li>\n<\/ul>\n<h4><strong><br \/><a href=\"https:\/\/jstindt.com\/de\/italien\/\">Italien<\/a><\/strong><\/h4>\n<ul>\n<li><a href=\"https:\/\/jstindt.com\/de\/marktzugang-mit-der-aifa\/\">Italian Medicines Agency<\/a> (AIFA)<\/li>\n<li><a href=\"https:\/\/jstindt.com\/de\/marktzugang-mit-der-cse\/\">Scientific and Economic Commission<\/a> (CSE)<\/li>\n<\/ul>\n<h4><strong><br \/><a href=\"https:\/\/jstindt.com\/de\/spanien\/\">Spanien<\/a><\/strong><\/h4>\n<ul>\n<li><a href=\"https:\/\/jstindt.com\/de\/marktzugang-mit-der-aemps-ihr\/\">Spanish Agency of Medicines and Medical Devices<\/a> (AEMPS)<\/li>\n<li><a href=\"https:\/\/jstindt.com\/de\/marktzugang-mit-der-dgcf\/\">Direcci\u00f3n General de Cartera Com\u00fan de Servicios del Sistema Nacional de Salud y Farmacia<\/a> (DGCF)<\/li>\n<li><a href=\"https:\/\/jstindt.com\/de\/marktzugang-mit-der-cipm\/\">Interministerial Commission on Medicine Prices<\/a> (CIPM)<\/li>\n<\/ul>\n<h4><strong><br \/><a href=\"https:\/\/jstindt.com\/de\/schweiz\/\">Schweiz<\/a><\/strong><\/h4>\n<ul>\n<li><a href=\"https:\/\/jstindt.com\/de\/marktzugang-mit-dem-bag\/\">Federal Office of Public Health<\/a> (FOPH)<\/li>\n<\/ul>\n\t\t\t\t\t\t\t\t<\/div>\n\t\t\t\t<\/div>\n\t\t\t\t\t<\/div>\n\t\t\t\t<\/div>\n\t\t\t\t<\/div>\n\t\t\t\t<\/div>\n\t\t\t\t\t\t<\/div>\n\t\t\t\t<\/div>\n\t\t\t\t<\/div>\n\t\t\t\t\t<\/details>\n\t\t\t\t\t<\/div>\n\t\t\t\t\t\t<\/div>\n\t\t\t\t<\/div>\n\t\t\t\t\t<\/div>\n\t\t\t\t<\/div>\n\t\t\t\t<\/div>\n\t\t","protected":false},"excerpt":{"rendered":"<p>Das Comit\u00e9 \u00c9conomique des Produits de Sant\u00e9 (CEPS) ist ein interministerielles Gremium unter der gemeinsamen Aufsicht der franz\u00f6sischen Ministerien f\u00fcr Gesundheit, Soziales und Wirtschaft. Seine Hauptaufgabe besteht darin, die Preise f\u00fcr Arzneimittel und Tarife f\u00fcr medizinische Ger\u00e4te festzulegen, die von der gesetzlichen Krankenversicherung erstattet werden. (sante.gouv.fr) Hauptaufgaben des CEPS Preisfestsetzung: Festlegung der Arzneimittelpreise und Tarife [&hellip;]<\/p>\n","protected":false},"author":3,"featured_media":0,"parent":0,"menu_order":0,"comment_status":"closed","ping_status":"closed","template":"","meta":{"_acf_changed":false,"footnotes":""},"class_list":["post-18901","page","type-page","status-publish","hentry"],"acf":[],"_links":{"self":[{"href":"https:\/\/jstindt.com\/de\/wp-json\/wp\/v2\/pages\/18901","targetHints":{"allow":["GET"]}}],"collection":[{"href":"https:\/\/jstindt.com\/de\/wp-json\/wp\/v2\/pages"}],"about":[{"href":"https:\/\/jstindt.com\/de\/wp-json\/wp\/v2\/types\/page"}],"author":[{"embeddable":true,"href":"https:\/\/jstindt.com\/de\/wp-json\/wp\/v2\/users\/3"}],"replies":[{"embeddable":true,"href":"https:\/\/jstindt.com\/de\/wp-json\/wp\/v2\/comments?post=18901"}],"version-history":[{"count":8,"href":"https:\/\/jstindt.com\/de\/wp-json\/wp\/v2\/pages\/18901\/revisions"}],"predecessor-version":[{"id":19589,"href":"https:\/\/jstindt.com\/de\/wp-json\/wp\/v2\/pages\/18901\/revisions\/19589"}],"wp:attachment":[{"href":"https:\/\/jstindt.com\/de\/wp-json\/wp\/v2\/media?parent=18901"}],"curies":[{"name":"wp","href":"https:\/\/api.w.org\/{rel}","templated":true}]}}