{"id":18850,"date":"2025-01-09T17:41:57","date_gmt":"2025-01-09T16:41:57","guid":{"rendered":"https:\/\/jstindt.com\/?page_id=18850"},"modified":"2025-03-05T17:09:30","modified_gmt":"2025-03-05T16:09:30","slug":"marktzugang-mit-der-has","status":"publish","type":"page","link":"https:\/\/jstindt.com\/de\/marktzugang-mit-der-has\/","title":{"rendered":"Marktzugang mit der HAS: Ihr Leitfaden zur f\u00fchrenden Gesundheitsbeh\u00f6rde Frankreichs"},"content":{"rendered":"\t\t<div data-elementor-type=\"wp-page\" data-elementor-id=\"18850\" class=\"elementor elementor-18850 elementor-18203\" data-elementor-post-type=\"page\">\n\t\t\t\t<div class=\"elementor-element elementor-element-105cba2 e-flex e-con-boxed e-con e-parent\" data-id=\"105cba2\" data-element_type=\"container\" data-e-type=\"container\">\n\t\t\t\t\t<div class=\"e-con-inner\">\n\t\t\t\t<div class=\"elementor-element elementor-element-841215f elementor-widget elementor-widget-text-editor\" data-id=\"841215f\" data-element_type=\"widget\" data-e-type=\"widget\" data-widget_type=\"text-editor.default\">\n\t\t\t\t<div class=\"elementor-widget-container\">\n\t\t\t\t\t\t\t\t\t<p><span style=\"font-weight: 400;\">Die Haute Autorit\u00e9 de Sant\u00e9 (HAS) ist die unabh\u00e4ngige \u00f6ffentliche Gesundheitsbeh\u00f6rde Frankreichs f\u00fcr Health Technology Assessments (HTA). Sie wurde 2004 gegr\u00fcndet und tr\u00e4gt zur Verbesserung der Versorgungsqualit\u00e4t sowie zur F\u00f6rderung der Gerechtigkeit im Gesundheitssystem bei. Ihre Aufgaben umfassen die Bewertung von Arzneimitteln, Medizinprodukten und Verfahren, die Ver\u00f6ffentlichung von Leitlinien und die Akkreditierung von Gesundheitseinrichtungen. (<\/span><a href=\"https:\/\/www.has-sante.fr\/\"><span style=\"font-weight: 400;\">has-sante.fr<\/span><\/a><span style=\"font-weight: 400;\">)<\/span><\/p><h2><b>Hauptaufgaben der HAS<\/b><\/h2><ul><li><b>Bewertungen zum Marktzugang \/ HTA-Gutachten:<\/b><span style=\"font-weight: 400;\"> Bewertung des medizinischen Nutzens und des wirtschaftlichen Werts von Arzneimitteln, Medizinprodukten und Verfahren zur Unterst\u00fctzung von Erstattungsentscheidungen.<\/span><\/li><li><b>Empfehlungen von HAS-Expertenberatern:<\/b><span style=\"font-weight: 400;\"> Ver\u00f6ffentlichung von Leitlinien f\u00fcr Fachkr\u00e4fte zur F\u00f6rderung bew\u00e4hrter Verfahren.<\/span><\/li><li><b>Akkreditierungen durch HAS-Spezialisten:<\/b><span style=\"font-weight: 400;\"> Zertifizierung von Krankenh\u00e4usern und Kliniken zur Sicherstellung der Versorgungsqualit\u00e4t.<\/span><\/li><\/ul><h2><b>Leitung und wichtige Ansprechpartner<\/b><\/h2><p><span style=\"font-weight: 400;\">Stand Januar 2025 wird die HAS von Pr\u00e4sident <\/span><b>Professor Lionel Collet<\/b><span style=\"font-weight: 400;\"> geleitet. (<\/span><a href=\"https:\/\/www.has-sante.fr\/\"><span style=\"font-weight: 400;\">has-sante.fr<\/span><\/a><span style=\"font-weight: 400;\">)<\/span><\/p><ul><li><b>Transparenzkommission (Commission de la transparence, CT):<\/b><span style=\"font-weight: 400;\"> Prof. Pierre Cochat<\/span><\/li><li><b>Kommission f\u00fcr Medizinprodukte (CNEDiMTS):<\/b><span style=\"font-weight: 400;\"> Dr. Jean-Yves Grall<\/span><\/li><li><b>Kommission f\u00fcr Wirtschaftlichkeitspr\u00fcfung (CEESP):<\/b><span style=\"font-weight: 400;\"> Prof. Karine Chevreul<\/span><\/li><li><b>Technische Impfkommission (CTV):<\/b><span style=\"font-weight: 400;\"> Prof. Anne-Claude Cr\u00e9mieux<\/span><\/li><\/ul><h3><b>Kontaktdaten der HAS<\/b><\/h3><ul><li><span style=\"font-weight: 400;\"> \u00a0 \u00a0 <\/span><b>Website:<\/b><a href=\"https:\/\/www.has-sante.fr\/\"> <span style=\"font-weight: 400;\">has-sante.fr<\/span><\/a><\/li><li><b>Adresse:<\/b><span style=\"font-weight: 400;\"> 5 avenue du Stade de France, 93218 Saint-Denis La Plaine Cedex, Frankreich<\/span><\/li><li><span style=\"font-weight: 400;\"> \u00a0 \u00a0 <\/span><b>Telefon:<\/b><span style=\"font-weight: 400;\"> +33 (0)1 55 93 70 00<\/span><\/li><\/ul><h2><b>Herausforderungen bei der Zusammenarbeit mit der HAS<\/b><\/h2><ul><li><b>Verst\u00e4ndnis der HAS-Prozesse:<\/b><span style=\"font-weight: 400;\"> Kenntnisse der Bewertungsrichtlinien, z. B. der CT-Doktrin und der methodischen Anforderungen.<\/span><\/li><li><b>Vollst\u00e4ndige und rechtzeitige Einreichungen:<\/b><span style=\"font-weight: 400;\"> Termingerechte und konforme Abgabe aller erforderlichen Unterlagen.<\/span><\/li><li><b>Zusammenarbeit mit Stakeholdern:<\/b><span style=\"font-weight: 400;\"> Effektive Abstimmung mit relevanten Akteuren im franz\u00f6sischen Gesundheitssystem.<\/span><\/li><\/ul><h2><b>M\u00f6glichkeiten \/ L\u00f6sungen mit Justin Stindt Consultants<\/b><\/h2><ul><li><b>HAS-Expertengutachten:<\/b><span style=\"font-weight: 400;\"> Erstellung hochwertiger Dossiers f\u00fcr CT, CNEDiMTS und CEESP.<\/span><\/li><li><b>Fr\u00fchzeitige wissenschaftliche Beratungen (rencontre pr\u00e9coce) und Pre-Submission-Meetings.<\/b><\/li><li><b>Strategien zum HAS-Marktzugang:<\/b><span style=\"font-weight: 400;\"> Erprobte Methoden zur Optimierung von Erstattungsergebnissen.<\/span><\/li><li><b>Spezialist f\u00fcr HAS-Prozesse und Anh\u00f6rungen:<\/b><span style=\"font-weight: 400;\"> Tiefgehendes Wissen \u00fcber HTA-Bewertungen.<\/span><\/li><li><b>Netzwerk aus Entscheidungstr\u00e4gern:<\/b><span style=\"font-weight: 400;\"> Zugang zu ehemaligen HAS-Kommissionsmitgliedern, f\u00fchrenden KOLs und CEPS-Beratern.<\/span><\/li><\/ul><h3><b>HAS-Expertenunterst\u00fctzung<\/b><\/h3><ul><li><b>HAS-Expertenguidance:<\/b><span style=\"font-weight: 400;\"> Direkte Unterst\u00fctzung bei Marktzugangs- und Erstattungsfragen.<\/span><\/li><li><b>HAS-Experteneinblicke:<\/b><span style=\"font-weight: 400;\"> Ma\u00dfgeschneiderte Beratung f\u00fcr HTA-Bewertungen.<\/span><\/li><li><b>HAS-Expertendokumentation:<\/b><span style=\"font-weight: 400;\"> Erstellung konformer Dossiers gem\u00e4\u00df HTA-Vorgaben.<\/span><\/li><\/ul>\t\t\t\t\t\t\t\t<\/div>\n\t\t\t\t<\/div>\n\t\t\t\t\t<\/div>\n\t\t\t\t<\/div>\n\t\t<div class=\"elementor-element elementor-element-04ee5ba e-flex e-con-boxed e-con e-parent\" data-id=\"04ee5ba\" data-element_type=\"container\" data-e-type=\"container\">\n\t\t\t\t\t<div class=\"e-con-inner\">\n\t\t\t\t<div class=\"elementor-element elementor-element-2cbfbb1 elementor-widget-divider--view-line elementor-widget elementor-widget-divider\" data-id=\"2cbfbb1\" data-element_type=\"widget\" data-e-type=\"widget\" data-widget_type=\"divider.default\">\n\t\t\t\t<div class=\"elementor-widget-container\">\n\t\t\t\t\t\t\t<div class=\"elementor-divider\">\n\t\t\t<span class=\"elementor-divider-separator\">\n\t\t\t\t\t\t<\/span>\n\t\t<\/div>\n\t\t\t\t\t\t<\/div>\n\t\t\t\t<\/div>\n\t\t\t\t\t<\/div>\n\t\t\t\t<\/div>\n\t\t<div class=\"elementor-element elementor-element-48e713e5 e-flex e-con-boxed e-con e-parent\" data-id=\"48e713e5\" data-element_type=\"container\" data-e-type=\"container\">\n\t\t\t\t\t<div class=\"e-con-inner\">\n\t\t<div class=\"elementor-element elementor-element-ac50955 e-con-full bordered-block e-flex e-con e-child\" data-id=\"ac50955\" data-element_type=\"container\" data-e-type=\"container\">\n\t\t\t\t<div class=\"elementor-element elementor-element-3009de7b elementor-widget elementor-widget-text-editor\" data-id=\"3009de7b\" data-element_type=\"widget\" data-e-type=\"widget\" data-widget_type=\"text-editor.default\">\n\t\t\t\t<div class=\"elementor-widget-container\">\n\t\t\t\t\t\t\t\t\t<h3>Fallstudie<\/h3><h2>Erfolg eines Pharmaunternehmens mit der HAS<\/h2>\t\t\t\t\t\t\t\t<\/div>\n\t\t\t\t<\/div>\n\t\t\t\t<div class=\"elementor-element elementor-element-36a7318f elementor-widget elementor-widget-text-editor\" data-id=\"36a7318f\" data-element_type=\"widget\" data-e-type=\"widget\" data-widget_type=\"text-editor.default\">\n\t\t\t\t<div class=\"elementor-widget-container\">\n\t\t\t\t\t\t\t\t\t<p><strong>Herausforderung<\/strong>:<br \/>Ein Pharmaunternehmen wandte sich an uns, um eine Erstattungsgenehmigung f\u00fcr ein neues Arzneimittel in Frankreich zu erhalten.<\/p><p><strong>L\u00f6sung<\/strong>:<br \/>Mit unserer Unterst\u00fctzung bei der Dossiererstellung gem\u00e4\u00df HAS-Kriterien.<\/p><p><strong>Ergebnis<\/strong>:<br \/>Erzielten wir eine positive Empfehlung und eine Listung zur Erstattung.<br \/><br \/><\/p>\t\t\t\t\t\t\t\t<\/div>\n\t\t\t\t<\/div>\n\t\t\t\t<\/div>\n\t\t\t\t\t<\/div>\n\t\t\t\t<\/div>\n\t\t<div class=\"elementor-element elementor-element-e3674ee e-con-full e-flex e-con e-parent\" data-id=\"e3674ee\" data-element_type=\"container\" data-e-type=\"container\" data-settings=\"{&quot;background_background&quot;:&quot;classic&quot;}\">\n\t\t\t\t<div class=\"elementor-element elementor-element-4339de6 elementor-cta--skin-classic elementor-animated-content elementor-bg-transform elementor-bg-transform-zoom-in elementor-widget elementor-widget-call-to-action\" data-id=\"4339de6\" data-element_type=\"widget\" data-e-type=\"widget\" data-widget_type=\"call-to-action.default\">\n\t\t\t\t<div class=\"elementor-widget-container\">\n\t\t\t\t\t\t\t<div class=\"elementor-cta\">\n\t\t\t\t\t\t\t<div class=\"elementor-cta__content\">\n\t\t\t\t\n\t\t\t\t\t\t\t\t\t<h2 class=\"elementor-cta__title elementor-cta__content-item elementor-content-item\">\n\t\t\t\t\t\tBen\u00f6tigen Sie Unterst\u00fctzung beim HAS-Marktzugang? Die Experten von Justin Stindt Consultants helfen Ihnen zum Erfolg.\t\t\t\t\t<\/h2>\n\t\t\t\t\n\t\t\t\t\t\t\t\t\t<div class=\"elementor-cta__description elementor-cta__content-item elementor-content-item\">\n\t\t\t\t\t\tKontaktieren Sie uns f\u00fcr eine ma\u00dfgeschneiderte Marktzugangsstrategie und eine erfolgreiche Zusammenarbeit mit der HAS.\t\t\t\t\t<\/div>\n\t\t\t\t\n\t\t\t\t\t\t\t\t\t<div class=\"elementor-cta__button-wrapper elementor-cta__content-item elementor-content-item \">\n\t\t\t\t\t<a class=\"elementor-cta__button elementor-button elementor-size-\" href=\"https:\/\/jstindt.com\/contact-us\/\">\n\t\t\t\t\t\tAnsprechpartner Justin Stindt Consultants\t\t\t\t\t<\/a>\n\t\t\t\t\t<\/div>\n\t\t\t\t\t\t\t<\/div>\n\t\t\t\t\t\t<\/div>\n\t\t\t\t\t\t<\/div>\n\t\t\t\t<\/div>\n\t\t\t\t<\/div>\n\t\t<div class=\"elementor-element elementor-element-c46eb38 e-flex e-con-boxed e-con e-parent\" data-id=\"c46eb38\" data-element_type=\"container\" data-e-type=\"container\">\n\t\t\t\t\t<div class=\"e-con-inner\">\n\t\t\t\t<div class=\"elementor-element elementor-element-8da8c66 elementor-widget elementor-widget-n-accordion\" data-id=\"8da8c66\" data-element_type=\"widget\" data-e-type=\"widget\" data-settings=\"{&quot;default_state&quot;:&quot;all_collapsed&quot;,&quot;max_items_expended&quot;:&quot;one&quot;,&quot;n_accordion_animation_duration&quot;:{&quot;unit&quot;:&quot;ms&quot;,&quot;size&quot;:400,&quot;sizes&quot;:[]}}\" data-widget_type=\"nested-accordion.default\">\n\t\t\t\t<div class=\"elementor-widget-container\">\n\t\t\t\t\t\t\t<div class=\"e-n-accordion\" aria-label=\"Accordion. Open links with Enter or Space, close with Escape, and navigate with Arrow Keys\">\n\t\t\t\t\t\t<details id=\"e-n-accordion-item-1480\" class=\"e-n-accordion-item\" >\n\t\t\t\t<summary class=\"e-n-accordion-item-title\" data-accordion-index=\"1\" tabindex=\"0\" aria-expanded=\"false\" aria-controls=\"e-n-accordion-item-1480\" >\n\t\t\t\t\t<span class='e-n-accordion-item-title-header'><div class=\"e-n-accordion-item-title-text\"> Andere Schl\u00fcsselinstitutionen f\u00fcr den Marktzugang <\/div><\/span>\n\t\t\t\t\t\t\t<span class='e-n-accordion-item-title-icon'>\n\t\t\t<span class='e-opened' ><i aria-hidden=\"true\" class=\"fas fa-minus\"><\/i><\/span>\n\t\t\t<span class='e-closed'><i aria-hidden=\"true\" class=\"fas fa-plus\"><\/i><\/span>\n\t\t<\/span>\n\n\t\t\t\t\t\t<\/summary>\n\t\t\t\t<div role=\"region\" aria-labelledby=\"e-n-accordion-item-1480\" class=\"elementor-element elementor-element-1871095 e-con-full e-flex e-con e-child\" data-id=\"1871095\" data-element_type=\"container\" data-e-type=\"container\">\n\t\t\t\t<div class=\"elementor-element elementor-element-682f3e8 elementor-widget elementor-widget-template\" data-id=\"682f3e8\" data-element_type=\"widget\" data-e-type=\"widget\" data-widget_type=\"template.default\">\n\t\t\t\t<div class=\"elementor-widget-container\">\n\t\t\t\t\t\t\t<div class=\"elementor-template\">\n\t\t\t\t\t<div data-elementor-type=\"container\" data-elementor-id=\"19257\" class=\"elementor elementor-19257 elementor-18546 elementor-18546\" data-elementor-post-type=\"elementor_library\">\n\t\t\t\t<div class=\"elementor-element elementor-element-4d5d7d7a e-flex e-con-boxed e-con e-parent\" data-id=\"4d5d7d7a\" data-element_type=\"container\" data-e-type=\"container\">\n\t\t\t\t\t<div class=\"e-con-inner\">\n\t\t\t\t<div class=\"elementor-element elementor-element-fa73d9e elementor-widget elementor-widget-text-editor\" data-id=\"fa73d9e\" data-element_type=\"widget\" data-e-type=\"widget\" data-widget_type=\"text-editor.default\">\n\t\t\t\t<div class=\"elementor-widget-container\">\n\t\t\t\t\t\t\t\t\t<h4><strong>Globale Institutionen<\/strong><\/h4>\n<ul>\n<li><a href=\"https:\/\/jstindt.com\/de\/marktzugang-mit-der-who\/\">World Health Organization<\/a> (WHO)<\/li>\n<li><a href=\"https:\/\/jstindt.com\/de\/marktzugang-mit-dem-ispor\/\">International Society for Pharmacoeconomics and Outcomes Research<\/a> (ISPOR)<\/li>\n<\/ul>\n<h4><strong><br \/><a href=\"https:\/\/jstindt.com\/de\/usa\/\">Vereinigte Staaten<\/a><\/strong><\/h4>\n<ul>\n<li><a href=\"https:\/\/jstindt.com\/de\/marktzugang-mit-cms\/\">Centers for Medicare &amp; Medicaid Services<\/a> (CMS)<\/li>\n<li><a href=\"https:\/\/jstindt.com\/de\/marktzugang-mit-amcp\/\">Academy of Managed Care Pharmacy<\/a> (AMCP)<\/li>\n<li><a href=\"https:\/\/jstindt.com\/de\/marktzugang-mit-icer\/\">Institute for Clinical and Economic Review<\/a> (ICER)<\/li>\n<\/ul>\n<h4><strong><br \/><a href=\"https:\/\/jstindt.com\/de\/frankreich\/\">Frankreich<\/a><\/strong><\/h4>\n<ul>\n<li><a href=\"https:\/\/jstindt.com\/de\/marktzugang-mit-der-has\/\">Haute Autorit\u00e9 de Sant\u00e9<\/a> (HAS)<\/li>\n<li><a href=\"https:\/\/jstindt.com\/de\/marktzugang-mit-dem-ceps\/\">Comit\u00e9 \u00c9conomique des Produits de Sant\u00e9<\/a> (CEPS)<\/li>\n<\/ul>\n<h4><strong><br \/><a href=\"https:\/\/jstindt.com\/de\/deutschland\/\">Deutschland<\/a><\/strong><\/h4>\n<ul>\n<li><a href=\"https:\/\/jstindt.com\/de\/marktzugang-mit-dem-g-ba\/\">Gemeinsamer Bundesausschuss<\/a> (G-BA)<\/li>\n<li><a href=\"https:\/\/jstindt.com\/de\/marktzugang-mit-dem-iqwig\/\">Institute for Quality and Efficiency in Health Care<\/a> (IQWiG)<\/li>\n<li><a href=\"https:\/\/jstindt.com\/de\/marktzugang-mit-dem-gkv-spitzenverband\/\">GKV Spitzenverband<\/a><\/li>\n<\/ul>\n<h4><strong><br \/><a href=\"https:\/\/jstindt.com\/de\/vereinigtes-koenigreich\/\">Gro\u00dfbritannien<\/a><\/strong><\/h4>\n<ul>\n<li><a href=\"https:\/\/jstindt.com\/de\/marktzugang-mit-nice\/\">National Institute for Health and Care Excellence<\/a> (NICE)<\/li>\n<li><a href=\"https:\/\/jstindt.com\/de\/marktzugang-mit-dem-smc\/\">Scottish Medicines Consortium<\/a> (SMC)<\/li>\n<li><a href=\"https:\/\/jstindt.com\/de\/marktzugang-mit-awmsg\/\" rel=\"noopener\">All Wales Medicines Strategy Group<\/a> (AWMSG)<\/li>\n<li><a href=\"https:\/\/jstindt.com\/de\/marktzugang-mit-dem-nhs\/\">National Health Service<\/a> (NHS)<\/li>\n<\/ul>\n<h4><strong><br \/><a href=\"https:\/\/jstindt.com\/de\/italien\/\">Italien<\/a><\/strong><\/h4>\n<ul>\n<li><a href=\"https:\/\/jstindt.com\/de\/marktzugang-mit-der-aifa\/\">Italian Medicines Agency<\/a> (AIFA)<\/li>\n<li><a href=\"https:\/\/jstindt.com\/de\/marktzugang-mit-der-cse\/\">Scientific and Economic Commission<\/a> (CSE)<\/li>\n<\/ul>\n<h4><strong><br \/><a href=\"https:\/\/jstindt.com\/de\/spanien\/\">Spanien<\/a><\/strong><\/h4>\n<ul>\n<li><a href=\"https:\/\/jstindt.com\/de\/marktzugang-mit-der-aemps-ihr\/\">Spanish Agency of Medicines and Medical Devices<\/a> (AEMPS)<\/li>\n<li><a href=\"https:\/\/jstindt.com\/de\/marktzugang-mit-der-dgcf\/\">Direcci\u00f3n General de Cartera Com\u00fan de Servicios del Sistema Nacional de Salud y Farmacia<\/a> (DGCF)<\/li>\n<li><a href=\"https:\/\/jstindt.com\/de\/marktzugang-mit-der-cipm\/\">Interministerial Commission on Medicine Prices<\/a> (CIPM)<\/li>\n<\/ul>\n<h4><strong><br \/><a href=\"https:\/\/jstindt.com\/de\/schweiz\/\">Schweiz<\/a><\/strong><\/h4>\n<ul>\n<li><a href=\"https:\/\/jstindt.com\/de\/marktzugang-mit-dem-bag\/\">Federal Office of Public Health<\/a> (FOPH)<\/li>\n<\/ul>\n\t\t\t\t\t\t\t\t<\/div>\n\t\t\t\t<\/div>\n\t\t\t\t\t<\/div>\n\t\t\t\t<\/div>\n\t\t\t\t<\/div>\n\t\t\t\t<\/div>\n\t\t\t\t\t\t<\/div>\n\t\t\t\t<\/div>\n\t\t\t\t<\/div>\n\t\t\t\t\t<\/details>\n\t\t\t\t\t<\/div>\n\t\t\t\t\t\t<\/div>\n\t\t\t\t<\/div>\n\t\t\t\t\t<\/div>\n\t\t\t\t<\/div>\n\t\t\t\t<\/div>\n\t\t","protected":false},"excerpt":{"rendered":"<p>Die Haute Autorit\u00e9 de Sant\u00e9 (HAS) ist die unabh\u00e4ngige \u00f6ffentliche Gesundheitsbeh\u00f6rde Frankreichs f\u00fcr Health Technology Assessments (HTA). Sie wurde 2004 gegr\u00fcndet und tr\u00e4gt zur Verbesserung der Versorgungsqualit\u00e4t sowie zur F\u00f6rderung der Gerechtigkeit im Gesundheitssystem bei. Ihre Aufgaben umfassen die Bewertung von Arzneimitteln, Medizinprodukten und Verfahren, die Ver\u00f6ffentlichung von Leitlinien und die Akkreditierung von Gesundheitseinrichtungen. (has-sante.fr) [&hellip;]<\/p>\n","protected":false},"author":3,"featured_media":0,"parent":0,"menu_order":0,"comment_status":"closed","ping_status":"closed","template":"","meta":{"_acf_changed":false,"footnotes":""},"class_list":["post-18850","page","type-page","status-publish","hentry"],"acf":[],"_links":{"self":[{"href":"https:\/\/jstindt.com\/de\/wp-json\/wp\/v2\/pages\/18850","targetHints":{"allow":["GET"]}}],"collection":[{"href":"https:\/\/jstindt.com\/de\/wp-json\/wp\/v2\/pages"}],"about":[{"href":"https:\/\/jstindt.com\/de\/wp-json\/wp\/v2\/types\/page"}],"author":[{"embeddable":true,"href":"https:\/\/jstindt.com\/de\/wp-json\/wp\/v2\/users\/3"}],"replies":[{"embeddable":true,"href":"https:\/\/jstindt.com\/de\/wp-json\/wp\/v2\/comments?post=18850"}],"version-history":[{"count":14,"href":"https:\/\/jstindt.com\/de\/wp-json\/wp\/v2\/pages\/18850\/revisions"}],"predecessor-version":[{"id":19586,"href":"https:\/\/jstindt.com\/de\/wp-json\/wp\/v2\/pages\/18850\/revisions\/19586"}],"wp:attachment":[{"href":"https:\/\/jstindt.com\/de\/wp-json\/wp\/v2\/media?parent=18850"}],"curies":[{"name":"wp","href":"https:\/\/api.w.org\/{rel}","templated":true}]}}