{"id":11403,"date":"2024-01-27T22:37:08","date_gmt":"2024-01-27T21:37:08","guid":{"rendered":"https:\/\/dev.jstindt.com\/early-access-programme\/"},"modified":"2024-06-10T15:46:06","modified_gmt":"2024-06-10T14:46:06","slug":"early-access-programme","status":"publish","type":"page","link":"https:\/\/jstindt.com\/de\/early-access-programme\/","title":{"rendered":"Early-Access-Programme"},"content":{"rendered":"\t\t<div data-elementor-type=\"wp-page\" data-elementor-id=\"11403\" class=\"elementor elementor-11403 elementor-2343\" data-elementor-post-type=\"page\">\n\t\t\t\t<div class=\"elementor-element elementor-element-5c57e075 e-flex e-con-boxed e-con e-parent\" data-id=\"5c57e075\" data-element_type=\"container\" data-e-type=\"container\">\n\t\t\t\t\t<div class=\"e-con-inner\">\n\t\t<div class=\"elementor-element elementor-element-4684420 e-con-full e-flex e-con e-child\" data-id=\"4684420\" data-element_type=\"container\" data-e-type=\"container\" data-settings=\"{&quot;background_background&quot;:&quot;classic&quot;}\">\n\t\t\t\t<div class=\"elementor-element elementor-element-116d5971 elementor-widget elementor-widget-text-editor\" data-id=\"116d5971\" data-element_type=\"widget\" data-e-type=\"widget\" data-widget_type=\"text-editor.default\">\n\t\t\t\t<div class=\"elementor-widget-container\">\n\t\t\t\t\t\t\t\t\t<p>Im dynamischen Bereich der Early-Access-Programme entwickelt sich Justin Stindt Consultants zu einer wichtigen Beratungsagentur. Unsere Experten sind auf den Markteintritt in den Bereichen Pharma, Biotechnologie und Medizintechnik spezialisiert und bieten wichtige Orientierungshilfen f\u00fcr die Bew\u00e4ltigung dieser komplexen Prozesse. Als globales Beratungsunternehmen bieten wir Fachwissen und strategische Einblicke f\u00fcr einen erfolgreichen Marktzugang.  <br \/>Unser Spezialistenteam steht Ihnen als engagierter Partner auf Ihrem Weg zur Seite und stellt fundierte Entscheidungen bei fr\u00fchen Produkteinf\u00fchrungen sicher, sowohl \u00fcber erstattungsf\u00e4hige Early-Access-Programme wie AAC\/AAP in Frankreich als auch \u00fcber Compassionate-Use-Programme in anderen M\u00e4rkten. Unsere internationale Agentur ist f\u00fcr ihren ma\u00dfgeschneiderten Ansatz im Gesundheitssektor bekannt und unterst\u00fctzt Kunden bei jedem Schritt des Early-Access-Programms. <br \/>Bei Justin Stindt Consultants legen wir Wert auf einen effizienten und effektiven Markteintritt und nutzen unser Fachwissen, um Ihre innovativen Behandlungen schnell auf den Markt zu bringen.<\/p>\n\t\t\t\t\t\t\t\t<\/div>\n\t\t\t\t<\/div>\n\t\t\t\t<\/div>\n\t\t\t\t\t<\/div>\n\t\t\t\t<\/div>\n\t\t<div class=\"elementor-element elementor-element-185be5c9 e-flex e-con-boxed e-con e-parent\" data-id=\"185be5c9\" data-element_type=\"container\" data-e-type=\"container\">\n\t\t\t\t\t<div class=\"e-con-inner\">\n\t\t<div class=\"elementor-element elementor-element-39a7b7e5 e-con-full e-flex e-con e-child\" data-id=\"39a7b7e5\" data-element_type=\"container\" data-e-type=\"container\">\n\t\t\t\t<div class=\"elementor-element elementor-element-2d5eba16 elementor-widget__width-initial elementor-position-top elementor-widget elementor-widget-image-box\" data-id=\"2d5eba16\" data-element_type=\"widget\" data-e-type=\"widget\" data-widget_type=\"image-box.default\">\n\t\t\t\t<div class=\"elementor-widget-container\">\n\t\t\t\t\t<div class=\"elementor-image-box-wrapper\"><figure class=\"elementor-image-box-img\"><a href=\"https:\/\/jstindt.com\/de\/early-access-programme-deutschland\/\" tabindex=\"-1\"><img fetchpriority=\"high\" decoding=\"async\" width=\"640\" height=\"480\" src=\"https:\/\/jstindt.com\/wp-content\/uploads\/2023\/06\/de.png\" class=\"attachment-full size-full wp-image-1944\" alt=\"Experten f\u00fcr Pharmamarktzugang Deutschland\" srcset=\"https:\/\/jstindt.com\/wp-content\/uploads\/2023\/06\/de.png 640w, https:\/\/jstindt.com\/wp-content\/uploads\/2023\/06\/de-300x225.png 300w, https:\/\/jstindt.com\/wp-content\/uploads\/2023\/06\/de-150x113.png 150w\" sizes=\"(max-width: 640px) 100vw, 640px\" \/><\/a><\/figure><div class=\"elementor-image-box-content\"><h3 class=\"elementor-image-box-title\"><a href=\"https:\/\/jstindt.com\/de\/early-access-programme-deutschland\/\">Early-Access-Programme Deutschland<\/a><\/h3><\/div><\/div>\t\t\t\t<\/div>\n\t\t\t\t<\/div>\n\t\t\t\t<div class=\"elementor-element elementor-element-4417bf8f elementor-widget__width-initial elementor-position-top elementor-widget elementor-widget-image-box\" data-id=\"4417bf8f\" data-element_type=\"widget\" data-e-type=\"widget\" data-widget_type=\"image-box.default\">\n\t\t\t\t<div class=\"elementor-widget-container\">\n\t\t\t\t\t<div class=\"elementor-image-box-wrapper\"><figure class=\"elementor-image-box-img\"><a href=\"https:\/\/jstindt.com\/de\/early-access-programme-italien\/\" tabindex=\"-1\"><img decoding=\"async\" width=\"640\" height=\"480\" src=\"https:\/\/jstindt.com\/wp-content\/uploads\/2023\/06\/it.png\" class=\"attachment-full size-full wp-image-1956\" alt=\"Experten f\u00fcr den Zugang zum Pharmamarkt in Italien\" srcset=\"https:\/\/jstindt.com\/wp-content\/uploads\/2023\/06\/it.png 640w, https:\/\/jstindt.com\/wp-content\/uploads\/2023\/06\/it-300x225.png 300w, https:\/\/jstindt.com\/wp-content\/uploads\/2023\/06\/it-150x113.png 150w\" sizes=\"(max-width: 640px) 100vw, 640px\" \/><\/a><\/figure><div class=\"elementor-image-box-content\"><h3 class=\"elementor-image-box-title\"><a href=\"https:\/\/jstindt.com\/de\/early-access-programme-italien\/\">Early-Access-Programme Italien<\/a><\/h3><\/div><\/div>\t\t\t\t<\/div>\n\t\t\t\t<\/div>\n\t\t\t\t<div class=\"elementor-element elementor-element-3379f718 elementor-widget__width-initial elementor-position-top elementor-widget elementor-widget-image-box\" data-id=\"3379f718\" data-element_type=\"widget\" data-e-type=\"widget\" data-widget_type=\"image-box.default\">\n\t\t\t\t<div class=\"elementor-widget-container\">\n\t\t\t\t\t<div class=\"elementor-image-box-wrapper\"><figure class=\"elementor-image-box-img\"><a href=\"https:\/\/jstindt.com\/de\/early-access-programme-frankreich\/\" tabindex=\"-1\"><img decoding=\"async\" width=\"640\" height=\"480\" src=\"https:\/\/jstindt.com\/wp-content\/uploads\/2023\/06\/fr.png\" class=\"attachment-full size-full wp-image-1932\" alt=\"Experten f\u00fcr den Zugang zum Pharmamarkt Frankreich\" srcset=\"https:\/\/jstindt.com\/wp-content\/uploads\/2023\/06\/fr.png 640w, https:\/\/jstindt.com\/wp-content\/uploads\/2023\/06\/fr-300x225.png 300w, https:\/\/jstindt.com\/wp-content\/uploads\/2023\/06\/fr-150x113.png 150w\" sizes=\"(max-width: 640px) 100vw, 640px\" \/><\/a><\/figure><div class=\"elementor-image-box-content\"><h3 class=\"elementor-image-box-title\"><a href=\"https:\/\/jstindt.com\/de\/early-access-programme-frankreich\/\">Early-Access-Programme Frankreich<\/a><\/h3><\/div><\/div>\t\t\t\t<\/div>\n\t\t\t\t<\/div>\n\t\t\t\t<\/div>\n\t\t\t\t\t<\/div>\n\t\t\t\t<\/div>\n\t\t<div class=\"elementor-element elementor-element-58e4319 e-flex e-con-boxed e-con e-parent\" data-id=\"58e4319\" data-element_type=\"container\" data-e-type=\"container\">\n\t\t\t\t\t<div class=\"e-con-inner\">\n\t\t\t\t<div class=\"elementor-element elementor-element-6b447c2 elementor-widget elementor-widget-heading\" data-id=\"6b447c2\" data-element_type=\"widget\" data-e-type=\"widget\" data-widget_type=\"heading.default\">\n\t\t\t\t<div class=\"elementor-widget-container\">\n\t\t\t\t\t<h2 class=\"elementor-heading-title elementor-size-default\">KUNDENBEWERTUNGEN<\/h2>\t\t\t\t<\/div>\n\t\t\t\t<\/div>\n\t\t\t\t<div class=\"elementor-element elementor-element-f0b14b8 elementor-pagination-type-bullets elementor-arrows-position-inside elementor-pagination-position-outside elementor-widget elementor-widget-loop-carousel\" data-id=\"f0b14b8\" data-element_type=\"widget\" data-e-type=\"widget\" data-settings=\"{&quot;template_id&quot;:8444,&quot;slides_to_show&quot;:&quot;1&quot;,&quot;_skin&quot;:&quot;post&quot;,&quot;slides_to_show_tablet&quot;:&quot;2&quot;,&quot;slides_to_show_mobile&quot;:&quot;1&quot;,&quot;slides_to_scroll&quot;:&quot;1&quot;,&quot;edit_handle_selector&quot;:&quot;.elementor-loop-container&quot;,&quot;autoplay&quot;:&quot;yes&quot;,&quot;autoplay_speed&quot;:5000,&quot;pause_on_hover&quot;:&quot;yes&quot;,&quot;pause_on_interaction&quot;:&quot;yes&quot;,&quot;infinite&quot;:&quot;yes&quot;,&quot;speed&quot;:500,&quot;offset_sides&quot;:&quot;none&quot;,&quot;arrows&quot;:&quot;yes&quot;,&quot;pagination&quot;:&quot;bullets&quot;,&quot;image_spacing_custom&quot;:{&quot;unit&quot;:&quot;px&quot;,&quot;size&quot;:10,&quot;sizes&quot;:[]},&quot;image_spacing_custom_tablet&quot;:{&quot;unit&quot;:&quot;px&quot;,&quot;size&quot;:&quot;&quot;,&quot;sizes&quot;:[]},&quot;image_spacing_custom_mobile&quot;:{&quot;unit&quot;:&quot;px&quot;,&quot;size&quot;:&quot;&quot;,&quot;sizes&quot;:[]}}\" data-widget_type=\"loop-carousel.post\">\n\t\t\t\t<div class=\"elementor-widget-container\">\n\t\t\t\t\t\t\t<div class=\"swiper elementor-loop-container elementor-grid\" role=\"list\" dir=\"ltr\">\n\t\t\t\t<div class=\"swiper-wrapper\" aria-live=\"off\">\n\t\t<style id=\"loop-8444\">.elementor-8444 .elementor-element.elementor-element-c2e4169{--display:flex;--justify-content:flex-start;--align-items:center;--container-widget-width:calc( ( 1 - var( --container-widget-flex-grow ) ) * 100% );--gap:1px 1px;--row-gap:1px;--column-gap:1px;}.elementor-8444 .elementor-element.elementor-element-dde4f1f{text-align:center;font-size:1.3em;font-style:italic;line-height:1.4em;width:var( --container-widget-width, 95% );max-width:95%;--container-widget-width:95%;--container-widget-flex-grow:0;}.elementor-8444 .elementor-element.elementor-element-dde4f1f > .elementor-widget-container{padding:16px 16px 16px 16px;background-color:var( --e-global-color-7bbd0f3 );border-style:solid;border-width:1px 1px 1px 1px;border-color:var( --e-global-color-secondary );}.elementor-8444 .elementor-element.elementor-element-dde4f1f.elementor-element{--align-self:center;}.elementor-8444 .elementor-element.elementor-element-f35d92e{--display:flex;--flex-direction:column;--container-widget-width:calc( ( 1 - var( --container-widget-flex-grow ) ) * 100% );--container-widget-height:initial;--container-widget-flex-grow:0;--container-widget-align-self:initial;--flex-wrap-mobile:wrap;--justify-content:flex-start;--align-items:center;}.elementor-8444 .elementor-element.elementor-element-50478c2 img{width:55px;height:55px;object-fit:cover;object-position:center center;border-style:solid;border-width:2px 2px 2px 2px;border-color:var( --e-global-color-primary );border-radius:999px 999px 999px 999px;}.elementor-8444 .elementor-element.elementor-element-50478c2 > .elementor-widget-container{margin:0px 0px 0px 0px;padding:0px 0px 0px 0px;}.elementor-8444 .elementor-element.elementor-element-06be1d8{--display:flex;--flex-direction:column;--container-widget-width:calc( ( 1 - var( --container-widget-flex-grow ) ) * 100% );--container-widget-height:initial;--container-widget-flex-grow:0;--container-widget-align-self:initial;--flex-wrap-mobile:wrap;--justify-content:flex-start;--align-items:center;--gap:0px 0px;--row-gap:0px;--column-gap:0px;--margin-top:0px;--margin-bottom:0px;--margin-left:0px;--margin-right:0px;--padding-top:0px;--padding-bottom:0px;--padding-left:20px;--padding-right:20px;}.elementor-8444 .elementor-element.elementor-element-06be1d8.e-con{--align-self:center;--flex-grow:0;--flex-shrink:1;}.elementor-8444 .elementor-element.elementor-element-26324e1{text-align:start;color:var( --e-global-color-secondary );}.elementor-8444 .elementor-element.elementor-element-26324e1 > .elementor-widget-container{margin:0px 0px 0px 0px;padding:0px 0px 0px 0px;}.elementor-8444 .elementor-element.elementor-element-43839e6{text-align:start;font-size:13px;}.elementor-8444 .elementor-element.elementor-element-43839e6 > .elementor-widget-container{margin:0px 0px 0px 0px;padding:0px 0px 0px 0px;}.elementor-8444 .elementor-element.elementor-element-43839e6.elementor-element{--order:99999 \/* order end hack *\/;}@media(min-width:768px){.elementor-8444 .elementor-element.elementor-element-06be1d8{--width:90%;}}<\/style>\t\t<div data-elementor-type=\"loop-item\" data-elementor-id=\"8444\" class=\"elementor elementor-8444 swiper-slide e-loop-item e-loop-item-11643 post-11643 testimonial type-testimonial status-publish hentry tag-mig-sleeper-de\" data-elementor-post-type=\"elementor_library\" role=\"group\" aria-roledescription=\"slide\" data-custom-edit-handle=\"1\">\n\t\t\t<div class=\"elementor-element elementor-element-c2e4169 e-con-full e-flex e-con e-parent\" data-id=\"c2e4169\" data-element_type=\"container\" data-e-type=\"container\">\n\t\t\t\t<div class=\"elementor-element elementor-element-dde4f1f elementor-widget__width-initial elementor-widget elementor-widget-text-editor\" data-id=\"dde4f1f\" data-element_type=\"widget\" data-e-type=\"widget\" data-widget_type=\"text-editor.default\">\n\t\t\t\t<div class=\"elementor-widget-container\">\n\t\t\t\t\t\t\t\t\tWir hatten das Gl\u00fcck, dass Justin und sein Team die Funktion des Marktzugangs und der Preisgestaltung bei Astellas bei vielen Gelegenheiten unterst\u00fctzt haben. Wir stellten sie ein, um mit uns an mehreren Projekten zur Preis- und erstattungsstrategie und zur Due Diligence zu arbeiten. Die klaren und zielgerichteten Informationen, die wir durch diese Arbeit erhielten, spielten eine entscheidende Rolle bei der Festlegung unserer Wert- und Preisstrategien und halfen uns bei unserer Entscheidungsfindung. Wir freuen uns, Justin Stindt Consulting als Schl\u00fcsselpartner zur Unterst\u00fctzung unserer Bem\u00fchungen in den Bereichen Marktzugang, Preisgestaltung und Erstattung zu haben.   \t\t\t\t\t\t\t\t<\/div>\n\t\t\t\t<\/div>\n\t\t<div class=\"elementor-element elementor-element-f35d92e e-con-full e-flex e-con e-child\" data-id=\"f35d92e\" data-element_type=\"container\" data-e-type=\"container\">\n\t\t\t\t<div class=\"elementor-element elementor-element-50478c2 elementor-widget elementor-widget-image\" data-id=\"50478c2\" data-element_type=\"widget\" data-e-type=\"widget\" data-widget_type=\"image.default\">\n\t\t\t\t<div class=\"elementor-widget-container\">\n\t\t\t\t\t\t\t\t\t\t\t\t\t\t\t<img loading=\"lazy\" decoding=\"async\" width=\"150\" height=\"150\" src=\"https:\/\/jstindt.com\/wp-content\/uploads\/2023\/12\/Mig-Sleeper-150x150.jpg\" class=\"attachment-thumbnail size-thumbnail wp-image-8216\" alt=\"\" srcset=\"https:\/\/jstindt.com\/wp-content\/uploads\/2023\/12\/Mig-Sleeper-150x150.jpg 150w, https:\/\/jstindt.com\/wp-content\/uploads\/2023\/12\/Mig-Sleeper-96x96.jpg 96w, https:\/\/jstindt.com\/wp-content\/uploads\/2023\/12\/Mig-Sleeper.jpg 200w\" sizes=\"(max-width: 150px) 100vw, 150px\" \/>\t\t\t\t\t\t\t\t\t\t\t\t\t\t\t<\/div>\n\t\t\t\t<\/div>\n\t\t\t\t<\/div>\n\t\t<div class=\"elementor-element elementor-element-06be1d8 e-con-full e-flex e-con e-child\" data-id=\"06be1d8\" data-element_type=\"container\" data-e-type=\"container\">\n\t\t\t\t<div class=\"elementor-element elementor-element-26324e1 elementor-widget elementor-widget-text-editor\" data-id=\"26324e1\" data-element_type=\"widget\" data-e-type=\"widget\" data-widget_type=\"text-editor.default\">\n\t\t\t\t<div class=\"elementor-widget-container\">\n\t\t\t\t\t\t\t\t\tMig Sleeper\t\t\t\t\t\t\t\t<\/div>\n\t\t\t\t<\/div>\n\t\t\t\t<div class=\"elementor-element elementor-element-43839e6 elementor-widget elementor-widget-text-editor\" data-id=\"43839e6\" data-element_type=\"widget\" data-e-type=\"widget\" data-widget_type=\"text-editor.default\">\n\t\t\t\t<div class=\"elementor-widget-container\">\n\t\t\t\t\t\t\t\t\tVP MAx&amp;P Astellas\t\t\t\t\t\t\t\t<\/div>\n\t\t\t\t<\/div>\n\t\t\t\t<\/div>\n\t\t\t\t<\/div>\n\t\t\t\t<\/div>\n\t\t\t\t<div data-elementor-type=\"loop-item\" data-elementor-id=\"8444\" class=\"elementor elementor-8444 swiper-slide e-loop-item e-loop-item-11647 post-11647 testimonial type-testimonial status-publish hentry tag-eldon-mayer-de\" data-elementor-post-type=\"elementor_library\" role=\"group\" aria-roledescription=\"slide\" data-custom-edit-handle=\"1\">\n\t\t\t<div class=\"elementor-element elementor-element-c2e4169 e-con-full e-flex e-con e-parent\" data-id=\"c2e4169\" data-element_type=\"container\" data-e-type=\"container\">\n\t\t\t\t<div class=\"elementor-element elementor-element-dde4f1f elementor-widget__width-initial elementor-widget elementor-widget-text-editor\" data-id=\"dde4f1f\" data-element_type=\"widget\" data-e-type=\"widget\" data-widget_type=\"text-editor.default\">\n\t\t\t\t<div class=\"elementor-widget-container\">\n\t\t\t\t\t\t\t\t\tJustin und sein Team haben ma\u00dfgeblich dazu beigetragen, dass unser Medikament in einer Reihe von EU-L\u00e4ndern f\u00fcr Patienten zug\u00e4nglich und erstattungsf\u00e4hig ist. Durch Justins Fachwissen und sein umfangreiches Netzwerk in der EU war er auch in der Lage, die entsprechenden F\u00e4higkeiten und Kenntnisse bei der Auswahl von EU-L\u00e4ndern anzuwenden, in denen eine Kostenerstattung m\u00f6glich ist. Letztendlich hat Justins Arbeit dazu beigetragen, dass Patienten mit einer schweren, seltenen Krankheit Zugang zu einer lebensverl\u00e4ngernden Behandlung erhalten und gleichzeitig ein wettbewerbsf\u00e4higer Preis und eine Kostenerstattung f\u00fcr das Unternehmen erzielt werden konnten.   \t\t\t\t\t\t\t\t<\/div>\n\t\t\t\t<\/div>\n\t\t<div class=\"elementor-element elementor-element-f35d92e e-con-full e-flex e-con e-child\" data-id=\"f35d92e\" data-element_type=\"container\" data-e-type=\"container\">\n\t\t\t\t<div class=\"elementor-element elementor-element-50478c2 elementor-widget elementor-widget-image\" data-id=\"50478c2\" data-element_type=\"widget\" data-e-type=\"widget\" data-widget_type=\"image.default\">\n\t\t\t\t<div class=\"elementor-widget-container\">\n\t\t\t\t\t\t\t\t\t\t\t\t\t\t\t<img loading=\"lazy\" decoding=\"async\" width=\"150\" height=\"150\" src=\"https:\/\/jstindt.com\/wp-content\/uploads\/2023\/12\/Eldon-Mayer-150x150.jpg\" class=\"attachment-thumbnail size-thumbnail wp-image-8198\" alt=\"\" srcset=\"https:\/\/jstindt.com\/wp-content\/uploads\/2023\/12\/Eldon-Mayer-150x150.jpg 150w, https:\/\/jstindt.com\/wp-content\/uploads\/2023\/12\/Eldon-Mayer-96x96.jpg 96w, https:\/\/jstindt.com\/wp-content\/uploads\/2023\/12\/Eldon-Mayer.jpg 200w\" sizes=\"(max-width: 150px) 100vw, 150px\" \/>\t\t\t\t\t\t\t\t\t\t\t\t\t\t\t<\/div>\n\t\t\t\t<\/div>\n\t\t\t\t<\/div>\n\t\t<div class=\"elementor-element elementor-element-06be1d8 e-con-full e-flex e-con e-child\" data-id=\"06be1d8\" data-element_type=\"container\" data-e-type=\"container\">\n\t\t\t\t<div class=\"elementor-element elementor-element-26324e1 elementor-widget elementor-widget-text-editor\" data-id=\"26324e1\" data-element_type=\"widget\" data-e-type=\"widget\" data-widget_type=\"text-editor.default\">\n\t\t\t\t<div class=\"elementor-widget-container\">\n\t\t\t\t\t\t\t\t\tEldon Mayer\t\t\t\t\t\t\t\t<\/div>\n\t\t\t\t<\/div>\n\t\t\t\t<div class=\"elementor-element elementor-element-43839e6 elementor-widget elementor-widget-text-editor\" data-id=\"43839e6\" data-element_type=\"widget\" data-e-type=\"widget\" data-widget_type=\"text-editor.default\">\n\t\t\t\t<div class=\"elementor-widget-container\">\n\t\t\t\t\t\t\t\t\tChief Commercial Officer Eiger Biopharmaceuticals\t\t\t\t\t\t\t\t<\/div>\n\t\t\t\t<\/div>\n\t\t\t\t<\/div>\n\t\t\t\t<\/div>\n\t\t\t\t<\/div>\n\t\t\t\t<div data-elementor-type=\"loop-item\" data-elementor-id=\"8444\" class=\"elementor elementor-8444 swiper-slide e-loop-item e-loop-item-11649 post-11649 testimonial type-testimonial status-publish hentry tag-antoine-bassel-amer-de\" data-elementor-post-type=\"elementor_library\" role=\"group\" aria-roledescription=\"slide\" data-custom-edit-handle=\"1\">\n\t\t\t<div class=\"elementor-element elementor-element-c2e4169 e-con-full e-flex e-con e-parent\" data-id=\"c2e4169\" data-element_type=\"container\" data-e-type=\"container\">\n\t\t\t\t<div class=\"elementor-element elementor-element-dde4f1f elementor-widget__width-initial elementor-widget elementor-widget-text-editor\" data-id=\"dde4f1f\" data-element_type=\"widget\" data-e-type=\"widget\" data-widget_type=\"text-editor.default\">\n\t\t\t\t<div class=\"elementor-widget-container\">\n\t\t\t\t\t\t\t\t\tJustin Stindt Consulting ist ein zuverl\u00e4ssiger Experte f\u00fcr Marktzugangsstrategien in ganz Europa. Ich habe mit dem Team von Justin Stindt Consulting an einer Reihe von Projekten gearbeitet, die vom fr\u00fchen Zugang zu innovativen Medikamenten bis hin zu effektiven Zugangsverfahren reichen: HTA, Wert und Preisgestaltung. Ich sch\u00e4tze ihr Fachwissen, die hohe Qualit\u00e4t der Ergebnisse, ihre Zuverl\u00e4ssigkeit und ihr Engagement f\u00fcr die zugewiesenen Projekte.  \t\t\t\t\t\t\t\t<\/div>\n\t\t\t\t<\/div>\n\t\t<div class=\"elementor-element elementor-element-f35d92e e-con-full e-flex e-con e-child\" data-id=\"f35d92e\" data-element_type=\"container\" data-e-type=\"container\">\n\t\t\t\t<div class=\"elementor-element elementor-element-50478c2 elementor-widget elementor-widget-image\" data-id=\"50478c2\" data-element_type=\"widget\" data-e-type=\"widget\" data-widget_type=\"image.default\">\n\t\t\t\t<div class=\"elementor-widget-container\">\n\t\t\t\t\t\t\t\t\t\t\t\t\t\t\t<img loading=\"lazy\" decoding=\"async\" width=\"150\" height=\"150\" src=\"https:\/\/jstindt.com\/wp-content\/uploads\/2023\/12\/Antoine-Bassel-Amer-150x150.jpg\" class=\"attachment-thumbnail size-thumbnail wp-image-8186\" alt=\"\" srcset=\"https:\/\/jstindt.com\/wp-content\/uploads\/2023\/12\/Antoine-Bassel-Amer-150x150.jpg 150w, https:\/\/jstindt.com\/wp-content\/uploads\/2023\/12\/Antoine-Bassel-Amer-96x96.jpg 96w, https:\/\/jstindt.com\/wp-content\/uploads\/2023\/12\/Antoine-Bassel-Amer.jpg 200w\" sizes=\"(max-width: 150px) 100vw, 150px\" \/>\t\t\t\t\t\t\t\t\t\t\t\t\t\t\t<\/div>\n\t\t\t\t<\/div>\n\t\t\t\t<\/div>\n\t\t<div class=\"elementor-element elementor-element-06be1d8 e-con-full e-flex e-con e-child\" data-id=\"06be1d8\" data-element_type=\"container\" data-e-type=\"container\">\n\t\t\t\t<div class=\"elementor-element elementor-element-26324e1 elementor-widget elementor-widget-text-editor\" data-id=\"26324e1\" data-element_type=\"widget\" data-e-type=\"widget\" data-widget_type=\"text-editor.default\">\n\t\t\t\t<div class=\"elementor-widget-container\">\n\t\t\t\t\t\t\t\t\tAntoine Bassel Amer\t\t\t\t\t\t\t\t<\/div>\n\t\t\t\t<\/div>\n\t\t\t\t<div class=\"elementor-element elementor-element-43839e6 elementor-widget elementor-widget-text-editor\" data-id=\"43839e6\" data-element_type=\"widget\" data-e-type=\"widget\" data-widget_type=\"text-editor.default\">\n\t\t\t\t<div class=\"elementor-widget-container\">\n\t\t\t\t\t\t\t\t\tSenior VP Europe Indivior\t\t\t\t\t\t\t\t<\/div>\n\t\t\t\t<\/div>\n\t\t\t\t<\/div>\n\t\t\t\t<\/div>\n\t\t\t\t<\/div>\n\t\t\t\t<\/div>\n\t\t<\/div>\n\t\t\t\t\t<div class=\"elementor-swiper-button elementor-swiper-button-prev\" role=\"button\" tabindex=\"0\" aria-label=\"Voriger\">\n\t\t\t\t<i aria-hidden=\"true\" class=\"fas fa-angle-left\"><\/i>\t\t\t<\/div>\n\t\t\t<div class=\"elementor-swiper-button elementor-swiper-button-next\" role=\"button\" tabindex=\"0\" aria-label=\"N\u00e4chster\">\n\t\t\t\t<i aria-hidden=\"true\" class=\"eicon-chevron-right\"><\/i>\t\t\t<\/div>\n\t\t\t\t\t<div class=\"swiper-pagination\"><\/div>\n\t\t\t\t\t\t<\/div>\n\t\t\t\t<\/div>\n\t\t\t\t<div class=\"elementor-element elementor-element-de1c6a8 elementor-align-center elementor-widget elementor-widget-global elementor-global-12122 elementor-global-8750 elementor-widget-button\" data-id=\"de1c6a8\" data-element_type=\"widget\" data-e-type=\"widget\" data-widget_type=\"button.default\">\n\t\t\t\t<div class=\"elementor-widget-container\">\n\t\t\t\t\t\t\t\t\t<div class=\"elementor-button-wrapper\">\n\t\t\t\t\t<a class=\"elementor-button elementor-button-link elementor-size-sm\" href=\"https:\/\/jstindt.com\/de\/referenzen\/\">\n\t\t\t\t\t\t<span class=\"elementor-button-content-wrapper\">\n\t\t\t\t\t\t\t\t\t<span class=\"elementor-button-text\">Alle Erfahrungsberichte lesen<\/span>\n\t\t\t\t\t<\/span>\n\t\t\t\t\t<\/a>\n\t\t\t\t<\/div>\n\t\t\t\t\t\t\t\t<\/div>\n\t\t\t\t<\/div>\n\t\t\t\t\t<\/div>\n\t\t\t\t<\/div>\n\t\t\t\t<\/div>\n\t\t","protected":false},"excerpt":{"rendered":"<p>Erstattung f\u00fcr Early-Access-Programme<\/p>\n","protected":false},"author":3,"featured_media":9703,"parent":0,"menu_order":0,"comment_status":"closed","ping_status":"closed","template":"","meta":{"_acf_changed":false,"footnotes":""},"class_list":["post-11403","page","type-page","status-publish","has-post-thumbnail","hentry"],"acf":[],"_links":{"self":[{"href":"https:\/\/jstindt.com\/de\/wp-json\/wp\/v2\/pages\/11403","targetHints":{"allow":["GET"]}}],"collection":[{"href":"https:\/\/jstindt.com\/de\/wp-json\/wp\/v2\/pages"}],"about":[{"href":"https:\/\/jstindt.com\/de\/wp-json\/wp\/v2\/types\/page"}],"author":[{"embeddable":true,"href":"https:\/\/jstindt.com\/de\/wp-json\/wp\/v2\/users\/3"}],"replies":[{"embeddable":true,"href":"https:\/\/jstindt.com\/de\/wp-json\/wp\/v2\/comments?post=11403"}],"version-history":[{"count":4,"href":"https:\/\/jstindt.com\/de\/wp-json\/wp\/v2\/pages\/11403\/revisions"}],"predecessor-version":[{"id":17533,"href":"https:\/\/jstindt.com\/de\/wp-json\/wp\/v2\/pages\/11403\/revisions\/17533"}],"wp:featuredmedia":[{"embeddable":true,"href":"https:\/\/jstindt.com\/de\/wp-json\/wp\/v2\/media\/9703"}],"wp:attachment":[{"href":"https:\/\/jstindt.com\/de\/wp-json\/wp\/v2\/media?parent=11403"}],"curies":[{"name":"wp","href":"https:\/\/api.w.org\/{rel}","templated":true}]}}