{"id":11311,"date":"2024-01-26T14:45:24","date_gmt":"2024-01-26T13:45:24","guid":{"rendered":"https:\/\/dev.jstindt.com\/nachricht\/"},"modified":"2024-09-02T13:39:25","modified_gmt":"2024-09-02T12:39:25","slug":"neuigkeiten","status":"publish","type":"page","link":"https:\/\/jstindt.com\/de\/neuigkeiten\/","title":{"rendered":"Neuigkeiten"},"content":{"rendered":"\t\t<div data-elementor-type=\"wp-page\" data-elementor-id=\"11311\" class=\"elementor elementor-11311 elementor-1800\" data-elementor-post-type=\"page\">\n\t\t\t\t<div class=\"elementor-element elementor-element-2b75dfd e-flex e-con-boxed e-con e-parent\" data-id=\"2b75dfd\" data-element_type=\"container\" data-e-type=\"container\">\n\t\t\t\t\t<div class=\"e-con-inner\">\n\t\t\t\t<div class=\"elementor-element elementor-element-42cd03de elementor-posts__hover-none elementor-grid-3 elementor-grid-tablet-2 elementor-grid-mobile-1 elementor-posts--thumbnail-top elementor-widget elementor-widget-posts\" data-id=\"42cd03de\" data-element_type=\"widget\" data-e-type=\"widget\" data-settings=\"{&quot;cards_row_gap&quot;:{&quot;unit&quot;:&quot;px&quot;,&quot;size&quot;:80,&quot;sizes&quot;:[]},&quot;cards_row_gap_tablet&quot;:{&quot;unit&quot;:&quot;px&quot;,&quot;size&quot;:71,&quot;sizes&quot;:[]},&quot;cards_row_gap_mobile&quot;:{&quot;unit&quot;:&quot;px&quot;,&quot;size&quot;:30,&quot;sizes&quot;:[]},&quot;pagination_type&quot;:&quot;numbers_and_prev_next&quot;,&quot;cards_columns&quot;:&quot;3&quot;,&quot;cards_columns_tablet&quot;:&quot;2&quot;,&quot;cards_columns_mobile&quot;:&quot;1&quot;}\" data-widget_type=\"posts.cards\">\n\t\t\t\t<div class=\"elementor-widget-container\">\n\t\t\t\t\t\t\t<div class=\"elementor-posts-container elementor-posts elementor-posts--skin-cards elementor-grid\" role=\"list\">\n\t\t\t\t<article class=\"elementor-post elementor-grid-item post-17977 post type-post status-publish format-standard has-post-thumbnail hentry category-neuigkeiten\" role=\"listitem\">\n\t\t\t<div class=\"elementor-post__card\">\n\t\t\t\t<a class=\"elementor-post__thumbnail__link\" href=\"https:\/\/jstindt.com\/de\/2024-neue-preisstrategien-eu-5\/\" tabindex=\"-1\" ><div class=\"elementor-post__thumbnail\"><img fetchpriority=\"high\" decoding=\"async\" width=\"719\" height=\"480\" src=\"https:\/\/jstindt.com\/wp-content\/uploads\/2024\/09\/2024-List-Net-Pricing-Strategies-EU-5.jpg\" class=\"attachment-full size-full wp-image-17939\" alt=\"2024 Neue Preisstrategien f\u00fcr die EU-5: Was Sie \u00fcber vertrauliche Rabatte und Nettopreise in der EU-5 wissen m\u00fcssen\" srcset=\"https:\/\/jstindt.com\/wp-content\/uploads\/2024\/09\/2024-List-Net-Pricing-Strategies-EU-5.jpg 719w, https:\/\/jstindt.com\/wp-content\/uploads\/2024\/09\/2024-List-Net-Pricing-Strategies-EU-5-300x200.jpg 300w\" sizes=\"(max-width: 719px) 100vw, 719px\" \/><\/div><\/a>\n\t\t\t\t<div class=\"elementor-post__text\">\n\t\t\t\t<h4 class=\"elementor-post__title\">\n\t\t\t<a href=\"https:\/\/jstindt.com\/de\/2024-neue-preisstrategien-eu-5\/\" >\n\t\t\t\t2024 Neue Preisstrategien f\u00fcr die EU-5\t\t\t<\/a>\n\t\t<\/h4>\n\t\t\t\t<div class=\"elementor-post__excerpt\">\n\t\t\t<p>Was Sie \u00fcber vertrauliche Rabatte und Nettopreise in der EU-5 wissen m\u00fcssen In der EU-5 (Frankreich, Deutschland, Italien, Spanien und<\/p>\n\t\t<\/div>\n\t\t\n\t\t<a class=\"elementor-post__read-more\" href=\"https:\/\/jstindt.com\/de\/2024-neue-preisstrategien-eu-5\/\" aria-label=\"Mehr \u00fcber 2024 Neue Preisstrategien f\u00fcr die EU-5\" tabindex=\"-1\" >\n\t\t\tMehr lesen\t\t<\/a>\n\n\t\t\t\t<\/div>\n\t\t\t\t\t<\/div>\n\t\t<\/article>\n\t\t\t\t<article class=\"elementor-post elementor-grid-item post-17693 post type-post status-publish format-standard has-post-thumbnail hentry category-neuigkeiten\" role=\"listitem\">\n\t\t\t<div class=\"elementor-post__card\">\n\t\t\t\t<a class=\"elementor-post__thumbnail__link\" href=\"https:\/\/jstindt.com\/de\/franzosisch-2024-fruhzeitiger-zugang-programm\/\" tabindex=\"-1\" ><div class=\"elementor-post__thumbnail\"><img decoding=\"async\" width=\"846\" height=\"548\" src=\"https:\/\/jstindt.com\/wp-content\/uploads\/2024\/06\/french-early-access-program-covers-330-innovative-treatments.png\" class=\"attachment-full size-full wp-image-17664\" alt=\"Mehr als 330 erstattete produkte im rahmen des franz\u00f6sischen h\u00e4rtefallprogramms\/early access programms (atu\/aap)\" srcset=\"https:\/\/jstindt.com\/wp-content\/uploads\/2024\/06\/french-early-access-program-covers-330-innovative-treatments.png 846w, https:\/\/jstindt.com\/wp-content\/uploads\/2024\/06\/french-early-access-program-covers-330-innovative-treatments-300x194.png 300w, https:\/\/jstindt.com\/wp-content\/uploads\/2024\/06\/french-early-access-program-covers-330-innovative-treatments-768x497.png 768w\" sizes=\"(max-width: 846px) 100vw, 846px\" \/><\/div><\/a>\n\t\t\t\t<div class=\"elementor-post__text\">\n\t\t\t\t<h4 class=\"elementor-post__title\">\n\t\t\t<a href=\"https:\/\/jstindt.com\/de\/franzosisch-2024-fruhzeitiger-zugang-programm\/\" >\n\t\t\t\tMehr als 330 erstattete produkte im rahmen des franz\u00f6sischen h\u00e4rtefallprogramms\/early access programms (atu\/aap)\t\t\t<\/a>\n\t\t<\/h4>\n\t\t\t\t<div class=\"elementor-post__excerpt\">\n\t\t\t<p>Frankreichs Reimbursed Early Access Programs (EAP) erm\u00f6glichen die Erstattung neuer Arzneimittel vor der regul\u00e4ren Erstattung (sogar vor der Marktzulassung) und<\/p>\n\t\t<\/div>\n\t\t\n\t\t<a class=\"elementor-post__read-more\" href=\"https:\/\/jstindt.com\/de\/franzosisch-2024-fruhzeitiger-zugang-programm\/\" aria-label=\"Mehr \u00fcber Mehr als 330 erstattete produkte im rahmen des franz\u00f6sischen h\u00e4rtefallprogramms\/early access programms (atu\/aap)\" tabindex=\"-1\" >\n\t\t\tMehr lesen\t\t<\/a>\n\n\t\t\t\t<\/div>\n\t\t\t\t\t<\/div>\n\t\t<\/article>\n\t\t\t\t<\/div>\n\t\t\n\t\t\t\t\t\t<\/div>\n\t\t\t\t<\/div>\n\t\t\t\t\t<\/div>\n\t\t\t\t<\/div>\n\t\t\t\t<\/div>\n\t\t","protected":false},"excerpt":{"rendered":"","protected":false},"author":3,"featured_media":12487,"parent":0,"menu_order":0,"comment_status":"closed","ping_status":"closed","template":"","meta":{"_acf_changed":false,"footnotes":""},"class_list":["post-11311","page","type-page","status-publish","has-post-thumbnail","hentry"],"acf":[],"_links":{"self":[{"href":"https:\/\/jstindt.com\/de\/wp-json\/wp\/v2\/pages\/11311","targetHints":{"allow":["GET"]}}],"collection":[{"href":"https:\/\/jstindt.com\/de\/wp-json\/wp\/v2\/pages"}],"about":[{"href":"https:\/\/jstindt.com\/de\/wp-json\/wp\/v2\/types\/page"}],"author":[{"embeddable":true,"href":"https:\/\/jstindt.com\/de\/wp-json\/wp\/v2\/users\/3"}],"replies":[{"embeddable":true,"href":"https:\/\/jstindt.com\/de\/wp-json\/wp\/v2\/comments?post=11311"}],"version-history":[{"count":2,"href":"https:\/\/jstindt.com\/de\/wp-json\/wp\/v2\/pages\/11311\/revisions"}],"predecessor-version":[{"id":14363,"href":"https:\/\/jstindt.com\/de\/wp-json\/wp\/v2\/pages\/11311\/revisions\/14363"}],"wp:featuredmedia":[{"embeddable":true,"href":"https:\/\/jstindt.com\/de\/wp-json\/wp\/v2\/media\/12487"}],"wp:attachment":[{"href":"https:\/\/jstindt.com\/de\/wp-json\/wp\/v2\/media?parent=11311"}],"curies":[{"name":"wp","href":"https:\/\/api.w.org\/{rel}","templated":true}]}}